{"id":3639,"date":"2021-10-18T14:11:51","date_gmt":"2021-10-18T14:11:51","guid":{"rendered":"https:\/\/www.kubija.ee\/voru-ja-haanja-info\/"},"modified":"2023-07-31T08:43:16","modified_gmt":"2023-07-31T08:43:16","slug":"svobodnoe-vremja","status":"publish","type":"page","link":"https:\/\/www.kubija.ee\/ru\/svobodnoe-vremja\/","title":{"rendered":"\u0421\u0432\u043e\u0431\u043e\u0434\u043d\u043e\u0435 \u0432\u0440\u0435\u043c\u044f"},"content":{"rendered":"\n<div class=\"wp-block-cover alignfull is-light has-custom-content-position is-position-bottom-center\" style=\"min-height:550px;aspect-ratio:unset;\"><span aria-hidden=\"true\" class=\"wp-block-cover__background has-background-dim-20 has-background-dim\"><\/span><img loading=\"lazy\" decoding=\"async\" width=\"2560\" height=\"1702\" class=\"wp-block-cover__image-background wp-image-1251\" alt=\"\" src=\"https:\/\/www.kubija.ee\/wp-content\/uploads\/2021\/10\/FJ1375-Hommik-Luhasoos-Kaisa-Aarmaa-scaled.jpg\" style=\"object-position:99% 95%\" data-object-fit=\"cover\" data-object-position=\"99% 95%\" srcset=\"https:\/\/www.kubija.ee\/wp-content\/uploads\/2021\/10\/FJ1375-Hommik-Luhasoos-Kaisa-Aarmaa-scaled.jpg 2560w, https:\/\/www.kubija.ee\/wp-content\/uploads\/2021\/10\/FJ1375-Hommik-Luhasoos-Kaisa-Aarmaa-scaled-600x399.jpg 600w, https:\/\/www.kubija.ee\/wp-content\/uploads\/2021\/10\/FJ1375-Hommik-Luhasoos-Kaisa-Aarmaa-300x199.jpg 300w, https:\/\/www.kubija.ee\/wp-content\/uploads\/2021\/10\/FJ1375-Hommik-Luhasoos-Kaisa-Aarmaa-1024x681.jpg 1024w, https:\/\/www.kubija.ee\/wp-content\/uploads\/2021\/10\/FJ1375-Hommik-Luhasoos-Kaisa-Aarmaa-768x511.jpg 768w, https:\/\/www.kubija.ee\/wp-content\/uploads\/2021\/10\/FJ1375-Hommik-Luhasoos-Kaisa-Aarmaa-1536x1021.jpg 1536w, https:\/\/www.kubija.ee\/wp-content\/uploads\/2021\/10\/FJ1375-Hommik-Luhasoos-Kaisa-Aarmaa-2048x1362.jpg 2048w, https:\/\/www.kubija.ee\/wp-content\/uploads\/2021\/10\/FJ1375-Hommik-Luhasoos-Kaisa-Aarmaa-1568x1043.jpg 1568w\" sizes=\"auto, (max-width: 2560px) 100vw, 2560px\" \/><div class=\"wp-block-cover__inner-container is-layout-flow wp-block-cover-is-layout-flow\">\n<h1 class=\"wp-block-heading has-text-align-center has-white-color has-text-color has-huge-font-size\">\u0421\u0432\u043e\u0431\u043e\u0434\u043d\u043e\u0435 \u0432\u0440\u0435\u043c\u044f<\/h1>\n<\/div><\/div>\n\n\n\n<div class=\"wp-block-columns alignfull animated fadeIn delay-100ms slow is-layout-flex wp-container-core-columns-is-layout-28f84493 wp-block-columns-is-layout-flex\">\n<div class=\"wp-block-column is-layout-flow wp-block-column-is-layout-flow\">\n<div class=\"wp-block-cover is-light\"><span aria-hidden=\"true\" class=\"wp-block-cover__background has-background-dim\"><\/span><img loading=\"lazy\" decoding=\"async\" width=\"2560\" height=\"1051\" class=\"wp-block-cover__image-background wp-image-2322\" alt=\"\" src=\"https:\/\/www.kubija.ee\/wp-content\/uploads\/2021\/12\/Voru-linn_autor-Robi-Zuts-scaled.jpg\" style=\"object-position:34% 88%\" data-object-fit=\"cover\" data-object-position=\"34% 88%\" srcset=\"https:\/\/www.kubija.ee\/wp-content\/uploads\/2021\/12\/Voru-linn_autor-Robi-Zuts-scaled.jpg 2560w, https:\/\/www.kubija.ee\/wp-content\/uploads\/2021\/12\/Voru-linn_autor-Robi-Zuts-scaled-600x246.jpg 600w, https:\/\/www.kubija.ee\/wp-content\/uploads\/2021\/12\/Voru-linn_autor-Robi-Zuts-300x123.jpg 300w, https:\/\/www.kubija.ee\/wp-content\/uploads\/2021\/12\/Voru-linn_autor-Robi-Zuts-1024x420.jpg 1024w, https:\/\/www.kubija.ee\/wp-content\/uploads\/2021\/12\/Voru-linn_autor-Robi-Zuts-768x315.jpg 768w, https:\/\/www.kubija.ee\/wp-content\/uploads\/2021\/12\/Voru-linn_autor-Robi-Zuts-1536x631.jpg 1536w, https:\/\/www.kubija.ee\/wp-content\/uploads\/2021\/12\/Voru-linn_autor-Robi-Zuts-2048x841.jpg 2048w, https:\/\/www.kubija.ee\/wp-content\/uploads\/2021\/12\/Voru-linn_autor-Robi-Zuts-1568x644.jpg 1568w\" sizes=\"auto, (max-width: 2560px) 100vw, 2560px\" \/><div class=\"wp-block-cover__inner-container is-layout-flow wp-block-cover-is-layout-flow\">\n<p class=\"has-text-align-left has-white-color has-text-color has-normal-font-size\">\u0417\u0410\u0427\u0415\u041c \u041f\u0420\u0418\u0415\u0417\u0416\u0410\u0422\u042c?<\/p>\n\n\n\n<h2 class=\"wp-block-heading has-white-color has-text-color has-large-font-size\">\u041d\u0435\u0437\u0430\u0431\u044b\u0432\u0430\u0435\u043c\u044b\u0439 \u043e\u0442\u0434\u044b\u0445<\/h2>\n\n\n\n<p class=\"has-white-color has-text-color\">\u0427\u0435\u043c \u0437\u0430\u043d\u044f\u0442\u044c\u0441\u044f \u0432 \u0412\u044b\u0440\u0443\u043c\u0430\u0430? \u041a\u0430\u0436\u0434\u044b\u0439 \u043d\u0430\u0439\u0434\u0435\u0442 \u0447\u0442\u043e-\u0442\u043e \u0438\u043d\u0442\u0435\u0440\u0435\u0441\u043d\u043e\u0435 \u0434\u043b\u044f \u0441\u0435\u0431\u044f!<\/p>\n\n\n\n<p class=\"has-text-align-left has-medium-font-size\"><a href=\"https:\/\/www.visitvoru.ee\/poznayte-vyrumaa\" target=\"_blank\" rel=\"noreferrer noopener\"><span style=\"color:#ffffff\" class=\"has-inline-color\">\u041f\u043e\u0434\u0440\u043e\u0431\u043d\u0435\u0435<\/span><\/a><\/p>\n<\/div><\/div>\n<\/div>\n\n\n\n<div class=\"wp-block-column is-layout-flow wp-block-column-is-layout-flow\">\n<div class=\"wp-block-cover is-light\"><span aria-hidden=\"true\" class=\"wp-block-cover__background has-background-dim-30 has-background-dim\"><\/span><img loading=\"lazy\" decoding=\"async\" width=\"940\" height=\"788\" class=\"wp-block-cover__image-background wp-image-2333\" alt=\"\" src=\"https:\/\/www.kubija.ee\/wp-content\/uploads\/2021\/12\/Lastega-Vorumaale.png\" style=\"object-position:72% 79%\" data-object-fit=\"cover\" data-object-position=\"72% 79%\" srcset=\"https:\/\/www.kubija.ee\/wp-content\/uploads\/2021\/12\/Lastega-Vorumaale.png 940w, https:\/\/www.kubija.ee\/wp-content\/uploads\/2021\/12\/Lastega-Vorumaale-600x503.png 600w, https:\/\/www.kubija.ee\/wp-content\/uploads\/2021\/12\/Lastega-Vorumaale-300x251.png 300w, https:\/\/www.kubija.ee\/wp-content\/uploads\/2021\/12\/Lastega-Vorumaale-768x644.png 768w\" sizes=\"auto, (max-width: 940px) 100vw, 940px\" \/><div class=\"wp-block-cover__inner-container is-layout-flow wp-block-cover-is-layout-flow\">\n<p class=\"has-text-align-left has-white-color has-text-color has-normal-font-size\">\u0421\u0415\u041c\u042c\u0418 \u0421 \u0414\u0415\u0422\u042c\u041c\u0418<\/p>\n\n\n\n<h2 class=\"wp-block-heading has-white-color has-text-color has-large-font-size\">\u0421 \u0434\u0435\u0442\u044c\u043c\u0438 \u0432 \u0412\u044b\u0440\u0443\u043c\u0430\u0430<\/h2>\n\n\n\n<p class=\"has-white-color has-text-color\">\u0414\u043b\u044f \u043f\u043e\u043b\u0443\u0447\u0435\u043d\u0438\u044f \u043d\u0435\u0437\u0430\u0431\u044b\u0432\u0430\u0435\u043c\u044b\u0445 \u0432\u043f\u0435\u0447\u0430\u0442\u043b\u0435\u043d\u0438\u0439 \u043d\u0435 \u043d\u0443\u0436\u043d\u043e \u043f\u043e\u043a\u043e\u0440\u044f\u0442\u044c \u0432\u0435\u0440\u0448\u0438\u043d\u0443 \u042d\u0432\u0435\u0440\u0435\u0441\u0442\u0430 \u0438\u043b\u0438 \u043f\u043e\u0433\u0440\u0443\u0436\u0430\u0442\u044c\u0441\u044f \u043d\u0430 \u0434\u043d\u043e \u043e\u043a\u0435\u0430\u043d\u0430!<\/p>\n\n\n\n<p class=\"has-text-align-left has-medium-font-size\"><a href=\"https:\/\/www.visitvoru.ee\/s-detmi-v-vyrumaa\" target=\"_blank\" rel=\"noreferrer noopener\"><span style=\"color:#ffffff\" class=\"has-inline-color\">\u041f\u043e\u0434\u0440\u043e\u0431\u043d\u0435\u0435<\/span><\/a><\/p>\n<\/div><\/div>\n<\/div>\n<\/div>\n\n\n\n<div class=\"wp-block-columns alignfull animated fadeIn delay-100ms slow is-layout-flex wp-container-core-columns-is-layout-28f84493 wp-block-columns-is-layout-flex\">\n<div class=\"wp-block-column is-layout-flow wp-block-column-is-layout-flow\">\n<div class=\"wp-block-cover\"><span aria-hidden=\"true\" class=\"wp-block-cover__background has-background-dim-30 has-background-dim\"><\/span><img loading=\"lazy\" decoding=\"async\" width=\"533\" height=\"800\" class=\"wp-block-cover__image-background wp-image-2343\" alt=\"\" src=\"https:\/\/www.kubija.ee\/wp-content\/uploads\/2021\/12\/Visit-Vorumaa-Piusa-koopad.jpg\" data-object-fit=\"cover\" srcset=\"https:\/\/www.kubija.ee\/wp-content\/uploads\/2021\/12\/Visit-Vorumaa-Piusa-koopad.jpg 533w, https:\/\/www.kubija.ee\/wp-content\/uploads\/2021\/12\/Visit-Vorumaa-Piusa-koopad-200x300.jpg 200w\" sizes=\"auto, (max-width: 533px) 100vw, 533px\" \/><div class=\"wp-block-cover__inner-container is-layout-flow wp-block-cover-is-layout-flow\">\n<p class=\"has-text-align-left has-normal-font-size\">\u041f\u0423\u0422\u0415\u0428\u0415\u0421\u0422\u0412\u0418\u0415 \u041f\u041e \u0412\u042b\u0420\u0423\u041c\u0410\u0410<\/p>\n\n\n\n<h2 class=\"wp-block-heading has-large-font-size\">\u041f\u043e\u0437\u043d\u0430\u0439\u0442\u0435 \u0412\u044b\u0440\u0443\u043c\u0430\u0430<\/h2>\n\n\n\n<p>\u041c\u043d\u043e\u0433\u043e\u0447\u0438\u0441\u043b\u0435\u043d\u043d\u044b\u0435 \u0442\u0443\u0440\u0438\u0441\u0442\u0438\u0447\u0435\u0441\u043a\u0438\u0435 \u0445\u0443\u0442\u043e\u0440\u0430, \u043f\u043b\u0430\u0432\u0430\u043d\u0438\u0435, \u043a\u0430\u0442\u0430\u043d\u0438\u0435 \u043d\u0430 \u043b\u043e\u0434\u043a\u0430\u0445, \u043f\u043e\u0445\u043e\u0434\u044b, \u0432\u0435\u0440\u0445\u043e\u0432\u0430\u044f \u0435\u0437\u0434\u0430, \u044f\u0440\u043c\u0430\u0440\u043a\u0438, \u0431\u0430\u043d\u0438, \u043b\u044b\u0436\u043d\u044b\u0435 \u0442\u0440\u0430\u0441\u0441\u044b, \u0432\u044b\u0440\u0443\u0441\u043a\u0438\u0439 \u044f\u0437\u044b\u043a \u2013 \u044d\u0442\u043e \u043a\u043b\u044e\u0447\u0435\u0432\u044b\u0435 \u0441\u043b\u043e\u0432\u0430, \u043a\u043e\u0442\u043e\u0440\u044b\u0435 \u0445\u0430\u0440\u0430\u043a\u0442\u0435\u0440\u0438\u0437\u0443\u044e\u0442 \u0412\u044b\u0440\u0443\u043c\u0430\u0430!<\/p>\n\n\n\n<p class=\"has-text-align-left has-medium-font-size\"><a href=\"https:\/\/www.visitvoru.ee\/ru\" target=\"_blank\" rel=\"noreferrer noopener\"><span style=\"color:#ffffff\" class=\"has-inline-color\">\u041f\u043e\u0434\u0440\u043e\u0431\u043d\u0435\u0435<\/span><\/a><\/p>\n<\/div><\/div>\n<\/div>\n\n\n\n<div class=\"wp-block-column is-layout-flow wp-block-column-is-layout-flow\">\n<div class=\"wp-block-cover is-light\"><span aria-hidden=\"true\" class=\"wp-block-cover__background has-background-dim-30 has-background-dim\"><\/span><img loading=\"lazy\" decoding=\"async\" width=\"1400\" height=\"933\" class=\"wp-block-cover__image-background wp-image-2338\" alt=\"\" src=\"https:\/\/www.kubija.ee\/wp-content\/uploads\/2021\/12\/VisitSetomaa.jpg\" data-object-fit=\"cover\" srcset=\"https:\/\/www.kubija.ee\/wp-content\/uploads\/2021\/12\/VisitSetomaa.jpg 1400w, https:\/\/www.kubija.ee\/wp-content\/uploads\/2021\/12\/VisitSetomaa-600x400.jpg 600w, https:\/\/www.kubija.ee\/wp-content\/uploads\/2021\/12\/VisitSetomaa-300x200.jpg 300w, https:\/\/www.kubija.ee\/wp-content\/uploads\/2021\/12\/VisitSetomaa-1024x682.jpg 1024w, https:\/\/www.kubija.ee\/wp-content\/uploads\/2021\/12\/VisitSetomaa-768x512.jpg 768w\" sizes=\"auto, (max-width: 1400px) 100vw, 1400px\" \/><div class=\"wp-block-cover__inner-container is-layout-flow wp-block-cover-is-layout-flow\">\n<p class=\"has-text-align-left has-white-color has-text-color has-normal-font-size\">\u041f\u0423\u0422\u0415\u0428\u0415\u0421\u0422\u0412\u0418\u0415 \u0412 \u0421\u0415\u0422\u041e\u041c\u0410\u0410<\/p>\n\n\n\n<h2 class=\"wp-block-heading has-white-color has-text-color has-large-font-size\">\u041f\u043e\u0437\u043d\u0430\u0439\u0442\u0435 \u0421\u0435\u0442\u043e\u043c\u0430\u0430<\/h2>\n\n\n\n<p class=\"has-white-color has-text-color\">\u0421\u0435\u0442\u043e\u043c\u0430\u0430 &#8212; \u044d\u0442\u043e \u043a\u0440\u0430\u0439, \u043a\u043e\u0442\u043e\u0440\u044b\u0439 \u0441\u0442\u043e\u0438\u0442 \u043f\u043e\u0441\u0435\u0442\u0438\u0442\u044c. \u041a\u0443\u043b\u044c\u0442\u0443\u0440\u0430 \u0441\u0435\u0442\u0443 \u0441\u0443\u0449\u0435\u0441\u0442\u0432\u0443\u0435\u0442 \u043d\u0430 \u043f\u0440\u043e\u0442\u044f\u0436\u0435\u043d\u0438\u0438 \u0442\u044b\u0441\u044f\u0447\u0435\u043b\u0435\u0442\u0438\u0439, \u0438 \u0441\u0435\u0442\u0443-\u043b\u0438\u043b\u043e \u0432\u0441\u0435 \u0435\u0449\u0435 \u043c\u043e\u0436\u043d\u043e \u0443\u0441\u043b\u044b\u0448\u0430\u0442\u044c \u0441\u0435\u0433\u043e\u0434\u043d\u044f &#8212; \u043f\u0440\u0438\u0445\u043e\u0434\u0438\u0442\u0435 \u0438 \u0441\u0442\u0430\u043d\u044c\u0442\u0435 \u0435\u0435 \u0447\u0430\u0441\u0442\u044c\u044e!<\/p>\n\n\n\n<p class=\"has-text-align-left has-medium-font-size\"><a href=\"https:\/\/www.visitsetomaa.ee\/ru\" target=\"_blank\" rel=\"noreferrer noopener\"><span style=\"color:#ffffff\" class=\"has-inline-color\">\u041f\u043e\u0434\u0440\u043e\u0431\u043d\u0435\u0435<\/span><\/a><\/p>\n<\/div><\/div>\n<\/div>\n<\/div>\n","protected":false},"excerpt":{"rendered":"","protected":false},"author":2,"featured_media":0,"parent":0,"menu_order":202,"comment_status":"closed","ping_status":"closed","template":"","meta":{"footnotes":""},"class_list":["post-3639","page","type-page","status-publish","hentry"],"yoast_head":"<!-- This site is optimized with the Yoast SEO plugin v27.1 - https:\/\/yoast.com\/product\/yoast-seo-wordpress\/ -->\n<title>\u0421\u0432\u043e\u0431\u043e\u0434\u043d\u043e\u0435 \u0432\u0440\u0435\u043c\u044f - Kubija hotell-loodusspaa V&otilde;rumaal<\/title>\n<meta name=\"description\" content=\"Vaada mida teha V\u00f5rus ja Haanjas. Suusarajad, ujumiskohad ja k\u00f5ik Eesti populaarseimad vaatamisv\u00e4\u00e4rsused asuvad Kubija Hotelli l\u00e4heduses...\" \/>\n<meta name=\"robots\" content=\"index, follow, max-snippet:-1, max-image-preview:large, max-video-preview:-1\" \/>\n<link rel=\"canonical\" href=\"https:\/\/www.kubija.ee\/ru\/svobodnoe-vremja\/\" \/>\n<meta property=\"og:locale\" content=\"ru_RU\" \/>\n<meta property=\"og:type\" content=\"article\" \/>\n<meta property=\"og:title\" content=\"\u0421\u0432\u043e\u0431\u043e\u0434\u043d\u043e\u0435 \u0432\u0440\u0435\u043c\u044f - Kubija hotell-loodusspaa V&otilde;rumaal\" \/>\n<meta property=\"og:description\" content=\"Vaada mida teha V\u00f5rus ja Haanjas. Suusarajad, ujumiskohad ja k\u00f5ik Eesti populaarseimad vaatamisv\u00e4\u00e4rsused asuvad Kubija Hotelli l\u00e4heduses...\" \/>\n<meta property=\"og:url\" content=\"https:\/\/www.kubija.ee\/ru\/svobodnoe-vremja\/\" \/>\n<meta property=\"og:site_name\" content=\"Kubija hotell-loodusspaa V&otilde;rumaal\" \/>\n<meta property=\"article:publisher\" content=\"https:\/\/www.facebook.com\/kubijahotell\/\" \/>\n<meta property=\"article:modified_time\" content=\"2023-07-31T08:43:16+00:00\" \/>\n<meta property=\"og:image\" content=\"https:\/\/www.kubija.ee\/wp-content\/uploads\/2021\/10\/FJ1375-Hommik-Luhasoos-Kaisa-Aarmaa-scaled.jpg\" \/>\n<meta name=\"twitter:card\" content=\"summary_large_image\" \/>\n<meta name=\"twitter:label1\" content=\"\u041f\u0440\u0438\u043c\u0435\u0440\u043d\u043e\u0435 \u0432\u0440\u0435\u043c\u044f \u0434\u043b\u044f \u0447\u0442\u0435\u043d\u0438\u044f\" \/>\n\t<meta name=\"twitter:data1\" content=\"2 \u043c\u0438\u043d\u0443\u0442\u044b\" \/>\n<script type=\"application\/ld+json\" class=\"yoast-schema-graph\">{\"@context\":\"https:\/\/schema.org\",\"@graph\":[{\"@type\":\"WebPage\",\"@id\":\"https:\/\/www.kubija.ee\/ru\/svobodnoe-vremja\/\",\"url\":\"https:\/\/www.kubija.ee\/ru\/svobodnoe-vremja\/\",\"name\":\"\u0421\u0432\u043e\u0431\u043e\u0434\u043d\u043e\u0435 \u0432\u0440\u0435\u043c\u044f - Kubija hotell-loodusspaa V&otilde;rumaal\",\"isPartOf\":{\"@id\":\"https:\/\/www.kubija.ee\/#website\"},\"primaryImageOfPage\":{\"@id\":\"https:\/\/www.kubija.ee\/ru\/svobodnoe-vremja\/#primaryimage\"},\"image\":{\"@id\":\"https:\/\/www.kubija.ee\/ru\/svobodnoe-vremja\/#primaryimage\"},\"thumbnailUrl\":\"https:\/\/www.kubija.ee\/wp-content\/uploads\/2021\/10\/FJ1375-Hommik-Luhasoos-Kaisa-Aarmaa-scaled.jpg\",\"datePublished\":\"2021-10-18T14:11:51+00:00\",\"dateModified\":\"2023-07-31T08:43:16+00:00\",\"description\":\"Vaada mida teha V\u00f5rus ja Haanjas. Suusarajad, ujumiskohad ja k\u00f5ik Eesti populaarseimad vaatamisv\u00e4\u00e4rsused asuvad Kubija Hotelli l\u00e4heduses...\",\"breadcrumb\":{\"@id\":\"https:\/\/www.kubija.ee\/ru\/svobodnoe-vremja\/#breadcrumb\"},\"inLanguage\":\"ru-RU\",\"potentialAction\":[{\"@type\":\"ReadAction\",\"target\":[\"https:\/\/www.kubija.ee\/ru\/svobodnoe-vremja\/\"]}]},{\"@type\":\"ImageObject\",\"inLanguage\":\"ru-RU\",\"@id\":\"https:\/\/www.kubija.ee\/ru\/svobodnoe-vremja\/#primaryimage\",\"url\":\"https:\/\/www.kubija.ee\/wp-content\/uploads\/2021\/10\/FJ1375-Hommik-Luhasoos-Kaisa-Aarmaa-scaled.jpg\",\"contentUrl\":\"https:\/\/www.kubija.ee\/wp-content\/uploads\/2021\/10\/FJ1375-Hommik-Luhasoos-Kaisa-Aarmaa-scaled.jpg\"},{\"@type\":\"BreadcrumbList\",\"@id\":\"https:\/\/www.kubija.ee\/ru\/svobodnoe-vremja\/#breadcrumb\",\"itemListElement\":[{\"@type\":\"ListItem\",\"position\":1,\"name\":\"Home\",\"item\":\"https:\/\/www.kubija.ee\/ru\/\"},{\"@type\":\"ListItem\",\"position\":2,\"name\":\"\u0421\u0432\u043e\u0431\u043e\u0434\u043d\u043e\u0435 \u0432\u0440\u0435\u043c\u044f\"}]},{\"@type\":\"WebSite\",\"@id\":\"https:\/\/www.kubija.ee\/#website\",\"url\":\"https:\/\/www.kubija.ee\/\",\"name\":\"Kubija hotell-loodusspaa V&otilde;rumaal\",\"description\":\"J&auml;rjekordne WordPressi veebileht\",\"publisher\":{\"@id\":\"https:\/\/www.kubija.ee\/#organization\"},\"potentialAction\":[{\"@type\":\"SearchAction\",\"target\":{\"@type\":\"EntryPoint\",\"urlTemplate\":\"https:\/\/www.kubija.ee\/?s={search_term_string}\"},\"query-input\":{\"@type\":\"PropertyValueSpecification\",\"valueRequired\":true,\"valueName\":\"search_term_string\"}}],\"inLanguage\":\"ru-RU\"},{\"@type\":\"Organization\",\"@id\":\"https:\/\/www.kubija.ee\/#organization\",\"name\":\"Kubija hotell-loodusspaa\",\"url\":\"https:\/\/www.kubija.ee\/\",\"logo\":{\"@type\":\"ImageObject\",\"inLanguage\":\"ru-RU\",\"@id\":\"https:\/\/www.kubija.ee\/#\/schema\/logo\/image\/\",\"url\":\"https:\/\/www.kubija.ee\/wp-content\/uploads\/2021\/12\/logo-1-e1638351137779.png\",\"contentUrl\":\"https:\/\/www.kubija.ee\/wp-content\/uploads\/2021\/12\/logo-1-e1638351137779.png\",\"width\":305,\"height\":260,\"caption\":\"Kubija hotell-loodusspaa\"},\"image\":{\"@id\":\"https:\/\/www.kubija.ee\/#\/schema\/logo\/image\/\"},\"sameAs\":[\"https:\/\/www.facebook.com\/kubijahotell\/\",\"https:\/\/www.instagram.com\/kubijahotellloodusspaa\/\"]}]}<\/script>\n<!-- \/ Yoast SEO plugin. -->","yoast_head_json":{"title":"\u0421\u0432\u043e\u0431\u043e\u0434\u043d\u043e\u0435 \u0432\u0440\u0435\u043c\u044f - Kubija hotell-loodusspaa V&otilde;rumaal","description":"Vaada mida teha V\u00f5rus ja Haanjas. Suusarajad, ujumiskohad ja k\u00f5ik Eesti populaarseimad vaatamisv\u00e4\u00e4rsused asuvad Kubija Hotelli l\u00e4heduses...","robots":{"index":"index","follow":"follow","max-snippet":"max-snippet:-1","max-image-preview":"max-image-preview:large","max-video-preview":"max-video-preview:-1"},"canonical":"https:\/\/www.kubija.ee\/ru\/svobodnoe-vremja\/","og_locale":"ru_RU","og_type":"article","og_title":"\u0421\u0432\u043e\u0431\u043e\u0434\u043d\u043e\u0435 \u0432\u0440\u0435\u043c\u044f - Kubija hotell-loodusspaa V&otilde;rumaal","og_description":"Vaada mida teha V\u00f5rus ja Haanjas. Suusarajad, ujumiskohad ja k\u00f5ik Eesti populaarseimad vaatamisv\u00e4\u00e4rsused asuvad Kubija Hotelli l\u00e4heduses...","og_url":"https:\/\/www.kubija.ee\/ru\/svobodnoe-vremja\/","og_site_name":"Kubija hotell-loodusspaa V&otilde;rumaal","article_publisher":"https:\/\/www.facebook.com\/kubijahotell\/","article_modified_time":"2023-07-31T08:43:16+00:00","og_image":[{"url":"https:\/\/www.kubija.ee\/wp-content\/uploads\/2021\/10\/FJ1375-Hommik-Luhasoos-Kaisa-Aarmaa-scaled.jpg","type":"","width":"","height":""}],"twitter_card":"summary_large_image","twitter_misc":{"\u041f\u0440\u0438\u043c\u0435\u0440\u043d\u043e\u0435 \u0432\u0440\u0435\u043c\u044f \u0434\u043b\u044f \u0447\u0442\u0435\u043d\u0438\u044f":"2 \u043c\u0438\u043d\u0443\u0442\u044b"},"schema":{"@context":"https:\/\/schema.org","@graph":[{"@type":"WebPage","@id":"https:\/\/www.kubija.ee\/ru\/svobodnoe-vremja\/","url":"https:\/\/www.kubija.ee\/ru\/svobodnoe-vremja\/","name":"\u0421\u0432\u043e\u0431\u043e\u0434\u043d\u043e\u0435 \u0432\u0440\u0435\u043c\u044f - Kubija hotell-loodusspaa V&otilde;rumaal","isPartOf":{"@id":"https:\/\/www.kubija.ee\/#website"},"primaryImageOfPage":{"@id":"https:\/\/www.kubija.ee\/ru\/svobodnoe-vremja\/#primaryimage"},"image":{"@id":"https:\/\/www.kubija.ee\/ru\/svobodnoe-vremja\/#primaryimage"},"thumbnailUrl":"https:\/\/www.kubija.ee\/wp-content\/uploads\/2021\/10\/FJ1375-Hommik-Luhasoos-Kaisa-Aarmaa-scaled.jpg","datePublished":"2021-10-18T14:11:51+00:00","dateModified":"2023-07-31T08:43:16+00:00","description":"Vaada mida teha V\u00f5rus ja Haanjas. Suusarajad, ujumiskohad ja k\u00f5ik Eesti populaarseimad vaatamisv\u00e4\u00e4rsused asuvad Kubija Hotelli l\u00e4heduses...","breadcrumb":{"@id":"https:\/\/www.kubija.ee\/ru\/svobodnoe-vremja\/#breadcrumb"},"inLanguage":"ru-RU","potentialAction":[{"@type":"ReadAction","target":["https:\/\/www.kubija.ee\/ru\/svobodnoe-vremja\/"]}]},{"@type":"ImageObject","inLanguage":"ru-RU","@id":"https:\/\/www.kubija.ee\/ru\/svobodnoe-vremja\/#primaryimage","url":"https:\/\/www.kubija.ee\/wp-content\/uploads\/2021\/10\/FJ1375-Hommik-Luhasoos-Kaisa-Aarmaa-scaled.jpg","contentUrl":"https:\/\/www.kubija.ee\/wp-content\/uploads\/2021\/10\/FJ1375-Hommik-Luhasoos-Kaisa-Aarmaa-scaled.jpg"},{"@type":"BreadcrumbList","@id":"https:\/\/www.kubija.ee\/ru\/svobodnoe-vremja\/#breadcrumb","itemListElement":[{"@type":"ListItem","position":1,"name":"Home","item":"https:\/\/www.kubija.ee\/ru\/"},{"@type":"ListItem","position":2,"name":"\u0421\u0432\u043e\u0431\u043e\u0434\u043d\u043e\u0435 \u0432\u0440\u0435\u043c\u044f"}]},{"@type":"WebSite","@id":"https:\/\/www.kubija.ee\/#website","url":"https:\/\/www.kubija.ee\/","name":"Kubija hotell-loodusspaa V&otilde;rumaal","description":"J&auml;rjekordne WordPressi veebileht","publisher":{"@id":"https:\/\/www.kubija.ee\/#organization"},"potentialAction":[{"@type":"SearchAction","target":{"@type":"EntryPoint","urlTemplate":"https:\/\/www.kubija.ee\/?s={search_term_string}"},"query-input":{"@type":"PropertyValueSpecification","valueRequired":true,"valueName":"search_term_string"}}],"inLanguage":"ru-RU"},{"@type":"Organization","@id":"https:\/\/www.kubija.ee\/#organization","name":"Kubija hotell-loodusspaa","url":"https:\/\/www.kubija.ee\/","logo":{"@type":"ImageObject","inLanguage":"ru-RU","@id":"https:\/\/www.kubija.ee\/#\/schema\/logo\/image\/","url":"https:\/\/www.kubija.ee\/wp-content\/uploads\/2021\/12\/logo-1-e1638351137779.png","contentUrl":"https:\/\/www.kubija.ee\/wp-content\/uploads\/2021\/12\/logo-1-e1638351137779.png","width":305,"height":260,"caption":"Kubija hotell-loodusspaa"},"image":{"@id":"https:\/\/www.kubija.ee\/#\/schema\/logo\/image\/"},"sameAs":["https:\/\/www.facebook.com\/kubijahotell\/","https:\/\/www.instagram.com\/kubijahotellloodusspaa\/"]}]}},"_links":{"self":[{"href":"https:\/\/www.kubija.ee\/ru\/wp-json\/wp\/v2\/pages\/3639","targetHints":{"allow":["GET"]}}],"collection":[{"href":"https:\/\/www.kubija.ee\/ru\/wp-json\/wp\/v2\/pages"}],"about":[{"href":"https:\/\/www.kubija.ee\/ru\/wp-json\/wp\/v2\/types\/page"}],"author":[{"embeddable":true,"href":"https:\/\/www.kubija.ee\/ru\/wp-json\/wp\/v2\/users\/2"}],"replies":[{"embeddable":true,"href":"https:\/\/www.kubija.ee\/ru\/wp-json\/wp\/v2\/comments?post=3639"}],"version-history":[{"count":3,"href":"https:\/\/www.kubija.ee\/ru\/wp-json\/wp\/v2\/pages\/3639\/revisions"}],"predecessor-version":[{"id":10242,"href":"https:\/\/www.kubija.ee\/ru\/wp-json\/wp\/v2\/pages\/3639\/revisions\/10242"}],"wp:attachment":[{"href":"https:\/\/www.kubija.ee\/ru\/wp-json\/wp\/v2\/media?parent=3639"}],"curies":[{"name":"wp","href":"https:\/\/api.w.org\/{rel}","templated":true}]}}