{"id":4488,"date":"2021-10-25T13:00:08","date_gmt":"2021-10-25T13:00:08","guid":{"rendered":"https:\/\/www.kubija.ee\/terviseinfo\/"},"modified":"2022-05-20T09:33:29","modified_gmt":"2022-05-20T09:33:29","slug":"terveystiedot","status":"publish","type":"page","link":"https:\/\/www.kubija.ee\/fi\/terveystiedot\/","title":{"rendered":"Terveystiedot"},"content":{"rendered":"\n<div class=\"wp-block-cover alignfull is-light has-custom-content-position is-position-bottom-center\" style=\"min-height:550px;aspect-ratio:unset;\"><span aria-hidden=\"true\" class=\"has-background-dim-30 wp-block-cover__gradient-background has-background-dim\"><\/span><img loading=\"lazy\" decoding=\"async\" width=\"2560\" height=\"1702\" class=\"wp-block-cover__image-background wp-image-1250\" alt=\"\" src=\"https:\/\/www.kubija.ee\/wp-content\/uploads\/2021\/10\/FJ1375-Hommik-Luhasoos-Kaisa-Aarmaa-scaled.jpg\" style=\"object-position:82% 93%\" data-object-fit=\"cover\" data-object-position=\"82% 93%\" srcset=\"https:\/\/www.kubija.ee\/wp-content\/uploads\/2021\/10\/FJ1375-Hommik-Luhasoos-Kaisa-Aarmaa-scaled.jpg 2560w, https:\/\/www.kubija.ee\/wp-content\/uploads\/2021\/10\/FJ1375-Hommik-Luhasoos-Kaisa-Aarmaa-scaled-600x399.jpg 600w, https:\/\/www.kubija.ee\/wp-content\/uploads\/2021\/10\/FJ1375-Hommik-Luhasoos-Kaisa-Aarmaa-300x199.jpg 300w, https:\/\/www.kubija.ee\/wp-content\/uploads\/2021\/10\/FJ1375-Hommik-Luhasoos-Kaisa-Aarmaa-1024x681.jpg 1024w, https:\/\/www.kubija.ee\/wp-content\/uploads\/2021\/10\/FJ1375-Hommik-Luhasoos-Kaisa-Aarmaa-768x511.jpg 768w, https:\/\/www.kubija.ee\/wp-content\/uploads\/2021\/10\/FJ1375-Hommik-Luhasoos-Kaisa-Aarmaa-1536x1021.jpg 1536w, https:\/\/www.kubija.ee\/wp-content\/uploads\/2021\/10\/FJ1375-Hommik-Luhasoos-Kaisa-Aarmaa-2048x1362.jpg 2048w, https:\/\/www.kubija.ee\/wp-content\/uploads\/2021\/10\/FJ1375-Hommik-Luhasoos-Kaisa-Aarmaa-1568x1043.jpg 1568w\" sizes=\"auto, (max-width: 2560px) 100vw, 2560px\" \/><div class=\"wp-block-cover__inner-container is-layout-flow wp-block-cover-is-layout-flow\">\n<h1 class=\"has-text-align-center has-white-color has-text-color has-huge-font-size wp-block-heading\">Terveystiedot<\/h1>\n<\/div><\/div>\n\n\n\n<hr class=\"wp-block-separator is-style-edream-separator\"\/>\n\n\n\n<div class=\"wp-block-media-text alignfull is-stacked-on-mobile\"><figure class=\"wp-block-media-text__media\"><img loading=\"lazy\" decoding=\"async\" width=\"1024\" height=\"683\" src=\"https:\/\/www.kubija.ee\/wp-content\/uploads\/2021\/12\/Kubija-hotell-loodusspaa-2-1024x683.jpg\" alt=\"\" class=\"wp-image-2947 size-full\" srcset=\"https:\/\/www.kubija.ee\/wp-content\/uploads\/2021\/12\/Kubija-hotell-loodusspaa-2-1024x683.jpg 1024w, https:\/\/www.kubija.ee\/wp-content\/uploads\/2021\/12\/Kubija-hotell-loodusspaa-2-300x200.jpg 300w, https:\/\/www.kubija.ee\/wp-content\/uploads\/2021\/12\/Kubija-hotell-loodusspaa-2-768x512.jpg 768w, https:\/\/www.kubija.ee\/wp-content\/uploads\/2021\/12\/Kubija-hotell-loodusspaa-2-1536x1024.jpg 1536w, https:\/\/www.kubija.ee\/wp-content\/uploads\/2021\/12\/Kubija-hotell-loodusspaa-2-1568x1045.jpg 1568w, https:\/\/www.kubija.ee\/wp-content\/uploads\/2021\/12\/Kubija-hotell-loodusspaa-2-600x400.jpg 600w, https:\/\/www.kubija.ee\/wp-content\/uploads\/2021\/12\/Kubija-hotell-loodusspaa-2-100x67.jpg 100w, https:\/\/www.kubija.ee\/wp-content\/uploads\/2021\/12\/Kubija-hotell-loodusspaa-2.jpg 2048w\" sizes=\"auto, (max-width: 1024px) 100vw, 1024px\" \/><\/figure><div class=\"wp-block-media-text__content\">\n<p class=\"has-small-font-size\">COVID-19<\/p>\n\n\n\n<h2 class=\"has-green-color has-text-color has-large-font-size wp-block-heading\">Terveystiedot<\/h2>\n\n\n\n<p class=\"has-text-align-left\">COVID-19-turvallisuusmerkinn\u00e4ll\u00e4, jonka Viron Maaseutumatkailu on meille my\u00f6nt\u00e4nyt, vahvistamme, ett\u00e4 noudatamme <a href=\"https:\/\/kriis.ee\/en\" target=\"_blank\" rel=\"noreferrer noopener\">Viron hallituksen ja terveysviraston<\/a> alallemme asetettamia vaatimuksia ja ohjeita sek\u00e4 pysymme ajan tasalla tilanteesta ja autamme vierailijoitamme noudattamaan s\u00e4\u00e4nt\u00f6j\u00e4 viruksen ehk\u00e4isemiseksi paikan p\u00e4\u00e4ll\u00e4.<\/p>\n\n\n\n<p><\/p>\n\n\n\n<p><\/p>\n<\/div><\/div>\n\n\n\n<div style=\"height:20px\" aria-hidden=\"true\" class=\"wp-block-spacer\"><\/div>\n\n\n\n<hr class=\"wp-block-separator is-style-edream-separator\"\/>\n\n\n\n<div class=\"wp-block-cover alignfull is-light has-parallax\" style=\"background-image:url(https:\/\/www.kubija.ee\/wp-content\/uploads\/2021\/10\/FJ1375-Hommik-Luhasoos-Kaisa-Aarmaa-scaled.jpg)\"><span aria-hidden=\"true\" class=\"has-background-dim-0 wp-block-cover__gradient-background has-background-dim\"><\/span><div class=\"wp-block-cover__inner-container is-layout-flow wp-block-cover-is-layout-flow\">\n<p class=\"has-text-align-center has-white-color has-text-color has-large-font-size\"><\/p>\n<\/div><\/div>\n","protected":false},"excerpt":{"rendered":"<p>COVID-19 Terveystiedot COVID-19-turvallisuusmerkinn\u00e4ll\u00e4, jonka Viron Maaseutumatkailu on meille my\u00f6nt\u00e4nyt, vahvistamme, ett\u00e4 noudatamme Viron hallituksen ja terveysviraston alallemme asetettamia vaatimuksia ja ohjeita sek\u00e4 pysymme ajan tasalla tilanteesta ja autamme vierailijoitamme noudattamaan s\u00e4\u00e4nt\u00f6j\u00e4 viruksen ehk\u00e4isemiseksi paikan p\u00e4\u00e4ll\u00e4.<\/p>\n","protected":false},"author":2,"featured_media":0,"parent":0,"menu_order":174,"comment_status":"closed","ping_status":"closed","template":"","meta":{"footnotes":""},"class_list":["post-4488","page","type-page","status-publish","hentry"],"yoast_head":"<!-- This site is optimized with the Yoast SEO plugin v27.1 - https:\/\/yoast.com\/product\/yoast-seo-wordpress\/ -->\n<title>Terveystiedot - Kubija hotell-loodusspaa V&otilde;rumaal<\/title>\n<meta name=\"robots\" content=\"index, follow, max-snippet:-1, max-image-preview:large, max-video-preview:-1\" \/>\n<link rel=\"canonical\" href=\"https:\/\/www.kubija.ee\/?page_id=1216\" \/>\n<meta property=\"og:locale\" content=\"fi_FI\" \/>\n<meta property=\"og:type\" content=\"article\" \/>\n<meta property=\"og:title\" content=\"Terveystiedot - Kubija hotell-loodusspaa V&otilde;rumaal\" \/>\n<meta property=\"og:description\" content=\"COVID-19 Terveystiedot COVID-19-turvallisuusmerkinn\u00e4ll\u00e4, jonka Viron Maaseutumatkailu on meille my\u00f6nt\u00e4nyt, vahvistamme, ett\u00e4 noudatamme Viron hallituksen ja terveysviraston alallemme asetettamia vaatimuksia ja ohjeita sek\u00e4 pysymme ajan tasalla tilanteesta ja autamme vierailijoitamme noudattamaan s\u00e4\u00e4nt\u00f6j\u00e4 viruksen ehk\u00e4isemiseksi paikan p\u00e4\u00e4ll\u00e4.\" \/>\n<meta property=\"og:url\" content=\"https:\/\/www.kubija.ee\/?page_id=1216\" \/>\n<meta property=\"og:site_name\" content=\"Kubija hotell-loodusspaa V&otilde;rumaal\" \/>\n<meta property=\"article:publisher\" content=\"https:\/\/www.facebook.com\/kubijahotell\/\" \/>\n<meta property=\"article:modified_time\" content=\"2022-05-20T09:33:29+00:00\" \/>\n<meta property=\"og:image\" content=\"https:\/\/www.kubija.ee\/wp-content\/uploads\/2021\/10\/FJ1375-Hommik-Luhasoos-Kaisa-Aarmaa-scaled.jpg\" \/>\n<meta name=\"twitter:card\" content=\"summary_large_image\" \/>\n<meta name=\"twitter:label1\" content=\"Arvioitu lukuaika\" \/>\n\t<meta name=\"twitter:data1\" content=\"1 minuutti\" \/>\n<script type=\"application\/ld+json\" class=\"yoast-schema-graph\">{\"@context\":\"https:\/\/schema.org\",\"@graph\":[{\"@type\":\"WebPage\",\"@id\":\"https:\/\/www.kubija.ee\/?page_id=1216\",\"url\":\"https:\/\/www.kubija.ee\/?page_id=1216\",\"name\":\"Terveystiedot - Kubija hotell-loodusspaa V&otilde;rumaal\",\"isPartOf\":{\"@id\":\"https:\/\/www.kubija.ee\/#website\"},\"primaryImageOfPage\":{\"@id\":\"https:\/\/www.kubija.ee\/?page_id=1216#primaryimage\"},\"image\":{\"@id\":\"https:\/\/www.kubija.ee\/?page_id=1216#primaryimage\"},\"thumbnailUrl\":\"https:\/\/www.kubija.ee\/wp-content\/uploads\/2021\/10\/FJ1375-Hommik-Luhasoos-Kaisa-Aarmaa-scaled.jpg\",\"datePublished\":\"2021-10-25T13:00:08+00:00\",\"dateModified\":\"2022-05-20T09:33:29+00:00\",\"breadcrumb\":{\"@id\":\"https:\/\/www.kubija.ee\/?page_id=1216#breadcrumb\"},\"inLanguage\":\"fi\",\"potentialAction\":[{\"@type\":\"ReadAction\",\"target\":[\"https:\/\/www.kubija.ee\/?page_id=1216\"]}]},{\"@type\":\"ImageObject\",\"inLanguage\":\"fi\",\"@id\":\"https:\/\/www.kubija.ee\/?page_id=1216#primaryimage\",\"url\":\"https:\/\/www.kubija.ee\/wp-content\/uploads\/2021\/10\/FJ1375-Hommik-Luhasoos-Kaisa-Aarmaa-scaled.jpg\",\"contentUrl\":\"https:\/\/www.kubija.ee\/wp-content\/uploads\/2021\/10\/FJ1375-Hommik-Luhasoos-Kaisa-Aarmaa-scaled.jpg\"},{\"@type\":\"BreadcrumbList\",\"@id\":\"https:\/\/www.kubija.ee\/?page_id=1216#breadcrumb\",\"itemListElement\":[{\"@type\":\"ListItem\",\"position\":1,\"name\":\"Home\",\"item\":\"https:\/\/www.kubija.ee\/fi\/\"},{\"@type\":\"ListItem\",\"position\":2,\"name\":\"Terveystiedot\"}]},{\"@type\":\"WebSite\",\"@id\":\"https:\/\/www.kubija.ee\/#website\",\"url\":\"https:\/\/www.kubija.ee\/\",\"name\":\"Kubija hotell-loodusspaa V&otilde;rumaal\",\"description\":\"J&auml;rjekordne WordPressi veebileht\",\"publisher\":{\"@id\":\"https:\/\/www.kubija.ee\/#organization\"},\"potentialAction\":[{\"@type\":\"SearchAction\",\"target\":{\"@type\":\"EntryPoint\",\"urlTemplate\":\"https:\/\/www.kubija.ee\/?s={search_term_string}\"},\"query-input\":{\"@type\":\"PropertyValueSpecification\",\"valueRequired\":true,\"valueName\":\"search_term_string\"}}],\"inLanguage\":\"fi\"},{\"@type\":\"Organization\",\"@id\":\"https:\/\/www.kubija.ee\/#organization\",\"name\":\"Kubija hotell-loodusspaa\",\"url\":\"https:\/\/www.kubija.ee\/\",\"logo\":{\"@type\":\"ImageObject\",\"inLanguage\":\"fi\",\"@id\":\"https:\/\/www.kubija.ee\/#\/schema\/logo\/image\/\",\"url\":\"https:\/\/www.kubija.ee\/wp-content\/uploads\/2021\/12\/logo-1-e1638351137779.png\",\"contentUrl\":\"https:\/\/www.kubija.ee\/wp-content\/uploads\/2021\/12\/logo-1-e1638351137779.png\",\"width\":305,\"height\":260,\"caption\":\"Kubija hotell-loodusspaa\"},\"image\":{\"@id\":\"https:\/\/www.kubija.ee\/#\/schema\/logo\/image\/\"},\"sameAs\":[\"https:\/\/www.facebook.com\/kubijahotell\/\",\"https:\/\/www.instagram.com\/kubijahotellloodusspaa\/\"]}]}<\/script>\n<!-- \/ Yoast SEO plugin. -->","yoast_head_json":{"title":"Terveystiedot - Kubija hotell-loodusspaa V&otilde;rumaal","robots":{"index":"index","follow":"follow","max-snippet":"max-snippet:-1","max-image-preview":"max-image-preview:large","max-video-preview":"max-video-preview:-1"},"canonical":"https:\/\/www.kubija.ee\/?page_id=1216","og_locale":"fi_FI","og_type":"article","og_title":"Terveystiedot - Kubija hotell-loodusspaa V&otilde;rumaal","og_description":"COVID-19 Terveystiedot COVID-19-turvallisuusmerkinn\u00e4ll\u00e4, jonka Viron Maaseutumatkailu on meille my\u00f6nt\u00e4nyt, vahvistamme, ett\u00e4 noudatamme Viron hallituksen ja terveysviraston alallemme asetettamia vaatimuksia ja ohjeita sek\u00e4 pysymme ajan tasalla tilanteesta ja autamme vierailijoitamme noudattamaan s\u00e4\u00e4nt\u00f6j\u00e4 viruksen ehk\u00e4isemiseksi paikan p\u00e4\u00e4ll\u00e4.","og_url":"https:\/\/www.kubija.ee\/?page_id=1216","og_site_name":"Kubija hotell-loodusspaa V&otilde;rumaal","article_publisher":"https:\/\/www.facebook.com\/kubijahotell\/","article_modified_time":"2022-05-20T09:33:29+00:00","og_image":[{"url":"https:\/\/www.kubija.ee\/wp-content\/uploads\/2021\/10\/FJ1375-Hommik-Luhasoos-Kaisa-Aarmaa-scaled.jpg","type":"","width":"","height":""}],"twitter_card":"summary_large_image","twitter_misc":{"Arvioitu lukuaika":"1 minuutti"},"schema":{"@context":"https:\/\/schema.org","@graph":[{"@type":"WebPage","@id":"https:\/\/www.kubija.ee\/?page_id=1216","url":"https:\/\/www.kubija.ee\/?page_id=1216","name":"Terveystiedot - Kubija hotell-loodusspaa V&otilde;rumaal","isPartOf":{"@id":"https:\/\/www.kubija.ee\/#website"},"primaryImageOfPage":{"@id":"https:\/\/www.kubija.ee\/?page_id=1216#primaryimage"},"image":{"@id":"https:\/\/www.kubija.ee\/?page_id=1216#primaryimage"},"thumbnailUrl":"https:\/\/www.kubija.ee\/wp-content\/uploads\/2021\/10\/FJ1375-Hommik-Luhasoos-Kaisa-Aarmaa-scaled.jpg","datePublished":"2021-10-25T13:00:08+00:00","dateModified":"2022-05-20T09:33:29+00:00","breadcrumb":{"@id":"https:\/\/www.kubija.ee\/?page_id=1216#breadcrumb"},"inLanguage":"fi","potentialAction":[{"@type":"ReadAction","target":["https:\/\/www.kubija.ee\/?page_id=1216"]}]},{"@type":"ImageObject","inLanguage":"fi","@id":"https:\/\/www.kubija.ee\/?page_id=1216#primaryimage","url":"https:\/\/www.kubija.ee\/wp-content\/uploads\/2021\/10\/FJ1375-Hommik-Luhasoos-Kaisa-Aarmaa-scaled.jpg","contentUrl":"https:\/\/www.kubija.ee\/wp-content\/uploads\/2021\/10\/FJ1375-Hommik-Luhasoos-Kaisa-Aarmaa-scaled.jpg"},{"@type":"BreadcrumbList","@id":"https:\/\/www.kubija.ee\/?page_id=1216#breadcrumb","itemListElement":[{"@type":"ListItem","position":1,"name":"Home","item":"https:\/\/www.kubija.ee\/fi\/"},{"@type":"ListItem","position":2,"name":"Terveystiedot"}]},{"@type":"WebSite","@id":"https:\/\/www.kubija.ee\/#website","url":"https:\/\/www.kubija.ee\/","name":"Kubija hotell-loodusspaa V&otilde;rumaal","description":"J&auml;rjekordne WordPressi veebileht","publisher":{"@id":"https:\/\/www.kubija.ee\/#organization"},"potentialAction":[{"@type":"SearchAction","target":{"@type":"EntryPoint","urlTemplate":"https:\/\/www.kubija.ee\/?s={search_term_string}"},"query-input":{"@type":"PropertyValueSpecification","valueRequired":true,"valueName":"search_term_string"}}],"inLanguage":"fi"},{"@type":"Organization","@id":"https:\/\/www.kubija.ee\/#organization","name":"Kubija hotell-loodusspaa","url":"https:\/\/www.kubija.ee\/","logo":{"@type":"ImageObject","inLanguage":"fi","@id":"https:\/\/www.kubija.ee\/#\/schema\/logo\/image\/","url":"https:\/\/www.kubija.ee\/wp-content\/uploads\/2021\/12\/logo-1-e1638351137779.png","contentUrl":"https:\/\/www.kubija.ee\/wp-content\/uploads\/2021\/12\/logo-1-e1638351137779.png","width":305,"height":260,"caption":"Kubija hotell-loodusspaa"},"image":{"@id":"https:\/\/www.kubija.ee\/#\/schema\/logo\/image\/"},"sameAs":["https:\/\/www.facebook.com\/kubijahotell\/","https:\/\/www.instagram.com\/kubijahotellloodusspaa\/"]}]}},"_links":{"self":[{"href":"https:\/\/www.kubija.ee\/fi\/wp-json\/wp\/v2\/pages\/4488","targetHints":{"allow":["GET"]}}],"collection":[{"href":"https:\/\/www.kubija.ee\/fi\/wp-json\/wp\/v2\/pages"}],"about":[{"href":"https:\/\/www.kubija.ee\/fi\/wp-json\/wp\/v2\/types\/page"}],"author":[{"embeddable":true,"href":"https:\/\/www.kubija.ee\/fi\/wp-json\/wp\/v2\/users\/2"}],"replies":[{"embeddable":true,"href":"https:\/\/www.kubija.ee\/fi\/wp-json\/wp\/v2\/comments?post=4488"}],"version-history":[{"count":3,"href":"https:\/\/www.kubija.ee\/fi\/wp-json\/wp\/v2\/pages\/4488\/revisions"}],"predecessor-version":[{"id":6700,"href":"https:\/\/www.kubija.ee\/fi\/wp-json\/wp\/v2\/pages\/4488\/revisions\/6700"}],"wp:attachment":[{"href":"https:\/\/www.kubija.ee\/fi\/wp-json\/wp\/v2\/media?parent=4488"}],"curies":[{"name":"wp","href":"https:\/\/api.w.org\/{rel}","templated":true}]}}