{"id":4471,"date":"2021-10-18T13:59:42","date_gmt":"2021-10-18T13:59:42","guid":{"rendered":"https:\/\/www.kubija.ee\/ilm-vorus\/"},"modified":"2022-05-20T09:31:14","modified_gmt":"2022-05-20T09:31:14","slug":"vorun-saa","status":"publish","type":"page","link":"https:\/\/www.kubija.ee\/fi\/vorun-saa\/","title":{"rendered":"V\u00f5run s\u00e4\u00e4"},"content":{"rendered":"\n<div class=\"wp-block-cover alignfull is-light has-custom-content-position is-position-bottom-center\" style=\"min-height:550px;aspect-ratio:unset;\"><span aria-hidden=\"true\" class=\"has-background-dim-20 wp-block-cover__gradient-background has-background-dim\"><\/span><img loading=\"lazy\" decoding=\"async\" width=\"2560\" height=\"1709\" class=\"wp-block-cover__image-background wp-image-1228\" alt=\"\" src=\"https:\/\/www.kubija.ee\/wp-content\/uploads\/2021\/10\/FJ1398-Voru-linna-Keskvaljak-Kaisa-Aarmaa-scaled.jpg\" style=\"object-position:55% 59%\" data-object-fit=\"cover\" data-object-position=\"55% 59%\" srcset=\"https:\/\/www.kubija.ee\/wp-content\/uploads\/2021\/10\/FJ1398-Voru-linna-Keskvaljak-Kaisa-Aarmaa-scaled.jpg 2560w, https:\/\/www.kubija.ee\/wp-content\/uploads\/2021\/10\/FJ1398-Voru-linna-Keskvaljak-Kaisa-Aarmaa-scaled-600x401.jpg 600w, https:\/\/www.kubija.ee\/wp-content\/uploads\/2021\/10\/FJ1398-Voru-linna-Keskvaljak-Kaisa-Aarmaa-300x200.jpg 300w, https:\/\/www.kubija.ee\/wp-content\/uploads\/2021\/10\/FJ1398-Voru-linna-Keskvaljak-Kaisa-Aarmaa-1024x684.jpg 1024w, https:\/\/www.kubija.ee\/wp-content\/uploads\/2021\/10\/FJ1398-Voru-linna-Keskvaljak-Kaisa-Aarmaa-768x513.jpg 768w, https:\/\/www.kubija.ee\/wp-content\/uploads\/2021\/10\/FJ1398-Voru-linna-Keskvaljak-Kaisa-Aarmaa-1536x1025.jpg 1536w, https:\/\/www.kubija.ee\/wp-content\/uploads\/2021\/10\/FJ1398-Voru-linna-Keskvaljak-Kaisa-Aarmaa-2048x1367.jpg 2048w, https:\/\/www.kubija.ee\/wp-content\/uploads\/2021\/10\/FJ1398-Voru-linna-Keskvaljak-Kaisa-Aarmaa-1568x1047.jpg 1568w\" sizes=\"auto, (max-width: 2560px) 100vw, 2560px\" \/><div class=\"wp-block-cover__inner-container is-layout-flow wp-block-cover-is-layout-flow\">\n<h1 class=\"has-text-align-center has-white-color has-text-color has-huge-font-size wp-block-heading\">V\u00f5run s\u00e4\u00e4<\/h1>\n<\/div><\/div>\n\n\n\n<div class=\"wp-block-columns alignfull are-vertically-aligned-center has-background is-layout-flex wp-container-core-columns-is-layout-28f84493 wp-block-columns-is-layout-flex\" style=\"background-color:#f0ece4\">\n<div class=\"wp-block-column is-layout-flow wp-block-column-is-layout-flow\" style=\"flex-basis:10%\">\n<figure class=\"wp-block-image size-full is-resized\"><a href=\"https:\/\/www.kubija.ee\/terviseinfo\/\"><img loading=\"lazy\" decoding=\"async\" src=\"https:\/\/www.kubija.ee\/wp-content\/uploads\/2021\/12\/TURVALINE_margis200x200.png\" alt=\"\" class=\"wp-image-2580\" width=\"103\" height=\"103\" srcset=\"https:\/\/www.kubija.ee\/wp-content\/uploads\/2021\/12\/TURVALINE_margis200x200.png 200w, https:\/\/www.kubija.ee\/wp-content\/uploads\/2021\/12\/TURVALINE_margis200x200-150x150.png 150w, https:\/\/www.kubija.ee\/wp-content\/uploads\/2021\/12\/TURVALINE_margis200x200-100x100.png 100w\" sizes=\"auto, (max-width: 103px) 100vw, 103px\" \/><\/a><\/figure>\n<\/div>\n\n\n\n<div class=\"wp-block-column is-vertically-aligned-center is-layout-flow wp-block-column-is-layout-flow\" style=\"flex-basis:70%\">\n<h2 class=\"has-text-color has-large-font-size wp-block-heading\" style=\"color:#9d7a35\">Terviseinfo<\/h2>\n\n\n\n<p class=\"has-text-color\" style=\"color:#000000\">Eesti Maaturism MT\u00dc poolt v\u00e4lja antud m\u00e4rgisega &#8221;Siin on COVID-19 turvaline&#8221; kinnitame, et j\u00e4rgime meie tegutsemisvaldkonnale kehtestatud Vabariigi Valitsuse korraldusi ja Terviseameti juhiseid, hoiame end nende j\u00e4rgimiseks infoga pidevalt kursis ning aitame k\u00fclastajatel t\u00e4ita kohapeal viiruse v\u00e4ltimise reegleid.<\/p>\n<\/div>\n\n\n\n<div class=\"wp-block-column is-vertically-aligned-center is-layout-flow wp-block-column-is-layout-flow\" style=\"flex-basis:15%\">\n<div class=\"wp-block-buttons is-layout-flex wp-block-buttons-is-layout-flex\">\n<div class=\"wp-block-button is-style-outline is-style-outline--1\"><a class=\"wp-block-button__link has-text-color\" href=\"https:\/\/www.kubija.ee\/terviseinfo\/\" style=\"border-radius:11px;color:#299446\">Loe lisaks<\/a><\/div>\n<\/div>\n<\/div>\n\n\n\n<div class=\"wp-block-column is-layout-flow wp-block-column-is-layout-flow\" style=\"flex-basis:10%\">\n<figure class=\"wp-block-image size-full is-resized\"><a href=\"https:\/\/www.kubija.ee\/fi\/varaa-suoraan\/\"><img loading=\"lazy\" decoding=\"async\" src=\"https:\/\/www.kubija.ee\/wp-content\/uploads\/2021\/10\/Broneeri-otse_180x180.png\" alt=\"\" class=\"wp-image-1096\" width=\"103\" height=\"103\" srcset=\"https:\/\/www.kubija.ee\/wp-content\/uploads\/2021\/10\/Broneeri-otse_180x180.png 180w, https:\/\/www.kubija.ee\/wp-content\/uploads\/2021\/10\/Broneeri-otse_180x180-100x100.png 100w, https:\/\/www.kubija.ee\/wp-content\/uploads\/2021\/10\/Broneeri-otse_180x180-150x150.png 150w\" sizes=\"auto, (max-width: 103px) 100vw, 103px\" \/><\/a><\/figure>\n<\/div>\n<\/div>\n\n\n\n<div class=\"wp-block-media-text alignfull is-stacked-on-mobile animated fadeIn delay-100ms slow\"><figure class=\"wp-block-media-text__media\"><img loading=\"lazy\" decoding=\"async\" width=\"1024\" height=\"683\" src=\"https:\/\/www.kubija.ee\/wp-content\/uploads\/2021\/12\/Kubija-hotell-loodusspaa-2-1024x683.jpg\" alt=\"\" class=\"wp-image-2947 size-full\" srcset=\"https:\/\/www.kubija.ee\/wp-content\/uploads\/2021\/12\/Kubija-hotell-loodusspaa-2-1024x683.jpg 1024w, https:\/\/www.kubija.ee\/wp-content\/uploads\/2021\/12\/Kubija-hotell-loodusspaa-2-300x200.jpg 300w, https:\/\/www.kubija.ee\/wp-content\/uploads\/2021\/12\/Kubija-hotell-loodusspaa-2-768x512.jpg 768w, https:\/\/www.kubija.ee\/wp-content\/uploads\/2021\/12\/Kubija-hotell-loodusspaa-2-1536x1024.jpg 1536w, https:\/\/www.kubija.ee\/wp-content\/uploads\/2021\/12\/Kubija-hotell-loodusspaa-2-1568x1045.jpg 1568w, https:\/\/www.kubija.ee\/wp-content\/uploads\/2021\/12\/Kubija-hotell-loodusspaa-2-600x400.jpg 600w, https:\/\/www.kubija.ee\/wp-content\/uploads\/2021\/12\/Kubija-hotell-loodusspaa-2-100x67.jpg 100w, https:\/\/www.kubija.ee\/wp-content\/uploads\/2021\/12\/Kubija-hotell-loodusspaa-2.jpg 2048w\" sizes=\"auto, (max-width: 1024px) 100vw, 1024px\" \/><\/figure><div class=\"wp-block-media-text__content\">\n<p class=\"has-small-font-size\">V\u00d5RUN S\u00c4\u00c4<\/p>\n\n\n\n<h2 class=\"has-green-color has-text-color has-large-font-size wp-block-heading\">Etel\u00e4-Virossa V\u00f5russa s\u00e4\u00e4 on kes\u00e4ll\u00e4 aina l\u00e4mpim\u00e4mpi ja talvella aina kylmempi ja lumisempi kuin muualla Virossa\ud83d\ude42<\/h2>\n\n\n\n<hr class=\"wp-block-separator is-style-edream-separator\"\/>\n\n\n\n<div style=\"height:20px\" aria-hidden=\"true\" class=\"wp-block-spacer\"><\/div>\n\n\n\n<a class=\"weatherwidget-io\" href=\"https:\/\/forecast7.com\/en\/57d8427d01\/voru\/\" data-label_1=\"V\u00d5RU\" data-label_2=\"ILM\" data-icons=\"Climacons Animated\" data-mode=\"Forecast\" data-theme=\"blue-mountains\">V\u00d5RU ILM<\/a>\n<script>\n!function(d,s,id){var js,fjs=d.getElementsByTagName(s)[0];if(!d.getElementById(id)){js=d.createElement(s);js.id=id;js.src='https:\/\/weatherwidget.io\/js\/widget.min.js';fjs.parentNode.insertBefore(js,fjs);}}(document,'script','weatherwidget-io-js');\n<\/script>\n\n\n\n<div style=\"height:20px\" aria-hidden=\"true\" class=\"wp-block-spacer\"><\/div>\n\n\n\n<hr class=\"wp-block-separator is-style-edream-separator\"\/>\n<\/div><\/div>\n","protected":false},"excerpt":{"rendered":"<p>Terviseinfo Eesti Maaturism MT\u00dc poolt v\u00e4lja antud m\u00e4rgisega &#8221;Siin on COVID-19 turvaline&#8221; kinnitame, et j\u00e4rgime meie tegutsemisvaldkonnale kehtestatud Vabariigi Valitsuse korraldusi ja Terviseameti juhiseid, hoiame end nende j\u00e4rgimiseks infoga pidevalt kursis ning aitame k\u00fclastajatel t\u00e4ita kohapeal viiruse v\u00e4ltimise reegleid.<\/p>\n","protected":false},"author":2,"featured_media":0,"parent":0,"menu_order":83,"comment_status":"closed","ping_status":"closed","template":"","meta":{"footnotes":""},"class_list":["post-4471","page","type-page","status-publish","hentry"],"yoast_head":"<!-- This site is optimized with the Yoast SEO plugin v27.5 - https:\/\/yoast.com\/product\/yoast-seo-wordpress\/ -->\n<title>V\u00f5run s\u00e4\u00e4 - Kubija hotell-loodusspaa V&otilde;rumaal<\/title>\n<meta name=\"robots\" content=\"index, follow, max-snippet:-1, max-image-preview:large, max-video-preview:-1\" \/>\n<link rel=\"canonical\" href=\"https:\/\/www.kubija.ee\/ilm-vorus\/\" \/>\n<meta property=\"og:locale\" content=\"fi_FI\" \/>\n<meta property=\"og:type\" content=\"article\" \/>\n<meta property=\"og:title\" content=\"V\u00f5run s\u00e4\u00e4 - Kubija hotell-loodusspaa V&otilde;rumaal\" \/>\n<meta property=\"og:description\" content=\"Terviseinfo Eesti Maaturism MT\u00dc poolt v\u00e4lja antud m\u00e4rgisega &#8221;Siin on COVID-19 turvaline&#8221; kinnitame, et j\u00e4rgime meie tegutsemisvaldkonnale kehtestatud Vabariigi Valitsuse korraldusi ja Terviseameti juhiseid, hoiame end nende j\u00e4rgimiseks infoga pidevalt kursis ning aitame k\u00fclastajatel t\u00e4ita kohapeal viiruse v\u00e4ltimise reegleid.\" \/>\n<meta property=\"og:url\" content=\"https:\/\/www.kubija.ee\/ilm-vorus\/\" \/>\n<meta property=\"og:site_name\" content=\"Kubija hotell-loodusspaa V&otilde;rumaal\" \/>\n<meta property=\"article:publisher\" content=\"https:\/\/www.facebook.com\/kubijahotell\/\" \/>\n<meta property=\"article:modified_time\" content=\"2022-05-20T09:31:14+00:00\" \/>\n<meta property=\"og:image\" content=\"https:\/\/www.kubija.ee\/wp-content\/uploads\/2021\/10\/FJ1398-Voru-linna-Keskvaljak-Kaisa-Aarmaa-scaled.jpg\" \/>\n<meta name=\"twitter:card\" content=\"summary_large_image\" \/>\n<meta name=\"twitter:label1\" content=\"Arvioitu lukuaika\" \/>\n\t<meta name=\"twitter:data1\" content=\"2 minuuttia\" \/>\n<script type=\"application\/ld+json\" class=\"yoast-schema-graph\">{\"@context\":\"https:\\\/\\\/schema.org\",\"@graph\":[{\"@type\":\"WebPage\",\"@id\":\"https:\\\/\\\/www.kubija.ee\\\/ilm-vorus\\\/\",\"url\":\"https:\\\/\\\/www.kubija.ee\\\/ilm-vorus\\\/\",\"name\":\"V\u00f5run s\u00e4\u00e4 - Kubija hotell-loodusspaa V&otilde;rumaal\",\"isPartOf\":{\"@id\":\"https:\\\/\\\/www.kubija.ee\\\/#website\"},\"primaryImageOfPage\":{\"@id\":\"https:\\\/\\\/www.kubija.ee\\\/ilm-vorus\\\/#primaryimage\"},\"image\":{\"@id\":\"https:\\\/\\\/www.kubija.ee\\\/ilm-vorus\\\/#primaryimage\"},\"thumbnailUrl\":\"https:\\\/\\\/www.kubija.ee\\\/wp-content\\\/uploads\\\/2021\\\/10\\\/FJ1398-Voru-linna-Keskvaljak-Kaisa-Aarmaa-scaled.jpg\",\"datePublished\":\"2021-10-18T13:59:42+00:00\",\"dateModified\":\"2022-05-20T09:31:14+00:00\",\"breadcrumb\":{\"@id\":\"https:\\\/\\\/www.kubija.ee\\\/ilm-vorus\\\/#breadcrumb\"},\"inLanguage\":\"fi\",\"potentialAction\":[{\"@type\":\"ReadAction\",\"target\":[\"https:\\\/\\\/www.kubija.ee\\\/ilm-vorus\\\/\"]}]},{\"@type\":\"ImageObject\",\"inLanguage\":\"fi\",\"@id\":\"https:\\\/\\\/www.kubija.ee\\\/ilm-vorus\\\/#primaryimage\",\"url\":\"https:\\\/\\\/www.kubija.ee\\\/wp-content\\\/uploads\\\/2021\\\/10\\\/FJ1398-Voru-linna-Keskvaljak-Kaisa-Aarmaa-scaled.jpg\",\"contentUrl\":\"https:\\\/\\\/www.kubija.ee\\\/wp-content\\\/uploads\\\/2021\\\/10\\\/FJ1398-Voru-linna-Keskvaljak-Kaisa-Aarmaa-scaled.jpg\"},{\"@type\":\"BreadcrumbList\",\"@id\":\"https:\\\/\\\/www.kubija.ee\\\/ilm-vorus\\\/#breadcrumb\",\"itemListElement\":[{\"@type\":\"ListItem\",\"position\":1,\"name\":\"Home\",\"item\":\"https:\\\/\\\/www.kubija.ee\\\/fi\\\/\"},{\"@type\":\"ListItem\",\"position\":2,\"name\":\"V\u00f5run s\u00e4\u00e4\"}]},{\"@type\":\"WebSite\",\"@id\":\"https:\\\/\\\/www.kubija.ee\\\/#website\",\"url\":\"https:\\\/\\\/www.kubija.ee\\\/\",\"name\":\"Kubija hotell-loodusspaa V&otilde;rumaal\",\"description\":\"J&auml;rjekordne WordPressi veebileht\",\"publisher\":{\"@id\":\"https:\\\/\\\/www.kubija.ee\\\/#organization\"},\"potentialAction\":[{\"@type\":\"SearchAction\",\"target\":{\"@type\":\"EntryPoint\",\"urlTemplate\":\"https:\\\/\\\/www.kubija.ee\\\/?s={search_term_string}\"},\"query-input\":{\"@type\":\"PropertyValueSpecification\",\"valueRequired\":true,\"valueName\":\"search_term_string\"}}],\"inLanguage\":\"fi\"},{\"@type\":\"Organization\",\"@id\":\"https:\\\/\\\/www.kubija.ee\\\/#organization\",\"name\":\"Kubija hotell-loodusspaa\",\"url\":\"https:\\\/\\\/www.kubija.ee\\\/\",\"logo\":{\"@type\":\"ImageObject\",\"inLanguage\":\"fi\",\"@id\":\"https:\\\/\\\/www.kubija.ee\\\/#\\\/schema\\\/logo\\\/image\\\/\",\"url\":\"https:\\\/\\\/www.kubija.ee\\\/wp-content\\\/uploads\\\/2021\\\/12\\\/logo-1-e1638351137779.png\",\"contentUrl\":\"https:\\\/\\\/www.kubija.ee\\\/wp-content\\\/uploads\\\/2021\\\/12\\\/logo-1-e1638351137779.png\",\"width\":305,\"height\":260,\"caption\":\"Kubija hotell-loodusspaa\"},\"image\":{\"@id\":\"https:\\\/\\\/www.kubija.ee\\\/#\\\/schema\\\/logo\\\/image\\\/\"},\"sameAs\":[\"https:\\\/\\\/www.facebook.com\\\/kubijahotell\\\/\",\"https:\\\/\\\/www.instagram.com\\\/kubijahotellloodusspaa\\\/\"]}]}<\/script>\n<!-- \/ Yoast SEO plugin. -->","yoast_head_json":{"title":"V\u00f5run s\u00e4\u00e4 - Kubija hotell-loodusspaa V&otilde;rumaal","robots":{"index":"index","follow":"follow","max-snippet":"max-snippet:-1","max-image-preview":"max-image-preview:large","max-video-preview":"max-video-preview:-1"},"canonical":"https:\/\/www.kubija.ee\/ilm-vorus\/","og_locale":"fi_FI","og_type":"article","og_title":"V\u00f5run s\u00e4\u00e4 - Kubija hotell-loodusspaa V&otilde;rumaal","og_description":"Terviseinfo Eesti Maaturism MT\u00dc poolt v\u00e4lja antud m\u00e4rgisega &#8221;Siin on COVID-19 turvaline&#8221; kinnitame, et j\u00e4rgime meie tegutsemisvaldkonnale kehtestatud Vabariigi Valitsuse korraldusi ja Terviseameti juhiseid, hoiame end nende j\u00e4rgimiseks infoga pidevalt kursis ning aitame k\u00fclastajatel t\u00e4ita kohapeal viiruse v\u00e4ltimise reegleid.","og_url":"https:\/\/www.kubija.ee\/ilm-vorus\/","og_site_name":"Kubija hotell-loodusspaa V&otilde;rumaal","article_publisher":"https:\/\/www.facebook.com\/kubijahotell\/","article_modified_time":"2022-05-20T09:31:14+00:00","og_image":[{"url":"https:\/\/www.kubija.ee\/wp-content\/uploads\/2021\/10\/FJ1398-Voru-linna-Keskvaljak-Kaisa-Aarmaa-scaled.jpg","type":"","width":"","height":""}],"twitter_card":"summary_large_image","twitter_misc":{"Arvioitu lukuaika":"2 minuuttia"},"schema":{"@context":"https:\/\/schema.org","@graph":[{"@type":"WebPage","@id":"https:\/\/www.kubija.ee\/ilm-vorus\/","url":"https:\/\/www.kubija.ee\/ilm-vorus\/","name":"V\u00f5run s\u00e4\u00e4 - Kubija hotell-loodusspaa V&otilde;rumaal","isPartOf":{"@id":"https:\/\/www.kubija.ee\/#website"},"primaryImageOfPage":{"@id":"https:\/\/www.kubija.ee\/ilm-vorus\/#primaryimage"},"image":{"@id":"https:\/\/www.kubija.ee\/ilm-vorus\/#primaryimage"},"thumbnailUrl":"https:\/\/www.kubija.ee\/wp-content\/uploads\/2021\/10\/FJ1398-Voru-linna-Keskvaljak-Kaisa-Aarmaa-scaled.jpg","datePublished":"2021-10-18T13:59:42+00:00","dateModified":"2022-05-20T09:31:14+00:00","breadcrumb":{"@id":"https:\/\/www.kubija.ee\/ilm-vorus\/#breadcrumb"},"inLanguage":"fi","potentialAction":[{"@type":"ReadAction","target":["https:\/\/www.kubija.ee\/ilm-vorus\/"]}]},{"@type":"ImageObject","inLanguage":"fi","@id":"https:\/\/www.kubija.ee\/ilm-vorus\/#primaryimage","url":"https:\/\/www.kubija.ee\/wp-content\/uploads\/2021\/10\/FJ1398-Voru-linna-Keskvaljak-Kaisa-Aarmaa-scaled.jpg","contentUrl":"https:\/\/www.kubija.ee\/wp-content\/uploads\/2021\/10\/FJ1398-Voru-linna-Keskvaljak-Kaisa-Aarmaa-scaled.jpg"},{"@type":"BreadcrumbList","@id":"https:\/\/www.kubija.ee\/ilm-vorus\/#breadcrumb","itemListElement":[{"@type":"ListItem","position":1,"name":"Home","item":"https:\/\/www.kubija.ee\/fi\/"},{"@type":"ListItem","position":2,"name":"V\u00f5run s\u00e4\u00e4"}]},{"@type":"WebSite","@id":"https:\/\/www.kubija.ee\/#website","url":"https:\/\/www.kubija.ee\/","name":"Kubija hotell-loodusspaa V&otilde;rumaal","description":"J&auml;rjekordne WordPressi veebileht","publisher":{"@id":"https:\/\/www.kubija.ee\/#organization"},"potentialAction":[{"@type":"SearchAction","target":{"@type":"EntryPoint","urlTemplate":"https:\/\/www.kubija.ee\/?s={search_term_string}"},"query-input":{"@type":"PropertyValueSpecification","valueRequired":true,"valueName":"search_term_string"}}],"inLanguage":"fi"},{"@type":"Organization","@id":"https:\/\/www.kubija.ee\/#organization","name":"Kubija hotell-loodusspaa","url":"https:\/\/www.kubija.ee\/","logo":{"@type":"ImageObject","inLanguage":"fi","@id":"https:\/\/www.kubija.ee\/#\/schema\/logo\/image\/","url":"https:\/\/www.kubija.ee\/wp-content\/uploads\/2021\/12\/logo-1-e1638351137779.png","contentUrl":"https:\/\/www.kubija.ee\/wp-content\/uploads\/2021\/12\/logo-1-e1638351137779.png","width":305,"height":260,"caption":"Kubija hotell-loodusspaa"},"image":{"@id":"https:\/\/www.kubija.ee\/#\/schema\/logo\/image\/"},"sameAs":["https:\/\/www.facebook.com\/kubijahotell\/","https:\/\/www.instagram.com\/kubijahotellloodusspaa\/"]}]}},"_links":{"self":[{"href":"https:\/\/www.kubija.ee\/fi\/wp-json\/wp\/v2\/pages\/4471","targetHints":{"allow":["GET"]}}],"collection":[{"href":"https:\/\/www.kubija.ee\/fi\/wp-json\/wp\/v2\/pages"}],"about":[{"href":"https:\/\/www.kubija.ee\/fi\/wp-json\/wp\/v2\/types\/page"}],"author":[{"embeddable":true,"href":"https:\/\/www.kubija.ee\/fi\/wp-json\/wp\/v2\/users\/2"}],"replies":[{"embeddable":true,"href":"https:\/\/www.kubija.ee\/fi\/wp-json\/wp\/v2\/comments?post=4471"}],"version-history":[{"count":3,"href":"https:\/\/www.kubija.ee\/fi\/wp-json\/wp\/v2\/pages\/4471\/revisions"}],"predecessor-version":[{"id":6696,"href":"https:\/\/www.kubija.ee\/fi\/wp-json\/wp\/v2\/pages\/4471\/revisions\/6696"}],"wp:attachment":[{"href":"https:\/\/www.kubija.ee\/fi\/wp-json\/wp\/v2\/media?parent=4471"}],"curies":[{"name":"wp","href":"https:\/\/api.w.org\/{rel}","templated":true}]}}