{"id":4397,"date":"2021-11-09T11:39:29","date_gmt":"2021-11-09T11:39:29","guid":{"rendered":"https:\/\/www.kubija.ee\/spa-hoidot\/katele-ja-jalgadele\/"},"modified":"2026-03-24T10:17:33","modified_gmt":"2026-03-24T10:17:33","slug":"kasi-ja-jalkahoidot","status":"publish","type":"page","link":"https:\/\/www.kubija.ee\/fi\/spa-hoidot\/kasi-ja-jalkahoidot\/","title":{"rendered":"K\u00e4si- ja jalkahoidot"},"content":{"rendered":"\n<div class=\"wp-block-cover alignfull is-light has-custom-content-position is-position-bottom-center\" style=\"min-height:550px;aspect-ratio:unset;\"><img loading=\"lazy\" decoding=\"async\" width=\"2000\" height=\"1600\" class=\"wp-block-cover__image-background wp-image-3794\" alt=\"\" src=\"https:\/\/www.kubija.ee\/wp-content\/uploads\/2021\/12\/kaed_jalad.png\" style=\"object-position:38% 51%\" data-object-fit=\"cover\" data-object-position=\"38% 51%\" srcset=\"https:\/\/www.kubija.ee\/wp-content\/uploads\/2021\/12\/kaed_jalad.png 2000w, https:\/\/www.kubija.ee\/wp-content\/uploads\/2021\/12\/kaed_jalad-300x240.png 300w, https:\/\/www.kubija.ee\/wp-content\/uploads\/2021\/12\/kaed_jalad-1024x819.png 1024w, https:\/\/www.kubija.ee\/wp-content\/uploads\/2021\/12\/kaed_jalad-768x614.png 768w, https:\/\/www.kubija.ee\/wp-content\/uploads\/2021\/12\/kaed_jalad-1536x1229.png 1536w, https:\/\/www.kubija.ee\/wp-content\/uploads\/2021\/12\/kaed_jalad-1568x1254.png 1568w, https:\/\/www.kubija.ee\/wp-content\/uploads\/2021\/12\/kaed_jalad-600x480.png 600w, https:\/\/www.kubija.ee\/wp-content\/uploads\/2021\/12\/kaed_jalad-100x80.png 100w\" sizes=\"auto, (max-width: 2000px) 100vw, 2000px\" \/><span aria-hidden=\"true\" class=\"wp-block-cover__background has-background-dim-30 has-background-dim\"><\/span><div class=\"wp-block-cover__inner-container is-layout-flow wp-block-cover-is-layout-flow\">\n<h1 class=\"wp-block-heading has-text-align-center has-huge-font-size\">K\u00e4si- ja jalkahoidot<\/h1>\n<\/div><\/div>\n\n\n\n<div class=\"wp-block-buttons animated fadeIn delay-100ms slow is-horizontal is-content-justification-center is-layout-flex wp-container-core-buttons-is-layout-03627597 wp-block-buttons-is-layout-flex\">\n<div class=\"wp-block-button is-style-outline is-style-outline--1\"><a class=\"wp-block-button__link wp-element-button\" href=\"https:\/\/www.kubija.ee\/fi\/spa-hoidot\/luonnolliset-hoidot\/\" style=\"border-radius:11px\">Luonnolliset hoidot<\/a><\/div>\n\n\n\n<div class=\"wp-block-button is-style-outline is-style-outline--2\"><a class=\"wp-block-button__link wp-element-button\" href=\"https:\/\/www.kubija.ee\/fi\/spa-hoidot\/hieronnat\/\" style=\"border-radius:11px\">Hieronnat<\/a><\/div>\n\n\n\n<div class=\"wp-block-button is-style-outline is-style-outline--3\"><a class=\"wp-block-button__link wp-element-button\" href=\"https:\/\/www.kubija.ee\/fi\/spa-hoidot\/vartalonhoidot\/\" style=\"border-radius:11px\">Vartalonhoidot<\/a><\/div>\n\n\n\n<div class=\"wp-block-button is-style-outline is-style-outline--4\"><a class=\"wp-block-button__link wp-element-button\" href=\"https:\/\/www.kubija.ee\/fi\/spa-hoidot\/kasvohoidot\/\" style=\"border-radius:11px\">Kasvohoidot<\/a><\/div>\n\n\n\n<div class=\"wp-block-button is-style-outline is-style-outline--5\"><a class=\"wp-block-button__link wp-element-button\" href=\"https:\/\/www.kubija.ee\/fi\/spa-hoidot\/raskausajan-hoidot\/\" style=\"border-radius:11px\">Raskausajan hoidot<\/a><\/div>\n\n\n\n<div class=\"wp-block-button is-style-outline is-style-outline--6\"><a class=\"wp-block-button__link wp-element-button\" href=\"https:\/\/www.kubija.ee\/fi\/spa-hoidot\/lasten-ja-nuorten-hoidot\/\" style=\"border-radius:11px\">Lasten ja nuorten hoidot<\/a><\/div>\n<\/div>\n\n\n\n<hr class=\"wp-block-separator has-css-opacity is-style-edream-separator\"\/>\n\n\n\n<div class=\"wp-block-edhotels-edhotels-accordions accordion left  animated fadeIn delay-100ms slow\">\n<div class=\"acc_h\"><h3><strong>Pehme\u00e4 parafiini hanskat k\u00e4sille \u2013<\/strong> <strong>20 min <\/strong><\/h3><span class=\"price\">16 \u20ac<\/span><\/div><div class=\"acc_txt\">\n<p>Erinomainen tapa ihon syv\u00e4kosteutukseen Ihanteellinen niille, jotka eiv\u00e4t sied\u00e4 vahvaa kuumak\u00e4sittely\u00e4 ja joilla on kuiva iho. Parafiinik\u00e4\u00e4re aiheuttaa intensiivisen hikoilun ja veden haihtuminen estyy, joten tuloksena saadaan syv\u00e4kosteuttava minisauna-vaikutus.<br><br>K\u00e4ytt\u00f6: nivelsairaudet, lihaskivut, verenkierron parantaminen, ihon pehment\u00e4minen, kosteuttaminen<br>\u00c4l\u00e4 k\u00e4yt\u00e4: ihovaurioihin, akuutteihin tulehduksiin, tuoreisiin vammoihin.<\/p>\n\n\n\n<div class=\"wp-block-button\"><a class=\"wp-block-button__link wp-element-button\" href=\"https:\/\/www.kubija.ee\/fi\/spa-hoidot\/varaa-hoito\/\">Varaa hoito<\/a><\/div>\n<\/div>\n\n\n\n<div class=\"acc_h\"><h3><strong>Pehme\u00e4 parafiini-sukat jaloille \u2013<\/strong> <strong>20 min <\/strong><\/h3><span class=\"price\">16 \u20ac<\/span><\/div><div class=\"acc_txt\">\n<p>Erinomainen tapa ihon syv\u00e4kosteutukseen Ihanteellinen niille, jotka eiv\u00e4t sied\u00e4 vahvaa kuumak\u00e4sittely\u00e4 ja joilla on kuiva iho. Parafiinik\u00e4\u00e4re aiheuttaa intensiivisen hikoilun ja veden haihtuminen estyy, joten tuloksena saadaan syv\u00e4kosteuttava minisauna-vaikutus.<\/p>\n\n\n\n<p>K\u00e4ytt\u00f6: nivelsairaudet, lihaskivut, verenkierron parantaminen, ihon pehment\u00e4minen, kosteuttaminen<br>\u00c4l\u00e4 k\u00e4yt\u00e4: ihovaurioihin, akuutteihin tulehduksiin, tuoreisiin vammoihin.<\/p>\n\n\n\n<div class=\"wp-block-button\"><a class=\"wp-block-button__link wp-element-button\">Varaa hoito<\/a><\/div>\n<\/div>\n\n\n\n<div class=\"acc_h\"><h3><strong>L\u00e4mmin parafiini k\u00e4sillee \u2013<\/strong> <strong>20 min <\/strong><\/h3><span class=\"price\">16 \u20ac<\/span><\/div><div class=\"acc_txt\">\n<p>Syv\u00e4kosteuttava, ihoa hoitava ja verenkiertoa parantava, kynsinauhoja pehment\u00e4v\u00e4 ja ihoa ravitseva hoito.<\/p>\n\n\n\n<div class=\"wp-block-button\"><a class=\"wp-block-button__link wp-element-button\" href=\"https:\/\/www.kubija.ee\/fi\/spa-hoidot\/varaa-hoito\/\">Varaa hoito<\/a><\/div>\n<\/div>\n\n\n\n<div class=\"acc_h\"><h3><strong>L\u00e4mpim\u00e4t teepuu\u00f6ljyn sukat jaloille \u2013<\/strong> <strong>20 min <\/strong><\/h3><span class=\"price\">16 \u20ac<\/span><\/div><div class=\"acc_txt\">\n<p>Sopii hyvin paleltuville, kuiville jaloille. Kosteuttaa ja ravitsee tehokkaasti ihoa ja kynsi\u00e4. (kuorinta, l\u00e4mmin teepuu\u00f6ljyn parafiini jaoille, jalkojen voitelu).<\/p>\n\n\n\n<div class=\"wp-block-button\"><a class=\"wp-block-button__link wp-element-button\" href=\"https:\/\/www.kubija.ee\/fi\/spa-hoidot\/varaa-hoito\/\">Varaa hoito<\/a><\/div>\n<\/div>\n\n\n\n<div class=\"acc_h\"><h3>UUTUUS! <strong>D-tox jalkakylpy korallijauheella \u2013<\/strong> <strong>20 min <\/strong><\/h3><span class=\"price\">15 \u20ac<\/span><\/div><div class=\"acc_txt\">\n<p>Rikkaalla korallijauheella varustettu jalkakylpy, joka sis\u00e4lt\u00e4\u00e4 yli 70 erilaista mineraalia, on ravitseva ja ihosopiva. Em\u00e4ksinen kylpy pH-arvolla 8,5\u20139,0 edist\u00e4\u00e4 puhdistumista ja myrkkyjen poistumista sek\u00e4 happamuuden v\u00e4hent\u00e4mist\u00e4. Suosittelemme jalkakylpy\u00e4 my\u00f6s ekseeman, allergioiden, osteoporoosin ja diabeteksen yhteydess\u00e4.<\/p>\n\n\n\n<div class=\"wp-block-button\"><a class=\"wp-block-button__link wp-element-button\" href=\"https:\/\/www.kubija.ee\/fi\/spa-hoidot\/varaa-hoito\/\">Varaa hoito<\/a><\/div>\n<\/div>\n\n\n\n<div class=\"acc_h\"><h3>Kylpyl\u00e4hoito k\u00e4sille \u2013 25 min<\/h3><span class=\"price\">20 \u20ac<\/span><\/div><div class=\"acc_txt\">\n<p>Ylellinen hoito, joka tekee k\u00e4sist\u00e4nne silkinpehme\u00e4t. Ravitsee ja kosteuttaa ihoa ja vilkastuttaa verenkiertoa. Hoito sis\u00e4lt\u00e4\u00e4 k\u00e4sien ihon kuorinnan ja k\u00e4sinaamion. Ei sis\u00e4ll\u00e4 manikyyri hoitoa (kuorinta, naamio, k\u00e4sien hieronto). ORLY<\/p>\n\n\n\n<div class=\"wp-block-button\"><a class=\"wp-block-button__link wp-element-button\" href=\"https:\/\/www.kubija.ee\/fi\/spa-hoidot\/varaa-hoito\/\" style=\"border-radius:11px\">Varaa hoito<\/a><\/div>\n<\/div>\n\n\n\n<div class=\"acc_h\"><h3>Kylpyl\u00e4hoito jaloille \u2013 25 min<\/h3><span class=\"price\">26 \u20ac<\/span><\/div><div class=\"acc_txt\">\n<p>Ylellinen ja rentouttava jalkahoito, joka vilkastuttaa verenkiertoa ja ravitsee ja kosteuttaa ihoa tehden jaloista silkinpehme\u00e4t. Hoito p\u00e4\u00e4ttyy verenkiertoa elvytt\u00e4v\u00e4\u00e4n hierontaan (kuorinto, jalkanaamio, hieronta jaloille). Ei sis\u00e4ll\u00e4 pedikyyri hoitoa. ORLY<\/p>\n\n\n\n<div class=\"wp-block-button\"><a class=\"wp-block-button__link wp-element-button\" href=\"https:\/\/www.kubija.ee\/fi\/spa-hoidot\/varaa-hoito\/\" style=\"border-radius:11px\">Varaa hoito<\/a><\/div>\n<\/div>\n\n\n\n<div class=\"acc_h\"><h3>ORLY-k\u00e4sienhoito kuuma\u00f6ljyll\u00e4 \u2013 45 min<\/h3><span class=\"price\">35 \u20ac<\/span><\/div><div class=\"acc_txt\">\n<p>Rentouttava \u00f6ljykylpy k\u00e4sillesi! Hemmottele kuivia k\u00e4si\u00e4si ja kynsinauhojasi l\u00e4mpim\u00e4ll\u00e4 \u00f6ljykylvyll\u00e4, joka tarjoaa rauhoittavaa appelsiinintuoksuista aromaterapiaa my\u00f6s aisteillesi. Pehmit\u00e4, uudista ja ravitse ihoa, kosteuta kuivia ja hauraita kynsi\u00e4 ja nauti rentouttavasta k\u00e4sien hieronnasta. Jo ensimm\u00e4isen hoitokerran j\u00e4lkeen ihosi ja kyntesi ovat silkinpehme\u00e4t ja n\u00e4ytt\u00e4v\u00e4t nuorekkaammilta! Kynsien muotoilu ja hoito, kynsinauhojen kunnostus, k\u00e4sien hieronta. Kynsien lakkaus ei sis\u00e4lly hoitoon.<\/p>\n\n\n\n<div class=\"wp-block-button\"><a class=\"wp-block-button__link wp-element-button\" href=\"https:\/\/www.kubija.ee\/fi\/spa-hoidot\/varaa-hoito\/\" style=\"border-radius:11px\">Varaa hoito<\/a><\/div>\n<\/div>\n\n\n\n<div class=\"acc_h\"><h3>Thaimaalainen refleksologinen k\u00e4sihoito \u2013 45 min<\/h3><span class=\"price\">35 \u20ac<\/span><\/div><div class=\"acc_txt\">\n<p>Thaimaalainen refleksologinen k\u00e4sihoito her\u00e4tt\u00e4\u00e4 kehon antaen sille vy\u00f6hykkeiden kautta terveytt\u00e4 ja tasapainoa. K\u00e4sihieronnan aikana stimuloidaan eri elimi\u00e4 ja lievennet\u00e4\u00e4n lihasj\u00e4nnityst\u00e4. K\u00e4sihieronta vaikuttaa rentouttavasti koko kehoon, mutta suosittelemme kyseist\u00e4 hoitoa erityisesti toimistoihmisille hiirik\u00e4den hoitamiseen ja v\u00e4syneille k\u00e4sille.<\/p>\n\n\n\n<div class=\"wp-block-button\"><a class=\"wp-block-button__link wp-element-button\" href=\"https:\/\/www.kubija.ee\/fi\/spa-hoidot\/varaa-hoito\/\" style=\"border-radius:11px\">Varaa hoito<\/a><\/div>\n<\/div>\n\n\n\n<div class=\"acc_h\"><h3>Manikyyri \u2013 50 min<\/h3><span class=\"price\">35 \u20ac<\/span><\/div><div class=\"acc_txt\">\n<p>Kynsinauhojen \u00f6ljy\u00e4minen, kynten moutoilu, k\u00e4sien voitelu ja hieronto, lakkaus.<\/p>\n\n\n\n<div class=\"wp-block-button\"><a class=\"wp-block-button__link wp-element-button\" href=\"https:\/\/www.kubija.ee\/fi\/spa-hoidot\/varaa-hoito\/\" style=\"border-radius:11px\">Varaa hoito<\/a><\/div>\n<\/div>\n\n\n\n<div class=\"acc_h\"><h3>SPA manikyyri \u2013 50 min<\/h3><span class=\"price\">38 \u20ac<\/span><\/div><div class=\"acc_txt\">\n<p>Kynsien muotoilu ja hoito, kuorinta, naamio, lakkaus. ORLY<\/p>\n\n\n\n<div class=\"wp-block-button\"><a class=\"wp-block-button__link wp-element-button\" href=\"https:\/\/www.kubija.ee\/fi\/spa-hoidot\/varaa-hoito\/\" style=\"border-radius:11px\">Varaa hoito<\/a><\/div>\n<\/div>\n\n\n\n<div class=\"acc_h\"><h3>Pedikyyri<\/h3><span class=\"price\">al. 49 \u20ac<\/span><\/div><div class=\"acc_txt\">\n<p>Vaahtokylpy, kynsinauhojen muotoilu, ihokovettuminen ohetaminen, voitelu, lakkaus. Vaikeusasteen valitsee palvelija ty\u00f6n mukaan<\/p>\n\n\n\n<p>I vaikeusaste ~ 60 min 49 \u20ac<\/p>\n\n\n\n<p>II vaikeusaste ~ 80 min 59 \u20ac<\/p>\n\n\n\n<div class=\"wp-block-button\"><a class=\"wp-block-button__link wp-element-button\" href=\"https:\/\/www.kubija.ee\/fi\/spa-hoidot\/varaa-hoito\/\" style=\"border-radius:11px\">Varaa hoito<\/a><\/div>\n<\/div>\n\n\n\n<div class=\"acc_h\"><h3>SPA pedikyyri \u2013 80 min<\/h3><span class=\"price\">59 \u20ac<\/span><\/div><div class=\"acc_txt\">\n<p>Jalkakylpy, kynsi-ihon hoito, kynsien muotoilu, kovettumien hoito, kuoriminen, naamio, voitelu, toivottaessa kynsien lakkaus. ORLY<\/p>\n\n\n\n<div class=\"wp-block-button\"><a class=\"wp-block-button__link wp-element-button\" href=\"https:\/\/www.kubija.ee\/fi\/spa-hoidot\/varaa-hoito\/\" style=\"border-radius:11px\">Varaa hoito<\/a><\/div>\n<\/div>\n<\/div>\n\n\n\n<div class=\"wp-block-cover alignfull is-light has-parallax has-custom-content-position is-position-center-left\"><div class=\"wp-block-cover__image-background wp-image-265 has-parallax\" style=\"background-position:50% 50%;background-image:url(https:\/\/www.kubija.ee\/wp-content\/uploads\/2021\/10\/Kubija-hotell-loodusspaa-hoolitsused.jpg)\"><\/div><span aria-hidden=\"true\" class=\"wp-block-cover__background has-background-dim-30 has-background-dim\"><\/span><div class=\"wp-block-cover__inner-container is-layout-flow wp-block-cover-is-layout-flow\">\n<h4 class=\"wp-block-heading has-huge-font-size\">Nauti!<br>Jokaisesta p\u00e4iv\u00e4st\u00e4,<br>tunnista,<br>minuutista<\/h4>\n<\/div><\/div>\n","protected":false},"excerpt":{"rendered":"","protected":false},"author":2,"featured_media":0,"parent":4372,"menu_order":91,"comment_status":"closed","ping_status":"closed","template":"","meta":{"footnotes":""},"class_list":["post-4397","page","type-page","status-publish","hentry"],"yoast_head":"<!-- This site is optimized with the Yoast SEO plugin v27.4 - https:\/\/yoast.com\/product\/yoast-seo-wordpress\/ -->\n<title>K\u00e4si- ja jalkahoidot - Kubija hotell-loodusspaa V&otilde;rumaal<\/title>\n<meta name=\"robots\" content=\"index, follow, max-snippet:-1, max-image-preview:large, max-video-preview:-1\" \/>\n<link rel=\"canonical\" href=\"https:\/\/www.kubija.ee\/fi\/spa-hoidot\/kasi-ja-jalkahoidot\/\" \/>\n<meta property=\"og:locale\" content=\"fi_FI\" \/>\n<meta property=\"og:type\" content=\"article\" \/>\n<meta property=\"og:title\" content=\"K\u00e4si- ja jalkahoidot - Kubija hotell-loodusspaa V&otilde;rumaal\" \/>\n<meta property=\"og:url\" content=\"https:\/\/www.kubija.ee\/fi\/spa-hoidot\/kasi-ja-jalkahoidot\/\" \/>\n<meta property=\"og:site_name\" content=\"Kubija hotell-loodusspaa V&otilde;rumaal\" \/>\n<meta property=\"article:publisher\" content=\"https:\/\/www.facebook.com\/kubijahotell\/\" \/>\n<meta property=\"article:modified_time\" content=\"2026-03-24T10:17:33+00:00\" \/>\n<meta property=\"og:image\" content=\"https:\/\/www.kubija.ee\/wp-content\/uploads\/2021\/12\/kaed_jalad-1024x819.png\" \/>\n\t<meta property=\"og:image:width\" content=\"1024\" \/>\n\t<meta property=\"og:image:height\" content=\"819\" \/>\n\t<meta property=\"og:image:type\" content=\"image\/png\" \/>\n<meta name=\"twitter:card\" content=\"summary_large_image\" \/>\n<meta name=\"twitter:label1\" content=\"Arvioitu lukuaika\" \/>\n\t<meta name=\"twitter:data1\" content=\"3 minuuttia\" \/>\n<script type=\"application\/ld+json\" class=\"yoast-schema-graph\">{\"@context\":\"https:\\\/\\\/schema.org\",\"@graph\":[{\"@type\":\"WebPage\",\"@id\":\"https:\\\/\\\/www.kubija.ee\\\/fi\\\/spa-hoidot\\\/kasi-ja-jalkahoidot\\\/\",\"url\":\"https:\\\/\\\/www.kubija.ee\\\/fi\\\/spa-hoidot\\\/kasi-ja-jalkahoidot\\\/\",\"name\":\"K\u00e4si- ja jalkahoidot - Kubija hotell-loodusspaa V&otilde;rumaal\",\"isPartOf\":{\"@id\":\"https:\\\/\\\/www.kubija.ee\\\/#website\"},\"primaryImageOfPage\":{\"@id\":\"https:\\\/\\\/www.kubija.ee\\\/fi\\\/spa-hoidot\\\/kasi-ja-jalkahoidot\\\/#primaryimage\"},\"image\":{\"@id\":\"https:\\\/\\\/www.kubija.ee\\\/fi\\\/spa-hoidot\\\/kasi-ja-jalkahoidot\\\/#primaryimage\"},\"thumbnailUrl\":\"https:\\\/\\\/www.kubija.ee\\\/wp-content\\\/uploads\\\/2021\\\/12\\\/kaed_jalad.png\",\"datePublished\":\"2021-11-09T11:39:29+00:00\",\"dateModified\":\"2026-03-24T10:17:33+00:00\",\"breadcrumb\":{\"@id\":\"https:\\\/\\\/www.kubija.ee\\\/fi\\\/spa-hoidot\\\/kasi-ja-jalkahoidot\\\/#breadcrumb\"},\"inLanguage\":\"fi\",\"potentialAction\":[{\"@type\":\"ReadAction\",\"target\":[\"https:\\\/\\\/www.kubija.ee\\\/fi\\\/spa-hoidot\\\/kasi-ja-jalkahoidot\\\/\"]}]},{\"@type\":\"ImageObject\",\"inLanguage\":\"fi\",\"@id\":\"https:\\\/\\\/www.kubija.ee\\\/fi\\\/spa-hoidot\\\/kasi-ja-jalkahoidot\\\/#primaryimage\",\"url\":\"https:\\\/\\\/www.kubija.ee\\\/wp-content\\\/uploads\\\/2021\\\/12\\\/kaed_jalad.png\",\"contentUrl\":\"https:\\\/\\\/www.kubija.ee\\\/wp-content\\\/uploads\\\/2021\\\/12\\\/kaed_jalad.png\"},{\"@type\":\"BreadcrumbList\",\"@id\":\"https:\\\/\\\/www.kubija.ee\\\/fi\\\/spa-hoidot\\\/kasi-ja-jalkahoidot\\\/#breadcrumb\",\"itemListElement\":[{\"@type\":\"ListItem\",\"position\":1,\"name\":\"Home\",\"item\":\"https:\\\/\\\/www.kubija.ee\\\/fi\\\/\"},{\"@type\":\"ListItem\",\"position\":2,\"name\":\"Spa-hoidot\",\"item\":\"https:\\\/\\\/www.kubija.ee\\\/hoolitsused\\\/\"},{\"@type\":\"ListItem\",\"position\":3,\"name\":\"K\u00e4si- ja jalkahoidot\"}]},{\"@type\":\"WebSite\",\"@id\":\"https:\\\/\\\/www.kubija.ee\\\/#website\",\"url\":\"https:\\\/\\\/www.kubija.ee\\\/\",\"name\":\"Kubija hotell-loodusspaa V&otilde;rumaal\",\"description\":\"J&auml;rjekordne WordPressi veebileht\",\"publisher\":{\"@id\":\"https:\\\/\\\/www.kubija.ee\\\/#organization\"},\"potentialAction\":[{\"@type\":\"SearchAction\",\"target\":{\"@type\":\"EntryPoint\",\"urlTemplate\":\"https:\\\/\\\/www.kubija.ee\\\/?s={search_term_string}\"},\"query-input\":{\"@type\":\"PropertyValueSpecification\",\"valueRequired\":true,\"valueName\":\"search_term_string\"}}],\"inLanguage\":\"fi\"},{\"@type\":\"Organization\",\"@id\":\"https:\\\/\\\/www.kubija.ee\\\/#organization\",\"name\":\"Kubija hotell-loodusspaa\",\"url\":\"https:\\\/\\\/www.kubija.ee\\\/\",\"logo\":{\"@type\":\"ImageObject\",\"inLanguage\":\"fi\",\"@id\":\"https:\\\/\\\/www.kubija.ee\\\/#\\\/schema\\\/logo\\\/image\\\/\",\"url\":\"https:\\\/\\\/www.kubija.ee\\\/wp-content\\\/uploads\\\/2021\\\/12\\\/logo-1-e1638351137779.png\",\"contentUrl\":\"https:\\\/\\\/www.kubija.ee\\\/wp-content\\\/uploads\\\/2021\\\/12\\\/logo-1-e1638351137779.png\",\"width\":305,\"height\":260,\"caption\":\"Kubija hotell-loodusspaa\"},\"image\":{\"@id\":\"https:\\\/\\\/www.kubija.ee\\\/#\\\/schema\\\/logo\\\/image\\\/\"},\"sameAs\":[\"https:\\\/\\\/www.facebook.com\\\/kubijahotell\\\/\",\"https:\\\/\\\/www.instagram.com\\\/kubijahotellloodusspaa\\\/\"]}]}<\/script>\n<!-- \/ Yoast SEO plugin. -->","yoast_head_json":{"title":"K\u00e4si- ja jalkahoidot - Kubija hotell-loodusspaa V&otilde;rumaal","robots":{"index":"index","follow":"follow","max-snippet":"max-snippet:-1","max-image-preview":"max-image-preview:large","max-video-preview":"max-video-preview:-1"},"canonical":"https:\/\/www.kubija.ee\/fi\/spa-hoidot\/kasi-ja-jalkahoidot\/","og_locale":"fi_FI","og_type":"article","og_title":"K\u00e4si- ja jalkahoidot - Kubija hotell-loodusspaa V&otilde;rumaal","og_url":"https:\/\/www.kubija.ee\/fi\/spa-hoidot\/kasi-ja-jalkahoidot\/","og_site_name":"Kubija hotell-loodusspaa V&otilde;rumaal","article_publisher":"https:\/\/www.facebook.com\/kubijahotell\/","article_modified_time":"2026-03-24T10:17:33+00:00","og_image":[{"width":1024,"height":819,"url":"https:\/\/www.kubija.ee\/wp-content\/uploads\/2021\/12\/kaed_jalad-1024x819.png","type":"image\/png"}],"twitter_card":"summary_large_image","twitter_misc":{"Arvioitu lukuaika":"3 minuuttia"},"schema":{"@context":"https:\/\/schema.org","@graph":[{"@type":"WebPage","@id":"https:\/\/www.kubija.ee\/fi\/spa-hoidot\/kasi-ja-jalkahoidot\/","url":"https:\/\/www.kubija.ee\/fi\/spa-hoidot\/kasi-ja-jalkahoidot\/","name":"K\u00e4si- ja jalkahoidot - Kubija hotell-loodusspaa V&otilde;rumaal","isPartOf":{"@id":"https:\/\/www.kubija.ee\/#website"},"primaryImageOfPage":{"@id":"https:\/\/www.kubija.ee\/fi\/spa-hoidot\/kasi-ja-jalkahoidot\/#primaryimage"},"image":{"@id":"https:\/\/www.kubija.ee\/fi\/spa-hoidot\/kasi-ja-jalkahoidot\/#primaryimage"},"thumbnailUrl":"https:\/\/www.kubija.ee\/wp-content\/uploads\/2021\/12\/kaed_jalad.png","datePublished":"2021-11-09T11:39:29+00:00","dateModified":"2026-03-24T10:17:33+00:00","breadcrumb":{"@id":"https:\/\/www.kubija.ee\/fi\/spa-hoidot\/kasi-ja-jalkahoidot\/#breadcrumb"},"inLanguage":"fi","potentialAction":[{"@type":"ReadAction","target":["https:\/\/www.kubija.ee\/fi\/spa-hoidot\/kasi-ja-jalkahoidot\/"]}]},{"@type":"ImageObject","inLanguage":"fi","@id":"https:\/\/www.kubija.ee\/fi\/spa-hoidot\/kasi-ja-jalkahoidot\/#primaryimage","url":"https:\/\/www.kubija.ee\/wp-content\/uploads\/2021\/12\/kaed_jalad.png","contentUrl":"https:\/\/www.kubija.ee\/wp-content\/uploads\/2021\/12\/kaed_jalad.png"},{"@type":"BreadcrumbList","@id":"https:\/\/www.kubija.ee\/fi\/spa-hoidot\/kasi-ja-jalkahoidot\/#breadcrumb","itemListElement":[{"@type":"ListItem","position":1,"name":"Home","item":"https:\/\/www.kubija.ee\/fi\/"},{"@type":"ListItem","position":2,"name":"Spa-hoidot","item":"https:\/\/www.kubija.ee\/hoolitsused\/"},{"@type":"ListItem","position":3,"name":"K\u00e4si- ja jalkahoidot"}]},{"@type":"WebSite","@id":"https:\/\/www.kubija.ee\/#website","url":"https:\/\/www.kubija.ee\/","name":"Kubija hotell-loodusspaa V&otilde;rumaal","description":"J&auml;rjekordne WordPressi veebileht","publisher":{"@id":"https:\/\/www.kubija.ee\/#organization"},"potentialAction":[{"@type":"SearchAction","target":{"@type":"EntryPoint","urlTemplate":"https:\/\/www.kubija.ee\/?s={search_term_string}"},"query-input":{"@type":"PropertyValueSpecification","valueRequired":true,"valueName":"search_term_string"}}],"inLanguage":"fi"},{"@type":"Organization","@id":"https:\/\/www.kubija.ee\/#organization","name":"Kubija hotell-loodusspaa","url":"https:\/\/www.kubija.ee\/","logo":{"@type":"ImageObject","inLanguage":"fi","@id":"https:\/\/www.kubija.ee\/#\/schema\/logo\/image\/","url":"https:\/\/www.kubija.ee\/wp-content\/uploads\/2021\/12\/logo-1-e1638351137779.png","contentUrl":"https:\/\/www.kubija.ee\/wp-content\/uploads\/2021\/12\/logo-1-e1638351137779.png","width":305,"height":260,"caption":"Kubija hotell-loodusspaa"},"image":{"@id":"https:\/\/www.kubija.ee\/#\/schema\/logo\/image\/"},"sameAs":["https:\/\/www.facebook.com\/kubijahotell\/","https:\/\/www.instagram.com\/kubijahotellloodusspaa\/"]}]}},"_links":{"self":[{"href":"https:\/\/www.kubija.ee\/fi\/wp-json\/wp\/v2\/pages\/4397","targetHints":{"allow":["GET"]}}],"collection":[{"href":"https:\/\/www.kubija.ee\/fi\/wp-json\/wp\/v2\/pages"}],"about":[{"href":"https:\/\/www.kubija.ee\/fi\/wp-json\/wp\/v2\/types\/page"}],"author":[{"embeddable":true,"href":"https:\/\/www.kubija.ee\/fi\/wp-json\/wp\/v2\/users\/2"}],"replies":[{"embeddable":true,"href":"https:\/\/www.kubija.ee\/fi\/wp-json\/wp\/v2\/comments?post=4397"}],"version-history":[{"count":5,"href":"https:\/\/www.kubija.ee\/fi\/wp-json\/wp\/v2\/pages\/4397\/revisions"}],"predecessor-version":[{"id":22677,"href":"https:\/\/www.kubija.ee\/fi\/wp-json\/wp\/v2\/pages\/4397\/revisions\/22677"}],"up":[{"embeddable":true,"href":"https:\/\/www.kubija.ee\/fi\/wp-json\/wp\/v2\/pages\/4372"}],"wp:attachment":[{"href":"https:\/\/www.kubija.ee\/fi\/wp-json\/wp\/v2\/media?parent=4397"}],"curies":[{"name":"wp","href":"https:\/\/api.w.org\/{rel}","templated":true}]}}