{"id":4391,"date":"2021-11-09T11:26:53","date_gmt":"2021-11-09T11:26:53","guid":{"rendered":"https:\/\/www.kubija.ee\/spa-hoidot\/tulevastele-emadele\/"},"modified":"2025-12-17T11:07:27","modified_gmt":"2025-12-17T11:07:27","slug":"raskausajan-hoidot","status":"publish","type":"page","link":"https:\/\/www.kubija.ee\/fi\/spa-hoidot\/raskausajan-hoidot\/","title":{"rendered":"Raskausajan hoidot"},"content":{"rendered":"\n<div class=\"wp-block-cover alignfull is-light has-custom-content-position is-position-bottom-center\" style=\"min-height:550px;aspect-ratio:unset;\"><img loading=\"lazy\" decoding=\"async\" width=\"2000\" height=\"1600\" class=\"wp-block-cover__image-background wp-image-3788\" alt=\"\" src=\"https:\/\/www.kubija.ee\/wp-content\/uploads\/2021\/12\/hoolitsused-emmedele.png\" style=\"object-position:35% 95%\" data-object-fit=\"cover\" data-object-position=\"35% 95%\" srcset=\"https:\/\/www.kubija.ee\/wp-content\/uploads\/2021\/12\/hoolitsused-emmedele.png 2000w, https:\/\/www.kubija.ee\/wp-content\/uploads\/2021\/12\/hoolitsused-emmedele-300x240.png 300w, https:\/\/www.kubija.ee\/wp-content\/uploads\/2021\/12\/hoolitsused-emmedele-1024x819.png 1024w, https:\/\/www.kubija.ee\/wp-content\/uploads\/2021\/12\/hoolitsused-emmedele-768x614.png 768w, https:\/\/www.kubija.ee\/wp-content\/uploads\/2021\/12\/hoolitsused-emmedele-1536x1229.png 1536w\" sizes=\"auto, (max-width: 2000px) 100vw, 2000px\" \/><span aria-hidden=\"true\" class=\"wp-block-cover__background has-background-dim-30 has-background-dim\"><\/span><div class=\"wp-block-cover__inner-container is-layout-flow wp-block-cover-is-layout-flow\">\n<h1 class=\"wp-block-heading has-text-align-center has-huge-font-size\">Raskausajan hoidot<\/h1>\n<\/div><\/div>\n\n\n\n<div class=\"wp-block-buttons animated fadeIn delay-100ms slow is-horizontal is-content-justification-center is-layout-flex wp-container-core-buttons-is-layout-03627597 wp-block-buttons-is-layout-flex\">\n<div class=\"wp-block-button is-style-outline is-style-outline--1\"><a class=\"wp-block-button__link wp-element-button\" href=\"https:\/\/www.kubija.ee\/fi\/spa-hoidot\/luonnolliset-hoidot\/\" style=\"border-radius:11px\">Luonnolliset hoidot<\/a><\/div>\n\n\n\n<div class=\"wp-block-button is-style-outline is-style-outline--2\"><a class=\"wp-block-button__link wp-element-button\" href=\"https:\/\/www.kubija.ee\/fi\/spa-hoidot\/hieronnat\/\" style=\"border-radius:11px\">Hieronnat<\/a><\/div>\n\n\n\n<div class=\"wp-block-button is-style-outline is-style-outline--3\"><a class=\"wp-block-button__link wp-element-button\" href=\"https:\/\/www.kubija.ee\/fi\/spa-hoidot\/vartalonhoidot\/\" style=\"border-radius:11px\">Vartalonhoidot<\/a><\/div>\n\n\n\n<div class=\"wp-block-button is-style-outline is-style-outline--4\"><a class=\"wp-block-button__link wp-element-button\" href=\"https:\/\/www.kubija.ee\/fi\/spa-hoidot\/kasvohoidot\/\" style=\"border-radius:11px\">Kasvohoidot<\/a><\/div>\n\n\n\n<div class=\"wp-block-button is-style-outline is-style-outline--5\"><a class=\"wp-block-button__link wp-element-button\" href=\"https:\/\/www.kubija.ee\/fi\/spa-hoidot\/lasten-ja-nuorten-hoidot\/\" style=\"border-radius:11px\">Lasten ja nuorten hoidot<\/a><\/div>\n\n\n\n<div class=\"wp-block-button is-style-outline is-style-outline--6\"><a class=\"wp-block-button__link wp-element-button\" href=\"https:\/\/www.kubija.ee\/fi\/spa-hoidot\/kasi-ja-jalkahoidot\/\" style=\"border-radius:11px\">K\u00e4si- ja jalkahoidot<\/a><\/div>\n<\/div>\n\n\n\n<hr class=\"wp-block-separator has-css-opacity is-style-edream-separator\"\/>\n\n\n\n<div class=\"wp-block-edhotels-edhotels-accordions accordion left  animated fadeIn delay-100ms slow\">\n<div class=\"acc_h\"><h3>Raskaana olevan \u00e4idin hoito &#8211; vatsa naamio \u2013 25 min<\/h3><span class=\"price\">30 \u20ac<\/span><\/div><div class=\"acc_txt\">\n<p>Mukava ja rentouttava naamio vatsalle, joka ravitsee ja kosteutta ihoa ja est\u00e4\u00e4 raskausarpien syntymist\u00e4. Naamion toiminnan aikana voit nauttia rentouttavasta k\u00e4sien hieronnasta.<\/p>\n\n\n\n<div class=\"wp-block-button\"><a class=\"wp-block-button__link wp-element-button\" href=\"https:\/\/www.kubija.ee\/fi\/spa-hoidot\/varaa-hoito\/\" style=\"border-radius:11px\">Varaa hoito<\/a><\/div>\n<\/div>\n\n\n\n<div class=\"acc_h\"><h3>Hoito \u00e4ideille \u2013 40 min<\/h3><span class=\"price\">45 \u20ac<\/span><\/div><div class=\"acc_txt\">\n<p>Hoito alkaa koko vartalon kuorinnalla, jonka j\u00e4lkeen vatsan p\u00e4\u00e4lle laitetaan kosteuttava ja hoitava naamio. Hoito loppuu hell\u00e4\u00e4n aromaattiseen hierontaan (sopii my\u00f6s synnytyksen j\u00e4lkeen).<\/p>\n\n\n\n<div class=\"wp-block-button\"><a class=\"wp-block-button__link wp-element-button\" href=\"https:\/\/www.kubija.ee\/fi\/spa-hoidot\/varaa-hoito\/\" style=\"border-radius:11px\">Varaa hoito<\/a><\/div>\n<\/div>\n<\/div>\n\n\n\n<div class=\"wp-block-cover alignfull is-light has-parallax has-custom-content-position is-position-center-left\"><div class=\"wp-block-cover__image-background wp-image-265 has-parallax\" style=\"background-position:50% 50%;background-image:url(https:\/\/www.kubija.ee\/wp-content\/uploads\/2021\/10\/Kubija-hotell-loodusspaa-hoolitsused.jpg)\"><\/div><span aria-hidden=\"true\" class=\"wp-block-cover__background has-background-dim-30 has-background-dim\"><\/span><div class=\"wp-block-cover__inner-container is-layout-flow wp-block-cover-is-layout-flow\">\n<h4 class=\"wp-block-heading has-huge-font-size\">Nauti!<br>Jokaisesta p\u00e4iv\u00e4st\u00e4,<br>tunnista,<br>minuutista<\/h4>\n<\/div><\/div>\n","protected":false},"excerpt":{"rendered":"","protected":false},"author":2,"featured_media":0,"parent":4372,"menu_order":184,"comment_status":"closed","ping_status":"closed","template":"","meta":{"footnotes":""},"class_list":["post-4391","page","type-page","status-publish","hentry"],"yoast_head":"<!-- This site is optimized with the Yoast SEO plugin v27.4 - https:\/\/yoast.com\/product\/yoast-seo-wordpress\/ -->\n<title>Raskausajan hoidot - Kubija hotell-loodusspaa V&otilde;rumaal<\/title>\n<meta name=\"robots\" content=\"index, follow, max-snippet:-1, max-image-preview:large, max-video-preview:-1\" \/>\n<link rel=\"canonical\" href=\"https:\/\/www.kubija.ee\/fi\/spa-hoidot\/raskausajan-hoidot\/\" \/>\n<meta property=\"og:locale\" content=\"fi_FI\" \/>\n<meta property=\"og:type\" content=\"article\" \/>\n<meta property=\"og:title\" content=\"Raskausajan hoidot - Kubija hotell-loodusspaa V&otilde;rumaal\" \/>\n<meta property=\"og:url\" content=\"https:\/\/www.kubija.ee\/fi\/spa-hoidot\/raskausajan-hoidot\/\" \/>\n<meta property=\"og:site_name\" content=\"Kubija hotell-loodusspaa V&otilde;rumaal\" \/>\n<meta property=\"article:publisher\" content=\"https:\/\/www.facebook.com\/kubijahotell\/\" \/>\n<meta property=\"article:modified_time\" content=\"2025-12-17T11:07:27+00:00\" \/>\n<meta property=\"og:image\" content=\"https:\/\/www.kubija.ee\/wp-content\/uploads\/2021\/12\/hoolitsused-emmedele-1024x819.png\" \/>\n\t<meta property=\"og:image:width\" content=\"1024\" \/>\n\t<meta property=\"og:image:height\" content=\"819\" \/>\n\t<meta property=\"og:image:type\" content=\"image\/png\" \/>\n<meta name=\"twitter:card\" content=\"summary_large_image\" \/>\n<meta name=\"twitter:label1\" content=\"Arvioitu lukuaika\" \/>\n\t<meta name=\"twitter:data1\" content=\"1 minuutti\" \/>\n<script type=\"application\/ld+json\" class=\"yoast-schema-graph\">{\"@context\":\"https:\\\/\\\/schema.org\",\"@graph\":[{\"@type\":\"WebPage\",\"@id\":\"https:\\\/\\\/www.kubija.ee\\\/fi\\\/spa-hoidot\\\/raskausajan-hoidot\\\/\",\"url\":\"https:\\\/\\\/www.kubija.ee\\\/fi\\\/spa-hoidot\\\/raskausajan-hoidot\\\/\",\"name\":\"Raskausajan hoidot - Kubija hotell-loodusspaa V&otilde;rumaal\",\"isPartOf\":{\"@id\":\"https:\\\/\\\/www.kubija.ee\\\/#website\"},\"primaryImageOfPage\":{\"@id\":\"https:\\\/\\\/www.kubija.ee\\\/fi\\\/spa-hoidot\\\/raskausajan-hoidot\\\/#primaryimage\"},\"image\":{\"@id\":\"https:\\\/\\\/www.kubija.ee\\\/fi\\\/spa-hoidot\\\/raskausajan-hoidot\\\/#primaryimage\"},\"thumbnailUrl\":\"https:\\\/\\\/www.kubija.ee\\\/wp-content\\\/uploads\\\/2021\\\/12\\\/hoolitsused-emmedele.png\",\"datePublished\":\"2021-11-09T11:26:53+00:00\",\"dateModified\":\"2025-12-17T11:07:27+00:00\",\"breadcrumb\":{\"@id\":\"https:\\\/\\\/www.kubija.ee\\\/fi\\\/spa-hoidot\\\/raskausajan-hoidot\\\/#breadcrumb\"},\"inLanguage\":\"fi\",\"potentialAction\":[{\"@type\":\"ReadAction\",\"target\":[\"https:\\\/\\\/www.kubija.ee\\\/fi\\\/spa-hoidot\\\/raskausajan-hoidot\\\/\"]}]},{\"@type\":\"ImageObject\",\"inLanguage\":\"fi\",\"@id\":\"https:\\\/\\\/www.kubija.ee\\\/fi\\\/spa-hoidot\\\/raskausajan-hoidot\\\/#primaryimage\",\"url\":\"https:\\\/\\\/www.kubija.ee\\\/wp-content\\\/uploads\\\/2021\\\/12\\\/hoolitsused-emmedele.png\",\"contentUrl\":\"https:\\\/\\\/www.kubija.ee\\\/wp-content\\\/uploads\\\/2021\\\/12\\\/hoolitsused-emmedele.png\"},{\"@type\":\"BreadcrumbList\",\"@id\":\"https:\\\/\\\/www.kubija.ee\\\/fi\\\/spa-hoidot\\\/raskausajan-hoidot\\\/#breadcrumb\",\"itemListElement\":[{\"@type\":\"ListItem\",\"position\":1,\"name\":\"Home\",\"item\":\"https:\\\/\\\/www.kubija.ee\\\/fi\\\/\"},{\"@type\":\"ListItem\",\"position\":2,\"name\":\"Spa-hoidot\",\"item\":\"https:\\\/\\\/www.kubija.ee\\\/hoolitsused\\\/\"},{\"@type\":\"ListItem\",\"position\":3,\"name\":\"Raskausajan hoidot\"}]},{\"@type\":\"WebSite\",\"@id\":\"https:\\\/\\\/www.kubija.ee\\\/#website\",\"url\":\"https:\\\/\\\/www.kubija.ee\\\/\",\"name\":\"Kubija hotell-loodusspaa V&otilde;rumaal\",\"description\":\"J&auml;rjekordne WordPressi veebileht\",\"publisher\":{\"@id\":\"https:\\\/\\\/www.kubija.ee\\\/#organization\"},\"potentialAction\":[{\"@type\":\"SearchAction\",\"target\":{\"@type\":\"EntryPoint\",\"urlTemplate\":\"https:\\\/\\\/www.kubija.ee\\\/?s={search_term_string}\"},\"query-input\":{\"@type\":\"PropertyValueSpecification\",\"valueRequired\":true,\"valueName\":\"search_term_string\"}}],\"inLanguage\":\"fi\"},{\"@type\":\"Organization\",\"@id\":\"https:\\\/\\\/www.kubija.ee\\\/#organization\",\"name\":\"Kubija hotell-loodusspaa\",\"url\":\"https:\\\/\\\/www.kubija.ee\\\/\",\"logo\":{\"@type\":\"ImageObject\",\"inLanguage\":\"fi\",\"@id\":\"https:\\\/\\\/www.kubija.ee\\\/#\\\/schema\\\/logo\\\/image\\\/\",\"url\":\"https:\\\/\\\/www.kubija.ee\\\/wp-content\\\/uploads\\\/2021\\\/12\\\/logo-1-e1638351137779.png\",\"contentUrl\":\"https:\\\/\\\/www.kubija.ee\\\/wp-content\\\/uploads\\\/2021\\\/12\\\/logo-1-e1638351137779.png\",\"width\":305,\"height\":260,\"caption\":\"Kubija hotell-loodusspaa\"},\"image\":{\"@id\":\"https:\\\/\\\/www.kubija.ee\\\/#\\\/schema\\\/logo\\\/image\\\/\"},\"sameAs\":[\"https:\\\/\\\/www.facebook.com\\\/kubijahotell\\\/\",\"https:\\\/\\\/www.instagram.com\\\/kubijahotellloodusspaa\\\/\"]}]}<\/script>\n<!-- \/ Yoast SEO plugin. -->","yoast_head_json":{"title":"Raskausajan hoidot - Kubija hotell-loodusspaa V&otilde;rumaal","robots":{"index":"index","follow":"follow","max-snippet":"max-snippet:-1","max-image-preview":"max-image-preview:large","max-video-preview":"max-video-preview:-1"},"canonical":"https:\/\/www.kubija.ee\/fi\/spa-hoidot\/raskausajan-hoidot\/","og_locale":"fi_FI","og_type":"article","og_title":"Raskausajan hoidot - Kubija hotell-loodusspaa V&otilde;rumaal","og_url":"https:\/\/www.kubija.ee\/fi\/spa-hoidot\/raskausajan-hoidot\/","og_site_name":"Kubija hotell-loodusspaa V&otilde;rumaal","article_publisher":"https:\/\/www.facebook.com\/kubijahotell\/","article_modified_time":"2025-12-17T11:07:27+00:00","og_image":[{"width":1024,"height":819,"url":"https:\/\/www.kubija.ee\/wp-content\/uploads\/2021\/12\/hoolitsused-emmedele-1024x819.png","type":"image\/png"}],"twitter_card":"summary_large_image","twitter_misc":{"Arvioitu lukuaika":"1 minuutti"},"schema":{"@context":"https:\/\/schema.org","@graph":[{"@type":"WebPage","@id":"https:\/\/www.kubija.ee\/fi\/spa-hoidot\/raskausajan-hoidot\/","url":"https:\/\/www.kubija.ee\/fi\/spa-hoidot\/raskausajan-hoidot\/","name":"Raskausajan hoidot - Kubija hotell-loodusspaa V&otilde;rumaal","isPartOf":{"@id":"https:\/\/www.kubija.ee\/#website"},"primaryImageOfPage":{"@id":"https:\/\/www.kubija.ee\/fi\/spa-hoidot\/raskausajan-hoidot\/#primaryimage"},"image":{"@id":"https:\/\/www.kubija.ee\/fi\/spa-hoidot\/raskausajan-hoidot\/#primaryimage"},"thumbnailUrl":"https:\/\/www.kubija.ee\/wp-content\/uploads\/2021\/12\/hoolitsused-emmedele.png","datePublished":"2021-11-09T11:26:53+00:00","dateModified":"2025-12-17T11:07:27+00:00","breadcrumb":{"@id":"https:\/\/www.kubija.ee\/fi\/spa-hoidot\/raskausajan-hoidot\/#breadcrumb"},"inLanguage":"fi","potentialAction":[{"@type":"ReadAction","target":["https:\/\/www.kubija.ee\/fi\/spa-hoidot\/raskausajan-hoidot\/"]}]},{"@type":"ImageObject","inLanguage":"fi","@id":"https:\/\/www.kubija.ee\/fi\/spa-hoidot\/raskausajan-hoidot\/#primaryimage","url":"https:\/\/www.kubija.ee\/wp-content\/uploads\/2021\/12\/hoolitsused-emmedele.png","contentUrl":"https:\/\/www.kubija.ee\/wp-content\/uploads\/2021\/12\/hoolitsused-emmedele.png"},{"@type":"BreadcrumbList","@id":"https:\/\/www.kubija.ee\/fi\/spa-hoidot\/raskausajan-hoidot\/#breadcrumb","itemListElement":[{"@type":"ListItem","position":1,"name":"Home","item":"https:\/\/www.kubija.ee\/fi\/"},{"@type":"ListItem","position":2,"name":"Spa-hoidot","item":"https:\/\/www.kubija.ee\/hoolitsused\/"},{"@type":"ListItem","position":3,"name":"Raskausajan hoidot"}]},{"@type":"WebSite","@id":"https:\/\/www.kubija.ee\/#website","url":"https:\/\/www.kubija.ee\/","name":"Kubija hotell-loodusspaa V&otilde;rumaal","description":"J&auml;rjekordne WordPressi veebileht","publisher":{"@id":"https:\/\/www.kubija.ee\/#organization"},"potentialAction":[{"@type":"SearchAction","target":{"@type":"EntryPoint","urlTemplate":"https:\/\/www.kubija.ee\/?s={search_term_string}"},"query-input":{"@type":"PropertyValueSpecification","valueRequired":true,"valueName":"search_term_string"}}],"inLanguage":"fi"},{"@type":"Organization","@id":"https:\/\/www.kubija.ee\/#organization","name":"Kubija hotell-loodusspaa","url":"https:\/\/www.kubija.ee\/","logo":{"@type":"ImageObject","inLanguage":"fi","@id":"https:\/\/www.kubija.ee\/#\/schema\/logo\/image\/","url":"https:\/\/www.kubija.ee\/wp-content\/uploads\/2021\/12\/logo-1-e1638351137779.png","contentUrl":"https:\/\/www.kubija.ee\/wp-content\/uploads\/2021\/12\/logo-1-e1638351137779.png","width":305,"height":260,"caption":"Kubija hotell-loodusspaa"},"image":{"@id":"https:\/\/www.kubija.ee\/#\/schema\/logo\/image\/"},"sameAs":["https:\/\/www.facebook.com\/kubijahotell\/","https:\/\/www.instagram.com\/kubijahotellloodusspaa\/"]}]}},"_links":{"self":[{"href":"https:\/\/www.kubija.ee\/fi\/wp-json\/wp\/v2\/pages\/4391","targetHints":{"allow":["GET"]}}],"collection":[{"href":"https:\/\/www.kubija.ee\/fi\/wp-json\/wp\/v2\/pages"}],"about":[{"href":"https:\/\/www.kubija.ee\/fi\/wp-json\/wp\/v2\/types\/page"}],"author":[{"embeddable":true,"href":"https:\/\/www.kubija.ee\/fi\/wp-json\/wp\/v2\/users\/2"}],"replies":[{"embeddable":true,"href":"https:\/\/www.kubija.ee\/fi\/wp-json\/wp\/v2\/comments?post=4391"}],"version-history":[{"count":5,"href":"https:\/\/www.kubija.ee\/fi\/wp-json\/wp\/v2\/pages\/4391\/revisions"}],"predecessor-version":[{"id":21121,"href":"https:\/\/www.kubija.ee\/fi\/wp-json\/wp\/v2\/pages\/4391\/revisions\/21121"}],"up":[{"embeddable":true,"href":"https:\/\/www.kubija.ee\/fi\/wp-json\/wp\/v2\/pages\/4372"}],"wp:attachment":[{"href":"https:\/\/www.kubija.ee\/fi\/wp-json\/wp\/v2\/media?parent=4391"}],"curies":[{"name":"wp","href":"https:\/\/api.w.org\/{rel}","templated":true}]}}