{"id":4385,"date":"2021-11-09T11:06:44","date_gmt":"2021-11-09T11:06:44","guid":{"rendered":"https:\/\/www.kubija.ee\/spa-hoidot\/kehahoolitsused\/"},"modified":"2026-01-22T08:32:09","modified_gmt":"2026-01-22T08:32:09","slug":"vartalonhoidot","status":"publish","type":"page","link":"https:\/\/www.kubija.ee\/fi\/spa-hoidot\/vartalonhoidot\/","title":{"rendered":"Vartalonhoidot"},"content":{"rendered":"\n<div class=\"wp-block-cover alignfull is-light has-custom-content-position is-position-bottom-center\" style=\"min-height:550px;aspect-ratio:unset;\"><img loading=\"lazy\" decoding=\"async\" width=\"2000\" height=\"1600\" class=\"wp-block-cover__image-background wp-image-3759\" alt=\"\" src=\"https:\/\/www.kubija.ee\/wp-content\/uploads\/2021\/12\/Kehahoolitsused-1.png\" style=\"object-position:58% 0%\" data-object-fit=\"cover\" data-object-position=\"58% 0%\" srcset=\"https:\/\/www.kubija.ee\/wp-content\/uploads\/2021\/12\/Kehahoolitsused-1.png 2000w, https:\/\/www.kubija.ee\/wp-content\/uploads\/2021\/12\/Kehahoolitsused-1-300x240.png 300w, https:\/\/www.kubija.ee\/wp-content\/uploads\/2021\/12\/Kehahoolitsused-1-1024x819.png 1024w, https:\/\/www.kubija.ee\/wp-content\/uploads\/2021\/12\/Kehahoolitsused-1-768x614.png 768w, https:\/\/www.kubija.ee\/wp-content\/uploads\/2021\/12\/Kehahoolitsused-1-1536x1229.png 1536w\" sizes=\"auto, (max-width: 2000px) 100vw, 2000px\" \/><span aria-hidden=\"true\" class=\"wp-block-cover__background has-background-dim-30 has-background-dim\"><\/span><div class=\"wp-block-cover__inner-container is-layout-flow wp-block-cover-is-layout-flow\">\n<h1 class=\"wp-block-heading has-text-align-center has-huge-font-size\">Vartalonhoidot<\/h1>\n<\/div><\/div>\n\n\n\n<div class=\"wp-block-buttons animated fadeIn delay-100ms slow is-horizontal is-content-justification-center is-layout-flex wp-container-core-buttons-is-layout-03627597 wp-block-buttons-is-layout-flex\">\n<div class=\"wp-block-button is-style-outline is-style-outline--1\"><a class=\"wp-block-button__link wp-element-button\" href=\"https:\/\/www.kubija.ee\/fi\/spa-hoidot\/luonnolliset-hoidot\/\" style=\"border-radius:11px\">Luonnolliset hoidot<\/a><\/div>\n\n\n\n<div class=\"wp-block-button is-style-outline is-style-outline--2\"><a class=\"wp-block-button__link wp-element-button\" href=\"https:\/\/www.kubija.ee\/fi\/spa-hoidot\/hieronnat\/\" style=\"border-radius:11px\">Hieronnat<\/a><\/div>\n\n\n\n<div class=\"wp-block-button is-style-outline is-style-outline--3\"><a class=\"wp-block-button__link wp-element-button\" href=\"https:\/\/www.kubija.ee\/fi\/spa-hoidot\/kasvohoidot\/\" style=\"border-radius:11px\">Kasvohoidot<\/a><\/div>\n\n\n\n<div class=\"wp-block-button is-style-outline is-style-outline--4\"><a class=\"wp-block-button__link wp-element-button\" href=\"https:\/\/www.kubija.ee\/fi\/spa-hoidot\/raskausajan-hoidot\/\" style=\"border-radius:11px\">Raskausajan hoidot<\/a><\/div>\n\n\n\n<div class=\"wp-block-button is-style-outline is-style-outline--5\"><a class=\"wp-block-button__link wp-element-button\" href=\"https:\/\/www.kubija.ee\/fi\/spa-hoidot\/lasten-ja-nuorten-hoidot\/\" style=\"border-radius:11px\">Lasten ja nuorten hoidot<\/a><\/div>\n\n\n\n<div class=\"wp-block-button is-style-outline is-style-outline--6\"><a class=\"wp-block-button__link wp-element-button\" href=\"https:\/\/www.kubija.ee\/fi\/spa-hoidot\/kasi-ja-jalkahoidot\/\" style=\"border-radius:11px\">K\u00e4si- ja jalkahoidot<\/a><\/div>\n<\/div>\n\n\n\n<hr class=\"wp-block-separator has-css-opacity is-style-edream-separator\"\/>\n\n\n\n<div class=\"wp-block-edhotels-edhotels-accordions accordion left  animated fadeIn delay-100ms slow\">\n<div class=\"acc_h\"><h3><strong>UUTUUS! Syv\u00e4 ihoa uudistava vartalohoito tamanu\u00f6ljyll\u00e4 ja <\/strong><br><strong>Gotu Kola-uutteella \u2013 60 min<\/strong><\/h3><span class=\"price\">69 \u20ac<\/span><\/div><div class=\"acc_txt\">\n<p>Silottava, elvytt\u00e4v\u00e4 ja ravitseva hoito, joka palauttaa ihon kiinteyden, elastisuuden ja kosteuttaa syv\u00e4llisesti.<br>Iho on hoidon j\u00e4lkeen silkkinen ja ravittu. Ihanteellinen k\u00e4ytett\u00e4v\u00e4ksi vuodenaikojen vaihtuessa, erityisesti kev\u00e4\u00e4ll\u00e4 ja syksyll\u00e4 ja aina kun keho tarvitsee palauttavaa vahvistusta. T\u00e4m\u00e4 syv\u00e4sti rentouttava hoito sopii kaikille ja on turvallinen my\u00f6s imetyksen aikana!<br>Hoito sis\u00e4lt\u00e4\u00e4: kuorinta, kehonpuhdistuksen ja rentouttavan hieronnan. [ comfort zone ]<\/p>\n\n\n\n<div class=\"wp-block-button\"><a class=\"wp-block-button__link wp-element-button\">Varaa hoito<\/a><\/div>\n<\/div>\n\n\n\n<div class=\"acc_h\"><h3><strong>Ravitseva ja rauhoittava myski uutevartalohoito \u2013 60 min <\/strong><\/h3><span class=\"price\">55 \u20ac<\/span><\/div><div class=\"acc_txt\">\n<p>Hoito alkaa kokovartalokuorinnalla, joka tehd\u00e4\u00e4n hienorakeisella ja eritt\u00e4in miellytt\u00e4v\u00e4ll\u00e4 ihoon sulautuvalla mineraalikuorinta-aineella. Kuorinta-aineen pesua seuraa ihoa pehment\u00e4v\u00e4 ja rauhoittava hieronta samettisella kermabalsamilla, jonka ihana pehmeys hellii ihoa, joka palauttaa luonnollisen kosteuden, lievitt\u00e4\u00e4 punoitusta ja ep\u00e4mukavuuden tunnetta sek\u00e4 ravitsee ihoa perusteellisesti. Ihanteellinen ratkaisu herk\u00e4lle, helposti punoittavalle ja stressaantuneelle iholle. T\u00e4ss\u00e4 ihanassa vartalohoidossa yhdistyv\u00e4t rauhoittava ja tehokkaasti ravitseva ihonhoito sek\u00e4 koko kehon t\u00e4ydellinen rentoutuminen.<\/p>\n\n\n\n<div class=\"wp-block-button\"><a class=\"wp-block-button__link wp-element-button\" href=\"https:\/\/www.kubija.ee\/fi\/spa-hoidot\/varaa-hoito\/\">Varaa hoito<\/a><\/div>\n<\/div>\n\n\n\n<div class=\"acc_h\"><h3><strong>UUTUUS! Himalajan suolarituaali \u2013 75 min <\/strong><\/h3><span class=\"price\">75 \u20ac<\/span><\/div><div class=\"acc_txt\">\n<p>Comfort Zone on lis\u00e4nnyt Himalajan suolan muinaiset parantavat ominaisuudet uuteen vartalohoitoon.<br>T\u00e4m\u00e4 eksklusiivinen vartalon ja mielen puhdistamiseen ja elvytt\u00e4miseen tarkoitettu hoito on yhdistetty erityisiin hierontatekniikoihin, jotka tehostavat hoidon vaikutusta ja nautintoa. Himalajan suolan rikkaan mineraalikoostumuksen ansiosta hoidolla on tehokas puhdistava vaikutus. Ihanteellinen hoito kaikille, jotka tarvitsevat puhdistusta, painonpudotusta ja enemm\u00e4n energiaa. Hoito lievitt\u00e4\u00e4 my\u00f6s lihasj\u00e4nnityksi\u00e4, stimuloi aineenvaihduntaa sek\u00e4 tasapainottaa ja palauttaa energiaa.<br>Himalajan suolarituaali alkaa vartalomassagilla, jossa k\u00e4ytet\u00e4\u00e4n l\u00e4mpimi\u00e4 Himalajan suolakivi\u00e4. T\u00e4m\u00e4n j\u00e4lkeen jatketaan suolakuorinnnalla\/k\u00e4\u00e4reell\u00e4, jossa k\u00e4ytet\u00e4\u00e4n vaaleanpunaista Himalajan suolaa ja aromaterapeuttista hieronta\u00f6ljy\u00e4. K\u00e4\u00e4rimisen j\u00e4lkeen vartalolle levitet\u00e4\u00e4n voide. [ comfort zone ]<\/p>\n\n\n\n<div class=\"wp-block-button\"><a class=\"wp-block-button__link wp-element-button\" href=\"https:\/\/www.kubija.ee\/fi\/spa-hoidot\/varaa-hoito\/\">Varaa hoito<\/a><\/div>\n<\/div>\n\n\n\n<div class=\"acc_h\"><h3>Turvehoito \u2013 75 min<\/h3><span class=\"price\">50 \u20ac<\/span><\/div><div class=\"acc_txt\">\n<p>Terveyden turven vartalok\u00e4\u00e4re vie elimist\u00f6st\u00e4 pois haitallisia kuona-aineita, joten se on tehokas selluliittia poistava hoito. Turvenaamio(vatsa, jalat ja takapuoli) kiihdytt\u00e4\u00e4 aineenvaihduntaa niin, ett\u00e4 hoidon j\u00e4lkeen on keskim\u00e4\u00e4rin 300 gramma painosta pois. Lis\u00e4ksi parantaa turven vartalok\u00e4\u00e4re verenkiertoa ja rikastuttaa elimist\u00f6\u00e4 h\u00f6ydyllisill\u00e4 bioaktiivisilla aineilla, antaen iholle terveellisen ilmeen ja silkkisen pehmeyden. Hoidolla on my\u00f6s rentouttava vaikutus ja se anta my\u00f6s hyv\u00e4n y\u00f6n unen.<\/p>\n\n\n\n<div class=\"wp-block-button\"><a class=\"wp-block-button__link wp-element-button\" href=\"https:\/\/www.kubija.ee\/fi\/spa-hoidot\/varaa-hoito\/\" style=\"border-radius:11px\">Varaa hoito<\/a><\/div>\n<\/div>\n\n\n\n<div class=\"acc_h\"><h3>Mutahaude ja hierontaa \u2013 75 min<\/h3><span class=\"price\">60 \u20ac<\/span><\/div><div class=\"acc_txt\">\n<p>Lihasj\u00e4nnityst\u00e4 v\u00e4hent\u00e4v\u00e4 ja kroonisia tulehduksia lievitt\u00e4v\u00e4 koko vartalon mutahaude ja hierontaa. Mutaan sis\u00e4ltyv\u00e4t mikroelementit ja kivenn\u00e4isaineet parantavat aineenvaihduntaa ja kosteuttavat ihoa. Muta auttaa poistamaan kehosta liikaa nestett\u00e4 ja kuona-aineita sek\u00e4 kiihdytt\u00e4\u00e4 aineenvaihduntaa. Hieman hoikentavassa, kuorivassa hoidossa yhdistyv\u00e4t terveysmuta ja hieronta. Mutahaude l\u00e4mmitt\u00e4\u00e4 vartalon pinnan, jolloin lihakset ja iho ovat valmiina hierontaan, l\u00e4mpimi\u00e4 ja pehmeit\u00e4. Mutapitoisella hierontavoiteella suoritetun hieronnan tuloksena mudan vaikuttavat aineet imeytyv\u00e4t syvemm\u00e4lle. Hiidenmaalta, K\u00e4inanlahdesta tuotu muta on Viron terveysmudista laadukkain, koska se on puhtain, kivenn\u00e4ispitoisin ja em\u00e4ksisin.<\/p>\n\n\n\n<div class=\"wp-block-button\"><a class=\"wp-block-button__link wp-element-button\" href=\"https:\/\/www.kubija.ee\/fi\/spa-hoidot\/varaa-hoito\/\" style=\"border-radius:11px\">Varaa hoito<\/a><\/div>\n<\/div>\n\n\n\n<div class=\"acc_h\"><h3>MATIS kuorinta ja hieronta \u2013 75 min<\/h3><span class=\"price\">65 \u20ac<\/span><\/div><div class=\"acc_txt\">\n<p>Hoito alkaa uskomattoman hoitavalla ja perusteellisesti puhdistavalla koko kehon kuorinnalla, sen j\u00e4lkeen on vuorossa erityinen hieronta. Erityisen hierontatekniikan ja tuotteiden harmonisen yhteisvaikutuksen tuloksena on koko kehon ja mielen hyv\u00e4nolontunne ja harmonia, ja hoito tarjoaa arvokkaita hetki\u00e4 sinulle itsellesi ja terveydellesi.<\/p>\n\n\n\n<div class=\"wp-block-button\"><a class=\"wp-block-button__link wp-element-button\" href=\"https:\/\/www.kubija.ee\/fi\/spa-hoidot\/varaa-hoito\/\" style=\"border-radius:11px\">Varaa hoito<\/a><\/div>\n<\/div>\n\n\n\n<div class=\"acc_h\"><h3><strong>Neroliuutetta sis\u00e4lt\u00e4v\u00e4 detox-vartalohoito \u2013 75 min&nbsp;&nbsp;&nbsp;&nbsp;&nbsp;&nbsp;&nbsp;<\/strong><\/h3><span class=\"price\">75 \u20ac<\/span><\/div><div class=\"acc_txt\">\n<p>Energisoiva ja virkist\u00e4v\u00e4 detox-vartalohoito. Ihanteellinen iholle, jossa esiintyy turvotusta tai johon on kertynyt nestett\u00e4, ja appelsiini-iholle. Hoito sopii kaikille ihotyypeille, ja sen tuloksena iho on kokonaisuudessaan kiinte\u00e4mpi ja kirkkaampi. Ihastuttavat tuoksut ja koostumukset virkist\u00e4v\u00e4t kehoa ja mielt\u00e4.<\/p>\n\n\n\n<p>Hoito alkaa eritt\u00e4in hoitavalla ja perusteellisesti puhdistavalla koko vartalon kuorinnalla. Kuorinta-aineen pois huuhtomisen j\u00e4lkeen iholle levitet\u00e4\u00e4n neroliuutetta ja vitamiinihelmi\u00e4 sis\u00e4lt\u00e4v\u00e4\u00e4 geeli\u00e4. Hoidon p\u00e4\u00e4tt\u00e4\u00e4 kiinteytt\u00e4v\u00e4 koko vartalon hieronta. <strong><em>Matis<\/em><\/strong><\/p>\n\n\n\n<div class=\"wp-block-button\"><a class=\"wp-block-button__link wp-element-button\" href=\"https:\/\/www.kubija.ee\/fi\/spa-hoidot\/varaa-hoito\/\">Varaa hoito<\/a><\/div>\n<\/div>\n\n\n\n<div class=\"acc_h\"><h3><strong>Kiinteytt\u00e4v\u00e4 ja hoikentava meripihka- ja ruusu-uutevartalohoito \u2013 75 min <\/strong><\/h3><span class=\"price\">75 \u20ac<\/span><\/div><div class=\"acc_txt\">\n<p>Hoito alkaa koko vartalon sokerikuorinnalla, joka tehd\u00e4\u00e4n karkeanrakeisella ja eritt\u00e4in tehokkaasti puhdistavalla kuorinta-aineella. Kuorinta-aineen pesua seuraa ihoa kiinteytt\u00e4v\u00e4 ja muotoileva hieronta tehokkaalla hieronta\u00f6ljyll\u00e4, joka hoitaa ja raikastaa ihoa. Ihanteellinen ratkaisu, joka lis\u00e4\u00e4 l\u00f6ys\u00e4n tai selluliitista k\u00e4rsiv\u00e4n ihon joustavuutta ja kiinteytt\u00e4. T\u00e4ss\u00e4 ihanassa vartalohoidossa yhdistyv\u00e4t vartalon muotoilu, ihon kiinteytys ja koko kehon t\u00e4ydellinen rentoutuminen.<\/p>\n\n\n\n<div class=\"wp-block-button\"><a class=\"wp-block-button__link wp-element-button\" href=\"https:\/\/www.kubija.ee\/fi\/spa-hoidot\/varaa-hoito\/\">Varaa hoito<\/a><\/div>\n<\/div>\n\n\n\n<div class=\"acc_h\"><h3>Nuorentava kauneushoito vartalolle ja kasvoille hyaluronihappolla \u2013 80 min <\/h3><span class=\"price\">95 \u20ac<\/span><\/div><div class=\"acc_txt\">\n<p>Hoito alkaa miellytt\u00e4v\u00e4ll\u00e4 ja eritt\u00e4in hoitavalla koko vartalon kuorinnalla. Erityinen hierontatekniikka ja tuotteiden harmoninen yhteisvaikutus auttavat poistamaan elimist\u00f6st\u00e4 tehokkaasti kuona-aineita. Seuraavaksi on vuorossa nuorentava kasvohoito. T\u00e4m\u00e4 upea hoito koostuu erilaisten hierontojen ja naamion yhdistelm\u00e4st\u00e4, ja se auttaa v\u00e4litt\u00f6m\u00e4sti rauhoittamaan ja kosteuttamaan intensiivisesti. Ihanan rentoutuksen lis\u00e4ksi hoito antaa koko keholle miellytt\u00e4v\u00e4n kevyen ja vapautuneen olon, ja tuloksena on my\u00f6s sile\u00e4mpi ja kiinte\u00e4mpi iho. <em>Matis<\/em><\/p>\n\n\n\n<div class=\"wp-block-button\"><a class=\"wp-block-button__link wp-element-button\" href=\"https:\/\/www.kubija.ee\/fi\/spa-hoidot\/varaa-hoito\/\" style=\"border-radius:11px\">Varaa hoito<\/a><\/div>\n<\/div>\n<\/div>\n\n\n\n<div class=\"wp-block-cover alignfull is-light has-parallax has-custom-content-position is-position-center-left\"><div class=\"wp-block-cover__image-background wp-image-265 has-parallax\" style=\"background-position:50% 50%;background-image:url(https:\/\/www.kubija.ee\/wp-content\/uploads\/2021\/10\/Kubija-hotell-loodusspaa-hoolitsused.jpg)\"><\/div><span aria-hidden=\"true\" class=\"wp-block-cover__background has-background-dim-30 has-background-dim\"><\/span><div class=\"wp-block-cover__inner-container is-layout-flow wp-block-cover-is-layout-flow\">\n<h4 class=\"wp-block-heading has-huge-font-size\">Nauti!<br>Jokaisesta p\u00e4iv\u00e4st\u00e4,<br>tunnista,<br>minuutista<\/h4>\n<\/div><\/div>\n","protected":false},"excerpt":{"rendered":"","protected":false},"author":2,"featured_media":0,"parent":4372,"menu_order":96,"comment_status":"closed","ping_status":"closed","template":"","meta":{"footnotes":""},"class_list":["post-4385","page","type-page","status-publish","hentry"],"yoast_head":"<!-- This site is optimized with the Yoast SEO plugin v27.4 - https:\/\/yoast.com\/product\/yoast-seo-wordpress\/ -->\n<title>Vartalonhoidot - Kubija hotell-loodusspaa V&otilde;rumaal<\/title>\n<meta name=\"robots\" content=\"index, follow, max-snippet:-1, max-image-preview:large, max-video-preview:-1\" \/>\n<link rel=\"canonical\" href=\"https:\/\/www.kubija.ee\/fi\/spa-hoidot\/vartalonhoidot\/\" \/>\n<meta property=\"og:locale\" content=\"fi_FI\" \/>\n<meta property=\"og:type\" content=\"article\" \/>\n<meta property=\"og:title\" content=\"Vartalonhoidot - Kubija hotell-loodusspaa V&otilde;rumaal\" \/>\n<meta property=\"og:url\" content=\"https:\/\/www.kubija.ee\/fi\/spa-hoidot\/vartalonhoidot\/\" \/>\n<meta property=\"og:site_name\" content=\"Kubija hotell-loodusspaa V&otilde;rumaal\" \/>\n<meta property=\"article:publisher\" content=\"https:\/\/www.facebook.com\/kubijahotell\/\" \/>\n<meta property=\"article:modified_time\" content=\"2026-01-22T08:32:09+00:00\" \/>\n<meta property=\"og:image\" content=\"https:\/\/www.kubija.ee\/wp-content\/uploads\/2021\/12\/Kehahoolitsused-1-1024x819.png\" \/>\n\t<meta property=\"og:image:width\" content=\"1024\" \/>\n\t<meta property=\"og:image:height\" content=\"819\" \/>\n\t<meta property=\"og:image:type\" content=\"image\/png\" \/>\n<meta name=\"twitter:card\" content=\"summary_large_image\" \/>\n<meta name=\"twitter:label1\" content=\"Arvioitu lukuaika\" \/>\n\t<meta name=\"twitter:data1\" content=\"4 minuuttia\" \/>\n<script type=\"application\/ld+json\" class=\"yoast-schema-graph\">{\"@context\":\"https:\\\/\\\/schema.org\",\"@graph\":[{\"@type\":\"WebPage\",\"@id\":\"https:\\\/\\\/www.kubija.ee\\\/fi\\\/spa-hoidot\\\/vartalonhoidot\\\/\",\"url\":\"https:\\\/\\\/www.kubija.ee\\\/fi\\\/spa-hoidot\\\/vartalonhoidot\\\/\",\"name\":\"Vartalonhoidot - Kubija hotell-loodusspaa V&otilde;rumaal\",\"isPartOf\":{\"@id\":\"https:\\\/\\\/www.kubija.ee\\\/#website\"},\"primaryImageOfPage\":{\"@id\":\"https:\\\/\\\/www.kubija.ee\\\/fi\\\/spa-hoidot\\\/vartalonhoidot\\\/#primaryimage\"},\"image\":{\"@id\":\"https:\\\/\\\/www.kubija.ee\\\/fi\\\/spa-hoidot\\\/vartalonhoidot\\\/#primaryimage\"},\"thumbnailUrl\":\"https:\\\/\\\/www.kubija.ee\\\/wp-content\\\/uploads\\\/2021\\\/12\\\/Kehahoolitsused-1.png\",\"datePublished\":\"2021-11-09T11:06:44+00:00\",\"dateModified\":\"2026-01-22T08:32:09+00:00\",\"breadcrumb\":{\"@id\":\"https:\\\/\\\/www.kubija.ee\\\/fi\\\/spa-hoidot\\\/vartalonhoidot\\\/#breadcrumb\"},\"inLanguage\":\"fi\",\"potentialAction\":[{\"@type\":\"ReadAction\",\"target\":[\"https:\\\/\\\/www.kubija.ee\\\/fi\\\/spa-hoidot\\\/vartalonhoidot\\\/\"]}]},{\"@type\":\"ImageObject\",\"inLanguage\":\"fi\",\"@id\":\"https:\\\/\\\/www.kubija.ee\\\/fi\\\/spa-hoidot\\\/vartalonhoidot\\\/#primaryimage\",\"url\":\"https:\\\/\\\/www.kubija.ee\\\/wp-content\\\/uploads\\\/2021\\\/12\\\/Kehahoolitsused-1.png\",\"contentUrl\":\"https:\\\/\\\/www.kubija.ee\\\/wp-content\\\/uploads\\\/2021\\\/12\\\/Kehahoolitsused-1.png\"},{\"@type\":\"BreadcrumbList\",\"@id\":\"https:\\\/\\\/www.kubija.ee\\\/fi\\\/spa-hoidot\\\/vartalonhoidot\\\/#breadcrumb\",\"itemListElement\":[{\"@type\":\"ListItem\",\"position\":1,\"name\":\"Home\",\"item\":\"https:\\\/\\\/www.kubija.ee\\\/fi\\\/\"},{\"@type\":\"ListItem\",\"position\":2,\"name\":\"Spa-hoidot\",\"item\":\"https:\\\/\\\/www.kubija.ee\\\/hoolitsused\\\/\"},{\"@type\":\"ListItem\",\"position\":3,\"name\":\"Vartalonhoidot\"}]},{\"@type\":\"WebSite\",\"@id\":\"https:\\\/\\\/www.kubija.ee\\\/#website\",\"url\":\"https:\\\/\\\/www.kubija.ee\\\/\",\"name\":\"Kubija hotell-loodusspaa V&otilde;rumaal\",\"description\":\"J&auml;rjekordne WordPressi veebileht\",\"publisher\":{\"@id\":\"https:\\\/\\\/www.kubija.ee\\\/#organization\"},\"potentialAction\":[{\"@type\":\"SearchAction\",\"target\":{\"@type\":\"EntryPoint\",\"urlTemplate\":\"https:\\\/\\\/www.kubija.ee\\\/?s={search_term_string}\"},\"query-input\":{\"@type\":\"PropertyValueSpecification\",\"valueRequired\":true,\"valueName\":\"search_term_string\"}}],\"inLanguage\":\"fi\"},{\"@type\":\"Organization\",\"@id\":\"https:\\\/\\\/www.kubija.ee\\\/#organization\",\"name\":\"Kubija hotell-loodusspaa\",\"url\":\"https:\\\/\\\/www.kubija.ee\\\/\",\"logo\":{\"@type\":\"ImageObject\",\"inLanguage\":\"fi\",\"@id\":\"https:\\\/\\\/www.kubija.ee\\\/#\\\/schema\\\/logo\\\/image\\\/\",\"url\":\"https:\\\/\\\/www.kubija.ee\\\/wp-content\\\/uploads\\\/2021\\\/12\\\/logo-1-e1638351137779.png\",\"contentUrl\":\"https:\\\/\\\/www.kubija.ee\\\/wp-content\\\/uploads\\\/2021\\\/12\\\/logo-1-e1638351137779.png\",\"width\":305,\"height\":260,\"caption\":\"Kubija hotell-loodusspaa\"},\"image\":{\"@id\":\"https:\\\/\\\/www.kubija.ee\\\/#\\\/schema\\\/logo\\\/image\\\/\"},\"sameAs\":[\"https:\\\/\\\/www.facebook.com\\\/kubijahotell\\\/\",\"https:\\\/\\\/www.instagram.com\\\/kubijahotellloodusspaa\\\/\"]}]}<\/script>\n<!-- \/ Yoast SEO plugin. -->","yoast_head_json":{"title":"Vartalonhoidot - Kubija hotell-loodusspaa V&otilde;rumaal","robots":{"index":"index","follow":"follow","max-snippet":"max-snippet:-1","max-image-preview":"max-image-preview:large","max-video-preview":"max-video-preview:-1"},"canonical":"https:\/\/www.kubija.ee\/fi\/spa-hoidot\/vartalonhoidot\/","og_locale":"fi_FI","og_type":"article","og_title":"Vartalonhoidot - Kubija hotell-loodusspaa V&otilde;rumaal","og_url":"https:\/\/www.kubija.ee\/fi\/spa-hoidot\/vartalonhoidot\/","og_site_name":"Kubija hotell-loodusspaa V&otilde;rumaal","article_publisher":"https:\/\/www.facebook.com\/kubijahotell\/","article_modified_time":"2026-01-22T08:32:09+00:00","og_image":[{"width":1024,"height":819,"url":"https:\/\/www.kubija.ee\/wp-content\/uploads\/2021\/12\/Kehahoolitsused-1-1024x819.png","type":"image\/png"}],"twitter_card":"summary_large_image","twitter_misc":{"Arvioitu lukuaika":"4 minuuttia"},"schema":{"@context":"https:\/\/schema.org","@graph":[{"@type":"WebPage","@id":"https:\/\/www.kubija.ee\/fi\/spa-hoidot\/vartalonhoidot\/","url":"https:\/\/www.kubija.ee\/fi\/spa-hoidot\/vartalonhoidot\/","name":"Vartalonhoidot - Kubija hotell-loodusspaa V&otilde;rumaal","isPartOf":{"@id":"https:\/\/www.kubija.ee\/#website"},"primaryImageOfPage":{"@id":"https:\/\/www.kubija.ee\/fi\/spa-hoidot\/vartalonhoidot\/#primaryimage"},"image":{"@id":"https:\/\/www.kubija.ee\/fi\/spa-hoidot\/vartalonhoidot\/#primaryimage"},"thumbnailUrl":"https:\/\/www.kubija.ee\/wp-content\/uploads\/2021\/12\/Kehahoolitsused-1.png","datePublished":"2021-11-09T11:06:44+00:00","dateModified":"2026-01-22T08:32:09+00:00","breadcrumb":{"@id":"https:\/\/www.kubija.ee\/fi\/spa-hoidot\/vartalonhoidot\/#breadcrumb"},"inLanguage":"fi","potentialAction":[{"@type":"ReadAction","target":["https:\/\/www.kubija.ee\/fi\/spa-hoidot\/vartalonhoidot\/"]}]},{"@type":"ImageObject","inLanguage":"fi","@id":"https:\/\/www.kubija.ee\/fi\/spa-hoidot\/vartalonhoidot\/#primaryimage","url":"https:\/\/www.kubija.ee\/wp-content\/uploads\/2021\/12\/Kehahoolitsused-1.png","contentUrl":"https:\/\/www.kubija.ee\/wp-content\/uploads\/2021\/12\/Kehahoolitsused-1.png"},{"@type":"BreadcrumbList","@id":"https:\/\/www.kubija.ee\/fi\/spa-hoidot\/vartalonhoidot\/#breadcrumb","itemListElement":[{"@type":"ListItem","position":1,"name":"Home","item":"https:\/\/www.kubija.ee\/fi\/"},{"@type":"ListItem","position":2,"name":"Spa-hoidot","item":"https:\/\/www.kubija.ee\/hoolitsused\/"},{"@type":"ListItem","position":3,"name":"Vartalonhoidot"}]},{"@type":"WebSite","@id":"https:\/\/www.kubija.ee\/#website","url":"https:\/\/www.kubija.ee\/","name":"Kubija hotell-loodusspaa V&otilde;rumaal","description":"J&auml;rjekordne WordPressi veebileht","publisher":{"@id":"https:\/\/www.kubija.ee\/#organization"},"potentialAction":[{"@type":"SearchAction","target":{"@type":"EntryPoint","urlTemplate":"https:\/\/www.kubija.ee\/?s={search_term_string}"},"query-input":{"@type":"PropertyValueSpecification","valueRequired":true,"valueName":"search_term_string"}}],"inLanguage":"fi"},{"@type":"Organization","@id":"https:\/\/www.kubija.ee\/#organization","name":"Kubija hotell-loodusspaa","url":"https:\/\/www.kubija.ee\/","logo":{"@type":"ImageObject","inLanguage":"fi","@id":"https:\/\/www.kubija.ee\/#\/schema\/logo\/image\/","url":"https:\/\/www.kubija.ee\/wp-content\/uploads\/2021\/12\/logo-1-e1638351137779.png","contentUrl":"https:\/\/www.kubija.ee\/wp-content\/uploads\/2021\/12\/logo-1-e1638351137779.png","width":305,"height":260,"caption":"Kubija hotell-loodusspaa"},"image":{"@id":"https:\/\/www.kubija.ee\/#\/schema\/logo\/image\/"},"sameAs":["https:\/\/www.facebook.com\/kubijahotell\/","https:\/\/www.instagram.com\/kubijahotellloodusspaa\/"]}]}},"_links":{"self":[{"href":"https:\/\/www.kubija.ee\/fi\/wp-json\/wp\/v2\/pages\/4385","targetHints":{"allow":["GET"]}}],"collection":[{"href":"https:\/\/www.kubija.ee\/fi\/wp-json\/wp\/v2\/pages"}],"about":[{"href":"https:\/\/www.kubija.ee\/fi\/wp-json\/wp\/v2\/types\/page"}],"author":[{"embeddable":true,"href":"https:\/\/www.kubija.ee\/fi\/wp-json\/wp\/v2\/users\/2"}],"replies":[{"embeddable":true,"href":"https:\/\/www.kubija.ee\/fi\/wp-json\/wp\/v2\/comments?post=4385"}],"version-history":[{"count":5,"href":"https:\/\/www.kubija.ee\/fi\/wp-json\/wp\/v2\/pages\/4385\/revisions"}],"predecessor-version":[{"id":21937,"href":"https:\/\/www.kubija.ee\/fi\/wp-json\/wp\/v2\/pages\/4385\/revisions\/21937"}],"up":[{"embeddable":true,"href":"https:\/\/www.kubija.ee\/fi\/wp-json\/wp\/v2\/pages\/4372"}],"wp:attachment":[{"href":"https:\/\/www.kubija.ee\/fi\/wp-json\/wp\/v2\/media?parent=4385"}],"curies":[{"name":"wp","href":"https:\/\/api.w.org\/{rel}","templated":true}]}}