{"id":4372,"date":"2021-10-15T10:19:34","date_gmt":"2021-10-15T10:19:34","guid":{"rendered":"https:\/\/www.kubija.ee\/hoolitsused\/"},"modified":"2025-01-13T12:04:07","modified_gmt":"2025-01-13T12:04:07","slug":"spa-hoidot","status":"publish","type":"page","link":"https:\/\/www.kubija.ee\/fi\/spa-hoidot\/","title":{"rendered":"Spa-hoidot"},"content":{"rendered":"\n<div class=\"wp-block-cover alignfull is-light has-custom-content-position is-position-bottom-center\" style=\"min-height:550px;aspect-ratio:unset;\"><span aria-hidden=\"true\" class=\"wp-block-cover__background has-background-dim-30 has-background-dim\"><\/span><img loading=\"lazy\" decoding=\"async\" width=\"1500\" height=\"1000\" class=\"wp-block-cover__image-background wp-image-261\" alt=\"\" src=\"https:\/\/www.kubija.ee\/wp-content\/uploads\/2021\/10\/Kubija_hotell-loodusspaa-naohoolitsus.jpg\" style=\"object-position:43% 78%\" data-object-fit=\"cover\" data-object-position=\"43% 78%\" srcset=\"https:\/\/www.kubija.ee\/wp-content\/uploads\/2021\/10\/Kubija_hotell-loodusspaa-naohoolitsus.jpg 1500w, https:\/\/www.kubija.ee\/wp-content\/uploads\/2021\/10\/Kubija_hotell-loodusspaa-naohoolitsus-600x400.jpg 600w, https:\/\/www.kubija.ee\/wp-content\/uploads\/2021\/10\/Kubija_hotell-loodusspaa-naohoolitsus-300x200.jpg 300w, https:\/\/www.kubija.ee\/wp-content\/uploads\/2021\/10\/Kubija_hotell-loodusspaa-naohoolitsus-1024x683.jpg 1024w, https:\/\/www.kubija.ee\/wp-content\/uploads\/2021\/10\/Kubija_hotell-loodusspaa-naohoolitsus-768x512.jpg 768w\" sizes=\"auto, (max-width: 1500px) 100vw, 1500px\" \/><div class=\"wp-block-cover__inner-container is-layout-flow wp-block-cover-is-layout-flow\">\n<h1 class=\"wp-block-heading has-text-align-center has-white-color has-text-color has-huge-font-size\">Spa-hoidot<\/h1>\n<\/div><\/div>\n\n\n\n<hr class=\"wp-block-separator has-css-opacity is-style-edream-separator\"\/>\n\n\n\n<div class=\"wp-block-media-text alignfull is-stacked-on-mobile animated fadeIn delay-100ms slow\"><figure class=\"wp-block-media-text__media\"><img loading=\"lazy\" decoding=\"async\" width=\"1024\" height=\"683\" src=\"https:\/\/www.kubija.ee\/wp-content\/uploads\/2021\/10\/Kubija_hotell-loodusspaa-kosmeetik-1024x683.jpg\" alt=\"\" class=\"wp-image-257 size-full\" srcset=\"https:\/\/www.kubija.ee\/wp-content\/uploads\/2021\/10\/Kubija_hotell-loodusspaa-kosmeetik-1024x683.jpg 1024w, https:\/\/www.kubija.ee\/wp-content\/uploads\/2021\/10\/Kubija_hotell-loodusspaa-kosmeetik-600x400.jpg 600w, https:\/\/www.kubija.ee\/wp-content\/uploads\/2021\/10\/Kubija_hotell-loodusspaa-kosmeetik-300x200.jpg 300w, https:\/\/www.kubija.ee\/wp-content\/uploads\/2021\/10\/Kubija_hotell-loodusspaa-kosmeetik-768x512.jpg 768w, https:\/\/www.kubija.ee\/wp-content\/uploads\/2021\/10\/Kubija_hotell-loodusspaa-kosmeetik.jpg 1500w\" sizes=\"auto, (max-width: 1024px) 100vw, 1024px\" \/><\/figure><div class=\"wp-block-media-text__content\">\n<p class=\"has-small-font-size\">LUONTOKYLPYL\u00c4 V\u00d5RUMAALLA<\/p>\n\n\n\n<h2 class=\"wp-block-heading has-green-color has-text-color has-large-font-size\">Kylpyl\u00e4hoidoista voit nauttia<\/h2>\n\n\n\n<p class=\"has-medium-font-size\">Ma-La 10:00\u201320:00<br><\/p>\n\n\n\n<div style=\"height:20px\" aria-hidden=\"true\" class=\"wp-block-spacer\"><\/div>\n\n\n\n<div class=\"wp-block-buttons is-layout-flex wp-block-buttons-is-layout-flex\">\n<div class=\"wp-block-button is-style-outline is-style-outline--1\"><a class=\"wp-block-button__link wp-element-button\" href=\"https:\/\/www.kubija.ee\/fi\/offer\/hoidot-tarjoushinnalla\/\">Hoidot tarjoushinnalla<\/a><\/div>\n<\/div>\n<\/div><\/div>\n\n\n\n<div style=\"height:10px\" aria-hidden=\"true\" class=\"wp-block-spacer\"><\/div>\n\n\n\n<hr class=\"wp-block-separator has-css-opacity is-style-edream-separator\"\/>\n\n\n\n<div class=\"wp-block-columns alignwide animated fadeIn delay-200ms slow is-layout-flex wp-container-core-columns-is-layout-28f84493 wp-block-columns-is-layout-flex\">\n<div class=\"wp-block-column is-layout-flow wp-block-column-is-layout-flow\" style=\"flex-basis:60%\">\n<p>Toimme Etel\u00e4-Viron luonnon ulkoa sis\u00e4lle. Siten voit kokea klassisten hyvinvointipalvelujen lis\u00e4ksi luonnonl\u00e4heisi\u00e4 hoitoja. Asiantunteva henkil\u00f6kuntamme auttaa l\u00f6yt\u00e4m\u00e4\u00e4n sopivat tuotteet ja palvelut, joten vointisi on erinomainen. Lev\u00e4nnyt!<\/p>\n\n\n\n<div class=\"wp-block-buttons is-horizontal is-content-justification-center is-layout-flex wp-container-core-buttons-is-layout-03627597 wp-block-buttons-is-layout-flex\">\n<div class=\"wp-block-button has-custom-width wp-block-button__width-50 is-style-outline is-style-outline--2\"><a class=\"wp-block-button__link wp-element-button\" href=\"\/fi\/spa-hoidot\/luonnolliset-hoidot\/\" style=\"border-radius:11px\">Luonnolliset hoidot<\/a><\/div>\n\n\n\n<div class=\"wp-block-button has-custom-width wp-block-button__width-50 is-style-outline is-style-outline--3\"><a class=\"wp-block-button__link wp-element-button\" href=\"\/fi\/spa-hoidot\/hieronnat\/\" style=\"border-radius:11px\">Hieronnat<\/a><\/div>\n\n\n\n<div class=\"wp-block-button has-custom-width wp-block-button__width-50 is-style-outline is-style-outline--4\"><a class=\"wp-block-button__link wp-element-button\" href=\"\/fi\/spa-hoidot\/vartalonhoidot\/\" style=\"border-radius:11px\">Vartalonhoidot<\/a><\/div>\n\n\n\n<div class=\"wp-block-button has-custom-width wp-block-button__width-50 is-style-outline is-style-outline--5\"><a class=\"wp-block-button__link wp-element-button\" href=\"\/fi\/spa-hoidot\/kasvohoidot\/\" style=\"border-radius:11px\">Kasvohoidot<\/a><\/div>\n\n\n\n<div class=\"wp-block-button has-custom-width wp-block-button__width-50 is-style-outline is-style-outline--6\"><a class=\"wp-block-button__link wp-element-button\" href=\"\/fi\/spa-hoidot\/raskausajan-hoidot\/\" style=\"border-radius:11px\">Raskausajan hoidot<\/a><\/div>\n\n\n\n<div class=\"wp-block-button has-custom-width wp-block-button__width-50 is-style-outline is-style-outline--7\"><a class=\"wp-block-button__link wp-element-button\" href=\"\/fi\/spa-hoidot\/lasten-ja-nuorten-hoidot\/\" style=\"border-radius:11px\">Lasten ja nuorten hoidot<\/a><\/div>\n\n\n\n<div class=\"wp-block-button has-custom-width wp-block-button__width-50 is-style-outline is-style-outline--8\"><a class=\"wp-block-button__link wp-element-button\" href=\"\/fi\/spa-hoidot\/kasi-ja-jalkahoidot\/\" style=\"border-radius:11px\">K\u00e4si- ja jalkahoidot<\/a><\/div>\n<\/div>\n<\/div>\n\n\n\n<div class=\"wp-block-column is-layout-flow wp-block-column-is-layout-flow\" style=\"flex-basis:40%\">\n<h3 class=\"wp-block-heading has-text-color\" style=\"color:#9d7a35\">Varaus:<\/h3>\n\n\n\n<ul class=\"wp-block-list\">\n<li><a rel=\"noreferrer noopener\" href=\"mailto:info@kubija.ee\" target=\"_blank\">info@kubija.ee<\/a><\/li>\n\n\n\n<li>+372 786 6000<\/li>\n\n\n\n<li>+372 504 5745<\/li>\n<\/ul>\n\n\n\n<div class=\"wp-block-buttons is-layout-flex wp-block-buttons-is-layout-flex\">\n<div class=\"wp-block-button\"><a class=\"wp-block-button__link wp-element-button\" href=\"\/fi\/spa-hoidot\/varaa-hoito\/\" style=\"border-radius:11px\">Varaa hoito<\/a><\/div>\n<\/div>\n<\/div>\n<\/div>\n\n\n\n<hr class=\"wp-block-separator has-css-opacity is-style-edream-separator\"\/>\n\n\n\n<div class=\"wp-block-cover alignfull is-light has-parallax has-custom-content-position is-position-center-left\"><span aria-hidden=\"true\" class=\"wp-block-cover__background has-background-dim-30 has-background-dim\"><\/span><div class=\"wp-block-cover__image-background wp-image-3302 has-parallax\" style=\"background-position:50% 50%;background-image:url(https:\/\/www.kubija.ee\/wp-content\/uploads\/2021\/12\/grethe.ee020.jpg)\"><\/div><div class=\"wp-block-cover__inner-container is-layout-flow wp-block-cover-is-layout-flow\">\n<h4 class=\"wp-block-heading has-white-color has-text-color has-huge-font-size\">Toimme<br>Etel\u00e4-Viron<br>luonnon<br>ulkoa sis\u00e4lle<\/h4>\n<\/div><\/div>\n","protected":false},"excerpt":{"rendered":"<p>Toimme Etel\u00e4-Viron luonnon ulkoa sis\u00e4lle. Siten voit kokea klassisten hyvinvointipalvelujen lis\u00e4ksi luonnonl\u00e4heisi\u00e4 hoitoja. Asiantunteva henkil\u00f6kuntamme auttaa l\u00f6yt\u00e4m\u00e4\u00e4n sopivat tuotteet ja palvelut, joten vointisi on erinomainen. Lev\u00e4nnyt! Varaus:<\/p>\n","protected":false},"author":2,"featured_media":0,"parent":0,"menu_order":61,"comment_status":"closed","ping_status":"closed","template":"","meta":{"footnotes":""},"class_list":["post-4372","page","type-page","status-publish","hentry"],"yoast_head":"<!-- This site is optimized with the Yoast SEO plugin v27.4 - https:\/\/yoast.com\/product\/yoast-seo-wordpress\/ -->\n<title>Luonnonmukaiset kylpyl\u00e4- ja kauneudenhoitopalvelut Virossa<\/title>\n<meta name=\"description\" content=\"Etel\u00e4-Virossa sijaitseva Kubija hotelli-luontokylpyl\u00e4 tarjoaa hyvinvointipalvelujen lis\u00e4ksi\u00a0 luonnonmukaisia hoitoja, k\u00e4yt\u00f6ss\u00e4 on my\u00f6s Matis, Sothys\" \/>\n<meta name=\"robots\" content=\"index, follow, max-snippet:-1, max-image-preview:large, max-video-preview:-1\" \/>\n<link rel=\"canonical\" href=\"https:\/\/www.kubija.ee\/hoolitsused\/\" \/>\n<meta property=\"og:locale\" content=\"fi_FI\" \/>\n<meta property=\"og:type\" content=\"article\" \/>\n<meta property=\"og:title\" content=\"Luonnonmukaiset kylpyl\u00e4- ja kauneudenhoitopalvelut Virossa\" \/>\n<meta property=\"og:description\" content=\"Etel\u00e4-Virossa sijaitseva Kubija hotelli-luontokylpyl\u00e4 tarjoaa hyvinvointipalvelujen lis\u00e4ksi\u00a0 luonnonmukaisia hoitoja, k\u00e4yt\u00f6ss\u00e4 on my\u00f6s Matis, Sothys\" \/>\n<meta property=\"og:url\" content=\"https:\/\/www.kubija.ee\/hoolitsused\/\" \/>\n<meta property=\"og:site_name\" content=\"Kubija hotell-loodusspaa V&otilde;rumaal\" \/>\n<meta property=\"article:publisher\" content=\"https:\/\/www.facebook.com\/kubijahotell\/\" \/>\n<meta property=\"article:modified_time\" content=\"2025-01-13T12:04:07+00:00\" \/>\n<meta property=\"og:image\" content=\"https:\/\/www.kubija.ee\/wp-content\/uploads\/2021\/10\/Kubija_hotell-loodusspaa-naohoolitsus.jpg\" \/>\n<meta name=\"twitter:card\" content=\"summary_large_image\" \/>\n<meta name=\"twitter:label1\" content=\"Arvioitu lukuaika\" \/>\n\t<meta name=\"twitter:data1\" content=\"1 minuutti\" \/>\n<script type=\"application\/ld+json\" class=\"yoast-schema-graph\">{\"@context\":\"https:\\\/\\\/schema.org\",\"@graph\":[{\"@type\":\"WebPage\",\"@id\":\"https:\\\/\\\/www.kubija.ee\\\/hoolitsused\\\/\",\"url\":\"https:\\\/\\\/www.kubija.ee\\\/hoolitsused\\\/\",\"name\":\"Luonnonmukaiset kylpyl\u00e4- ja kauneudenhoitopalvelut Virossa\",\"isPartOf\":{\"@id\":\"https:\\\/\\\/www.kubija.ee\\\/#website\"},\"primaryImageOfPage\":{\"@id\":\"https:\\\/\\\/www.kubija.ee\\\/hoolitsused\\\/#primaryimage\"},\"image\":{\"@id\":\"https:\\\/\\\/www.kubija.ee\\\/hoolitsused\\\/#primaryimage\"},\"thumbnailUrl\":\"https:\\\/\\\/www.kubija.ee\\\/wp-content\\\/uploads\\\/2021\\\/10\\\/Kubija_hotell-loodusspaa-naohoolitsus.jpg\",\"datePublished\":\"2021-10-15T10:19:34+00:00\",\"dateModified\":\"2025-01-13T12:04:07+00:00\",\"description\":\"Etel\u00e4-Virossa sijaitseva Kubija hotelli-luontokylpyl\u00e4 tarjoaa hyvinvointipalvelujen lis\u00e4ksi\u00a0 luonnonmukaisia hoitoja, k\u00e4yt\u00f6ss\u00e4 on my\u00f6s Matis, Sothys\",\"breadcrumb\":{\"@id\":\"https:\\\/\\\/www.kubija.ee\\\/hoolitsused\\\/#breadcrumb\"},\"inLanguage\":\"fi\",\"potentialAction\":[{\"@type\":\"ReadAction\",\"target\":[\"https:\\\/\\\/www.kubija.ee\\\/hoolitsused\\\/\"]}]},{\"@type\":\"ImageObject\",\"inLanguage\":\"fi\",\"@id\":\"https:\\\/\\\/www.kubija.ee\\\/hoolitsused\\\/#primaryimage\",\"url\":\"https:\\\/\\\/www.kubija.ee\\\/wp-content\\\/uploads\\\/2021\\\/10\\\/Kubija_hotell-loodusspaa-naohoolitsus.jpg\",\"contentUrl\":\"https:\\\/\\\/www.kubija.ee\\\/wp-content\\\/uploads\\\/2021\\\/10\\\/Kubija_hotell-loodusspaa-naohoolitsus.jpg\"},{\"@type\":\"BreadcrumbList\",\"@id\":\"https:\\\/\\\/www.kubija.ee\\\/hoolitsused\\\/#breadcrumb\",\"itemListElement\":[{\"@type\":\"ListItem\",\"position\":1,\"name\":\"Home\",\"item\":\"https:\\\/\\\/www.kubija.ee\\\/fi\\\/\"},{\"@type\":\"ListItem\",\"position\":2,\"name\":\"Spa-hoidot\"}]},{\"@type\":\"WebSite\",\"@id\":\"https:\\\/\\\/www.kubija.ee\\\/#website\",\"url\":\"https:\\\/\\\/www.kubija.ee\\\/\",\"name\":\"Kubija hotell-loodusspaa V&otilde;rumaal\",\"description\":\"J&auml;rjekordne WordPressi veebileht\",\"publisher\":{\"@id\":\"https:\\\/\\\/www.kubija.ee\\\/#organization\"},\"potentialAction\":[{\"@type\":\"SearchAction\",\"target\":{\"@type\":\"EntryPoint\",\"urlTemplate\":\"https:\\\/\\\/www.kubija.ee\\\/?s={search_term_string}\"},\"query-input\":{\"@type\":\"PropertyValueSpecification\",\"valueRequired\":true,\"valueName\":\"search_term_string\"}}],\"inLanguage\":\"fi\"},{\"@type\":\"Organization\",\"@id\":\"https:\\\/\\\/www.kubija.ee\\\/#organization\",\"name\":\"Kubija hotell-loodusspaa\",\"url\":\"https:\\\/\\\/www.kubija.ee\\\/\",\"logo\":{\"@type\":\"ImageObject\",\"inLanguage\":\"fi\",\"@id\":\"https:\\\/\\\/www.kubija.ee\\\/#\\\/schema\\\/logo\\\/image\\\/\",\"url\":\"https:\\\/\\\/www.kubija.ee\\\/wp-content\\\/uploads\\\/2021\\\/12\\\/logo-1-e1638351137779.png\",\"contentUrl\":\"https:\\\/\\\/www.kubija.ee\\\/wp-content\\\/uploads\\\/2021\\\/12\\\/logo-1-e1638351137779.png\",\"width\":305,\"height\":260,\"caption\":\"Kubija hotell-loodusspaa\"},\"image\":{\"@id\":\"https:\\\/\\\/www.kubija.ee\\\/#\\\/schema\\\/logo\\\/image\\\/\"},\"sameAs\":[\"https:\\\/\\\/www.facebook.com\\\/kubijahotell\\\/\",\"https:\\\/\\\/www.instagram.com\\\/kubijahotellloodusspaa\\\/\"]}]}<\/script>\n<!-- \/ Yoast SEO plugin. -->","yoast_head_json":{"title":"Luonnonmukaiset kylpyl\u00e4- ja kauneudenhoitopalvelut Virossa","description":"Etel\u00e4-Virossa sijaitseva Kubija hotelli-luontokylpyl\u00e4 tarjoaa hyvinvointipalvelujen lis\u00e4ksi\u00a0 luonnonmukaisia hoitoja, k\u00e4yt\u00f6ss\u00e4 on my\u00f6s Matis, Sothys","robots":{"index":"index","follow":"follow","max-snippet":"max-snippet:-1","max-image-preview":"max-image-preview:large","max-video-preview":"max-video-preview:-1"},"canonical":"https:\/\/www.kubija.ee\/hoolitsused\/","og_locale":"fi_FI","og_type":"article","og_title":"Luonnonmukaiset kylpyl\u00e4- ja kauneudenhoitopalvelut Virossa","og_description":"Etel\u00e4-Virossa sijaitseva Kubija hotelli-luontokylpyl\u00e4 tarjoaa hyvinvointipalvelujen lis\u00e4ksi\u00a0 luonnonmukaisia hoitoja, k\u00e4yt\u00f6ss\u00e4 on my\u00f6s Matis, Sothys","og_url":"https:\/\/www.kubija.ee\/hoolitsused\/","og_site_name":"Kubija hotell-loodusspaa V&otilde;rumaal","article_publisher":"https:\/\/www.facebook.com\/kubijahotell\/","article_modified_time":"2025-01-13T12:04:07+00:00","og_image":[{"url":"https:\/\/www.kubija.ee\/wp-content\/uploads\/2021\/10\/Kubija_hotell-loodusspaa-naohoolitsus.jpg","type":"","width":"","height":""}],"twitter_card":"summary_large_image","twitter_misc":{"Arvioitu lukuaika":"1 minuutti"},"schema":{"@context":"https:\/\/schema.org","@graph":[{"@type":"WebPage","@id":"https:\/\/www.kubija.ee\/hoolitsused\/","url":"https:\/\/www.kubija.ee\/hoolitsused\/","name":"Luonnonmukaiset kylpyl\u00e4- ja kauneudenhoitopalvelut Virossa","isPartOf":{"@id":"https:\/\/www.kubija.ee\/#website"},"primaryImageOfPage":{"@id":"https:\/\/www.kubija.ee\/hoolitsused\/#primaryimage"},"image":{"@id":"https:\/\/www.kubija.ee\/hoolitsused\/#primaryimage"},"thumbnailUrl":"https:\/\/www.kubija.ee\/wp-content\/uploads\/2021\/10\/Kubija_hotell-loodusspaa-naohoolitsus.jpg","datePublished":"2021-10-15T10:19:34+00:00","dateModified":"2025-01-13T12:04:07+00:00","description":"Etel\u00e4-Virossa sijaitseva Kubija hotelli-luontokylpyl\u00e4 tarjoaa hyvinvointipalvelujen lis\u00e4ksi\u00a0 luonnonmukaisia hoitoja, k\u00e4yt\u00f6ss\u00e4 on my\u00f6s Matis, Sothys","breadcrumb":{"@id":"https:\/\/www.kubija.ee\/hoolitsused\/#breadcrumb"},"inLanguage":"fi","potentialAction":[{"@type":"ReadAction","target":["https:\/\/www.kubija.ee\/hoolitsused\/"]}]},{"@type":"ImageObject","inLanguage":"fi","@id":"https:\/\/www.kubija.ee\/hoolitsused\/#primaryimage","url":"https:\/\/www.kubija.ee\/wp-content\/uploads\/2021\/10\/Kubija_hotell-loodusspaa-naohoolitsus.jpg","contentUrl":"https:\/\/www.kubija.ee\/wp-content\/uploads\/2021\/10\/Kubija_hotell-loodusspaa-naohoolitsus.jpg"},{"@type":"BreadcrumbList","@id":"https:\/\/www.kubija.ee\/hoolitsused\/#breadcrumb","itemListElement":[{"@type":"ListItem","position":1,"name":"Home","item":"https:\/\/www.kubija.ee\/fi\/"},{"@type":"ListItem","position":2,"name":"Spa-hoidot"}]},{"@type":"WebSite","@id":"https:\/\/www.kubija.ee\/#website","url":"https:\/\/www.kubija.ee\/","name":"Kubija hotell-loodusspaa V&otilde;rumaal","description":"J&auml;rjekordne WordPressi veebileht","publisher":{"@id":"https:\/\/www.kubija.ee\/#organization"},"potentialAction":[{"@type":"SearchAction","target":{"@type":"EntryPoint","urlTemplate":"https:\/\/www.kubija.ee\/?s={search_term_string}"},"query-input":{"@type":"PropertyValueSpecification","valueRequired":true,"valueName":"search_term_string"}}],"inLanguage":"fi"},{"@type":"Organization","@id":"https:\/\/www.kubija.ee\/#organization","name":"Kubija hotell-loodusspaa","url":"https:\/\/www.kubija.ee\/","logo":{"@type":"ImageObject","inLanguage":"fi","@id":"https:\/\/www.kubija.ee\/#\/schema\/logo\/image\/","url":"https:\/\/www.kubija.ee\/wp-content\/uploads\/2021\/12\/logo-1-e1638351137779.png","contentUrl":"https:\/\/www.kubija.ee\/wp-content\/uploads\/2021\/12\/logo-1-e1638351137779.png","width":305,"height":260,"caption":"Kubija hotell-loodusspaa"},"image":{"@id":"https:\/\/www.kubija.ee\/#\/schema\/logo\/image\/"},"sameAs":["https:\/\/www.facebook.com\/kubijahotell\/","https:\/\/www.instagram.com\/kubijahotellloodusspaa\/"]}]}},"_links":{"self":[{"href":"https:\/\/www.kubija.ee\/fi\/wp-json\/wp\/v2\/pages\/4372","targetHints":{"allow":["GET"]}}],"collection":[{"href":"https:\/\/www.kubija.ee\/fi\/wp-json\/wp\/v2\/pages"}],"about":[{"href":"https:\/\/www.kubija.ee\/fi\/wp-json\/wp\/v2\/types\/page"}],"author":[{"embeddable":true,"href":"https:\/\/www.kubija.ee\/fi\/wp-json\/wp\/v2\/users\/2"}],"replies":[{"embeddable":true,"href":"https:\/\/www.kubija.ee\/fi\/wp-json\/wp\/v2\/comments?post=4372"}],"version-history":[{"count":3,"href":"https:\/\/www.kubija.ee\/fi\/wp-json\/wp\/v2\/pages\/4372\/revisions"}],"predecessor-version":[{"id":16777,"href":"https:\/\/www.kubija.ee\/fi\/wp-json\/wp\/v2\/pages\/4372\/revisions\/16777"}],"wp:attachment":[{"href":"https:\/\/www.kubija.ee\/fi\/wp-json\/wp\/v2\/media?parent=4372"}],"curies":[{"name":"wp","href":"https:\/\/api.w.org\/{rel}","templated":true}]}}