{"id":4295,"date":"2021-11-26T11:24:52","date_gmt":"2021-11-26T11:24:52","guid":{"rendered":"https:\/\/www.kubija.ee\/yhteystiedot\/meie-lugu\/"},"modified":"2022-05-20T08:09:34","modified_gmt":"2022-05-20T08:09:34","slug":"yrityksesta","status":"publish","type":"page","link":"https:\/\/www.kubija.ee\/fi\/yhteystiedot\/yrityksesta\/","title":{"rendered":"Yrityksest\u00e4"},"content":{"rendered":"\n<div class=\"wp-block-cover alignfull is-light has-custom-content-position is-position-bottom-center\" style=\"min-height:550px;aspect-ratio:unset;\"><span aria-hidden=\"true\" class=\"has-background-dim-30 wp-block-cover__gradient-background has-background-dim\"><\/span><img loading=\"lazy\" decoding=\"async\" width=\"2560\" height=\"1702\" class=\"wp-block-cover__image-background wp-image-1250\" alt=\"\" src=\"https:\/\/www.kubija.ee\/wp-content\/uploads\/2021\/10\/FJ1375-Hommik-Luhasoos-Kaisa-Aarmaa-scaled.jpg\" style=\"object-position:78% 89%\" data-object-fit=\"cover\" data-object-position=\"78% 89%\" srcset=\"https:\/\/www.kubija.ee\/wp-content\/uploads\/2021\/10\/FJ1375-Hommik-Luhasoos-Kaisa-Aarmaa-scaled.jpg 2560w, https:\/\/www.kubija.ee\/wp-content\/uploads\/2021\/10\/FJ1375-Hommik-Luhasoos-Kaisa-Aarmaa-scaled-600x399.jpg 600w, https:\/\/www.kubija.ee\/wp-content\/uploads\/2021\/10\/FJ1375-Hommik-Luhasoos-Kaisa-Aarmaa-300x199.jpg 300w, https:\/\/www.kubija.ee\/wp-content\/uploads\/2021\/10\/FJ1375-Hommik-Luhasoos-Kaisa-Aarmaa-1024x681.jpg 1024w, https:\/\/www.kubija.ee\/wp-content\/uploads\/2021\/10\/FJ1375-Hommik-Luhasoos-Kaisa-Aarmaa-768x511.jpg 768w, https:\/\/www.kubija.ee\/wp-content\/uploads\/2021\/10\/FJ1375-Hommik-Luhasoos-Kaisa-Aarmaa-1536x1021.jpg 1536w, https:\/\/www.kubija.ee\/wp-content\/uploads\/2021\/10\/FJ1375-Hommik-Luhasoos-Kaisa-Aarmaa-2048x1362.jpg 2048w, https:\/\/www.kubija.ee\/wp-content\/uploads\/2021\/10\/FJ1375-Hommik-Luhasoos-Kaisa-Aarmaa-1568x1043.jpg 1568w\" sizes=\"auto, (max-width: 2560px) 100vw, 2560px\" \/><div class=\"wp-block-cover__inner-container is-layout-flow wp-block-cover-is-layout-flow\">\n<h1 class=\"has-text-align-center has-white-color has-text-color has-huge-font-size wp-block-heading\">Yrityksest\u00e4<\/h1>\n<\/div><\/div>\n\n\n\n<div style=\"height:20px\" aria-hidden=\"true\" class=\"wp-block-spacer\"><\/div>\n\n\n\n<div class=\"wp-block-columns alignwide are-vertically-aligned-top is-layout-flex wp-container-core-columns-is-layout-28f84493 wp-block-columns-is-layout-flex\">\n<div class=\"wp-block-column is-vertically-aligned-top is-layout-flow wp-block-column-is-layout-flow\" style=\"flex-basis:50%\">\n<h3 class=\"animated fadeIn delay-100ms slow has-text-color wp-block-heading\" style=\"color:#9d7a35\">Yrityksen missio<\/h3>\n\n\n\n<p><strong>Puhdas el\u00e4m\u00e4ntapa<\/strong> = el\u00e4n ymp\u00e4rist\u00f6\u00e4 s\u00e4\u00e4st\u00e4en niin, ett\u00e4 my\u00f6s tulevien sukupolvien on hyv\u00e4 el\u00e4\u00e4; tilat\/ymp\u00e4rist\u00f6\/luonto ovat puhtaat; meill\u00e4 on puhdas omatunto; se on terve ja esimerkillinen el\u00e4m\u00e4ntapa<\/p>\n\n\n\n<p><strong>Rehellinen el\u00e4m\u00e4ntapa<\/strong> = yhdess\u00e4 luonnon kanssa el\u00e4misen tapa \u2013 olemme rehellisi\u00e4 itsellemme ja toisillemme kaikilla toimintamme saroilla, emme halua pett\u00e4\u00e4 asiakkaitamme, vaan tarjoamme heille sit\u00e4, mihin itse uskomme; edellyt\u00e4mme toiminnassamme sit\u00e4, ett\u00e4 ymp\u00e4rill\u00e4mme olevat ihmiset ovat rehellisi\u00e4<\/p>\n\n\n\n<p><strong>Luonnonl\u00e4heinen el\u00e4m\u00e4ntapa<\/strong> = ymp\u00e4rist\u00f6\u00e4 s\u00e4\u00e4st\u00e4v\u00e4 toiminta; mahdollisimman runsas paikallisten raaka-aineiden k\u00e4ytt\u00e4minen tuotteissa; olemme luontoa l\u00e4hell\u00e4; luonnon huomioonottaminen tuotteiden kehitt\u00e4misess\u00e4.<\/p>\n\n\n\n<p><strong>Terveellinen el\u00e4m\u00e4ntapa<\/strong> = k\u00e4yt\u00e4mme mahdollisimman paljon luonnonmukaisia hoitotoimenpiteit\u00e4 ja edist\u00e4mme luonnossa olemista; katso mit\u00e4 sy\u00f6t ja seuraa omaa liikkumista; meid\u00e4n on ennen kaikkea keskitytt\u00e4v\u00e4 terveellisyyteen<\/p>\n<\/div>\n\n\n\n<div class=\"wp-block-column is-vertically-aligned-top is-layout-flow wp-block-column-is-layout-flow\" style=\"flex-basis:50%\">\n<h3 class=\"animated fadeIn delay-100ms slow has-text-color wp-block-heading\" style=\"color:#9d7a35\">Yrityksen visio<\/h3>\n\n\n\n<p>olemme luonnonkauniilla paikalla sijaitseva ainutlaatuinen luontokylpyl\u00e4, joka on ylpe\u00e4 paikallisista perinteist\u00e4\u00e4n. K\u00e4yt\u00e4mme luonnosta per\u00e4isin olevia tuotteita ja olemme omistautuneet hyv\u00e4n unen ja lep\u00e4\u00e4misen edist\u00e4miselle. Aktiivisille, terveystietoisille asiakkaille olemme l\u00e4hestulkoon pyhiinvaelluskohde.<\/p>\n\n\n\n<p>O\u00dc Pintmann Grupp perustettiin vuonna 1998. Sen tavoitteena on kehitt\u00e4\u00e4 hotelli- ja lomamajoitusta hotelli Kubijaan perustuen. Aikaisemmin ammattiyhdistysten liitolle kuulunut hotelli Kubija avattiin asiakkaille vuonna 1989. V\u00f5run ja Kubijan alueet tunnetaan kauniista ja terveest\u00e4 luonnosta sek\u00e4 ymp\u00e4rist\u00f6lle ominaisista lukuisista j\u00e4rvist\u00e4. Alueella on ollut jo pitk\u00e4\u00e4n patikointipolkuja, hiihtolatuja ja suunnistusreittej\u00e4.<\/p>\n\n\n\n<p>Kubija hotelli-luontokylpyl\u00e4 keskittyy nyky\u00e4\u00e4n kahteen p\u00e4\u00e4alueeseen: majoituspalveluihin ja niiden yhteydess\u00e4 tarjottaviin lis\u00e4palveluihin (ravintola, kokoukset, spa- ja saunakeskus) sek\u00e4 terveyskeskuksen palveluihin (spa-hoidot).<\/p>\n<\/div>\n<\/div>\n","protected":false},"excerpt":{"rendered":"<p>Yrityksen missio Puhdas el\u00e4m\u00e4ntapa = el\u00e4n ymp\u00e4rist\u00f6\u00e4 s\u00e4\u00e4st\u00e4en niin, ett\u00e4 my\u00f6s tulevien sukupolvien on hyv\u00e4 el\u00e4\u00e4; tilat\/ymp\u00e4rist\u00f6\/luonto ovat puhtaat; meill\u00e4 on puhdas omatunto; se on terve ja esimerkillinen el\u00e4m\u00e4ntapa Rehellinen el\u00e4m\u00e4ntapa = yhdess\u00e4 luonnon kanssa el\u00e4misen tapa \u2013 olemme rehellisi\u00e4 itsellemme ja toisillemme kaikilla toimintamme saroilla, emme halua pett\u00e4\u00e4 asiakkaitamme, vaan tarjoamme heille sit\u00e4, mihin [&hellip;]<\/p>\n","protected":false},"author":2,"featured_media":0,"parent":4289,"menu_order":195,"comment_status":"closed","ping_status":"closed","template":"","meta":{"footnotes":""},"class_list":["post-4295","page","type-page","status-publish","hentry"],"yoast_head":"<!-- This site is optimized with the Yoast SEO plugin v27.1 - https:\/\/yoast.com\/product\/yoast-seo-wordpress\/ -->\n<title>Yrityksest\u00e4 - Kubija hotell-loodusspaa V&otilde;rumaal<\/title>\n<meta name=\"robots\" content=\"index, follow, max-snippet:-1, max-image-preview:large, max-video-preview:-1\" \/>\n<link rel=\"canonical\" href=\"https:\/\/www.kubija.ee\/kontakt\/meie-lugu\/\" \/>\n<meta property=\"og:locale\" content=\"fi_FI\" \/>\n<meta property=\"og:type\" content=\"article\" \/>\n<meta property=\"og:title\" content=\"Yrityksest\u00e4 - Kubija hotell-loodusspaa V&otilde;rumaal\" \/>\n<meta property=\"og:description\" content=\"Yrityksen missio Puhdas el\u00e4m\u00e4ntapa = el\u00e4n ymp\u00e4rist\u00f6\u00e4 s\u00e4\u00e4st\u00e4en niin, ett\u00e4 my\u00f6s tulevien sukupolvien on hyv\u00e4 el\u00e4\u00e4; tilat\/ymp\u00e4rist\u00f6\/luonto ovat puhtaat; meill\u00e4 on puhdas omatunto; se on terve ja esimerkillinen el\u00e4m\u00e4ntapa Rehellinen el\u00e4m\u00e4ntapa = yhdess\u00e4 luonnon kanssa el\u00e4misen tapa \u2013 olemme rehellisi\u00e4 itsellemme ja toisillemme kaikilla toimintamme saroilla, emme halua pett\u00e4\u00e4 asiakkaitamme, vaan tarjoamme heille sit\u00e4, mihin [&hellip;]\" \/>\n<meta property=\"og:url\" content=\"https:\/\/www.kubija.ee\/kontakt\/meie-lugu\/\" \/>\n<meta property=\"og:site_name\" content=\"Kubija hotell-loodusspaa V&otilde;rumaal\" \/>\n<meta property=\"article:publisher\" content=\"https:\/\/www.facebook.com\/kubijahotell\/\" \/>\n<meta property=\"article:modified_time\" content=\"2022-05-20T08:09:34+00:00\" \/>\n<meta property=\"og:image\" content=\"https:\/\/www.kubija.ee\/wp-content\/uploads\/2021\/10\/FJ1375-Hommik-Luhasoos-Kaisa-Aarmaa-scaled.jpg\" \/>\n<meta name=\"twitter:card\" content=\"summary_large_image\" \/>\n<meta name=\"twitter:label1\" content=\"Arvioitu lukuaika\" \/>\n\t<meta name=\"twitter:data1\" content=\"2 minuuttia\" \/>\n<script type=\"application\/ld+json\" class=\"yoast-schema-graph\">{\"@context\":\"https:\/\/schema.org\",\"@graph\":[{\"@type\":\"WebPage\",\"@id\":\"https:\/\/www.kubija.ee\/kontakt\/meie-lugu\/\",\"url\":\"https:\/\/www.kubija.ee\/kontakt\/meie-lugu\/\",\"name\":\"Yrityksest\u00e4 - Kubija hotell-loodusspaa V&otilde;rumaal\",\"isPartOf\":{\"@id\":\"https:\/\/www.kubija.ee\/#website\"},\"primaryImageOfPage\":{\"@id\":\"https:\/\/www.kubija.ee\/kontakt\/meie-lugu\/#primaryimage\"},\"image\":{\"@id\":\"https:\/\/www.kubija.ee\/kontakt\/meie-lugu\/#primaryimage\"},\"thumbnailUrl\":\"https:\/\/www.kubija.ee\/wp-content\/uploads\/2021\/10\/FJ1375-Hommik-Luhasoos-Kaisa-Aarmaa-scaled.jpg\",\"datePublished\":\"2021-11-26T11:24:52+00:00\",\"dateModified\":\"2022-05-20T08:09:34+00:00\",\"breadcrumb\":{\"@id\":\"https:\/\/www.kubija.ee\/kontakt\/meie-lugu\/#breadcrumb\"},\"inLanguage\":\"fi\",\"potentialAction\":[{\"@type\":\"ReadAction\",\"target\":[\"https:\/\/www.kubija.ee\/kontakt\/meie-lugu\/\"]}]},{\"@type\":\"ImageObject\",\"inLanguage\":\"fi\",\"@id\":\"https:\/\/www.kubija.ee\/kontakt\/meie-lugu\/#primaryimage\",\"url\":\"https:\/\/www.kubija.ee\/wp-content\/uploads\/2021\/10\/FJ1375-Hommik-Luhasoos-Kaisa-Aarmaa-scaled.jpg\",\"contentUrl\":\"https:\/\/www.kubija.ee\/wp-content\/uploads\/2021\/10\/FJ1375-Hommik-Luhasoos-Kaisa-Aarmaa-scaled.jpg\"},{\"@type\":\"BreadcrumbList\",\"@id\":\"https:\/\/www.kubija.ee\/kontakt\/meie-lugu\/#breadcrumb\",\"itemListElement\":[{\"@type\":\"ListItem\",\"position\":1,\"name\":\"Home\",\"item\":\"https:\/\/www.kubija.ee\/fi\/\"},{\"@type\":\"ListItem\",\"position\":2,\"name\":\"Yhteystiedot\",\"item\":\"https:\/\/www.kubija.ee\/kontakt\/\"},{\"@type\":\"ListItem\",\"position\":3,\"name\":\"Yrityksest\u00e4\"}]},{\"@type\":\"WebSite\",\"@id\":\"https:\/\/www.kubija.ee\/#website\",\"url\":\"https:\/\/www.kubija.ee\/\",\"name\":\"Kubija hotell-loodusspaa V&otilde;rumaal\",\"description\":\"J&auml;rjekordne WordPressi veebileht\",\"publisher\":{\"@id\":\"https:\/\/www.kubija.ee\/#organization\"},\"potentialAction\":[{\"@type\":\"SearchAction\",\"target\":{\"@type\":\"EntryPoint\",\"urlTemplate\":\"https:\/\/www.kubija.ee\/?s={search_term_string}\"},\"query-input\":{\"@type\":\"PropertyValueSpecification\",\"valueRequired\":true,\"valueName\":\"search_term_string\"}}],\"inLanguage\":\"fi\"},{\"@type\":\"Organization\",\"@id\":\"https:\/\/www.kubija.ee\/#organization\",\"name\":\"Kubija hotell-loodusspaa\",\"url\":\"https:\/\/www.kubija.ee\/\",\"logo\":{\"@type\":\"ImageObject\",\"inLanguage\":\"fi\",\"@id\":\"https:\/\/www.kubija.ee\/#\/schema\/logo\/image\/\",\"url\":\"https:\/\/www.kubija.ee\/wp-content\/uploads\/2021\/12\/logo-1-e1638351137779.png\",\"contentUrl\":\"https:\/\/www.kubija.ee\/wp-content\/uploads\/2021\/12\/logo-1-e1638351137779.png\",\"width\":305,\"height\":260,\"caption\":\"Kubija hotell-loodusspaa\"},\"image\":{\"@id\":\"https:\/\/www.kubija.ee\/#\/schema\/logo\/image\/\"},\"sameAs\":[\"https:\/\/www.facebook.com\/kubijahotell\/\",\"https:\/\/www.instagram.com\/kubijahotellloodusspaa\/\"]}]}<\/script>\n<!-- \/ Yoast SEO plugin. -->","yoast_head_json":{"title":"Yrityksest\u00e4 - Kubija hotell-loodusspaa V&otilde;rumaal","robots":{"index":"index","follow":"follow","max-snippet":"max-snippet:-1","max-image-preview":"max-image-preview:large","max-video-preview":"max-video-preview:-1"},"canonical":"https:\/\/www.kubija.ee\/kontakt\/meie-lugu\/","og_locale":"fi_FI","og_type":"article","og_title":"Yrityksest\u00e4 - Kubija hotell-loodusspaa V&otilde;rumaal","og_description":"Yrityksen missio Puhdas el\u00e4m\u00e4ntapa = el\u00e4n ymp\u00e4rist\u00f6\u00e4 s\u00e4\u00e4st\u00e4en niin, ett\u00e4 my\u00f6s tulevien sukupolvien on hyv\u00e4 el\u00e4\u00e4; tilat\/ymp\u00e4rist\u00f6\/luonto ovat puhtaat; meill\u00e4 on puhdas omatunto; se on terve ja esimerkillinen el\u00e4m\u00e4ntapa Rehellinen el\u00e4m\u00e4ntapa = yhdess\u00e4 luonnon kanssa el\u00e4misen tapa \u2013 olemme rehellisi\u00e4 itsellemme ja toisillemme kaikilla toimintamme saroilla, emme halua pett\u00e4\u00e4 asiakkaitamme, vaan tarjoamme heille sit\u00e4, mihin [&hellip;]","og_url":"https:\/\/www.kubija.ee\/kontakt\/meie-lugu\/","og_site_name":"Kubija hotell-loodusspaa V&otilde;rumaal","article_publisher":"https:\/\/www.facebook.com\/kubijahotell\/","article_modified_time":"2022-05-20T08:09:34+00:00","og_image":[{"url":"https:\/\/www.kubija.ee\/wp-content\/uploads\/2021\/10\/FJ1375-Hommik-Luhasoos-Kaisa-Aarmaa-scaled.jpg","type":"","width":"","height":""}],"twitter_card":"summary_large_image","twitter_misc":{"Arvioitu lukuaika":"2 minuuttia"},"schema":{"@context":"https:\/\/schema.org","@graph":[{"@type":"WebPage","@id":"https:\/\/www.kubija.ee\/kontakt\/meie-lugu\/","url":"https:\/\/www.kubija.ee\/kontakt\/meie-lugu\/","name":"Yrityksest\u00e4 - Kubija hotell-loodusspaa V&otilde;rumaal","isPartOf":{"@id":"https:\/\/www.kubija.ee\/#website"},"primaryImageOfPage":{"@id":"https:\/\/www.kubija.ee\/kontakt\/meie-lugu\/#primaryimage"},"image":{"@id":"https:\/\/www.kubija.ee\/kontakt\/meie-lugu\/#primaryimage"},"thumbnailUrl":"https:\/\/www.kubija.ee\/wp-content\/uploads\/2021\/10\/FJ1375-Hommik-Luhasoos-Kaisa-Aarmaa-scaled.jpg","datePublished":"2021-11-26T11:24:52+00:00","dateModified":"2022-05-20T08:09:34+00:00","breadcrumb":{"@id":"https:\/\/www.kubija.ee\/kontakt\/meie-lugu\/#breadcrumb"},"inLanguage":"fi","potentialAction":[{"@type":"ReadAction","target":["https:\/\/www.kubija.ee\/kontakt\/meie-lugu\/"]}]},{"@type":"ImageObject","inLanguage":"fi","@id":"https:\/\/www.kubija.ee\/kontakt\/meie-lugu\/#primaryimage","url":"https:\/\/www.kubija.ee\/wp-content\/uploads\/2021\/10\/FJ1375-Hommik-Luhasoos-Kaisa-Aarmaa-scaled.jpg","contentUrl":"https:\/\/www.kubija.ee\/wp-content\/uploads\/2021\/10\/FJ1375-Hommik-Luhasoos-Kaisa-Aarmaa-scaled.jpg"},{"@type":"BreadcrumbList","@id":"https:\/\/www.kubija.ee\/kontakt\/meie-lugu\/#breadcrumb","itemListElement":[{"@type":"ListItem","position":1,"name":"Home","item":"https:\/\/www.kubija.ee\/fi\/"},{"@type":"ListItem","position":2,"name":"Yhteystiedot","item":"https:\/\/www.kubija.ee\/kontakt\/"},{"@type":"ListItem","position":3,"name":"Yrityksest\u00e4"}]},{"@type":"WebSite","@id":"https:\/\/www.kubija.ee\/#website","url":"https:\/\/www.kubija.ee\/","name":"Kubija hotell-loodusspaa V&otilde;rumaal","description":"J&auml;rjekordne WordPressi veebileht","publisher":{"@id":"https:\/\/www.kubija.ee\/#organization"},"potentialAction":[{"@type":"SearchAction","target":{"@type":"EntryPoint","urlTemplate":"https:\/\/www.kubija.ee\/?s={search_term_string}"},"query-input":{"@type":"PropertyValueSpecification","valueRequired":true,"valueName":"search_term_string"}}],"inLanguage":"fi"},{"@type":"Organization","@id":"https:\/\/www.kubija.ee\/#organization","name":"Kubija hotell-loodusspaa","url":"https:\/\/www.kubija.ee\/","logo":{"@type":"ImageObject","inLanguage":"fi","@id":"https:\/\/www.kubija.ee\/#\/schema\/logo\/image\/","url":"https:\/\/www.kubija.ee\/wp-content\/uploads\/2021\/12\/logo-1-e1638351137779.png","contentUrl":"https:\/\/www.kubija.ee\/wp-content\/uploads\/2021\/12\/logo-1-e1638351137779.png","width":305,"height":260,"caption":"Kubija hotell-loodusspaa"},"image":{"@id":"https:\/\/www.kubija.ee\/#\/schema\/logo\/image\/"},"sameAs":["https:\/\/www.facebook.com\/kubijahotell\/","https:\/\/www.instagram.com\/kubijahotellloodusspaa\/"]}]}},"_links":{"self":[{"href":"https:\/\/www.kubija.ee\/fi\/wp-json\/wp\/v2\/pages\/4295","targetHints":{"allow":["GET"]}}],"collection":[{"href":"https:\/\/www.kubija.ee\/fi\/wp-json\/wp\/v2\/pages"}],"about":[{"href":"https:\/\/www.kubija.ee\/fi\/wp-json\/wp\/v2\/types\/page"}],"author":[{"embeddable":true,"href":"https:\/\/www.kubija.ee\/fi\/wp-json\/wp\/v2\/users\/2"}],"replies":[{"embeddable":true,"href":"https:\/\/www.kubija.ee\/fi\/wp-json\/wp\/v2\/comments?post=4295"}],"version-history":[{"count":3,"href":"https:\/\/www.kubija.ee\/fi\/wp-json\/wp\/v2\/pages\/4295\/revisions"}],"predecessor-version":[{"id":6586,"href":"https:\/\/www.kubija.ee\/fi\/wp-json\/wp\/v2\/pages\/4295\/revisions\/6586"}],"up":[{"embeddable":true,"href":"https:\/\/www.kubija.ee\/fi\/wp-json\/wp\/v2\/pages\/4289"}],"wp:attachment":[{"href":"https:\/\/www.kubija.ee\/fi\/wp-json\/wp\/v2\/media?parent=4295"}],"curies":[{"name":"wp","href":"https:\/\/api.w.org\/{rel}","templated":true}]}}