{"id":4263,"date":"2021-10-15T08:19:21","date_gmt":"2021-10-15T08:19:21","guid":{"rendered":"https:\/\/www.kubija.ee\/seminarid-ja-noupidamised\/"},"modified":"2026-02-10T10:48:21","modified_gmt":"2026-02-10T10:48:21","slug":"kokoukset","status":"publish","type":"page","link":"https:\/\/www.kubija.ee\/fi\/kokoukset\/","title":{"rendered":"Kokoukset"},"content":{"rendered":"\n<div class=\"wp-block-cover alignfull has-custom-content-position is-position-bottom-center\" style=\"min-height:550px;aspect-ratio:unset;\"><img loading=\"lazy\" decoding=\"async\" width=\"1632\" height=\"1224\" class=\"wp-block-cover__image-background wp-image-341\" alt=\"\" src=\"https:\/\/www.kubija.ee\/wp-content\/uploads\/2021\/10\/Kubija_hotell-loodusspaa-seminariruum.jpg\" style=\"object-position:82% 53%\" data-object-fit=\"cover\" data-object-position=\"82% 53%\" srcset=\"https:\/\/www.kubija.ee\/wp-content\/uploads\/2021\/10\/Kubija_hotell-loodusspaa-seminariruum.jpg 1632w, https:\/\/www.kubija.ee\/wp-content\/uploads\/2021\/10\/Kubija_hotell-loodusspaa-seminariruum-600x450.jpg 600w, https:\/\/www.kubija.ee\/wp-content\/uploads\/2021\/10\/Kubija_hotell-loodusspaa-seminariruum-300x225.jpg 300w, https:\/\/www.kubija.ee\/wp-content\/uploads\/2021\/10\/Kubija_hotell-loodusspaa-seminariruum-1024x768.jpg 1024w, https:\/\/www.kubija.ee\/wp-content\/uploads\/2021\/10\/Kubija_hotell-loodusspaa-seminariruum-768x576.jpg 768w, https:\/\/www.kubija.ee\/wp-content\/uploads\/2021\/10\/Kubija_hotell-loodusspaa-seminariruum-1536x1152.jpg 1536w, https:\/\/www.kubija.ee\/wp-content\/uploads\/2021\/10\/Kubija_hotell-loodusspaa-seminariruum-1568x1176.jpg 1568w\" sizes=\"auto, (max-width: 1632px) 100vw, 1632px\" \/><span aria-hidden=\"true\" class=\"wp-block-cover__background has-background-dim-30 has-background-dim\"><\/span><div class=\"wp-block-cover__inner-container is-layout-flow wp-block-cover-is-layout-flow\">\n<h1 class=\"wp-block-heading has-text-align-center has-huge-font-size\">Kokoukset<\/h1>\n<\/div><\/div>\n\n\n\n<hr class=\"wp-block-separator has-css-opacity is-style-edream-separator\"\/>\n\n\n\n<div class=\"wp-block-media-text alignfull is-stacked-on-mobile animated fadeIn delay-100ms slow\"><figure class=\"wp-block-media-text__media\"><img loading=\"lazy\" decoding=\"async\" width=\"1024\" height=\"768\" src=\"https:\/\/www.kubija.ee\/wp-content\/uploads\/2021\/10\/Kubija-hotell-loodusspaa-noupidamisteruum-1024x768.jpg\" alt=\"\" class=\"wp-image-361 size-full\" srcset=\"https:\/\/www.kubija.ee\/wp-content\/uploads\/2021\/10\/Kubija-hotell-loodusspaa-noupidamisteruum-1024x768.jpg 1024w, https:\/\/www.kubija.ee\/wp-content\/uploads\/2021\/10\/Kubija-hotell-loodusspaa-noupidamisteruum-600x450.jpg 600w, https:\/\/www.kubija.ee\/wp-content\/uploads\/2021\/10\/Kubija-hotell-loodusspaa-noupidamisteruum-300x225.jpg 300w, https:\/\/www.kubija.ee\/wp-content\/uploads\/2021\/10\/Kubija-hotell-loodusspaa-noupidamisteruum-768x576.jpg 768w, https:\/\/www.kubija.ee\/wp-content\/uploads\/2021\/10\/Kubija-hotell-loodusspaa-noupidamisteruum-1536x1152.jpg 1536w, https:\/\/www.kubija.ee\/wp-content\/uploads\/2021\/10\/Kubija-hotell-loodusspaa-noupidamisteruum-1568x1176.jpg 1568w, https:\/\/www.kubija.ee\/wp-content\/uploads\/2021\/10\/Kubija-hotell-loodusspaa-noupidamisteruum.jpg 1632w\" sizes=\"auto, (max-width: 1024px) 100vw, 1024px\" \/><\/figure><div class=\"wp-block-media-text__content\">\n<p class=\"has-small-font-size\">SEMINARIHUONE<\/p>\n\n\n\n<h2 class=\"wp-block-heading has-green-color has-text-color has-large-font-size\">Kokoushuoneiden varustelu<\/h2>\n\n\n\n<ul class=\"wp-block-list\">\n<li>Dataprojektori ja n\u00e4ytt\u00f6<\/li>\n\n\n\n<li>Fl\u00e4ppitaulu ja kyn\u00e4t<\/li>\n\n\n\n<li>Maksuton langaton internetyhteys, mahdollisuus my\u00f6s kaapeliyhteyteen<\/li>\n<\/ul>\n<\/div><\/div>\n\n\n\n<div style=\"height:20px\" aria-hidden=\"true\" class=\"wp-block-spacer\"><\/div>\n\n\n\n<hr class=\"wp-block-separator has-css-opacity is-style-edream-separator\"\/>\n\n\n\n<div class=\"wp-block-columns alignwide animated fadeIn delay-100ms slow is-layout-flex wp-container-core-columns-is-layout-28f84493 wp-block-columns-is-layout-flex\">\n<div class=\"wp-block-column is-layout-flow wp-block-column-is-layout-flow\" style=\"flex-basis:60%\">\n<h3 class=\"wp-block-heading has-text-color\" style=\"color:#9d7a35\">Etsitk\u00f6 inspiraatiota? Hyvi\u00e4 ajatuksiako? Tule Kubijaan, Viroon!<\/h3>\n\n\n\n<p>Luontokylpyl\u00e4hotellimme tarjoaa kokousten ja neuvottelujen j\u00e4rjest\u00e4miseen maalauksellisen innoittavan luonnon lis\u00e4ksi nykyaikaisilla laitteilla varustettuja kokoustiloja.<\/p>\n<\/div>\n\n\n\n<div class=\"wp-block-column is-layout-flow wp-block-column-is-layout-flow\" style=\"flex-basis:40%\">\n<h3 class=\"wp-block-heading has-text-color\" style=\"color:#9d7a35\">Yhteystiedot<\/h3>\n\n\n\n<ul class=\"wp-block-list\">\n<li><a href=\"mailto:info@kubija.ee\" target=\"_blank\" rel=\"noreferrer noopener\">info@kubija.ee<\/a><\/li>\n\n\n\n<li>+ 372 50 45 745<\/li>\n\n\n\n<li>+ 372 78 66 000<\/li>\n<\/ul>\n\n\n\n<div class=\"wp-block-buttons is-layout-flex wp-block-buttons-is-layout-flex\">\n<div class=\"wp-block-button\"><a class=\"wp-block-button__link wp-element-button\" href=\"https:\/\/www.kubija.ee\/fi\/kokoukset\/pyyda-tarjous\/\">Pyyd\u00e4 tarjous<\/a><\/div>\n<\/div>\n<\/div>\n<\/div>\n\n\n\n<hr class=\"wp-block-separator has-css-opacity is-style-edream-separator\"\/>\n\n\n\n<div style=\"height:20px\" aria-hidden=\"true\" class=\"wp-block-spacer\"><\/div>\n\n\n\n<h2 class=\"wp-block-heading has-text-align-center animated fadeIn delay-100ms slow has-text-color\" style=\"color:#9d7a35\">Kokoushuoneiden kapasiteetti ja hinnat<\/h2>\n\n\n\n<figure class=\"wp-block-table is-style-stripes animated fadeIn delay-200ms slow\"><table><thead><tr><th class=\"has-text-align-left\" data-align=\"left\">Tilan nimi<\/th><th class=\"has-text-align-left\" data-align=\"left\">Pintala m2<\/th><th class=\"has-text-align-left\" data-align=\"left\">Teatteri<\/th><th class=\"has-text-align-left\" data-align=\"left\">Luokka<\/th><th class=\"has-text-align-left\" data-align=\"left\">U-muoto<\/th><th class=\"has-text-align-left\" data-align=\"left\"><\/th><th class=\"has-text-align-left\" data-align=\"left\">P\u00e4iv\u00e4hinta<\/th><\/tr><\/thead><tbody><tr><td class=\"has-text-align-left\" data-align=\"left\">Konferenssisali M\u00e4nd<\/td><td class=\"has-text-align-left\" data-align=\"left\">75<\/td><td class=\"has-text-align-left\" data-align=\"left\">80<\/td><td class=\"has-text-align-left\" data-align=\"left\">56<\/td><td class=\"has-text-align-left\" data-align=\"left\">30<\/td><td class=\"has-text-align-left\" data-align=\"left\"><\/td><td class=\"has-text-align-left\" data-align=\"left\">150 \u20ac<\/td><\/tr><tr><td class=\"has-text-align-left\" data-align=\"left\">Konferenssisali Kuusk<\/td><td class=\"has-text-align-left\" data-align=\"left\">50<\/td><td class=\"has-text-align-left\" data-align=\"left\">36<\/td><td class=\"has-text-align-left\" data-align=\"left\">24<\/td><td class=\"has-text-align-left\" data-align=\"left\">18<\/td><td class=\"has-text-align-left\" data-align=\"left\"><\/td><td class=\"has-text-align-left\" data-align=\"left\">100 \u20ac<\/td><\/tr><tr><td class=\"has-text-align-left\" data-align=\"left\">Takkahuone<\/td><td class=\"has-text-align-left\" data-align=\"left\">60<\/td><td class=\"has-text-align-left\" data-align=\"left\">24<\/td><td class=\"has-text-align-left\" data-align=\"left\">18<\/td><td class=\"has-text-align-left\" data-align=\"left\">16<\/td><td class=\"has-text-align-left\" data-align=\"left\"><\/td><td class=\"has-text-align-left\" data-align=\"left\">95 \u20ac<\/td><\/tr><\/tbody><\/table><\/figure>\n\n\n\n<p><\/p>\n\n\n\n<hr class=\"wp-block-separator has-css-opacity is-style-edream-separator\"\/>\n","protected":false},"excerpt":{"rendered":"<p>Etsitk\u00f6 inspiraatiota? Hyvi\u00e4 ajatuksiako? Tule Kubijaan, Viroon! Luontokylpyl\u00e4hotellimme tarjoaa kokousten ja neuvottelujen j\u00e4rjest\u00e4miseen maalauksellisen innoittavan luonnon lis\u00e4ksi nykyaikaisilla laitteilla varustettuja kokoustiloja. Yhteystiedot Kokoushuoneiden kapasiteetti ja hinnat Tilan nimi Pintala m2 Teatteri Luokka U-muoto P\u00e4iv\u00e4hinta Konferenssisali M\u00e4nd 75 80 56 30 150 \u20ac Konferenssisali Kuusk 50 36 24 18 100 \u20ac Takkahuone 60 24 18 16 [&hellip;]<\/p>\n","protected":false},"author":2,"featured_media":0,"parent":0,"menu_order":165,"comment_status":"closed","ping_status":"closed","template":"","meta":{"footnotes":""},"class_list":["post-4263","page","type-page","status-publish","hentry"],"yoast_head":"<!-- This site is optimized with the Yoast SEO plugin v27.5 - https:\/\/yoast.com\/product\/yoast-seo-wordpress\/ -->\n<title>Kokoukset, tapaamiset, tapahtumat ja seminaarit | Kokoushotelli Virossa<\/title>\n<meta name=\"description\" content=\"Kokoukset, tapaamiset, tapahtumat ja seminaarit Etel\u00e4-Virossa V\u00f5run l\u00e4hell\u00e4 Kubija hotelli-luontokylpyl\u00e4ss\u00e4. Kokouspaketti alkaen 25 \u20ac\/hl\u00f6.\" \/>\n<meta name=\"robots\" content=\"index, follow, max-snippet:-1, max-image-preview:large, max-video-preview:-1\" \/>\n<link rel=\"canonical\" href=\"https:\/\/www.kubija.ee\/fi\/kokoukset\/\" \/>\n<meta property=\"og:locale\" content=\"fi_FI\" \/>\n<meta property=\"og:type\" content=\"article\" \/>\n<meta property=\"og:title\" content=\"Kokoukset, tapaamiset, tapahtumat ja seminaarit | Kokoushotelli Virossa\" \/>\n<meta property=\"og:description\" content=\"Kokoukset, tapaamiset, tapahtumat ja seminaarit Etel\u00e4-Virossa V\u00f5run l\u00e4hell\u00e4 Kubija hotelli-luontokylpyl\u00e4ss\u00e4. Kokouspaketti alkaen 25 \u20ac\/hl\u00f6.\" \/>\n<meta property=\"og:url\" content=\"https:\/\/www.kubija.ee\/fi\/kokoukset\/\" \/>\n<meta property=\"og:site_name\" content=\"Kubija hotell-loodusspaa V&otilde;rumaal\" \/>\n<meta property=\"article:publisher\" content=\"https:\/\/www.facebook.com\/kubijahotell\/\" \/>\n<meta property=\"article:modified_time\" content=\"2026-02-10T10:48:21+00:00\" \/>\n<meta property=\"og:image\" content=\"https:\/\/www.kubija.ee\/wp-content\/uploads\/2021\/10\/Kubija_hotell-loodusspaa-seminariruum.jpg\" \/>\n\t<meta property=\"og:image:width\" content=\"1632\" \/>\n\t<meta property=\"og:image:height\" content=\"1224\" \/>\n\t<meta property=\"og:image:type\" content=\"image\/jpeg\" \/>\n<meta name=\"twitter:card\" content=\"summary_large_image\" \/>\n<meta name=\"twitter:label1\" content=\"Arvioitu lukuaika\" \/>\n\t<meta name=\"twitter:data1\" content=\"1 minuutti\" \/>\n<script type=\"application\/ld+json\" class=\"yoast-schema-graph\">{\"@context\":\"https:\\\/\\\/schema.org\",\"@graph\":[{\"@type\":\"WebPage\",\"@id\":\"https:\\\/\\\/www.kubija.ee\\\/fi\\\/kokoukset\\\/\",\"url\":\"https:\\\/\\\/www.kubija.ee\\\/fi\\\/kokoukset\\\/\",\"name\":\"Kokoukset, tapaamiset, tapahtumat ja seminaarit | Kokoushotelli Virossa\",\"isPartOf\":{\"@id\":\"https:\\\/\\\/www.kubija.ee\\\/#website\"},\"primaryImageOfPage\":{\"@id\":\"https:\\\/\\\/www.kubija.ee\\\/fi\\\/kokoukset\\\/#primaryimage\"},\"image\":{\"@id\":\"https:\\\/\\\/www.kubija.ee\\\/fi\\\/kokoukset\\\/#primaryimage\"},\"thumbnailUrl\":\"https:\\\/\\\/www.kubija.ee\\\/wp-content\\\/uploads\\\/2021\\\/10\\\/Kubija_hotell-loodusspaa-seminariruum.jpg\",\"datePublished\":\"2021-10-15T08:19:21+00:00\",\"dateModified\":\"2026-02-10T10:48:21+00:00\",\"description\":\"Kokoukset, tapaamiset, tapahtumat ja seminaarit Etel\u00e4-Virossa V\u00f5run l\u00e4hell\u00e4 Kubija hotelli-luontokylpyl\u00e4ss\u00e4. Kokouspaketti alkaen 25 \u20ac\\\/hl\u00f6.\",\"breadcrumb\":{\"@id\":\"https:\\\/\\\/www.kubija.ee\\\/fi\\\/kokoukset\\\/#breadcrumb\"},\"inLanguage\":\"fi\",\"potentialAction\":[{\"@type\":\"ReadAction\",\"target\":[\"https:\\\/\\\/www.kubija.ee\\\/fi\\\/kokoukset\\\/\"]}]},{\"@type\":\"ImageObject\",\"inLanguage\":\"fi\",\"@id\":\"https:\\\/\\\/www.kubija.ee\\\/fi\\\/kokoukset\\\/#primaryimage\",\"url\":\"https:\\\/\\\/www.kubija.ee\\\/wp-content\\\/uploads\\\/2021\\\/10\\\/Kubija_hotell-loodusspaa-seminariruum.jpg\",\"contentUrl\":\"https:\\\/\\\/www.kubija.ee\\\/wp-content\\\/uploads\\\/2021\\\/10\\\/Kubija_hotell-loodusspaa-seminariruum.jpg\"},{\"@type\":\"BreadcrumbList\",\"@id\":\"https:\\\/\\\/www.kubija.ee\\\/fi\\\/kokoukset\\\/#breadcrumb\",\"itemListElement\":[{\"@type\":\"ListItem\",\"position\":1,\"name\":\"Home\",\"item\":\"https:\\\/\\\/www.kubija.ee\\\/fi\\\/\"},{\"@type\":\"ListItem\",\"position\":2,\"name\":\"Kokoukset\"}]},{\"@type\":\"WebSite\",\"@id\":\"https:\\\/\\\/www.kubija.ee\\\/#website\",\"url\":\"https:\\\/\\\/www.kubija.ee\\\/\",\"name\":\"Kubija hotell-loodusspaa V&otilde;rumaal\",\"description\":\"J&auml;rjekordne WordPressi veebileht\",\"publisher\":{\"@id\":\"https:\\\/\\\/www.kubija.ee\\\/#organization\"},\"potentialAction\":[{\"@type\":\"SearchAction\",\"target\":{\"@type\":\"EntryPoint\",\"urlTemplate\":\"https:\\\/\\\/www.kubija.ee\\\/?s={search_term_string}\"},\"query-input\":{\"@type\":\"PropertyValueSpecification\",\"valueRequired\":true,\"valueName\":\"search_term_string\"}}],\"inLanguage\":\"fi\"},{\"@type\":\"Organization\",\"@id\":\"https:\\\/\\\/www.kubija.ee\\\/#organization\",\"name\":\"Kubija hotell-loodusspaa\",\"url\":\"https:\\\/\\\/www.kubija.ee\\\/\",\"logo\":{\"@type\":\"ImageObject\",\"inLanguage\":\"fi\",\"@id\":\"https:\\\/\\\/www.kubija.ee\\\/#\\\/schema\\\/logo\\\/image\\\/\",\"url\":\"https:\\\/\\\/www.kubija.ee\\\/wp-content\\\/uploads\\\/2021\\\/12\\\/logo-1-e1638351137779.png\",\"contentUrl\":\"https:\\\/\\\/www.kubija.ee\\\/wp-content\\\/uploads\\\/2021\\\/12\\\/logo-1-e1638351137779.png\",\"width\":305,\"height\":260,\"caption\":\"Kubija hotell-loodusspaa\"},\"image\":{\"@id\":\"https:\\\/\\\/www.kubija.ee\\\/#\\\/schema\\\/logo\\\/image\\\/\"},\"sameAs\":[\"https:\\\/\\\/www.facebook.com\\\/kubijahotell\\\/\",\"https:\\\/\\\/www.instagram.com\\\/kubijahotellloodusspaa\\\/\"]}]}<\/script>\n<!-- \/ Yoast SEO plugin. -->","yoast_head_json":{"title":"Kokoukset, tapaamiset, tapahtumat ja seminaarit | Kokoushotelli Virossa","description":"Kokoukset, tapaamiset, tapahtumat ja seminaarit Etel\u00e4-Virossa V\u00f5run l\u00e4hell\u00e4 Kubija hotelli-luontokylpyl\u00e4ss\u00e4. Kokouspaketti alkaen 25 \u20ac\/hl\u00f6.","robots":{"index":"index","follow":"follow","max-snippet":"max-snippet:-1","max-image-preview":"max-image-preview:large","max-video-preview":"max-video-preview:-1"},"canonical":"https:\/\/www.kubija.ee\/fi\/kokoukset\/","og_locale":"fi_FI","og_type":"article","og_title":"Kokoukset, tapaamiset, tapahtumat ja seminaarit | Kokoushotelli Virossa","og_description":"Kokoukset, tapaamiset, tapahtumat ja seminaarit Etel\u00e4-Virossa V\u00f5run l\u00e4hell\u00e4 Kubija hotelli-luontokylpyl\u00e4ss\u00e4. Kokouspaketti alkaen 25 \u20ac\/hl\u00f6.","og_url":"https:\/\/www.kubija.ee\/fi\/kokoukset\/","og_site_name":"Kubija hotell-loodusspaa V&otilde;rumaal","article_publisher":"https:\/\/www.facebook.com\/kubijahotell\/","article_modified_time":"2026-02-10T10:48:21+00:00","og_image":[{"width":1632,"height":1224,"url":"https:\/\/www.kubija.ee\/wp-content\/uploads\/2021\/10\/Kubija_hotell-loodusspaa-seminariruum.jpg","type":"image\/jpeg"}],"twitter_card":"summary_large_image","twitter_misc":{"Arvioitu lukuaika":"1 minuutti"},"schema":{"@context":"https:\/\/schema.org","@graph":[{"@type":"WebPage","@id":"https:\/\/www.kubija.ee\/fi\/kokoukset\/","url":"https:\/\/www.kubija.ee\/fi\/kokoukset\/","name":"Kokoukset, tapaamiset, tapahtumat ja seminaarit | Kokoushotelli Virossa","isPartOf":{"@id":"https:\/\/www.kubija.ee\/#website"},"primaryImageOfPage":{"@id":"https:\/\/www.kubija.ee\/fi\/kokoukset\/#primaryimage"},"image":{"@id":"https:\/\/www.kubija.ee\/fi\/kokoukset\/#primaryimage"},"thumbnailUrl":"https:\/\/www.kubija.ee\/wp-content\/uploads\/2021\/10\/Kubija_hotell-loodusspaa-seminariruum.jpg","datePublished":"2021-10-15T08:19:21+00:00","dateModified":"2026-02-10T10:48:21+00:00","description":"Kokoukset, tapaamiset, tapahtumat ja seminaarit Etel\u00e4-Virossa V\u00f5run l\u00e4hell\u00e4 Kubija hotelli-luontokylpyl\u00e4ss\u00e4. Kokouspaketti alkaen 25 \u20ac\/hl\u00f6.","breadcrumb":{"@id":"https:\/\/www.kubija.ee\/fi\/kokoukset\/#breadcrumb"},"inLanguage":"fi","potentialAction":[{"@type":"ReadAction","target":["https:\/\/www.kubija.ee\/fi\/kokoukset\/"]}]},{"@type":"ImageObject","inLanguage":"fi","@id":"https:\/\/www.kubija.ee\/fi\/kokoukset\/#primaryimage","url":"https:\/\/www.kubija.ee\/wp-content\/uploads\/2021\/10\/Kubija_hotell-loodusspaa-seminariruum.jpg","contentUrl":"https:\/\/www.kubija.ee\/wp-content\/uploads\/2021\/10\/Kubija_hotell-loodusspaa-seminariruum.jpg"},{"@type":"BreadcrumbList","@id":"https:\/\/www.kubija.ee\/fi\/kokoukset\/#breadcrumb","itemListElement":[{"@type":"ListItem","position":1,"name":"Home","item":"https:\/\/www.kubija.ee\/fi\/"},{"@type":"ListItem","position":2,"name":"Kokoukset"}]},{"@type":"WebSite","@id":"https:\/\/www.kubija.ee\/#website","url":"https:\/\/www.kubija.ee\/","name":"Kubija hotell-loodusspaa V&otilde;rumaal","description":"J&auml;rjekordne WordPressi veebileht","publisher":{"@id":"https:\/\/www.kubija.ee\/#organization"},"potentialAction":[{"@type":"SearchAction","target":{"@type":"EntryPoint","urlTemplate":"https:\/\/www.kubija.ee\/?s={search_term_string}"},"query-input":{"@type":"PropertyValueSpecification","valueRequired":true,"valueName":"search_term_string"}}],"inLanguage":"fi"},{"@type":"Organization","@id":"https:\/\/www.kubija.ee\/#organization","name":"Kubija hotell-loodusspaa","url":"https:\/\/www.kubija.ee\/","logo":{"@type":"ImageObject","inLanguage":"fi","@id":"https:\/\/www.kubija.ee\/#\/schema\/logo\/image\/","url":"https:\/\/www.kubija.ee\/wp-content\/uploads\/2021\/12\/logo-1-e1638351137779.png","contentUrl":"https:\/\/www.kubija.ee\/wp-content\/uploads\/2021\/12\/logo-1-e1638351137779.png","width":305,"height":260,"caption":"Kubija hotell-loodusspaa"},"image":{"@id":"https:\/\/www.kubija.ee\/#\/schema\/logo\/image\/"},"sameAs":["https:\/\/www.facebook.com\/kubijahotell\/","https:\/\/www.instagram.com\/kubijahotellloodusspaa\/"]}]}},"_links":{"self":[{"href":"https:\/\/www.kubija.ee\/fi\/wp-json\/wp\/v2\/pages\/4263","targetHints":{"allow":["GET"]}}],"collection":[{"href":"https:\/\/www.kubija.ee\/fi\/wp-json\/wp\/v2\/pages"}],"about":[{"href":"https:\/\/www.kubija.ee\/fi\/wp-json\/wp\/v2\/types\/page"}],"author":[{"embeddable":true,"href":"https:\/\/www.kubija.ee\/fi\/wp-json\/wp\/v2\/users\/2"}],"replies":[{"embeddable":true,"href":"https:\/\/www.kubija.ee\/fi\/wp-json\/wp\/v2\/comments?post=4263"}],"version-history":[{"count":5,"href":"https:\/\/www.kubija.ee\/fi\/wp-json\/wp\/v2\/pages\/4263\/revisions"}],"predecessor-version":[{"id":22170,"href":"https:\/\/www.kubija.ee\/fi\/wp-json\/wp\/v2\/pages\/4263\/revisions\/22170"}],"wp:attachment":[{"href":"https:\/\/www.kubija.ee\/fi\/wp-json\/wp\/v2\/media?parent=4263"}],"curies":[{"name":"wp","href":"https:\/\/api.w.org\/{rel}","templated":true}]}}