{"id":4179,"date":"2021-10-15T08:50:44","date_gmt":"2021-10-15T08:50:44","guid":{"rendered":"https:\/\/www.kubija.ee\/ravintola\/paevapakkumine\/"},"modified":"2022-01-24T13:46:45","modified_gmt":"2022-01-24T13:46:45","slug":"lounas-buffe","status":"publish","type":"page","link":"https:\/\/www.kubija.ee\/fi\/ravintola\/lounas-buffe\/","title":{"rendered":"Lounas-buffe"},"content":{"rendered":"\n<div class=\"wp-block-cover alignfull has-background-dim-30 has-background-dim has-custom-content-position is-position-bottom-center\" style=\"min-height:430px;aspect-ratio:unset;\"><img loading=\"lazy\" decoding=\"async\" width=\"2048\" height=\"1365\" class=\"wp-block-cover__image-background wp-image-5128\" alt=\"\" src=\"https:\/\/www.kubija.ee\/wp-content\/uploads\/2022\/01\/grethe.ee094.jpg\" style=\"object-position:54% 79%\" data-object-fit=\"cover\" data-object-position=\"54% 79%\" srcset=\"https:\/\/www.kubija.ee\/wp-content\/uploads\/2022\/01\/grethe.ee094.jpg 2048w, https:\/\/www.kubija.ee\/wp-content\/uploads\/2022\/01\/grethe.ee094-300x200.jpg 300w, https:\/\/www.kubija.ee\/wp-content\/uploads\/2022\/01\/grethe.ee094-1024x683.jpg 1024w, https:\/\/www.kubija.ee\/wp-content\/uploads\/2022\/01\/grethe.ee094-768x512.jpg 768w, https:\/\/www.kubija.ee\/wp-content\/uploads\/2022\/01\/grethe.ee094-1536x1024.jpg 1536w, https:\/\/www.kubija.ee\/wp-content\/uploads\/2022\/01\/grethe.ee094-1568x1045.jpg 1568w, https:\/\/www.kubija.ee\/wp-content\/uploads\/2022\/01\/grethe.ee094-600x400.jpg 600w, https:\/\/www.kubija.ee\/wp-content\/uploads\/2022\/01\/grethe.ee094-100x67.jpg 100w\" sizes=\"auto, (max-width: 2048px) 100vw, 2048px\" \/><div class=\"wp-block-cover__inner-container is-layout-flow wp-block-cover-is-layout-flow\">\n<h1 class=\"has-text-align-center has-huge-font-size wp-block-heading\">Lounas-buffe<\/h1>\n<\/div><\/div>\n\n\n\n<div class=\"wp-block-buttons is-content-justification-center is-layout-flex wp-block-buttons-is-layout-flex\">\n<div class=\"wp-block-button has-custom-width wp-block-button__width-50 is-style-outline is-style-outline--1\"><a class=\"wp-block-button__link\" href=\"https:\/\/www.kubija.ee\/toitlustus\/ala-carte-menuu\/\" style=\"border-radius:11px\">A\u00b4la carte<\/a><\/div>\n\n\n\n<div class=\"wp-block-button has-custom-width wp-block-button__width-50 is-style-outline is-style-outline--2\"><a class=\"wp-block-button__link\" href=\"\/fi\/ravintola\/kahvi-ja-teetauot\/\" style=\"border-radius:11px\">Kahvi- ja teetauot<\/a><\/div>\n<\/div>\n\n\n\n<hr class=\"wp-block-separator is-style-edream-separator\"\/>\n\n\n\n<h2 class=\"has-text-align-center wp-block-heading\">Lounas-buffe<\/h2>\n\n\n\n<p class=\"has-text-align-center\">P\u00e4iv\u00e4tarjouksen ostajalle kuppi kahvia tai teet\u00e4 ilmaiseksi.<\/p>\n\n\n\n<div style=\"height:20px\" aria-hidden=\"true\" class=\"wp-block-spacer\"><\/div>\n\n\n\n<div class=\"wp-block-cover alignfull has-background-dim-30 has-background-dim has-parallax\" style=\"background-image:url(https:\/\/www.kubija.ee\/wp-content\/uploads\/2022\/01\/grethe.ee094.jpg);min-height:200px;aspect-ratio:unset;\"><div class=\"wp-block-cover__inner-container is-layout-flow wp-block-cover-is-layout-flow\">\n<h2 class=\"has-text-align-center has-huge-font-size wp-block-heading\">Ma-Pe 12:00 \u2013 14:30<\/h2>\n<\/div><\/div>\n\n\n\n<div style=\"height:20px\" aria-hidden=\"true\" class=\"wp-block-spacer\"><\/div>\n\n\n\n<div class=\"wp-block-columns is-layout-flex wp-container-core-columns-is-layout-28f84493 wp-block-columns-is-layout-flex\">\n<div class=\"wp-block-column is-layout-flow wp-block-column-is-layout-flow\" style=\"flex-basis:66.66%\">\n<p><strong>P\u00e4\u00e4ruoka<\/strong><\/p>\n<\/div>\n\n\n\n<div class=\"wp-block-column is-layout-flow wp-block-column-is-layout-flow\" style=\"flex-basis:33.33%\">\n<p><strong>6.00\u20ac<\/strong><\/p>\n<\/div>\n<\/div>\n\n\n\n<div class=\"wp-block-columns is-layout-flex wp-container-core-columns-is-layout-28f84493 wp-block-columns-is-layout-flex\">\n<div class=\"wp-block-column is-layout-flow wp-block-column-is-layout-flow\" style=\"flex-basis:66.66%\">\n<p><strong>J\u00e4lkiruoka<\/strong><\/p>\n<\/div>\n\n\n\n<div class=\"wp-block-column is-layout-flow wp-block-column-is-layout-flow\" style=\"flex-basis:33.33%\">\n<p><strong>3.00\u20ac<\/strong><\/p>\n<\/div>\n<\/div>\n\n\n\n<div class=\"wp-block-columns is-layout-flex wp-container-core-columns-is-layout-28f84493 wp-block-columns-is-layout-flex\">\n<div class=\"wp-block-column is-layout-flow wp-block-column-is-layout-flow\" style=\"flex-basis:100%\">\n<p>Kahvi, tee, p\u00f6yt\u00e4vesi<br>Leip\u00e4, valkoinen leip\u00e4, s\u00e4mpyl\u00e4t ja maustevoi<\/p>\n<\/div>\n<\/div>\n\n\n\n<div style=\"height:40px\" aria-hidden=\"true\" class=\"wp-block-spacer\"><\/div>\n","protected":false},"excerpt":{"rendered":"<p>Lounas-buffe P\u00e4iv\u00e4tarjouksen ostajalle kuppi kahvia tai teet\u00e4 ilmaiseksi. P\u00e4\u00e4ruoka 6.00\u20ac J\u00e4lkiruoka 3.00\u20ac Kahvi, tee, p\u00f6yt\u00e4vesiLeip\u00e4, valkoinen leip\u00e4, s\u00e4mpyl\u00e4t ja maustevoi<\/p>\n","protected":false},"author":2,"featured_media":0,"parent":4172,"menu_order":150,"comment_status":"closed","ping_status":"closed","template":"","meta":{"footnotes":""},"class_list":["post-4179","page","type-page","status-publish","hentry"],"yoast_head":"<!-- This site is optimized with the Yoast SEO plugin v27.4 - https:\/\/yoast.com\/product\/yoast-seo-wordpress\/ -->\n<title>Lounas-buffe - Kubija hotell-loodusspaa V&otilde;rumaal<\/title>\n<meta name=\"robots\" content=\"index, follow, max-snippet:-1, max-image-preview:large, max-video-preview:-1\" \/>\n<link rel=\"canonical\" href=\"https:\/\/www.kubija.ee\/toitlustus\/paevapakkumine\/\" \/>\n<meta property=\"og:locale\" content=\"fi_FI\" \/>\n<meta property=\"og:type\" content=\"article\" \/>\n<meta property=\"og:title\" content=\"Lounas-buffe - Kubija hotell-loodusspaa V&otilde;rumaal\" \/>\n<meta property=\"og:description\" content=\"Lounas-buffe P\u00e4iv\u00e4tarjouksen ostajalle kuppi kahvia tai teet\u00e4 ilmaiseksi. P\u00e4\u00e4ruoka 6.00\u20ac J\u00e4lkiruoka 3.00\u20ac Kahvi, tee, p\u00f6yt\u00e4vesiLeip\u00e4, valkoinen leip\u00e4, s\u00e4mpyl\u00e4t ja maustevoi\" \/>\n<meta property=\"og:url\" content=\"https:\/\/www.kubija.ee\/toitlustus\/paevapakkumine\/\" \/>\n<meta property=\"og:site_name\" content=\"Kubija hotell-loodusspaa V&otilde;rumaal\" \/>\n<meta property=\"article:publisher\" content=\"https:\/\/www.facebook.com\/kubijahotell\/\" \/>\n<meta property=\"article:modified_time\" content=\"2022-01-24T13:46:45+00:00\" \/>\n<meta property=\"og:image\" content=\"https:\/\/www.kubija.ee\/wp-content\/uploads\/2022\/01\/grethe.ee094.jpg\" \/>\n<meta name=\"twitter:card\" content=\"summary_large_image\" \/>\n<meta name=\"twitter:label1\" content=\"Arvioitu lukuaika\" \/>\n\t<meta name=\"twitter:data1\" content=\"1 minuutti\" \/>\n<script type=\"application\/ld+json\" class=\"yoast-schema-graph\">{\"@context\":\"https:\\\/\\\/schema.org\",\"@graph\":[{\"@type\":\"WebPage\",\"@id\":\"https:\\\/\\\/www.kubija.ee\\\/toitlustus\\\/paevapakkumine\\\/\",\"url\":\"https:\\\/\\\/www.kubija.ee\\\/toitlustus\\\/paevapakkumine\\\/\",\"name\":\"Lounas-buffe - Kubija hotell-loodusspaa V&otilde;rumaal\",\"isPartOf\":{\"@id\":\"https:\\\/\\\/www.kubija.ee\\\/#website\"},\"primaryImageOfPage\":{\"@id\":\"https:\\\/\\\/www.kubija.ee\\\/toitlustus\\\/paevapakkumine\\\/#primaryimage\"},\"image\":{\"@id\":\"https:\\\/\\\/www.kubija.ee\\\/toitlustus\\\/paevapakkumine\\\/#primaryimage\"},\"thumbnailUrl\":\"https:\\\/\\\/www.kubija.ee\\\/wp-content\\\/uploads\\\/2022\\\/01\\\/grethe.ee094.jpg\",\"datePublished\":\"2021-10-15T08:50:44+00:00\",\"dateModified\":\"2022-01-24T13:46:45+00:00\",\"breadcrumb\":{\"@id\":\"https:\\\/\\\/www.kubija.ee\\\/toitlustus\\\/paevapakkumine\\\/#breadcrumb\"},\"inLanguage\":\"fi\",\"potentialAction\":[{\"@type\":\"ReadAction\",\"target\":[\"https:\\\/\\\/www.kubija.ee\\\/toitlustus\\\/paevapakkumine\\\/\"]}]},{\"@type\":\"ImageObject\",\"inLanguage\":\"fi\",\"@id\":\"https:\\\/\\\/www.kubija.ee\\\/toitlustus\\\/paevapakkumine\\\/#primaryimage\",\"url\":\"https:\\\/\\\/www.kubija.ee\\\/wp-content\\\/uploads\\\/2022\\\/01\\\/grethe.ee094.jpg\",\"contentUrl\":\"https:\\\/\\\/www.kubija.ee\\\/wp-content\\\/uploads\\\/2022\\\/01\\\/grethe.ee094.jpg\"},{\"@type\":\"BreadcrumbList\",\"@id\":\"https:\\\/\\\/www.kubija.ee\\\/toitlustus\\\/paevapakkumine\\\/#breadcrumb\",\"itemListElement\":[{\"@type\":\"ListItem\",\"position\":1,\"name\":\"Home\",\"item\":\"https:\\\/\\\/www.kubija.ee\\\/fi\\\/\"},{\"@type\":\"ListItem\",\"position\":2,\"name\":\"Ravintola\",\"item\":\"https:\\\/\\\/www.kubija.ee\\\/fi\\\/ravintola\\\/\"},{\"@type\":\"ListItem\",\"position\":3,\"name\":\"Lounas-buffe\"}]},{\"@type\":\"WebSite\",\"@id\":\"https:\\\/\\\/www.kubija.ee\\\/#website\",\"url\":\"https:\\\/\\\/www.kubija.ee\\\/\",\"name\":\"Kubija hotell-loodusspaa V&otilde;rumaal\",\"description\":\"J&auml;rjekordne WordPressi veebileht\",\"publisher\":{\"@id\":\"https:\\\/\\\/www.kubija.ee\\\/#organization\"},\"potentialAction\":[{\"@type\":\"SearchAction\",\"target\":{\"@type\":\"EntryPoint\",\"urlTemplate\":\"https:\\\/\\\/www.kubija.ee\\\/?s={search_term_string}\"},\"query-input\":{\"@type\":\"PropertyValueSpecification\",\"valueRequired\":true,\"valueName\":\"search_term_string\"}}],\"inLanguage\":\"fi\"},{\"@type\":\"Organization\",\"@id\":\"https:\\\/\\\/www.kubija.ee\\\/#organization\",\"name\":\"Kubija hotell-loodusspaa\",\"url\":\"https:\\\/\\\/www.kubija.ee\\\/\",\"logo\":{\"@type\":\"ImageObject\",\"inLanguage\":\"fi\",\"@id\":\"https:\\\/\\\/www.kubija.ee\\\/#\\\/schema\\\/logo\\\/image\\\/\",\"url\":\"https:\\\/\\\/www.kubija.ee\\\/wp-content\\\/uploads\\\/2021\\\/12\\\/logo-1-e1638351137779.png\",\"contentUrl\":\"https:\\\/\\\/www.kubija.ee\\\/wp-content\\\/uploads\\\/2021\\\/12\\\/logo-1-e1638351137779.png\",\"width\":305,\"height\":260,\"caption\":\"Kubija hotell-loodusspaa\"},\"image\":{\"@id\":\"https:\\\/\\\/www.kubija.ee\\\/#\\\/schema\\\/logo\\\/image\\\/\"},\"sameAs\":[\"https:\\\/\\\/www.facebook.com\\\/kubijahotell\\\/\",\"https:\\\/\\\/www.instagram.com\\\/kubijahotellloodusspaa\\\/\"]}]}<\/script>\n<!-- \/ Yoast SEO plugin. -->","yoast_head_json":{"title":"Lounas-buffe - Kubija hotell-loodusspaa V&otilde;rumaal","robots":{"index":"index","follow":"follow","max-snippet":"max-snippet:-1","max-image-preview":"max-image-preview:large","max-video-preview":"max-video-preview:-1"},"canonical":"https:\/\/www.kubija.ee\/toitlustus\/paevapakkumine\/","og_locale":"fi_FI","og_type":"article","og_title":"Lounas-buffe - Kubija hotell-loodusspaa V&otilde;rumaal","og_description":"Lounas-buffe P\u00e4iv\u00e4tarjouksen ostajalle kuppi kahvia tai teet\u00e4 ilmaiseksi. P\u00e4\u00e4ruoka 6.00\u20ac J\u00e4lkiruoka 3.00\u20ac Kahvi, tee, p\u00f6yt\u00e4vesiLeip\u00e4, valkoinen leip\u00e4, s\u00e4mpyl\u00e4t ja maustevoi","og_url":"https:\/\/www.kubija.ee\/toitlustus\/paevapakkumine\/","og_site_name":"Kubija hotell-loodusspaa V&otilde;rumaal","article_publisher":"https:\/\/www.facebook.com\/kubijahotell\/","article_modified_time":"2022-01-24T13:46:45+00:00","og_image":[{"url":"https:\/\/www.kubija.ee\/wp-content\/uploads\/2022\/01\/grethe.ee094.jpg","type":"","width":"","height":""}],"twitter_card":"summary_large_image","twitter_misc":{"Arvioitu lukuaika":"1 minuutti"},"schema":{"@context":"https:\/\/schema.org","@graph":[{"@type":"WebPage","@id":"https:\/\/www.kubija.ee\/toitlustus\/paevapakkumine\/","url":"https:\/\/www.kubija.ee\/toitlustus\/paevapakkumine\/","name":"Lounas-buffe - Kubija hotell-loodusspaa V&otilde;rumaal","isPartOf":{"@id":"https:\/\/www.kubija.ee\/#website"},"primaryImageOfPage":{"@id":"https:\/\/www.kubija.ee\/toitlustus\/paevapakkumine\/#primaryimage"},"image":{"@id":"https:\/\/www.kubija.ee\/toitlustus\/paevapakkumine\/#primaryimage"},"thumbnailUrl":"https:\/\/www.kubija.ee\/wp-content\/uploads\/2022\/01\/grethe.ee094.jpg","datePublished":"2021-10-15T08:50:44+00:00","dateModified":"2022-01-24T13:46:45+00:00","breadcrumb":{"@id":"https:\/\/www.kubija.ee\/toitlustus\/paevapakkumine\/#breadcrumb"},"inLanguage":"fi","potentialAction":[{"@type":"ReadAction","target":["https:\/\/www.kubija.ee\/toitlustus\/paevapakkumine\/"]}]},{"@type":"ImageObject","inLanguage":"fi","@id":"https:\/\/www.kubija.ee\/toitlustus\/paevapakkumine\/#primaryimage","url":"https:\/\/www.kubija.ee\/wp-content\/uploads\/2022\/01\/grethe.ee094.jpg","contentUrl":"https:\/\/www.kubija.ee\/wp-content\/uploads\/2022\/01\/grethe.ee094.jpg"},{"@type":"BreadcrumbList","@id":"https:\/\/www.kubija.ee\/toitlustus\/paevapakkumine\/#breadcrumb","itemListElement":[{"@type":"ListItem","position":1,"name":"Home","item":"https:\/\/www.kubija.ee\/fi\/"},{"@type":"ListItem","position":2,"name":"Ravintola","item":"https:\/\/www.kubija.ee\/fi\/ravintola\/"},{"@type":"ListItem","position":3,"name":"Lounas-buffe"}]},{"@type":"WebSite","@id":"https:\/\/www.kubija.ee\/#website","url":"https:\/\/www.kubija.ee\/","name":"Kubija hotell-loodusspaa V&otilde;rumaal","description":"J&auml;rjekordne WordPressi veebileht","publisher":{"@id":"https:\/\/www.kubija.ee\/#organization"},"potentialAction":[{"@type":"SearchAction","target":{"@type":"EntryPoint","urlTemplate":"https:\/\/www.kubija.ee\/?s={search_term_string}"},"query-input":{"@type":"PropertyValueSpecification","valueRequired":true,"valueName":"search_term_string"}}],"inLanguage":"fi"},{"@type":"Organization","@id":"https:\/\/www.kubija.ee\/#organization","name":"Kubija hotell-loodusspaa","url":"https:\/\/www.kubija.ee\/","logo":{"@type":"ImageObject","inLanguage":"fi","@id":"https:\/\/www.kubija.ee\/#\/schema\/logo\/image\/","url":"https:\/\/www.kubija.ee\/wp-content\/uploads\/2021\/12\/logo-1-e1638351137779.png","contentUrl":"https:\/\/www.kubija.ee\/wp-content\/uploads\/2021\/12\/logo-1-e1638351137779.png","width":305,"height":260,"caption":"Kubija hotell-loodusspaa"},"image":{"@id":"https:\/\/www.kubija.ee\/#\/schema\/logo\/image\/"},"sameAs":["https:\/\/www.facebook.com\/kubijahotell\/","https:\/\/www.instagram.com\/kubijahotellloodusspaa\/"]}]}},"_links":{"self":[{"href":"https:\/\/www.kubija.ee\/fi\/wp-json\/wp\/v2\/pages\/4179","targetHints":{"allow":["GET"]}}],"collection":[{"href":"https:\/\/www.kubija.ee\/fi\/wp-json\/wp\/v2\/pages"}],"about":[{"href":"https:\/\/www.kubija.ee\/fi\/wp-json\/wp\/v2\/types\/page"}],"author":[{"embeddable":true,"href":"https:\/\/www.kubija.ee\/fi\/wp-json\/wp\/v2\/users\/2"}],"replies":[{"embeddable":true,"href":"https:\/\/www.kubija.ee\/fi\/wp-json\/wp\/v2\/comments?post=4179"}],"version-history":[{"count":3,"href":"https:\/\/www.kubija.ee\/fi\/wp-json\/wp\/v2\/pages\/4179\/revisions"}],"predecessor-version":[{"id":5159,"href":"https:\/\/www.kubija.ee\/fi\/wp-json\/wp\/v2\/pages\/4179\/revisions\/5159"}],"up":[{"embeddable":true,"href":"https:\/\/www.kubija.ee\/fi\/wp-json\/wp\/v2\/pages\/4172"}],"wp:attachment":[{"href":"https:\/\/www.kubija.ee\/fi\/wp-json\/wp\/v2\/media?parent=4179"}],"curies":[{"name":"wp","href":"https:\/\/api.w.org\/{rel}","templated":true}]}}