{"id":4172,"date":"2021-10-15T08:37:19","date_gmt":"2021-10-15T08:37:19","guid":{"rendered":"https:\/\/www.kubija.ee\/toitlustus\/"},"modified":"2025-08-13T07:41:04","modified_gmt":"2025-08-13T07:41:04","slug":"ravintola","status":"publish","type":"page","link":"https:\/\/www.kubija.ee\/fi\/ravintola\/","title":{"rendered":"Ravintola"},"content":{"rendered":"\n<div class=\"wp-block-cover alignfull has-custom-content-position is-position-bottom-center\" style=\"min-height:550px;aspect-ratio:unset;\"><img loading=\"lazy\" decoding=\"async\" width=\"2048\" height=\"1365\" class=\"wp-block-cover__image-background wp-image-3353\" alt=\"\" src=\"https:\/\/www.kubija.ee\/wp-content\/uploads\/2021\/12\/Kubija-hotell-loodusspaa-ala-carte-menuu-13.jpeg\" style=\"object-position:92% 96%\" data-object-fit=\"cover\" data-object-position=\"92% 96%\" srcset=\"https:\/\/www.kubija.ee\/wp-content\/uploads\/2021\/12\/Kubija-hotell-loodusspaa-ala-carte-menuu-13.jpeg 2048w, https:\/\/www.kubija.ee\/wp-content\/uploads\/2021\/12\/Kubija-hotell-loodusspaa-ala-carte-menuu-13-300x200.jpeg 300w, https:\/\/www.kubija.ee\/wp-content\/uploads\/2021\/12\/Kubija-hotell-loodusspaa-ala-carte-menuu-13-1024x683.jpeg 1024w, https:\/\/www.kubija.ee\/wp-content\/uploads\/2021\/12\/Kubija-hotell-loodusspaa-ala-carte-menuu-13-768x512.jpeg 768w, https:\/\/www.kubija.ee\/wp-content\/uploads\/2021\/12\/Kubija-hotell-loodusspaa-ala-carte-menuu-13-1536x1024.jpeg 1536w, https:\/\/www.kubija.ee\/wp-content\/uploads\/2021\/12\/Kubija-hotell-loodusspaa-ala-carte-menuu-13-1568x1045.jpeg 1568w, https:\/\/www.kubija.ee\/wp-content\/uploads\/2021\/12\/Kubija-hotell-loodusspaa-ala-carte-menuu-13-600x400.jpeg 600w, https:\/\/www.kubija.ee\/wp-content\/uploads\/2021\/12\/Kubija-hotell-loodusspaa-ala-carte-menuu-13-100x67.jpeg 100w\" sizes=\"auto, (max-width: 2048px) 100vw, 2048px\" \/><span aria-hidden=\"true\" class=\"wp-block-cover__background has-background-dim-30 has-background-dim\"><\/span><div class=\"wp-block-cover__inner-container is-layout-flow wp-block-cover-is-layout-flow\">\n<h1 class=\"wp-block-heading has-text-align-center has-huge-font-size\">Ravintola<\/h1>\n<\/div><\/div>\n\n\n\n<hr class=\"wp-block-separator has-css-opacity is-style-edream-separator\"\/>\n\n\n\n<div class=\"wp-block-media-text alignfull is-stacked-on-mobile animated fadeIn delay-100ms slow\"><figure class=\"wp-block-media-text__media\"><img loading=\"lazy\" decoding=\"async\" width=\"1024\" height=\"683\" src=\"https:\/\/www.kubija.ee\/wp-content\/uploads\/2022\/01\/grethe.ee094-1024x683.jpg\" alt=\"\" class=\"wp-image-5128 size-full\" srcset=\"https:\/\/www.kubija.ee\/wp-content\/uploads\/2022\/01\/grethe.ee094-1024x683.jpg 1024w, https:\/\/www.kubija.ee\/wp-content\/uploads\/2022\/01\/grethe.ee094-300x200.jpg 300w, https:\/\/www.kubija.ee\/wp-content\/uploads\/2022\/01\/grethe.ee094-768x512.jpg 768w, https:\/\/www.kubija.ee\/wp-content\/uploads\/2022\/01\/grethe.ee094-1536x1024.jpg 1536w, https:\/\/www.kubija.ee\/wp-content\/uploads\/2022\/01\/grethe.ee094-1568x1045.jpg 1568w, https:\/\/www.kubija.ee\/wp-content\/uploads\/2022\/01\/grethe.ee094-600x400.jpg 600w, https:\/\/www.kubija.ee\/wp-content\/uploads\/2022\/01\/grethe.ee094-100x67.jpg 100w, https:\/\/www.kubija.ee\/wp-content\/uploads\/2022\/01\/grethe.ee094.jpg 2048w\" sizes=\"auto, (max-width: 1024px) 100vw, 1024px\" \/><\/figure><div class=\"wp-block-media-text__content\">\n<p class=\"has-small-font-size\">RAVINTOLA<\/p>\n\n\n\n<h2 class=\"wp-block-heading has-green-color has-text-color has-large-font-size\">Aukioloajat<\/h2>\n\n\n\n<p class=\"has-medium-font-size\"><strong><mark style=\"background-color:rgba(0, 0, 0, 0)\" class=\"has-inline-color has-brown-color\">Aamiainen<\/mark><\/strong><br><mark style=\"background-color:rgba(0, 0, 0, 0);color:#4c4a4a\" class=\"has-inline-color\"><strong>Ma-Pe<\/strong> 07:30\u201310:00<br><strong>La-Su<\/strong> 08:00\u201311:00<\/mark><\/p>\n\n\n\n<p class=\"has-medium-font-size\"><strong><mark style=\"background-color:rgba(0, 0, 0, 0)\" class=\"has-inline-color has-brown-color\">A\u00b4la carte<\/mark><\/strong><br><mark style=\"background-color:rgba(0, 0, 0, 0);color:#4c4a4a\" class=\"has-inline-color\"><strong>Su-To<\/strong> 12:00\u201322:00<br>Tilauksia otetaan vastaan \u200b\u200basti 21:00.<\/mark><\/p>\n\n\n\n<p class=\"has-medium-font-size\"><mark style=\"background-color:rgba(0, 0, 0, 0);color:#4c4a4a\" class=\"has-inline-color\"><strong>Pe-La<\/strong> 12:00\u201323:00<br>Tilauksia otetaan vastaan \u200b\u200basti 22:00.<\/mark><\/p>\n\n\n\n<p class=\"has-medium-font-size\"><mark style=\"background-color:rgba(0, 0, 0, 0);color:#4c4a4a\" class=\"has-inline-color\">P\u00f6yd\u00e4t tulee varata etuk\u00e4teen<\/mark>.<\/p>\n<\/div><\/div>\n\n\n\n<hr class=\"wp-block-separator has-css-opacity is-style-edream-separator\"\/>\n\n\n\n<div class=\"wp-block-columns alignwide animated fadeIn delay-100ms slow is-layout-flex wp-container-core-columns-is-layout-28f84493 wp-block-columns-is-layout-flex\">\n<div class=\"wp-block-column is-layout-flow wp-block-column-is-layout-flow\" style=\"flex-basis:60%\">\n<h3 class=\"wp-block-heading has-text-color\" style=\"color:#9d7a35\">Rakkaus kulkee vatsan kautta!<\/h3>\n\n\n\n<p>T\u00e4ysin uudenlainen ravintola (150 paikka) jonka sisustuksessa hallitsevat vieh\u00e4tt\u00e4v\u00e4n maanl\u00e4heiset elementit: halkopinot, hirsi- ja kivisein\u00e4t sek\u00e4 l\u00e4mmins\u00e4vyiset kansallista tyyli\u00e4 edustavat sisusteet.<\/p>\n\n\n\n<p>Ravintola tarjoilee perinteisi\u00e4 virolaisia ruokia, joiden raaka-aineet tulevat yleens\u00e4 noin 50 kilometrin s\u00e4teelt\u00e4 paikallisilta tuottajilta.<\/p>\n\n\n\n<p>Kes\u00e4isin ravintolan terassilla voi aterioida ja viett\u00e4\u00e4 mukavasti aikaa.<\/p>\n\n\n\n<p><\/p>\n\n\n\n<div class=\"wp-block-buttons alignfull is-content-justification-center is-layout-flex wp-container-core-buttons-is-layout-86e1f5e2 wp-block-buttons-is-layout-flex\">\n<div class=\"wp-block-button\"><a class=\"wp-block-button__link wp-element-button\" href=\"https:\/\/www.kubija.ee\/fi\/ravintola\/ala-carte-menuu\/\">A la carte valikko<\/a><\/div>\n\n\n\n<div class=\"wp-block-button\"><a class=\"wp-block-button__link wp-element-button\" href=\"https:\/\/www.kubija.ee\/fi\/ravintola\/ruhmamenuu\/\">Ryhm\u00e4valikko<\/a><\/div>\n<\/div>\n<\/div>\n\n\n\n<div class=\"wp-block-column is-layout-flow wp-block-column-is-layout-flow\" style=\"flex-basis:30%\">\n<h3 class=\"wp-block-heading has-text-color\" style=\"color:#9d7a35\">Lis\u00e4tietoa ja p\u00f6yt\u00e4varaukset<\/h3>\n\n\n\n<ul class=\"wp-block-list\">\n<li><a href=\"mailto:info@kubija.ee\" target=\"_blank\" rel=\"noreferrer noopener\">info@kubija.ee<\/a><\/li>\n\n\n\n<li>+372 5886 3515<\/li>\n\n\n\n<li>Ryhm\u00e4tilaukset <a href=\"info@kubija.ee\">info@kubija.ee <\/a>tai t\u00e4yt\u00e4 tilauslomake<a href=\"https:\/\/www.kubija.ee\/fi\/ravintola\/varaa-poyta\/\"> t\u00e4st\u00e4:<\/a><\/li>\n<\/ul>\n\n\n\n<div class=\"wp-block-buttons is-layout-flex wp-block-buttons-is-layout-flex\">\n<div class=\"wp-block-button\"><a class=\"wp-block-button__link wp-element-button\" href=\"https:\/\/v2.tableonline.fi\/instabook\/bookings\/732DVbP\/selection?locale=fi\" style=\"border-radius:11px\">Varaa p\u00f6yt\u00e4<\/a><\/div>\n<\/div>\n<\/div>\n<\/div>\n\n\n\n<hr class=\"wp-block-separator has-css-opacity is-style-edream-separator\"\/>\n\n\n\n<div class=\"wp-block-cover alignfull is-light has-parallax has-custom-content-position is-position-center-left\"><div class=\"wp-block-cover__image-background wp-image-307 has-parallax\" style=\"background-position:50% 50%;background-image:url(https:\/\/www.kubija.ee\/wp-content\/uploads\/2021\/10\/Restoran-Kubija_hotell-loodusspaa.jpg)\"><\/div><span aria-hidden=\"true\" class=\"wp-block-cover__background has-background-dim-20 has-background-dim\"><\/span><div class=\"wp-block-cover__inner-container is-layout-flow wp-block-cover-is-layout-flow\">\n<h4 class=\"wp-block-heading has-text-align-left has-huge-font-size\">Rakkaus<br>kulkee<br>vatsan kautta<\/h4>\n<\/div><\/div>\n","protected":false},"excerpt":{"rendered":"<p>RAVINTOLA Aukioloajat AamiainenMa-Pe 07:30\u201310:00La-Su 08:00\u201311:00 A\u00b4la carteSu-To 12:00\u201322:00Tilauksia otetaan vastaan \u200b\u200basti 21:00. Pe-La 12:00\u201323:00Tilauksia otetaan vastaan \u200b\u200basti 22:00. P\u00f6yd\u00e4t tulee varata etuk\u00e4teen. Rakkaus kulkee vatsan kautta! T\u00e4ysin uudenlainen ravintola (150 paikka) jonka sisustuksessa hallitsevat vieh\u00e4tt\u00e4v\u00e4n maanl\u00e4heiset elementit: halkopinot, hirsi- ja kivisein\u00e4t sek\u00e4 l\u00e4mmins\u00e4vyiset kansallista tyyli\u00e4 edustavat sisusteet. Ravintola tarjoilee perinteisi\u00e4 virolaisia ruokia, joiden raaka-aineet tulevat [&hellip;]<\/p>\n","protected":false},"author":2,"featured_media":16706,"parent":0,"menu_order":179,"comment_status":"closed","ping_status":"closed","template":"","meta":{"footnotes":""},"class_list":["post-4172","page","type-page","status-publish","has-post-thumbnail","hentry"],"yoast_head":"<!-- This site is optimized with the Yoast SEO plugin v27.1 - https:\/\/yoast.com\/product\/yoast-seo-wordpress\/ -->\n<title>Ravintola V\u00f5rusaa, Etel\u00e4-Viro | Kubija hotelli-luontokylpyl\u00e4<\/title>\n<meta name=\"description\" content=\"Etel\u00e4-Virossa V\u00f5run l\u00e4hell\u00e4 sijaitseva ravintola tarjoilee perinteisi\u00e4 ruokia. Ateriat valmistetaan paikallisista raaka-aineista.\" \/>\n<meta name=\"robots\" content=\"index, follow, max-snippet:-1, max-image-preview:large, max-video-preview:-1\" \/>\n<link rel=\"canonical\" href=\"https:\/\/www.kubija.ee\/fi\/ravintola\/\" \/>\n<meta property=\"og:locale\" content=\"fi_FI\" \/>\n<meta property=\"og:type\" content=\"article\" \/>\n<meta property=\"og:title\" content=\"Ravintola V\u00f5rusaa, Etel\u00e4-Viro | Kubija hotelli-luontokylpyl\u00e4\" \/>\n<meta property=\"og:description\" content=\"Etel\u00e4-Virossa V\u00f5run l\u00e4hell\u00e4 sijaitseva ravintola tarjoilee perinteisi\u00e4 ruokia. Ateriat valmistetaan paikallisista raaka-aineista.\" \/>\n<meta property=\"og:url\" content=\"https:\/\/www.kubija.ee\/fi\/ravintola\/\" \/>\n<meta property=\"og:site_name\" content=\"Kubija hotell-loodusspaa V&otilde;rumaal\" \/>\n<meta property=\"article:publisher\" content=\"https:\/\/www.facebook.com\/kubijahotell\/\" \/>\n<meta property=\"article:modified_time\" content=\"2025-08-13T07:41:04+00:00\" \/>\n<meta property=\"og:image\" content=\"https:\/\/www.kubija.ee\/wp-content\/uploads\/2025\/01\/Restoan-kodulehele-rotated.jpeg\" \/>\n\t<meta property=\"og:image:width\" content=\"1579\" \/>\n\t<meta property=\"og:image:height\" content=\"1211\" \/>\n\t<meta property=\"og:image:type\" content=\"image\/jpeg\" \/>\n<meta name=\"twitter:card\" content=\"summary_large_image\" \/>\n<meta name=\"twitter:label1\" content=\"Arvioitu lukuaika\" \/>\n\t<meta name=\"twitter:data1\" content=\"1 minuutti\" \/>\n<script type=\"application\/ld+json\" class=\"yoast-schema-graph\">{\"@context\":\"https:\/\/schema.org\",\"@graph\":[{\"@type\":\"WebPage\",\"@id\":\"https:\/\/www.kubija.ee\/fi\/ravintola\/\",\"url\":\"https:\/\/www.kubija.ee\/fi\/ravintola\/\",\"name\":\"Ravintola V\u00f5rusaa, Etel\u00e4-Viro | Kubija hotelli-luontokylpyl\u00e4\",\"isPartOf\":{\"@id\":\"https:\/\/www.kubija.ee\/#website\"},\"primaryImageOfPage\":{\"@id\":\"https:\/\/www.kubija.ee\/fi\/ravintola\/#primaryimage\"},\"image\":{\"@id\":\"https:\/\/www.kubija.ee\/fi\/ravintola\/#primaryimage\"},\"thumbnailUrl\":\"https:\/\/www.kubija.ee\/wp-content\/uploads\/2025\/01\/Restoan-kodulehele-rotated.jpeg\",\"datePublished\":\"2021-10-15T08:37:19+00:00\",\"dateModified\":\"2025-08-13T07:41:04+00:00\",\"description\":\"Etel\u00e4-Virossa V\u00f5run l\u00e4hell\u00e4 sijaitseva ravintola tarjoilee perinteisi\u00e4 ruokia. Ateriat valmistetaan paikallisista raaka-aineista.\",\"breadcrumb\":{\"@id\":\"https:\/\/www.kubija.ee\/fi\/ravintola\/#breadcrumb\"},\"inLanguage\":\"fi\",\"potentialAction\":[{\"@type\":\"ReadAction\",\"target\":[\"https:\/\/www.kubija.ee\/fi\/ravintola\/\"]}]},{\"@type\":\"ImageObject\",\"inLanguage\":\"fi\",\"@id\":\"https:\/\/www.kubija.ee\/fi\/ravintola\/#primaryimage\",\"url\":\"https:\/\/www.kubija.ee\/wp-content\/uploads\/2025\/01\/Restoan-kodulehele-rotated.jpeg\",\"contentUrl\":\"https:\/\/www.kubija.ee\/wp-content\/uploads\/2025\/01\/Restoan-kodulehele-rotated.jpeg\",\"width\":1579,\"height\":1211},{\"@type\":\"BreadcrumbList\",\"@id\":\"https:\/\/www.kubija.ee\/fi\/ravintola\/#breadcrumb\",\"itemListElement\":[{\"@type\":\"ListItem\",\"position\":1,\"name\":\"Home\",\"item\":\"https:\/\/www.kubija.ee\/fi\/\"},{\"@type\":\"ListItem\",\"position\":2,\"name\":\"Ravintola\"}]},{\"@type\":\"WebSite\",\"@id\":\"https:\/\/www.kubija.ee\/#website\",\"url\":\"https:\/\/www.kubija.ee\/\",\"name\":\"Kubija hotell-loodusspaa V&otilde;rumaal\",\"description\":\"J&auml;rjekordne WordPressi veebileht\",\"publisher\":{\"@id\":\"https:\/\/www.kubija.ee\/#organization\"},\"potentialAction\":[{\"@type\":\"SearchAction\",\"target\":{\"@type\":\"EntryPoint\",\"urlTemplate\":\"https:\/\/www.kubija.ee\/?s={search_term_string}\"},\"query-input\":{\"@type\":\"PropertyValueSpecification\",\"valueRequired\":true,\"valueName\":\"search_term_string\"}}],\"inLanguage\":\"fi\"},{\"@type\":\"Organization\",\"@id\":\"https:\/\/www.kubija.ee\/#organization\",\"name\":\"Kubija hotell-loodusspaa\",\"url\":\"https:\/\/www.kubija.ee\/\",\"logo\":{\"@type\":\"ImageObject\",\"inLanguage\":\"fi\",\"@id\":\"https:\/\/www.kubija.ee\/#\/schema\/logo\/image\/\",\"url\":\"https:\/\/www.kubija.ee\/wp-content\/uploads\/2021\/12\/logo-1-e1638351137779.png\",\"contentUrl\":\"https:\/\/www.kubija.ee\/wp-content\/uploads\/2021\/12\/logo-1-e1638351137779.png\",\"width\":305,\"height\":260,\"caption\":\"Kubija hotell-loodusspaa\"},\"image\":{\"@id\":\"https:\/\/www.kubija.ee\/#\/schema\/logo\/image\/\"},\"sameAs\":[\"https:\/\/www.facebook.com\/kubijahotell\/\",\"https:\/\/www.instagram.com\/kubijahotellloodusspaa\/\"]}]}<\/script>\n<!-- \/ Yoast SEO plugin. -->","yoast_head_json":{"title":"Ravintola V\u00f5rusaa, Etel\u00e4-Viro | Kubija hotelli-luontokylpyl\u00e4","description":"Etel\u00e4-Virossa V\u00f5run l\u00e4hell\u00e4 sijaitseva ravintola tarjoilee perinteisi\u00e4 ruokia. Ateriat valmistetaan paikallisista raaka-aineista.","robots":{"index":"index","follow":"follow","max-snippet":"max-snippet:-1","max-image-preview":"max-image-preview:large","max-video-preview":"max-video-preview:-1"},"canonical":"https:\/\/www.kubija.ee\/fi\/ravintola\/","og_locale":"fi_FI","og_type":"article","og_title":"Ravintola V\u00f5rusaa, Etel\u00e4-Viro | Kubija hotelli-luontokylpyl\u00e4","og_description":"Etel\u00e4-Virossa V\u00f5run l\u00e4hell\u00e4 sijaitseva ravintola tarjoilee perinteisi\u00e4 ruokia. Ateriat valmistetaan paikallisista raaka-aineista.","og_url":"https:\/\/www.kubija.ee\/fi\/ravintola\/","og_site_name":"Kubija hotell-loodusspaa V&otilde;rumaal","article_publisher":"https:\/\/www.facebook.com\/kubijahotell\/","article_modified_time":"2025-08-13T07:41:04+00:00","og_image":[{"width":1579,"height":1211,"url":"https:\/\/www.kubija.ee\/wp-content\/uploads\/2025\/01\/Restoan-kodulehele-rotated.jpeg","type":"image\/jpeg"}],"twitter_card":"summary_large_image","twitter_misc":{"Arvioitu lukuaika":"1 minuutti"},"schema":{"@context":"https:\/\/schema.org","@graph":[{"@type":"WebPage","@id":"https:\/\/www.kubija.ee\/fi\/ravintola\/","url":"https:\/\/www.kubija.ee\/fi\/ravintola\/","name":"Ravintola V\u00f5rusaa, Etel\u00e4-Viro | Kubija hotelli-luontokylpyl\u00e4","isPartOf":{"@id":"https:\/\/www.kubija.ee\/#website"},"primaryImageOfPage":{"@id":"https:\/\/www.kubija.ee\/fi\/ravintola\/#primaryimage"},"image":{"@id":"https:\/\/www.kubija.ee\/fi\/ravintola\/#primaryimage"},"thumbnailUrl":"https:\/\/www.kubija.ee\/wp-content\/uploads\/2025\/01\/Restoan-kodulehele-rotated.jpeg","datePublished":"2021-10-15T08:37:19+00:00","dateModified":"2025-08-13T07:41:04+00:00","description":"Etel\u00e4-Virossa V\u00f5run l\u00e4hell\u00e4 sijaitseva ravintola tarjoilee perinteisi\u00e4 ruokia. Ateriat valmistetaan paikallisista raaka-aineista.","breadcrumb":{"@id":"https:\/\/www.kubija.ee\/fi\/ravintola\/#breadcrumb"},"inLanguage":"fi","potentialAction":[{"@type":"ReadAction","target":["https:\/\/www.kubija.ee\/fi\/ravintola\/"]}]},{"@type":"ImageObject","inLanguage":"fi","@id":"https:\/\/www.kubija.ee\/fi\/ravintola\/#primaryimage","url":"https:\/\/www.kubija.ee\/wp-content\/uploads\/2025\/01\/Restoan-kodulehele-rotated.jpeg","contentUrl":"https:\/\/www.kubija.ee\/wp-content\/uploads\/2025\/01\/Restoan-kodulehele-rotated.jpeg","width":1579,"height":1211},{"@type":"BreadcrumbList","@id":"https:\/\/www.kubija.ee\/fi\/ravintola\/#breadcrumb","itemListElement":[{"@type":"ListItem","position":1,"name":"Home","item":"https:\/\/www.kubija.ee\/fi\/"},{"@type":"ListItem","position":2,"name":"Ravintola"}]},{"@type":"WebSite","@id":"https:\/\/www.kubija.ee\/#website","url":"https:\/\/www.kubija.ee\/","name":"Kubija hotell-loodusspaa V&otilde;rumaal","description":"J&auml;rjekordne WordPressi veebileht","publisher":{"@id":"https:\/\/www.kubija.ee\/#organization"},"potentialAction":[{"@type":"SearchAction","target":{"@type":"EntryPoint","urlTemplate":"https:\/\/www.kubija.ee\/?s={search_term_string}"},"query-input":{"@type":"PropertyValueSpecification","valueRequired":true,"valueName":"search_term_string"}}],"inLanguage":"fi"},{"@type":"Organization","@id":"https:\/\/www.kubija.ee\/#organization","name":"Kubija hotell-loodusspaa","url":"https:\/\/www.kubija.ee\/","logo":{"@type":"ImageObject","inLanguage":"fi","@id":"https:\/\/www.kubija.ee\/#\/schema\/logo\/image\/","url":"https:\/\/www.kubija.ee\/wp-content\/uploads\/2021\/12\/logo-1-e1638351137779.png","contentUrl":"https:\/\/www.kubija.ee\/wp-content\/uploads\/2021\/12\/logo-1-e1638351137779.png","width":305,"height":260,"caption":"Kubija hotell-loodusspaa"},"image":{"@id":"https:\/\/www.kubija.ee\/#\/schema\/logo\/image\/"},"sameAs":["https:\/\/www.facebook.com\/kubijahotell\/","https:\/\/www.instagram.com\/kubijahotellloodusspaa\/"]}]}},"_links":{"self":[{"href":"https:\/\/www.kubija.ee\/fi\/wp-json\/wp\/v2\/pages\/4172","targetHints":{"allow":["GET"]}}],"collection":[{"href":"https:\/\/www.kubija.ee\/fi\/wp-json\/wp\/v2\/pages"}],"about":[{"href":"https:\/\/www.kubija.ee\/fi\/wp-json\/wp\/v2\/types\/page"}],"author":[{"embeddable":true,"href":"https:\/\/www.kubija.ee\/fi\/wp-json\/wp\/v2\/users\/2"}],"replies":[{"embeddable":true,"href":"https:\/\/www.kubija.ee\/fi\/wp-json\/wp\/v2\/comments?post=4172"}],"version-history":[{"count":5,"href":"https:\/\/www.kubija.ee\/fi\/wp-json\/wp\/v2\/pages\/4172\/revisions"}],"predecessor-version":[{"id":19484,"href":"https:\/\/www.kubija.ee\/fi\/wp-json\/wp\/v2\/pages\/4172\/revisions\/19484"}],"wp:featuredmedia":[{"embeddable":true,"href":"https:\/\/www.kubija.ee\/fi\/wp-json\/wp\/v2\/media\/16706"}],"wp:attachment":[{"href":"https:\/\/www.kubija.ee\/fi\/wp-json\/wp\/v2\/media?parent=4172"}],"curies":[{"name":"wp","href":"https:\/\/api.w.org\/{rel}","templated":true}]}}