{"id":15398,"date":"2021-10-15T09:20:37","date_gmt":"2021-10-15T09:20:37","guid":{"rendered":"https:\/\/www.kubija.ee\/ravintola\/ruhmamenuu\/"},"modified":"2025-06-06T16:57:10","modified_gmt":"2025-06-06T16:57:10","slug":"ruhmamenuu","status":"publish","type":"page","link":"https:\/\/www.kubija.ee\/fi\/ravintola\/ruhmamenuu\/","title":{"rendered":"Ryhm\u00e4valikko"},"content":{"rendered":"\n<div class=\"wp-block-cover alignfull is-light has-custom-content-position is-position-bottom-center\" style=\"min-height:430px;aspect-ratio:unset;\"><img loading=\"lazy\" decoding=\"async\" width=\"1500\" height=\"1000\" class=\"wp-block-cover__image-background wp-image-299\" alt=\"\" src=\"https:\/\/www.kubija.ee\/wp-content\/uploads\/2021\/10\/Restoran_Kubija_hotell-loodusspaa.jpg\" style=\"object-position:52% 74%\" data-object-fit=\"cover\" data-object-position=\"52% 74%\" srcset=\"https:\/\/www.kubija.ee\/wp-content\/uploads\/2021\/10\/Restoran_Kubija_hotell-loodusspaa.jpg 1500w, https:\/\/www.kubija.ee\/wp-content\/uploads\/2021\/10\/Restoran_Kubija_hotell-loodusspaa-600x400.jpg 600w, https:\/\/www.kubija.ee\/wp-content\/uploads\/2021\/10\/Restoran_Kubija_hotell-loodusspaa-300x200.jpg 300w, https:\/\/www.kubija.ee\/wp-content\/uploads\/2021\/10\/Restoran_Kubija_hotell-loodusspaa-1024x683.jpg 1024w, https:\/\/www.kubija.ee\/wp-content\/uploads\/2021\/10\/Restoran_Kubija_hotell-loodusspaa-768x512.jpg 768w\" sizes=\"auto, (max-width: 1500px) 100vw, 1500px\" \/><span aria-hidden=\"true\" class=\"wp-block-cover__background has-background-dim-30 has-background-dim\"><\/span><div class=\"wp-block-cover__inner-container is-layout-flow wp-block-cover-is-layout-flow\">\n<h1 class=\"wp-block-heading has-text-align-center has-white-color has-text-color has-huge-font-size\">Ryhm\u00e4valikko<\/h1>\n<\/div><\/div>\n\n\n\n<div class=\"wp-block-buttons is-horizontal is-content-justification-center is-layout-flex wp-container-core-buttons-is-layout-03627597 wp-block-buttons-is-layout-flex\">\n<div class=\"wp-block-button is-style-outline is-style-outline--1\"><a class=\"wp-block-button__link wp-element-button\" href=\"https:\/\/www.kubija.ee\/fi\/ravintola\/ruhmamenuu\/\" style=\"border-radius:11px\">A\u00b4la carte<\/a><\/div>\n<\/div>\n\n\n\n<hr class=\"wp-block-separator has-css-opacity is-style-edream-separator\"\/>\n\n\n\n<h2 class=\"wp-block-heading has-text-align-center\"><mark style=\"background-color:rgba(0, 0, 0, 0)\" class=\"has-inline-color has-brown-color\">Ryhm\u00e4valikko<\/mark><\/h2>\n\n\n\n<p class=\"has-text-align-center\">Ryhm\u00e4valikkon hinta on voimassa per vieras v\u00e4hint\u00e4\u00e4n 10 hengen ryhm\u00e4tilauksissa.<br>Kaikki menuvaihtoehdot sis\u00e4lt\u00e4v\u00e4t p\u00f6yt\u00e4vett\u00e4, ciabattaa ja maustettua voita.<br>Tee koko ryhm\u00e4lle sama m\u00e4\u00e4r\u00e4 ruokalajeja ja sama ruokavalikoima! Poikkeuksena on kasviper\u00e4inen vaihtoehto.<\/p>\n\n\n\n<h3 class=\"wp-block-heading has-text-align-center has-green-color has-text-color has-link-color wp-elements-875feac684fc1d970a7973a730e76dfc\"><mark style=\"background-color:rgba(0, 0, 0, 0)\" class=\"has-inline-color has-brown-color\">Menun hinta m\u00e4\u00e4r\u00e4ytyy valintasi mukaan!<\/mark><\/h3>\n\n\n\n<p class=\"has-text-align-center\"><strong>Kahvi, tee 3\u20ac<\/strong><\/p>\n\n\n\n<hr class=\"wp-block-separator has-alpha-channel-opacity is-style-edream-separator\"\/>\n\n\n\n<div class=\"wp-block-cover alignfull is-light has-parallax\" style=\"min-height:200px;aspect-ratio:unset;\"><div class=\"wp-block-cover__image-background wp-image-665 has-parallax\" style=\"background-position:50% 50%;background-image:url(https:\/\/www.kubija.ee\/wp-content\/uploads\/2021\/10\/salad-unsplash.jpg)\"><\/div><span aria-hidden=\"true\" class=\"wp-block-cover__background has-background-dim-30 has-background-dim\"><\/span><div class=\"wp-block-cover__inner-container is-layout-flow wp-block-cover-is-layout-flow\">\n<h2 class=\"wp-block-heading has-text-align-center has-white-color has-text-color has-huge-font-size\"><strong>Pieneen n\u00e4lk\u00e4\u00e4n<\/strong><\/h2>\n<\/div><\/div>\n\n\n\n<div class=\"wp-block-columns is-layout-flex wp-container-core-columns-is-layout-28f84493 wp-block-columns-is-layout-flex\">\n<div class=\"wp-block-column is-layout-flow wp-block-column-is-layout-flow\" style=\"flex-basis:100%\">\n<hr class=\"wp-block-separator has-alpha-channel-opacity is-style-edream-separator\"\/>\n\n\n\n<p class=\"has-text-align-center\"><strong><strong>Kalakeitto 12<\/strong>\u20ac<\/strong><br>kuhaa \/ j\u00e4ttikonnamonnia \/ taimenta \/ perunaa \/ porkkanaa<\/p>\n\n\n\n<p class=\"has-text-align-center\"><strong>Tomaattikeitto<\/strong> <strong>12\u20ac<\/strong><br>tomaatti \/ mascarpone \/ basilika \/ yrtti\u00f6ljy<\/p>\n\n\n\n<p class=\"has-text-align-center\"><strong><strong>J\u00e4ttikonnamonnisalaatti<\/strong> 14\u20ac<\/strong><br>Leokin kalankasvattamon kuumasavustettua j\u00e4ttikonnamonnia \/ kurkkua \/ rapeaa perunaa \/ piparjuurikastiketta \/ viiri\u00e4isenmunaa<\/p>\n\n\n\n<p class=\"has-text-align-center\"><strong><strong><strong>H\u00e4rk\u00e4-carpaccio<\/strong><\/strong> 15\u20ac<\/strong><br>rukolaa \/ Grana Padanoa \/ pinjansiemeni\u00e4 \/ balsamiviinietikkaa<\/p>\n\n\n\n<hr class=\"wp-block-separator has-alpha-channel-opacity is-style-edream-separator\"\/>\n<\/div>\n<\/div>\n\n\n\n<div style=\"height:20px\" aria-hidden=\"true\" class=\"wp-block-spacer\"><\/div>\n\n\n\n<div class=\"wp-block-cover alignfull is-light has-parallax\" style=\"min-height:200px;aspect-ratio:unset;\"><div class=\"wp-block-cover__image-background wp-image-299 has-parallax\" style=\"background-position:50% 50%;background-image:url(https:\/\/www.kubija.ee\/wp-content\/uploads\/2021\/10\/Restoran_Kubija_hotell-loodusspaa.jpg)\"><\/div><span aria-hidden=\"true\" class=\"wp-block-cover__background has-background-dim-30 has-background-dim\"><\/span><div class=\"wp-block-cover__inner-container is-layout-flow wp-block-cover-is-layout-flow\">\n<h3 class=\"wp-block-heading has-text-align-center has-white-color has-text-color has-huge-font-size\">P\u00e4\u00e4ruoat<\/h3>\n<\/div><\/div>\n\n\n\n<hr class=\"wp-block-separator has-alpha-channel-opacity is-style-edream-separator\"\/>\n\n\n\n<p class=\"has-text-align-center\"><strong><strong>Paahdettua kukkakaalia<\/strong> 16\u20ac<\/strong><br>kukkakaalitahnaa \/ kes\u00e4kurpitsaa \/ yrttisalaattia \/ omenasiiderietikkavinegretti\u00e4 \/ pinjansiemeni\u00e4<\/p>\n\n\n\n<p class=\"has-text-align-center\"><strong><strong>Legendaarinen Kubijan \u201dPieni kanto\u201d 17<\/strong>\u20ac<\/strong><br>porsaanfileet\u00e4 \/ juustoa \/ perunagratiinia \/ sienikastiketta<\/p>\n\n\n\n<p class=\"has-text-align-center\"><strong><strong>Kuhafileet\u00e4 21<\/strong>\u20ac<\/strong><br>parmesaaniperunoita \/ parsaa \/ sipuli\u00f6ljy-jogurttikastiketta \/ yrttej\u00e4<\/p>\n\n\n\n<p class=\"has-text-align-center\"><strong><strong>Ankan rintafileet\u00e4<\/strong><\/strong> <strong>21\u20ac<\/strong><br>tryffeli-perunatahnaa \/ luumua \/ broccolinia \/ punaviinikastiketta<\/p>\n\n\n\n<p class=\"has-text-align-center\"><strong>Lampaan takapaistia<\/strong> <strong>24\u20ac<\/strong><br>parsakaalia \/ sokeriherneit\u00e4 \/ juuriselleritahnaa \/ sipuli\u00f6ljy\u00e4 \/ punaviinikastiketta<\/p>\n\n\n\n<hr class=\"wp-block-separator has-alpha-channel-opacity is-style-edream-separator\"\/>\n\n\n\n<div class=\"wp-block-cover alignfull is-light has-parallax\" style=\"min-height:200px;aspect-ratio:unset;\"><div class=\"wp-block-cover__image-background wp-image-3912 has-parallax\" style=\"background-position:50% 50%;background-image:url(https:\/\/www.kubija.ee\/wp-content\/uploads\/2021\/12\/ruhmamenuu-kook.png)\"><\/div><span aria-hidden=\"true\" class=\"wp-block-cover__background has-background-dim-30 has-background-dim\"><\/span><div class=\"wp-block-cover__inner-container is-layout-flow wp-block-cover-is-layout-flow\">\n<h4 class=\"wp-block-heading has-text-align-center has-white-color has-text-color has-huge-font-size\"><strong>J\u00e4lkiruoat<\/strong><\/h4>\n<\/div><\/div>\n\n\n\n<div class=\"wp-block-columns is-layout-flex wp-container-core-columns-is-layout-28f84493 wp-block-columns-is-layout-flex\">\n<div class=\"wp-block-column is-layout-flow wp-block-column-is-layout-flow\" style=\"flex-basis:100%\">\n<hr class=\"wp-block-separator has-alpha-channel-opacity is-style-edream-separator\"\/>\n\n\n\n<p class=\"has-text-align-center\"><strong><strong>P\u00e4iv\u00e4n leivos<\/strong><\/strong> <strong>4\u20ac<\/strong><\/p>\n\n\n\n<p class=\"has-text-align-center\"><strong><strong>Sitruunaruoho-br\u00fbl\u00e9et\u00e4<\/strong> 5\u20ac<\/strong><\/p>\n\n\n\n<p class=\"has-text-align-center\"><strong><strong>Limettihyydykett\u00e4<\/strong> 6\u20ac<\/strong><\/p>\n<\/div>\n<\/div>\n\n\n\n<hr class=\"wp-block-separator has-alpha-channel-opacity is-style-edream-separator\"\/>\n","protected":false},"excerpt":{"rendered":"<p>Ryhm\u00e4valikko Ryhm\u00e4valikkon hinta on voimassa per vieras v\u00e4hint\u00e4\u00e4n 10 hengen ryhm\u00e4tilauksissa.Kaikki menuvaihtoehdot sis\u00e4lt\u00e4v\u00e4t p\u00f6yt\u00e4vett\u00e4, ciabattaa ja maustettua voita.Tee koko ryhm\u00e4lle sama m\u00e4\u00e4r\u00e4 ruokalajeja ja sama ruokavalikoima! Poikkeuksena on kasviper\u00e4inen vaihtoehto. Menun hinta m\u00e4\u00e4r\u00e4ytyy valintasi mukaan! Kahvi, tee 3\u20ac Kalakeitto 12\u20ackuhaa \/ j\u00e4ttikonnamonnia \/ taimenta \/ perunaa \/ porkkanaa Tomaattikeitto 12\u20actomaatti \/ mascarpone \/ basilika \/ [&hellip;]<\/p>\n","protected":false},"author":2,"featured_media":0,"parent":4172,"menu_order":163,"comment_status":"closed","ping_status":"closed","template":"","meta":{"footnotes":""},"class_list":["post-15398","page","type-page","status-publish","hentry"],"yoast_head":"<!-- This site is optimized with the Yoast SEO plugin v27.1 - https:\/\/yoast.com\/product\/yoast-seo-wordpress\/ -->\n<title>Ryhm\u00e4valikko - Kubija hotell-loodusspaa V&otilde;rumaal<\/title>\n<meta name=\"robots\" content=\"index, follow, max-snippet:-1, max-image-preview:large, max-video-preview:-1\" \/>\n<link rel=\"canonical\" href=\"https:\/\/www.kubija.ee\/fi\/ravintola\/ruhmamenuu\/\" \/>\n<meta property=\"og:locale\" content=\"fi_FI\" \/>\n<meta property=\"og:type\" content=\"article\" \/>\n<meta property=\"og:title\" content=\"Ryhm\u00e4valikko - Kubija hotell-loodusspaa V&otilde;rumaal\" \/>\n<meta property=\"og:description\" content=\"Ryhm\u00e4valikko Ryhm\u00e4valikkon hinta on voimassa per vieras v\u00e4hint\u00e4\u00e4n 10 hengen ryhm\u00e4tilauksissa.Kaikki menuvaihtoehdot sis\u00e4lt\u00e4v\u00e4t p\u00f6yt\u00e4vett\u00e4, ciabattaa ja maustettua voita.Tee koko ryhm\u00e4lle sama m\u00e4\u00e4r\u00e4 ruokalajeja ja sama ruokavalikoima! Poikkeuksena on kasviper\u00e4inen vaihtoehto. Menun hinta m\u00e4\u00e4r\u00e4ytyy valintasi mukaan! Kahvi, tee 3\u20ac Kalakeitto 12\u20ackuhaa \/ j\u00e4ttikonnamonnia \/ taimenta \/ perunaa \/ porkkanaa Tomaattikeitto 12\u20actomaatti \/ mascarpone \/ basilika \/ [&hellip;]\" \/>\n<meta property=\"og:url\" content=\"https:\/\/www.kubija.ee\/fi\/ravintola\/ruhmamenuu\/\" \/>\n<meta property=\"og:site_name\" content=\"Kubija hotell-loodusspaa V&otilde;rumaal\" \/>\n<meta property=\"article:publisher\" content=\"https:\/\/www.facebook.com\/kubijahotell\/\" \/>\n<meta property=\"article:modified_time\" content=\"2025-06-06T16:57:10+00:00\" \/>\n<meta property=\"og:image\" content=\"https:\/\/www.kubija.ee\/wp-content\/uploads\/2021\/10\/Restoran_Kubija_hotell-loodusspaa.jpg\" \/>\n<meta name=\"twitter:card\" content=\"summary_large_image\" \/>\n<meta name=\"twitter:label1\" content=\"Arvioitu lukuaika\" \/>\n\t<meta name=\"twitter:data1\" content=\"1 minuutti\" \/>\n<script type=\"application\/ld+json\" class=\"yoast-schema-graph\">{\"@context\":\"https:\/\/schema.org\",\"@graph\":[{\"@type\":\"WebPage\",\"@id\":\"https:\/\/www.kubija.ee\/fi\/ravintola\/ruhmamenuu\/\",\"url\":\"https:\/\/www.kubija.ee\/fi\/ravintola\/ruhmamenuu\/\",\"name\":\"Ryhm\u00e4valikko - Kubija hotell-loodusspaa V&otilde;rumaal\",\"isPartOf\":{\"@id\":\"https:\/\/www.kubija.ee\/#website\"},\"primaryImageOfPage\":{\"@id\":\"https:\/\/www.kubija.ee\/fi\/ravintola\/ruhmamenuu\/#primaryimage\"},\"image\":{\"@id\":\"https:\/\/www.kubija.ee\/fi\/ravintola\/ruhmamenuu\/#primaryimage\"},\"thumbnailUrl\":\"https:\/\/www.kubija.ee\/wp-content\/uploads\/2021\/10\/Restoran_Kubija_hotell-loodusspaa.jpg\",\"datePublished\":\"2021-10-15T09:20:37+00:00\",\"dateModified\":\"2025-06-06T16:57:10+00:00\",\"breadcrumb\":{\"@id\":\"https:\/\/www.kubija.ee\/fi\/ravintola\/ruhmamenuu\/#breadcrumb\"},\"inLanguage\":\"fi\",\"potentialAction\":[{\"@type\":\"ReadAction\",\"target\":[\"https:\/\/www.kubija.ee\/fi\/ravintola\/ruhmamenuu\/\"]}]},{\"@type\":\"ImageObject\",\"inLanguage\":\"fi\",\"@id\":\"https:\/\/www.kubija.ee\/fi\/ravintola\/ruhmamenuu\/#primaryimage\",\"url\":\"https:\/\/www.kubija.ee\/wp-content\/uploads\/2021\/10\/Restoran_Kubija_hotell-loodusspaa.jpg\",\"contentUrl\":\"https:\/\/www.kubija.ee\/wp-content\/uploads\/2021\/10\/Restoran_Kubija_hotell-loodusspaa.jpg\"},{\"@type\":\"BreadcrumbList\",\"@id\":\"https:\/\/www.kubija.ee\/fi\/ravintola\/ruhmamenuu\/#breadcrumb\",\"itemListElement\":[{\"@type\":\"ListItem\",\"position\":1,\"name\":\"Home\",\"item\":\"https:\/\/www.kubija.ee\/fi\/\"},{\"@type\":\"ListItem\",\"position\":2,\"name\":\"Ravintola\",\"item\":\"https:\/\/www.kubija.ee\/fi\/ravintola\/\"},{\"@type\":\"ListItem\",\"position\":3,\"name\":\"Ryhm\u00e4valikko\"}]},{\"@type\":\"WebSite\",\"@id\":\"https:\/\/www.kubija.ee\/#website\",\"url\":\"https:\/\/www.kubija.ee\/\",\"name\":\"Kubija hotell-loodusspaa V&otilde;rumaal\",\"description\":\"J&auml;rjekordne WordPressi veebileht\",\"publisher\":{\"@id\":\"https:\/\/www.kubija.ee\/#organization\"},\"potentialAction\":[{\"@type\":\"SearchAction\",\"target\":{\"@type\":\"EntryPoint\",\"urlTemplate\":\"https:\/\/www.kubija.ee\/?s={search_term_string}\"},\"query-input\":{\"@type\":\"PropertyValueSpecification\",\"valueRequired\":true,\"valueName\":\"search_term_string\"}}],\"inLanguage\":\"fi\"},{\"@type\":\"Organization\",\"@id\":\"https:\/\/www.kubija.ee\/#organization\",\"name\":\"Kubija hotell-loodusspaa\",\"url\":\"https:\/\/www.kubija.ee\/\",\"logo\":{\"@type\":\"ImageObject\",\"inLanguage\":\"fi\",\"@id\":\"https:\/\/www.kubija.ee\/#\/schema\/logo\/image\/\",\"url\":\"https:\/\/www.kubija.ee\/wp-content\/uploads\/2021\/12\/logo-1-e1638351137779.png\",\"contentUrl\":\"https:\/\/www.kubija.ee\/wp-content\/uploads\/2021\/12\/logo-1-e1638351137779.png\",\"width\":305,\"height\":260,\"caption\":\"Kubija hotell-loodusspaa\"},\"image\":{\"@id\":\"https:\/\/www.kubija.ee\/#\/schema\/logo\/image\/\"},\"sameAs\":[\"https:\/\/www.facebook.com\/kubijahotell\/\",\"https:\/\/www.instagram.com\/kubijahotellloodusspaa\/\"]}]}<\/script>\n<!-- \/ Yoast SEO plugin. -->","yoast_head_json":{"title":"Ryhm\u00e4valikko - Kubija hotell-loodusspaa V&otilde;rumaal","robots":{"index":"index","follow":"follow","max-snippet":"max-snippet:-1","max-image-preview":"max-image-preview:large","max-video-preview":"max-video-preview:-1"},"canonical":"https:\/\/www.kubija.ee\/fi\/ravintola\/ruhmamenuu\/","og_locale":"fi_FI","og_type":"article","og_title":"Ryhm\u00e4valikko - Kubija hotell-loodusspaa V&otilde;rumaal","og_description":"Ryhm\u00e4valikko Ryhm\u00e4valikkon hinta on voimassa per vieras v\u00e4hint\u00e4\u00e4n 10 hengen ryhm\u00e4tilauksissa.Kaikki menuvaihtoehdot sis\u00e4lt\u00e4v\u00e4t p\u00f6yt\u00e4vett\u00e4, ciabattaa ja maustettua voita.Tee koko ryhm\u00e4lle sama m\u00e4\u00e4r\u00e4 ruokalajeja ja sama ruokavalikoima! Poikkeuksena on kasviper\u00e4inen vaihtoehto. Menun hinta m\u00e4\u00e4r\u00e4ytyy valintasi mukaan! Kahvi, tee 3\u20ac Kalakeitto 12\u20ackuhaa \/ j\u00e4ttikonnamonnia \/ taimenta \/ perunaa \/ porkkanaa Tomaattikeitto 12\u20actomaatti \/ mascarpone \/ basilika \/ [&hellip;]","og_url":"https:\/\/www.kubija.ee\/fi\/ravintola\/ruhmamenuu\/","og_site_name":"Kubija hotell-loodusspaa V&otilde;rumaal","article_publisher":"https:\/\/www.facebook.com\/kubijahotell\/","article_modified_time":"2025-06-06T16:57:10+00:00","og_image":[{"url":"https:\/\/www.kubija.ee\/wp-content\/uploads\/2021\/10\/Restoran_Kubija_hotell-loodusspaa.jpg","type":"","width":"","height":""}],"twitter_card":"summary_large_image","twitter_misc":{"Arvioitu lukuaika":"1 minuutti"},"schema":{"@context":"https:\/\/schema.org","@graph":[{"@type":"WebPage","@id":"https:\/\/www.kubija.ee\/fi\/ravintola\/ruhmamenuu\/","url":"https:\/\/www.kubija.ee\/fi\/ravintola\/ruhmamenuu\/","name":"Ryhm\u00e4valikko - Kubija hotell-loodusspaa V&otilde;rumaal","isPartOf":{"@id":"https:\/\/www.kubija.ee\/#website"},"primaryImageOfPage":{"@id":"https:\/\/www.kubija.ee\/fi\/ravintola\/ruhmamenuu\/#primaryimage"},"image":{"@id":"https:\/\/www.kubija.ee\/fi\/ravintola\/ruhmamenuu\/#primaryimage"},"thumbnailUrl":"https:\/\/www.kubija.ee\/wp-content\/uploads\/2021\/10\/Restoran_Kubija_hotell-loodusspaa.jpg","datePublished":"2021-10-15T09:20:37+00:00","dateModified":"2025-06-06T16:57:10+00:00","breadcrumb":{"@id":"https:\/\/www.kubija.ee\/fi\/ravintola\/ruhmamenuu\/#breadcrumb"},"inLanguage":"fi","potentialAction":[{"@type":"ReadAction","target":["https:\/\/www.kubija.ee\/fi\/ravintola\/ruhmamenuu\/"]}]},{"@type":"ImageObject","inLanguage":"fi","@id":"https:\/\/www.kubija.ee\/fi\/ravintola\/ruhmamenuu\/#primaryimage","url":"https:\/\/www.kubija.ee\/wp-content\/uploads\/2021\/10\/Restoran_Kubija_hotell-loodusspaa.jpg","contentUrl":"https:\/\/www.kubija.ee\/wp-content\/uploads\/2021\/10\/Restoran_Kubija_hotell-loodusspaa.jpg"},{"@type":"BreadcrumbList","@id":"https:\/\/www.kubija.ee\/fi\/ravintola\/ruhmamenuu\/#breadcrumb","itemListElement":[{"@type":"ListItem","position":1,"name":"Home","item":"https:\/\/www.kubija.ee\/fi\/"},{"@type":"ListItem","position":2,"name":"Ravintola","item":"https:\/\/www.kubija.ee\/fi\/ravintola\/"},{"@type":"ListItem","position":3,"name":"Ryhm\u00e4valikko"}]},{"@type":"WebSite","@id":"https:\/\/www.kubija.ee\/#website","url":"https:\/\/www.kubija.ee\/","name":"Kubija hotell-loodusspaa V&otilde;rumaal","description":"J&auml;rjekordne WordPressi veebileht","publisher":{"@id":"https:\/\/www.kubija.ee\/#organization"},"potentialAction":[{"@type":"SearchAction","target":{"@type":"EntryPoint","urlTemplate":"https:\/\/www.kubija.ee\/?s={search_term_string}"},"query-input":{"@type":"PropertyValueSpecification","valueRequired":true,"valueName":"search_term_string"}}],"inLanguage":"fi"},{"@type":"Organization","@id":"https:\/\/www.kubija.ee\/#organization","name":"Kubija hotell-loodusspaa","url":"https:\/\/www.kubija.ee\/","logo":{"@type":"ImageObject","inLanguage":"fi","@id":"https:\/\/www.kubija.ee\/#\/schema\/logo\/image\/","url":"https:\/\/www.kubija.ee\/wp-content\/uploads\/2021\/12\/logo-1-e1638351137779.png","contentUrl":"https:\/\/www.kubija.ee\/wp-content\/uploads\/2021\/12\/logo-1-e1638351137779.png","width":305,"height":260,"caption":"Kubija hotell-loodusspaa"},"image":{"@id":"https:\/\/www.kubija.ee\/#\/schema\/logo\/image\/"},"sameAs":["https:\/\/www.facebook.com\/kubijahotell\/","https:\/\/www.instagram.com\/kubijahotellloodusspaa\/"]}]}},"_links":{"self":[{"href":"https:\/\/www.kubija.ee\/fi\/wp-json\/wp\/v2\/pages\/15398","targetHints":{"allow":["GET"]}}],"collection":[{"href":"https:\/\/www.kubija.ee\/fi\/wp-json\/wp\/v2\/pages"}],"about":[{"href":"https:\/\/www.kubija.ee\/fi\/wp-json\/wp\/v2\/types\/page"}],"author":[{"embeddable":true,"href":"https:\/\/www.kubija.ee\/fi\/wp-json\/wp\/v2\/users\/2"}],"replies":[{"embeddable":true,"href":"https:\/\/www.kubija.ee\/fi\/wp-json\/wp\/v2\/comments?post=15398"}],"version-history":[{"count":4,"href":"https:\/\/www.kubija.ee\/fi\/wp-json\/wp\/v2\/pages\/15398\/revisions"}],"predecessor-version":[{"id":18746,"href":"https:\/\/www.kubija.ee\/fi\/wp-json\/wp\/v2\/pages\/15398\/revisions\/18746"}],"up":[{"embeddable":true,"href":"https:\/\/www.kubija.ee\/fi\/wp-json\/wp\/v2\/pages\/4172"}],"wp:attachment":[{"href":"https:\/\/www.kubija.ee\/fi\/wp-json\/wp\/v2\/media?parent=15398"}],"curies":[{"name":"wp","href":"https:\/\/api.w.org\/{rel}","templated":true}]}}