{"id":14520,"date":"2023-10-02T12:57:05","date_gmt":"2023-10-02T12:57:05","guid":{"rendered":"https:\/\/www.kubija.ee\/lastega-peredele\/"},"modified":"2024-10-03T12:33:07","modified_gmt":"2024-10-03T12:33:07","slug":"perheille","status":"publish","type":"page","link":"https:\/\/www.kubija.ee\/fi\/perheille\/","title":{"rendered":"Perheille"},"content":{"rendered":"\n<div class=\"wp-block-cover alignfull is-light has-custom-content-position is-position-bottom-center\" style=\"min-height:549px;aspect-ratio:unset;\"><span aria-hidden=\"true\" class=\"wp-block-cover__background has-background-dim\"><\/span><img loading=\"lazy\" decoding=\"async\" width=\"940\" height=\"788\" class=\"wp-block-cover__image-background wp-image-2333\" alt=\"\" src=\"https:\/\/www.kubija.ee\/wp-content\/uploads\/2021\/12\/Lastega-Vorumaale.png\" style=\"object-position:60% 53%\" data-object-fit=\"cover\" data-object-position=\"60% 53%\" srcset=\"https:\/\/www.kubija.ee\/wp-content\/uploads\/2021\/12\/Lastega-Vorumaale.png 940w, https:\/\/www.kubija.ee\/wp-content\/uploads\/2021\/12\/Lastega-Vorumaale-600x503.png 600w, https:\/\/www.kubija.ee\/wp-content\/uploads\/2021\/12\/Lastega-Vorumaale-300x251.png 300w, https:\/\/www.kubija.ee\/wp-content\/uploads\/2021\/12\/Lastega-Vorumaale-768x644.png 768w\" sizes=\"auto, (max-width: 940px) 100vw, 940px\" \/><div class=\"wp-block-cover__inner-container is-layout-flow wp-block-cover-is-layout-flow\">\n<p><\/p>\n\n\n\n<p><\/p>\n\n\n\n<p><\/p>\n\n\n\n<p><\/p>\n\n\n\n<p><\/p>\n\n\n\n<p><\/p>\n\n\n\n<p><\/p>\n\n\n\n<p><\/p>\n\n\n\n<p><\/p>\n\n\n\n<p><\/p>\n\n\n\n<p><\/p>\n\n\n\n<h1 class=\"wp-block-heading has-text-align-center\" style=\"font-size:42px;text-transform:none\">Perheille<\/h1>\n<\/div><\/div>\n\n\n\n<hr class=\"wp-block-separator alignwide has-alpha-channel-opacity is-style-edream-separator\"\/>\n\n\n\n<p>Kubijan hotelli-luontokylpyl\u00e4 savisviitit-perhehuoneet ovat ainutlaatuinen mahdollisuus my\u00f6s suurille perheille, sill\u00e4 paketin hintaan sis\u00e4ltyy jopa 4 alle 12-vuotiasta lasta ilmaiseksi ja tilaa on kaikille!<br>Kaikkien mukavuuksien lis\u00e4ksi perheen pienimm\u00e4t voivat harjoitella k\u00e4den taitoa j\u00e4nnitt\u00e4v\u00e4ll\u00e4 toimintasein\u00e4ll\u00e4, pelata V\u00f5rumaa-lautapeli\u00e4 ja kylpyl\u00e4ss\u00e4 k\u00e4ynnin j\u00e4lkeen lis\u00e4ksi l\u00f6h\u00f6ily\u00e4 vaahtokylvyss\u00e4. <br>Voit suunnitella vapaa-aikaasi ja aktiviteettejasi luonnossa fiksusti: avaa vain huoneen sein\u00e4ll\u00e4 olevan kuvan QR-koodi ja kaikki V\u00f5rumaan n\u00e4ht\u00e4vyydet ovat heti k\u00e4ytett\u00e4viss\u00e4.<\/p>\n\n\n\n<hr class=\"wp-block-separator alignwide has-alpha-channel-opacity is-style-edream-separator\"\/>\n\n\n\n<div style=\"height:20px\" aria-hidden=\"true\" class=\"wp-block-spacer\"><\/div>\n\n\n\n<div class=\"wp-block-edhotels-offers alignfull custom-three-blocks offers manual animated fadeIn delay-100ms slow\"><div class=\"wp-offer-columns\">\t<div class=\"wp-offer-column wide\">\n\t\t<div class=\"offer-inner\">\n\t\t\t\t\t\t\t<h4>\n\t\t\t\t\t<span>PERHEELLE<\/span>\n\t\t\t\t\tal. 175\u20ac\t\t\t\t<\/h4>\n\t\t\t\t\t\t<a href=\"https:\/\/www.kubija.ee\/fi\/offer\/peremajutus-1-oo\/\"><figure class=\"wp-block-image\"><img loading=\"lazy\" decoding=\"async\" width=\"1024\" height=\"683\" src=\"https:\/\/www.kubija.ee\/wp-content\/uploads\/2023\/10\/Peremajutus-1-oo-1024x683.png\" class=\"attachment-large size-large wp-post-image\" alt=\"\" srcset=\"https:\/\/www.kubija.ee\/wp-content\/uploads\/2023\/10\/Peremajutus-1-oo-1024x683.png 1024w, https:\/\/www.kubija.ee\/wp-content\/uploads\/2023\/10\/Peremajutus-1-oo-300x200.png 300w, https:\/\/www.kubija.ee\/wp-content\/uploads\/2023\/10\/Peremajutus-1-oo-768x512.png 768w, https:\/\/www.kubija.ee\/wp-content\/uploads\/2023\/10\/Peremajutus-1-oo-1536x1024.png 1536w, https:\/\/www.kubija.ee\/wp-content\/uploads\/2023\/10\/Peremajutus-1-oo-1568x1045.png 1568w, https:\/\/www.kubija.ee\/wp-content\/uploads\/2023\/10\/Peremajutus-1-oo-600x400.png 600w, https:\/\/www.kubija.ee\/wp-content\/uploads\/2023\/10\/Peremajutus-1-oo-100x67.png 100w, https:\/\/www.kubija.ee\/wp-content\/uploads\/2023\/10\/Peremajutus-1-oo.png 1587w\" sizes=\"auto, (max-width: 1024px) 100vw, 1024px\" \/><\/figure><\/a>\n\t\t\t<div class=\"offer-text-wrapper\">\n\t\t\t\t<h3><a href=\"https:\/\/www.kubija.ee\/fi\/offer\/peremajutus-1-oo\/\">Perhepaketti 1 y\u00f6<\/a><\/h3>\n\t\t\t\t<p id=\"tw-target-text\" class=\"tw-data-text tw-text-large tw-ta\" dir=\"ltr\" data-placeholder=\"T\u00f5lge\" data-ved=\"2ahUKEwjYkuGxjfKIAxWaFBAIHY7xETYQ3ewLegQIBxAU\" aria-label=\"T\u00f5lgitud tekst: Perheen kanssa on aina hyv\u00e4 olla, mutta erityisen mukavaa on lev\u00e4t\u00e4 Kubijan hotelli-luontokylpyl\u00e4n uusissa ja tilavissa perhesviiteiss\u00e4!\"><span class=\"Y2IQFc\" lang=\"fi\">Perheen kanssa on aina hyv\u00e4 olla, mutta erityisen mukavaa on lev\u00e4t\u00e4 Kubijan hotelli-luontokylpyl\u00e4n uusissa ja tilavissa perhesviiteiss\u00e4!<\/span><\/p>\n\t\t\t\t\t\t\t\t\t<div class=\"button-wrapper\">\n\t\t\t\t\t\t\t\t\t\t\t\t\t<div class=\"wp-block-button is-style-outline\">\n\t\t\t\t\t\t\t\t<a class=\"wp-block-button__link\" href=\"https:\/\/www.kubija.ee\/fi\/offer\/peremajutus-1-oo\/\">Lue lis\u00e4\u00e4<\/a>\n\t\t\t\t\t\t\t<\/div>\n\t\t\t\t\t\t\t\t\t\t\t\t\t\t\t\t\t<\/div>\n\t\t\t\t\t\t\t<\/div>\n\t\t<\/div>\n\t<\/div>\n\n\t\n\n\t<div class=\"wp-offer-column wide\">\n\t\t<div class=\"offer-inner\">\n\t\t\t\t\t\t\t<h4>\n\t\t\t\t\t<span>PERHEELLE<\/span>\n\t\t\t\t\tal. 335\u20ac\t\t\t\t<\/h4>\n\t\t\t\t\t\t<a href=\"https:\/\/www.kubija.ee\/fi\/offer\/pere-ja-loodusega-koos\/\"><figure class=\"wp-block-image\"><img loading=\"lazy\" decoding=\"async\" width=\"1024\" height=\"683\" src=\"https:\/\/www.kubija.ee\/wp-content\/uploads\/2023\/10\/Pere-ja-loodusega-koos-2-ood-1024x683.png\" class=\"attachment-large size-large wp-post-image\" alt=\"\" srcset=\"https:\/\/www.kubija.ee\/wp-content\/uploads\/2023\/10\/Pere-ja-loodusega-koos-2-ood-1024x683.png 1024w, https:\/\/www.kubija.ee\/wp-content\/uploads\/2023\/10\/Pere-ja-loodusega-koos-2-ood-300x200.png 300w, https:\/\/www.kubija.ee\/wp-content\/uploads\/2023\/10\/Pere-ja-loodusega-koos-2-ood-768x512.png 768w, https:\/\/www.kubija.ee\/wp-content\/uploads\/2023\/10\/Pere-ja-loodusega-koos-2-ood-1536x1024.png 1536w, https:\/\/www.kubija.ee\/wp-content\/uploads\/2023\/10\/Pere-ja-loodusega-koos-2-ood-1568x1045.png 1568w, https:\/\/www.kubija.ee\/wp-content\/uploads\/2023\/10\/Pere-ja-loodusega-koos-2-ood-600x400.png 600w, https:\/\/www.kubija.ee\/wp-content\/uploads\/2023\/10\/Pere-ja-loodusega-koos-2-ood-100x67.png 100w, https:\/\/www.kubija.ee\/wp-content\/uploads\/2023\/10\/Pere-ja-loodusega-koos-2-ood.png 1587w\" sizes=\"auto, (max-width: 1024px) 100vw, 1024px\" \/><\/figure><\/a>\n\t\t\t<div class=\"offer-text-wrapper\">\n\t\t\t\t<h3><a href=\"https:\/\/www.kubija.ee\/fi\/offer\/pere-ja-loodusega-koos\/\">Perheen ja luonnon kanssa 2 y\u00f6t\u00e4<\/a><\/h3>\n\t\t\t\t<p>Haluatko rentoutua perheesi kanssa tilavassa perhesviitiss\u00e4, hemmotella itse\u00e4si kylpyl\u00e4ss\u00e4, sy\u00f6d\u00e4 pannukakkuja ravintolassa ja nauttia uusista paikoista ja luonnosta?<br \/>Kaikki t\u00e4m\u00e4 ja varmasti mukavat yll\u00e4tykset odottavat sinua Kubijan hotelli-luontokylpyl\u00e4ss\u00e4!<\/p>\n\t\t\t\t\t\t\t\t\t<div class=\"button-wrapper\">\n\t\t\t\t\t\t\t\t\t\t\t\t\t<div class=\"wp-block-button is-style-outline\">\n\t\t\t\t\t\t\t\t<a class=\"wp-block-button__link\" href=\"https:\/\/www.kubija.ee\/fi\/offer\/pere-ja-loodusega-koos\/\">Lue lis\u00e4\u00e4<\/a>\n\t\t\t\t\t\t\t<\/div>\n\t\t\t\t\t\t\t\t\t\t\t\t\t\t\t\t\t<\/div>\n\t\t\t\t\t\t\t<\/div>\n\t\t<\/div>\n\t<\/div>\n\n\t<\/div><\/div>\n\n\n\n<div style=\"height:20px\" aria-hidden=\"true\" class=\"wp-block-spacer\"><\/div>\n","protected":false},"excerpt":{"rendered":"<p>Kubijan hotelli-luontokylpyl\u00e4 savisviitit-perhehuoneet ovat ainutlaatuinen mahdollisuus my\u00f6s suurille perheille, sill\u00e4 paketin hintaan sis\u00e4ltyy jopa 4 alle 12-vuotiasta lasta ilmaiseksi ja tilaa on kaikille!Kaikkien mukavuuksien lis\u00e4ksi perheen pienimm\u00e4t voivat harjoitella k\u00e4den taitoa j\u00e4nnitt\u00e4v\u00e4ll\u00e4 toimintasein\u00e4ll\u00e4, pelata V\u00f5rumaa-lautapeli\u00e4 ja kylpyl\u00e4ss\u00e4 k\u00e4ynnin j\u00e4lkeen lis\u00e4ksi l\u00f6h\u00f6ily\u00e4 vaahtokylvyss\u00e4. Voit suunnitella vapaa-aikaasi ja aktiviteettejasi luonnossa fiksusti: avaa vain huoneen sein\u00e4ll\u00e4 olevan kuvan [&hellip;]<\/p>\n","protected":false},"author":4,"featured_media":979,"parent":0,"menu_order":5,"comment_status":"closed","ping_status":"closed","template":"","meta":{"footnotes":""},"class_list":["post-14520","page","type-page","status-publish","has-post-thumbnail","hentry"],"yoast_head":"<!-- This site is optimized with the Yoast SEO plugin v27.1 - https:\/\/yoast.com\/product\/yoast-seo-wordpress\/ -->\n<title>Perheille - Kubija hotell-loodusspaa V&otilde;rumaal<\/title>\n<meta name=\"robots\" content=\"index, follow, max-snippet:-1, max-image-preview:large, max-video-preview:-1\" \/>\n<link rel=\"canonical\" href=\"https:\/\/www.kubija.ee\/lastega-peredele\/\" \/>\n<meta property=\"og:locale\" content=\"fi_FI\" \/>\n<meta property=\"og:type\" content=\"article\" \/>\n<meta property=\"og:title\" content=\"Perheille - Kubija hotell-loodusspaa V&otilde;rumaal\" \/>\n<meta property=\"og:description\" content=\"Kubijan hotelli-luontokylpyl\u00e4 savisviitit-perhehuoneet ovat ainutlaatuinen mahdollisuus my\u00f6s suurille perheille, sill\u00e4 paketin hintaan sis\u00e4ltyy jopa 4 alle 12-vuotiasta lasta ilmaiseksi ja tilaa on kaikille!Kaikkien mukavuuksien lis\u00e4ksi perheen pienimm\u00e4t voivat harjoitella k\u00e4den taitoa j\u00e4nnitt\u00e4v\u00e4ll\u00e4 toimintasein\u00e4ll\u00e4, pelata V\u00f5rumaa-lautapeli\u00e4 ja kylpyl\u00e4ss\u00e4 k\u00e4ynnin j\u00e4lkeen lis\u00e4ksi l\u00f6h\u00f6ily\u00e4 vaahtokylvyss\u00e4. Voit suunnitella vapaa-aikaasi ja aktiviteettejasi luonnossa fiksusti: avaa vain huoneen sein\u00e4ll\u00e4 olevan kuvan [&hellip;]\" \/>\n<meta property=\"og:url\" content=\"https:\/\/www.kubija.ee\/lastega-peredele\/\" \/>\n<meta property=\"og:site_name\" content=\"Kubija hotell-loodusspaa V&otilde;rumaal\" \/>\n<meta property=\"article:publisher\" content=\"https:\/\/www.facebook.com\/kubijahotell\/\" \/>\n<meta property=\"article:modified_time\" content=\"2024-10-03T12:33:07+00:00\" \/>\n<meta property=\"og:image\" content=\"https:\/\/www.kubija.ee\/wp-content\/uploads\/2021\/10\/Kubija-hotell-loodusspaa-perepakett.jpg\" \/>\n\t<meta property=\"og:image:width\" content=\"1350\" \/>\n\t<meta property=\"og:image:height\" content=\"900\" \/>\n\t<meta property=\"og:image:type\" content=\"image\/jpeg\" \/>\n<meta name=\"twitter:card\" content=\"summary_large_image\" \/>\n<script type=\"application\/ld+json\" class=\"yoast-schema-graph\">{\"@context\":\"https:\/\/schema.org\",\"@graph\":[{\"@type\":\"WebPage\",\"@id\":\"https:\/\/www.kubija.ee\/lastega-peredele\/\",\"url\":\"https:\/\/www.kubija.ee\/lastega-peredele\/\",\"name\":\"Perheille - Kubija hotell-loodusspaa V&otilde;rumaal\",\"isPartOf\":{\"@id\":\"https:\/\/www.kubija.ee\/#website\"},\"primaryImageOfPage\":{\"@id\":\"https:\/\/www.kubija.ee\/lastega-peredele\/#primaryimage\"},\"image\":{\"@id\":\"https:\/\/www.kubija.ee\/lastega-peredele\/#primaryimage\"},\"thumbnailUrl\":\"https:\/\/www.kubija.ee\/wp-content\/uploads\/2021\/10\/Kubija-hotell-loodusspaa-perepakett.jpg\",\"datePublished\":\"2023-10-02T12:57:05+00:00\",\"dateModified\":\"2024-10-03T12:33:07+00:00\",\"breadcrumb\":{\"@id\":\"https:\/\/www.kubija.ee\/lastega-peredele\/#breadcrumb\"},\"inLanguage\":\"fi\",\"potentialAction\":[{\"@type\":\"ReadAction\",\"target\":[\"https:\/\/www.kubija.ee\/lastega-peredele\/\"]}]},{\"@type\":\"ImageObject\",\"inLanguage\":\"fi\",\"@id\":\"https:\/\/www.kubija.ee\/lastega-peredele\/#primaryimage\",\"url\":\"https:\/\/www.kubija.ee\/wp-content\/uploads\/2021\/10\/Kubija-hotell-loodusspaa-perepakett.jpg\",\"contentUrl\":\"https:\/\/www.kubija.ee\/wp-content\/uploads\/2021\/10\/Kubija-hotell-loodusspaa-perepakett.jpg\",\"width\":1350,\"height\":900},{\"@type\":\"BreadcrumbList\",\"@id\":\"https:\/\/www.kubija.ee\/lastega-peredele\/#breadcrumb\",\"itemListElement\":[{\"@type\":\"ListItem\",\"position\":1,\"name\":\"Home\",\"item\":\"https:\/\/www.kubija.ee\/fi\/\"},{\"@type\":\"ListItem\",\"position\":2,\"name\":\"Perheille\"}]},{\"@type\":\"WebSite\",\"@id\":\"https:\/\/www.kubija.ee\/#website\",\"url\":\"https:\/\/www.kubija.ee\/\",\"name\":\"Kubija hotell-loodusspaa V&otilde;rumaal\",\"description\":\"J&auml;rjekordne WordPressi veebileht\",\"publisher\":{\"@id\":\"https:\/\/www.kubija.ee\/#organization\"},\"potentialAction\":[{\"@type\":\"SearchAction\",\"target\":{\"@type\":\"EntryPoint\",\"urlTemplate\":\"https:\/\/www.kubija.ee\/?s={search_term_string}\"},\"query-input\":{\"@type\":\"PropertyValueSpecification\",\"valueRequired\":true,\"valueName\":\"search_term_string\"}}],\"inLanguage\":\"fi\"},{\"@type\":\"Organization\",\"@id\":\"https:\/\/www.kubija.ee\/#organization\",\"name\":\"Kubija hotell-loodusspaa\",\"url\":\"https:\/\/www.kubija.ee\/\",\"logo\":{\"@type\":\"ImageObject\",\"inLanguage\":\"fi\",\"@id\":\"https:\/\/www.kubija.ee\/#\/schema\/logo\/image\/\",\"url\":\"https:\/\/www.kubija.ee\/wp-content\/uploads\/2021\/12\/logo-1-e1638351137779.png\",\"contentUrl\":\"https:\/\/www.kubija.ee\/wp-content\/uploads\/2021\/12\/logo-1-e1638351137779.png\",\"width\":305,\"height\":260,\"caption\":\"Kubija hotell-loodusspaa\"},\"image\":{\"@id\":\"https:\/\/www.kubija.ee\/#\/schema\/logo\/image\/\"},\"sameAs\":[\"https:\/\/www.facebook.com\/kubijahotell\/\",\"https:\/\/www.instagram.com\/kubijahotellloodusspaa\/\"]}]}<\/script>\n<!-- \/ Yoast SEO plugin. -->","yoast_head_json":{"title":"Perheille - Kubija hotell-loodusspaa V&otilde;rumaal","robots":{"index":"index","follow":"follow","max-snippet":"max-snippet:-1","max-image-preview":"max-image-preview:large","max-video-preview":"max-video-preview:-1"},"canonical":"https:\/\/www.kubija.ee\/lastega-peredele\/","og_locale":"fi_FI","og_type":"article","og_title":"Perheille - Kubija hotell-loodusspaa V&otilde;rumaal","og_description":"Kubijan hotelli-luontokylpyl\u00e4 savisviitit-perhehuoneet ovat ainutlaatuinen mahdollisuus my\u00f6s suurille perheille, sill\u00e4 paketin hintaan sis\u00e4ltyy jopa 4 alle 12-vuotiasta lasta ilmaiseksi ja tilaa on kaikille!Kaikkien mukavuuksien lis\u00e4ksi perheen pienimm\u00e4t voivat harjoitella k\u00e4den taitoa j\u00e4nnitt\u00e4v\u00e4ll\u00e4 toimintasein\u00e4ll\u00e4, pelata V\u00f5rumaa-lautapeli\u00e4 ja kylpyl\u00e4ss\u00e4 k\u00e4ynnin j\u00e4lkeen lis\u00e4ksi l\u00f6h\u00f6ily\u00e4 vaahtokylvyss\u00e4. Voit suunnitella vapaa-aikaasi ja aktiviteettejasi luonnossa fiksusti: avaa vain huoneen sein\u00e4ll\u00e4 olevan kuvan [&hellip;]","og_url":"https:\/\/www.kubija.ee\/lastega-peredele\/","og_site_name":"Kubija hotell-loodusspaa V&otilde;rumaal","article_publisher":"https:\/\/www.facebook.com\/kubijahotell\/","article_modified_time":"2024-10-03T12:33:07+00:00","og_image":[{"width":1350,"height":900,"url":"https:\/\/www.kubija.ee\/wp-content\/uploads\/2021\/10\/Kubija-hotell-loodusspaa-perepakett.jpg","type":"image\/jpeg"}],"twitter_card":"summary_large_image","schema":{"@context":"https:\/\/schema.org","@graph":[{"@type":"WebPage","@id":"https:\/\/www.kubija.ee\/lastega-peredele\/","url":"https:\/\/www.kubija.ee\/lastega-peredele\/","name":"Perheille - Kubija hotell-loodusspaa V&otilde;rumaal","isPartOf":{"@id":"https:\/\/www.kubija.ee\/#website"},"primaryImageOfPage":{"@id":"https:\/\/www.kubija.ee\/lastega-peredele\/#primaryimage"},"image":{"@id":"https:\/\/www.kubija.ee\/lastega-peredele\/#primaryimage"},"thumbnailUrl":"https:\/\/www.kubija.ee\/wp-content\/uploads\/2021\/10\/Kubija-hotell-loodusspaa-perepakett.jpg","datePublished":"2023-10-02T12:57:05+00:00","dateModified":"2024-10-03T12:33:07+00:00","breadcrumb":{"@id":"https:\/\/www.kubija.ee\/lastega-peredele\/#breadcrumb"},"inLanguage":"fi","potentialAction":[{"@type":"ReadAction","target":["https:\/\/www.kubija.ee\/lastega-peredele\/"]}]},{"@type":"ImageObject","inLanguage":"fi","@id":"https:\/\/www.kubija.ee\/lastega-peredele\/#primaryimage","url":"https:\/\/www.kubija.ee\/wp-content\/uploads\/2021\/10\/Kubija-hotell-loodusspaa-perepakett.jpg","contentUrl":"https:\/\/www.kubija.ee\/wp-content\/uploads\/2021\/10\/Kubija-hotell-loodusspaa-perepakett.jpg","width":1350,"height":900},{"@type":"BreadcrumbList","@id":"https:\/\/www.kubija.ee\/lastega-peredele\/#breadcrumb","itemListElement":[{"@type":"ListItem","position":1,"name":"Home","item":"https:\/\/www.kubija.ee\/fi\/"},{"@type":"ListItem","position":2,"name":"Perheille"}]},{"@type":"WebSite","@id":"https:\/\/www.kubija.ee\/#website","url":"https:\/\/www.kubija.ee\/","name":"Kubija hotell-loodusspaa V&otilde;rumaal","description":"J&auml;rjekordne WordPressi veebileht","publisher":{"@id":"https:\/\/www.kubija.ee\/#organization"},"potentialAction":[{"@type":"SearchAction","target":{"@type":"EntryPoint","urlTemplate":"https:\/\/www.kubija.ee\/?s={search_term_string}"},"query-input":{"@type":"PropertyValueSpecification","valueRequired":true,"valueName":"search_term_string"}}],"inLanguage":"fi"},{"@type":"Organization","@id":"https:\/\/www.kubija.ee\/#organization","name":"Kubija hotell-loodusspaa","url":"https:\/\/www.kubija.ee\/","logo":{"@type":"ImageObject","inLanguage":"fi","@id":"https:\/\/www.kubija.ee\/#\/schema\/logo\/image\/","url":"https:\/\/www.kubija.ee\/wp-content\/uploads\/2021\/12\/logo-1-e1638351137779.png","contentUrl":"https:\/\/www.kubija.ee\/wp-content\/uploads\/2021\/12\/logo-1-e1638351137779.png","width":305,"height":260,"caption":"Kubija hotell-loodusspaa"},"image":{"@id":"https:\/\/www.kubija.ee\/#\/schema\/logo\/image\/"},"sameAs":["https:\/\/www.facebook.com\/kubijahotell\/","https:\/\/www.instagram.com\/kubijahotellloodusspaa\/"]}]}},"_links":{"self":[{"href":"https:\/\/www.kubija.ee\/fi\/wp-json\/wp\/v2\/pages\/14520","targetHints":{"allow":["GET"]}}],"collection":[{"href":"https:\/\/www.kubija.ee\/fi\/wp-json\/wp\/v2\/pages"}],"about":[{"href":"https:\/\/www.kubija.ee\/fi\/wp-json\/wp\/v2\/types\/page"}],"author":[{"embeddable":true,"href":"https:\/\/www.kubija.ee\/fi\/wp-json\/wp\/v2\/users\/4"}],"replies":[{"embeddable":true,"href":"https:\/\/www.kubija.ee\/fi\/wp-json\/wp\/v2\/comments?post=14520"}],"version-history":[{"count":3,"href":"https:\/\/www.kubija.ee\/fi\/wp-json\/wp\/v2\/pages\/14520\/revisions"}],"predecessor-version":[{"id":14908,"href":"https:\/\/www.kubija.ee\/fi\/wp-json\/wp\/v2\/pages\/14520\/revisions\/14908"}],"wp:featuredmedia":[{"embeddable":true,"href":"https:\/\/www.kubija.ee\/fi\/wp-json\/wp\/v2\/media\/979"}],"wp:attachment":[{"href":"https:\/\/www.kubija.ee\/fi\/wp-json\/wp\/v2\/media?parent=14520"}],"curies":[{"name":"wp","href":"https:\/\/api.w.org\/{rel}","templated":true}]}}