{"id":7258,"date":"2021-12-10T13:56:36","date_gmt":"2021-12-10T13:56:36","guid":{"rendered":"https:\/\/www.kubija.ee\/e-poe-ostutingimused\/"},"modified":"2024-12-20T09:29:56","modified_gmt":"2024-12-20T09:29:56","slug":"terms-and-conditions-of-the-e-shop","status":"publish","type":"page","link":"https:\/\/www.kubija.ee\/en\/terms-and-conditions-of-the-e-shop\/","title":{"rendered":"Terms and conditions of the e-shop"},"content":{"rendered":"\n<div class=\"wp-block-cover alignfull is-light has-custom-content-position is-position-bottom-center\" style=\"min-height:430px;aspect-ratio:unset;\"><span aria-hidden=\"true\" class=\"wp-block-cover__background has-background-dim\"><\/span><img loading=\"lazy\" decoding=\"async\" width=\"1920\" height=\"1280\" class=\"wp-block-cover__image-background wp-image-2638\" alt=\"\" src=\"https:\/\/www.kubija.ee\/wp-content\/uploads\/2021\/12\/Winter-forest_Karl-Ander-Adami.jpg\" data-object-fit=\"cover\" srcset=\"https:\/\/www.kubija.ee\/wp-content\/uploads\/2021\/12\/Winter-forest_Karl-Ander-Adami.jpg 1920w, https:\/\/www.kubija.ee\/wp-content\/uploads\/2021\/12\/Winter-forest_Karl-Ander-Adami-300x200.jpg 300w, https:\/\/www.kubija.ee\/wp-content\/uploads\/2021\/12\/Winter-forest_Karl-Ander-Adami-1024x683.jpg 1024w, https:\/\/www.kubija.ee\/wp-content\/uploads\/2021\/12\/Winter-forest_Karl-Ander-Adami-768x512.jpg 768w, https:\/\/www.kubija.ee\/wp-content\/uploads\/2021\/12\/Winter-forest_Karl-Ander-Adami-1536x1024.jpg 1536w, https:\/\/www.kubija.ee\/wp-content\/uploads\/2021\/12\/Winter-forest_Karl-Ander-Adami-1568x1045.jpg 1568w, https:\/\/www.kubija.ee\/wp-content\/uploads\/2021\/12\/Winter-forest_Karl-Ander-Adami-600x400.jpg 600w, https:\/\/www.kubija.ee\/wp-content\/uploads\/2021\/12\/Winter-forest_Karl-Ander-Adami-100x67.jpg 100w\" sizes=\"auto, (max-width: 1920px) 100vw, 1920px\" \/><div class=\"wp-block-cover__inner-container is-layout-flow wp-block-cover-is-layout-flow\">\n<h1 class=\"wp-block-heading has-white-color has-text-color has-huge-font-size\">Terms and conditions of the e-shop<\/h1>\n<\/div><\/div>\n\n\n\n<div class=\"wp-block-columns alignwide is-layout-flex wp-container-core-columns-is-layout-28f84493 wp-block-columns-is-layout-flex\">\n<div class=\"wp-block-column is-layout-flow wp-block-column-is-layout-flow\">\n<h3 class=\"wp-block-heading has-brown-color has-text-color\">The range of terms and validity<\/h3>\n\n\n\n<p>1.1. The terms are valid between the person (hereinafter Customer) and the webpage www.kubija.ee (hereinafter Kubija Hotel &amp; Nature Spa e-store) owner Pintmann Grupp O\u00dc (hereinafter Kubija Hotel &amp; Nature Spa) for the legal relations while purchasing products and services via Kubija Hotel &amp; Nature Spa e-store.<br>1.2. Purchasing services and products via Kubija Hotel &amp; Nature Spa e-store there are legal acts of the Estonian Republic regulating the legal rights in addition to current terms and conditions.<br>1.3 The transactions made at the e-store must be made by a capable person at least 18 years of age. If the transaction is made by the person not according to the regulations, the person who\u2019s bank account or credit card is used will be responsible for the transaction.<\/p>\n\n\n\n<h3 class=\"wp-block-heading has-brown-color has-text-color\">Price<\/h3>\n\n\n\n<p>2.1. All prices are in Euros and include the taxes regulated by the Estonian Republic.<br>2.2. The price of transportation may be added to the price according to the selected mean of delivery.<\/p>\n\n\n\n<h3 class=\"wp-block-heading has-brown-color has-text-color\">Payments<\/h3>\n\n\n\n<p>3.1 The product selected by the customer from the e-store must be paid in the full amount. By making the payment, the customer will assure that he\/she has fully read and accepted the terms and conditions provided by the service provider of the e-store.<br>3.2 The amount shown in e-store can be made through the internet banks as well as Visa and MasterCard debit and credit payments.<\/p>\n\n\n\n<p>Straight after completing the payment by bank transaction or card transaction, the customer must push the button \u201cback to the vendor\u201d in order to confirm the transaction.<\/p>\n<\/div>\n\n\n\n<div class=\"wp-block-column is-layout-flow wp-block-column-is-layout-flow\">\n<h3 class=\"wp-block-heading has-brown-color has-text-color\">Cancelling the order and refund<\/h3>\n\n\n\n<p>4.1. All gift cards bought cannot be cancelled and the money will not be refunded. All gift cards have a unique product code and can be used as a payment method straight after the purchase.<br>4.2\u00a0 All gift cards are valid for 12 months after the purchase. After the validity period is over the gift car will become inactive and it cannot be returned or changed into a new gift card.<\/p>\n\n\n\n<h3 class=\"wp-block-heading has-brown-color has-text-color\">Confidentiality<\/h3>\n\n\n\n<p>5.1 All personal information provided while making a purchase in the e-store are confidential and are treated by the requirements of the law of personal information. Kubija Hotel &amp; Nature Spa does not give out personal information to third parties without the consent from the customer.<\/p>\n\n\n\n<h3 class=\"wp-block-heading has-brown-color has-text-color\">Miscellaneous<\/h3>\n\n\n\n<p>6. All complaints regarding the purchase from the e-store between the customer and Kubija Hotel &amp; Nature Spa will be resolved by negotiations. In case of no agreement, the customer has the right to turn to Consumer Protection. In case of complaints and questions not brought out in current terms and conditions the legal acts of Estonian Republic will be used.<\/p>\n\n\n\n<h3 class=\"wp-block-heading has-brown-color has-text-color\">Andmed<\/h3>\n\n\n\n<div class=\"wp-block-columns alignfull is-layout-flex wp-container-core-columns-is-layout-28f84493 wp-block-columns-is-layout-flex\">\n<div class=\"wp-block-column is-layout-flow wp-block-column-is-layout-flow\">\n<p>Pintmann Grupp O\u00dc<br>Reg.nr: 10435791<br>VAT nr:&nbsp; EE100359143<br>M\u00e4nniku 43 a, V\u00f5ru 65603<br>V\u00f5rumaa, Estonia <\/p>\n<\/div>\n\n\n\n<div class=\"wp-block-column is-layout-flow wp-block-column-is-layout-flow\">\n<p>Bank account: EE242200221021508205<br>Bank: Swedbank<br>IBAN: EE242200221021508205<br>SWIFT: HABAEE2X<br>Phone: +372&nbsp;786 6001, +372 504 5745<br>E-mail: <a href=\"mailto:info@kubija.ee\">info@kubija.ee<br><\/a>Web: <a href=\"http:\/\/www.kubija.ee\/\">www.kubija.ee<\/a> <\/p>\n<\/div>\n<\/div>\n<\/div>\n<\/div>\n","protected":false},"excerpt":{"rendered":"<p>The range of terms and validity 1.1. The terms are valid between the person (hereinafter Customer) and the webpage www.kubija.ee (hereinafter Kubija Hotel &amp; Nature Spa e-store) owner Pintmann Grupp O\u00dc (hereinafter Kubija Hotel &amp; Nature Spa) for the legal relations while purchasing products and services via Kubija Hotel &amp; Nature Spa e-store.1.2. Purchasing services [&hellip;]<\/p>\n","protected":false},"author":2,"featured_media":0,"parent":0,"menu_order":37,"comment_status":"closed","ping_status":"closed","template":"","meta":{"footnotes":""},"class_list":["post-7258","page","type-page","status-publish","hentry"],"yoast_head":"<!-- This site is optimized with the Yoast SEO plugin v27.4 - https:\/\/yoast.com\/product\/yoast-seo-wordpress\/ -->\n<title>Terms and conditions of the e-shop - Kubija hotell-loodusspaa V&otilde;rumaal<\/title>\n<meta name=\"robots\" content=\"index, follow, max-snippet:-1, max-image-preview:large, max-video-preview:-1\" \/>\n<link rel=\"canonical\" href=\"https:\/\/www.kubija.ee\/en\/terms-and-conditions-of-the-e-shop\/\" \/>\n<meta property=\"og:locale\" content=\"en_US\" \/>\n<meta property=\"og:type\" content=\"article\" \/>\n<meta property=\"og:title\" content=\"Terms and conditions of the e-shop - Kubija hotell-loodusspaa V&otilde;rumaal\" \/>\n<meta property=\"og:description\" content=\"The range of terms and validity 1.1. The terms are valid between the person (hereinafter Customer) and the webpage www.kubija.ee (hereinafter Kubija Hotel &amp; Nature Spa e-store) owner Pintmann Grupp O\u00dc (hereinafter Kubija Hotel &amp; Nature Spa) for the legal relations while purchasing products and services via Kubija Hotel &amp; Nature Spa e-store.1.2. Purchasing services [&hellip;]\" \/>\n<meta property=\"og:url\" content=\"https:\/\/www.kubija.ee\/en\/terms-and-conditions-of-the-e-shop\/\" \/>\n<meta property=\"og:site_name\" content=\"Kubija hotell-loodusspaa V&otilde;rumaal\" \/>\n<meta property=\"article:publisher\" content=\"https:\/\/www.facebook.com\/kubijahotell\/\" \/>\n<meta property=\"article:modified_time\" content=\"2024-12-20T09:29:56+00:00\" \/>\n<meta property=\"og:image\" content=\"https:\/\/www.kubija.ee\/wp-content\/uploads\/2021\/12\/Winter-forest_Karl-Ander-Adami.jpg\" \/>\n<meta name=\"twitter:card\" content=\"summary_large_image\" \/>\n<meta name=\"twitter:label1\" content=\"Est. reading time\" \/>\n\t<meta name=\"twitter:data1\" content=\"3 minutes\" \/>\n<script type=\"application\/ld+json\" class=\"yoast-schema-graph\">{\"@context\":\"https:\\\/\\\/schema.org\",\"@graph\":[{\"@type\":\"WebPage\",\"@id\":\"https:\\\/\\\/www.kubija.ee\\\/en\\\/terms-and-conditions-of-the-e-shop\\\/\",\"url\":\"https:\\\/\\\/www.kubija.ee\\\/en\\\/terms-and-conditions-of-the-e-shop\\\/\",\"name\":\"Terms and conditions of the e-shop - Kubija hotell-loodusspaa V&otilde;rumaal\",\"isPartOf\":{\"@id\":\"https:\\\/\\\/www.kubija.ee\\\/#website\"},\"primaryImageOfPage\":{\"@id\":\"https:\\\/\\\/www.kubija.ee\\\/en\\\/terms-and-conditions-of-the-e-shop\\\/#primaryimage\"},\"image\":{\"@id\":\"https:\\\/\\\/www.kubija.ee\\\/en\\\/terms-and-conditions-of-the-e-shop\\\/#primaryimage\"},\"thumbnailUrl\":\"https:\\\/\\\/www.kubija.ee\\\/wp-content\\\/uploads\\\/2021\\\/12\\\/Winter-forest_Karl-Ander-Adami.jpg\",\"datePublished\":\"2021-12-10T13:56:36+00:00\",\"dateModified\":\"2024-12-20T09:29:56+00:00\",\"breadcrumb\":{\"@id\":\"https:\\\/\\\/www.kubija.ee\\\/en\\\/terms-and-conditions-of-the-e-shop\\\/#breadcrumb\"},\"inLanguage\":\"en-US\",\"potentialAction\":[{\"@type\":\"ReadAction\",\"target\":[\"https:\\\/\\\/www.kubija.ee\\\/en\\\/terms-and-conditions-of-the-e-shop\\\/\"]}]},{\"@type\":\"ImageObject\",\"inLanguage\":\"en-US\",\"@id\":\"https:\\\/\\\/www.kubija.ee\\\/en\\\/terms-and-conditions-of-the-e-shop\\\/#primaryimage\",\"url\":\"https:\\\/\\\/www.kubija.ee\\\/wp-content\\\/uploads\\\/2021\\\/12\\\/Winter-forest_Karl-Ander-Adami.jpg\",\"contentUrl\":\"https:\\\/\\\/www.kubija.ee\\\/wp-content\\\/uploads\\\/2021\\\/12\\\/Winter-forest_Karl-Ander-Adami.jpg\"},{\"@type\":\"BreadcrumbList\",\"@id\":\"https:\\\/\\\/www.kubija.ee\\\/en\\\/terms-and-conditions-of-the-e-shop\\\/#breadcrumb\",\"itemListElement\":[{\"@type\":\"ListItem\",\"position\":1,\"name\":\"Home\",\"item\":\"https:\\\/\\\/www.kubija.ee\\\/en\\\/\"},{\"@type\":\"ListItem\",\"position\":2,\"name\":\"Terms and conditions of the e-shop\"}]},{\"@type\":\"WebSite\",\"@id\":\"https:\\\/\\\/www.kubija.ee\\\/#website\",\"url\":\"https:\\\/\\\/www.kubija.ee\\\/\",\"name\":\"Kubija hotell-loodusspaa V&otilde;rumaal\",\"description\":\"J&auml;rjekordne WordPressi veebileht\",\"publisher\":{\"@id\":\"https:\\\/\\\/www.kubija.ee\\\/#organization\"},\"potentialAction\":[{\"@type\":\"SearchAction\",\"target\":{\"@type\":\"EntryPoint\",\"urlTemplate\":\"https:\\\/\\\/www.kubija.ee\\\/?s={search_term_string}\"},\"query-input\":{\"@type\":\"PropertyValueSpecification\",\"valueRequired\":true,\"valueName\":\"search_term_string\"}}],\"inLanguage\":\"en-US\"},{\"@type\":\"Organization\",\"@id\":\"https:\\\/\\\/www.kubija.ee\\\/#organization\",\"name\":\"Kubija hotell-loodusspaa\",\"url\":\"https:\\\/\\\/www.kubija.ee\\\/\",\"logo\":{\"@type\":\"ImageObject\",\"inLanguage\":\"en-US\",\"@id\":\"https:\\\/\\\/www.kubija.ee\\\/#\\\/schema\\\/logo\\\/image\\\/\",\"url\":\"https:\\\/\\\/www.kubija.ee\\\/wp-content\\\/uploads\\\/2021\\\/12\\\/logo-1-e1638351137779.png\",\"contentUrl\":\"https:\\\/\\\/www.kubija.ee\\\/wp-content\\\/uploads\\\/2021\\\/12\\\/logo-1-e1638351137779.png\",\"width\":305,\"height\":260,\"caption\":\"Kubija hotell-loodusspaa\"},\"image\":{\"@id\":\"https:\\\/\\\/www.kubija.ee\\\/#\\\/schema\\\/logo\\\/image\\\/\"},\"sameAs\":[\"https:\\\/\\\/www.facebook.com\\\/kubijahotell\\\/\",\"https:\\\/\\\/www.instagram.com\\\/kubijahotellloodusspaa\\\/\"]}]}<\/script>\n<!-- \/ Yoast SEO plugin. -->","yoast_head_json":{"title":"Terms and conditions of the e-shop - Kubija hotell-loodusspaa V&otilde;rumaal","robots":{"index":"index","follow":"follow","max-snippet":"max-snippet:-1","max-image-preview":"max-image-preview:large","max-video-preview":"max-video-preview:-1"},"canonical":"https:\/\/www.kubija.ee\/en\/terms-and-conditions-of-the-e-shop\/","og_locale":"en_US","og_type":"article","og_title":"Terms and conditions of the e-shop - Kubija hotell-loodusspaa V&otilde;rumaal","og_description":"The range of terms and validity 1.1. The terms are valid between the person (hereinafter Customer) and the webpage www.kubija.ee (hereinafter Kubija Hotel &amp; Nature Spa e-store) owner Pintmann Grupp O\u00dc (hereinafter Kubija Hotel &amp; Nature Spa) for the legal relations while purchasing products and services via Kubija Hotel &amp; Nature Spa e-store.1.2. Purchasing services [&hellip;]","og_url":"https:\/\/www.kubija.ee\/en\/terms-and-conditions-of-the-e-shop\/","og_site_name":"Kubija hotell-loodusspaa V&otilde;rumaal","article_publisher":"https:\/\/www.facebook.com\/kubijahotell\/","article_modified_time":"2024-12-20T09:29:56+00:00","og_image":[{"url":"https:\/\/www.kubija.ee\/wp-content\/uploads\/2021\/12\/Winter-forest_Karl-Ander-Adami.jpg","type":"","width":"","height":""}],"twitter_card":"summary_large_image","twitter_misc":{"Est. reading time":"3 minutes"},"schema":{"@context":"https:\/\/schema.org","@graph":[{"@type":"WebPage","@id":"https:\/\/www.kubija.ee\/en\/terms-and-conditions-of-the-e-shop\/","url":"https:\/\/www.kubija.ee\/en\/terms-and-conditions-of-the-e-shop\/","name":"Terms and conditions of the e-shop - Kubija hotell-loodusspaa V&otilde;rumaal","isPartOf":{"@id":"https:\/\/www.kubija.ee\/#website"},"primaryImageOfPage":{"@id":"https:\/\/www.kubija.ee\/en\/terms-and-conditions-of-the-e-shop\/#primaryimage"},"image":{"@id":"https:\/\/www.kubija.ee\/en\/terms-and-conditions-of-the-e-shop\/#primaryimage"},"thumbnailUrl":"https:\/\/www.kubija.ee\/wp-content\/uploads\/2021\/12\/Winter-forest_Karl-Ander-Adami.jpg","datePublished":"2021-12-10T13:56:36+00:00","dateModified":"2024-12-20T09:29:56+00:00","breadcrumb":{"@id":"https:\/\/www.kubija.ee\/en\/terms-and-conditions-of-the-e-shop\/#breadcrumb"},"inLanguage":"en-US","potentialAction":[{"@type":"ReadAction","target":["https:\/\/www.kubija.ee\/en\/terms-and-conditions-of-the-e-shop\/"]}]},{"@type":"ImageObject","inLanguage":"en-US","@id":"https:\/\/www.kubija.ee\/en\/terms-and-conditions-of-the-e-shop\/#primaryimage","url":"https:\/\/www.kubija.ee\/wp-content\/uploads\/2021\/12\/Winter-forest_Karl-Ander-Adami.jpg","contentUrl":"https:\/\/www.kubija.ee\/wp-content\/uploads\/2021\/12\/Winter-forest_Karl-Ander-Adami.jpg"},{"@type":"BreadcrumbList","@id":"https:\/\/www.kubija.ee\/en\/terms-and-conditions-of-the-e-shop\/#breadcrumb","itemListElement":[{"@type":"ListItem","position":1,"name":"Home","item":"https:\/\/www.kubija.ee\/en\/"},{"@type":"ListItem","position":2,"name":"Terms and conditions of the e-shop"}]},{"@type":"WebSite","@id":"https:\/\/www.kubija.ee\/#website","url":"https:\/\/www.kubija.ee\/","name":"Kubija hotell-loodusspaa V&otilde;rumaal","description":"J&auml;rjekordne WordPressi veebileht","publisher":{"@id":"https:\/\/www.kubija.ee\/#organization"},"potentialAction":[{"@type":"SearchAction","target":{"@type":"EntryPoint","urlTemplate":"https:\/\/www.kubija.ee\/?s={search_term_string}"},"query-input":{"@type":"PropertyValueSpecification","valueRequired":true,"valueName":"search_term_string"}}],"inLanguage":"en-US"},{"@type":"Organization","@id":"https:\/\/www.kubija.ee\/#organization","name":"Kubija hotell-loodusspaa","url":"https:\/\/www.kubija.ee\/","logo":{"@type":"ImageObject","inLanguage":"en-US","@id":"https:\/\/www.kubija.ee\/#\/schema\/logo\/image\/","url":"https:\/\/www.kubija.ee\/wp-content\/uploads\/2021\/12\/logo-1-e1638351137779.png","contentUrl":"https:\/\/www.kubija.ee\/wp-content\/uploads\/2021\/12\/logo-1-e1638351137779.png","width":305,"height":260,"caption":"Kubija hotell-loodusspaa"},"image":{"@id":"https:\/\/www.kubija.ee\/#\/schema\/logo\/image\/"},"sameAs":["https:\/\/www.facebook.com\/kubijahotell\/","https:\/\/www.instagram.com\/kubijahotellloodusspaa\/"]}]}},"_links":{"self":[{"href":"https:\/\/www.kubija.ee\/en\/wp-json\/wp\/v2\/pages\/7258","targetHints":{"allow":["GET"]}}],"collection":[{"href":"https:\/\/www.kubija.ee\/en\/wp-json\/wp\/v2\/pages"}],"about":[{"href":"https:\/\/www.kubija.ee\/en\/wp-json\/wp\/v2\/types\/page"}],"author":[{"embeddable":true,"href":"https:\/\/www.kubija.ee\/en\/wp-json\/wp\/v2\/users\/2"}],"replies":[{"embeddable":true,"href":"https:\/\/www.kubija.ee\/en\/wp-json\/wp\/v2\/comments?post=7258"}],"version-history":[{"count":3,"href":"https:\/\/www.kubija.ee\/en\/wp-json\/wp\/v2\/pages\/7258\/revisions"}],"predecessor-version":[{"id":16283,"href":"https:\/\/www.kubija.ee\/en\/wp-json\/wp\/v2\/pages\/7258\/revisions\/16283"}],"wp:attachment":[{"href":"https:\/\/www.kubija.ee\/en\/wp-json\/wp\/v2\/media?parent=7258"}],"curies":[{"name":"wp","href":"https:\/\/api.w.org\/{rel}","templated":true}]}}