{"id":3154,"date":"2021-10-18T13:27:19","date_gmt":"2021-10-18T13:27:19","guid":{"rendered":"https:\/\/www.kubija.ee\/kontakt\/"},"modified":"2024-09-19T09:11:01","modified_gmt":"2024-09-19T09:11:01","slug":"contact","status":"publish","type":"page","link":"https:\/\/www.kubija.ee\/en\/contact\/","title":{"rendered":"Contact"},"content":{"rendered":"\n<div class=\"wp-block-cover alignfull is-light has-custom-content-position is-position-bottom-center\" style=\"min-height:550px;aspect-ratio:unset;\"><span aria-hidden=\"true\" class=\"wp-block-cover__background has-background-dim-30 has-background-dim\"><\/span><img loading=\"lazy\" decoding=\"async\" width=\"2560\" height=\"1702\" class=\"wp-block-cover__image-background wp-image-1249\" alt=\"\" src=\"https:\/\/www.kubija.ee\/wp-content\/uploads\/2021\/10\/FJ1375-Hommik-Luhasoos-Kaisa-Aarmaa-scaled.jpg\" style=\"object-position:51% 91%\" data-object-fit=\"cover\" data-object-position=\"51% 91%\" srcset=\"https:\/\/www.kubija.ee\/wp-content\/uploads\/2021\/10\/FJ1375-Hommik-Luhasoos-Kaisa-Aarmaa-scaled.jpg 2560w, https:\/\/www.kubija.ee\/wp-content\/uploads\/2021\/10\/FJ1375-Hommik-Luhasoos-Kaisa-Aarmaa-scaled-600x399.jpg 600w, https:\/\/www.kubija.ee\/wp-content\/uploads\/2021\/10\/FJ1375-Hommik-Luhasoos-Kaisa-Aarmaa-300x199.jpg 300w, https:\/\/www.kubija.ee\/wp-content\/uploads\/2021\/10\/FJ1375-Hommik-Luhasoos-Kaisa-Aarmaa-1024x681.jpg 1024w, https:\/\/www.kubija.ee\/wp-content\/uploads\/2021\/10\/FJ1375-Hommik-Luhasoos-Kaisa-Aarmaa-768x511.jpg 768w, https:\/\/www.kubija.ee\/wp-content\/uploads\/2021\/10\/FJ1375-Hommik-Luhasoos-Kaisa-Aarmaa-1536x1021.jpg 1536w, https:\/\/www.kubija.ee\/wp-content\/uploads\/2021\/10\/FJ1375-Hommik-Luhasoos-Kaisa-Aarmaa-2048x1362.jpg 2048w, https:\/\/www.kubija.ee\/wp-content\/uploads\/2021\/10\/FJ1375-Hommik-Luhasoos-Kaisa-Aarmaa-1568x1043.jpg 1568w\" sizes=\"auto, (max-width: 2560px) 100vw, 2560px\" \/><div class=\"wp-block-cover__inner-container is-layout-flow wp-block-cover-is-layout-flow\">\n<h1 class=\"wp-block-heading has-text-align-center has-white-color has-text-color has-huge-font-size\">Contact<\/h1>\n<\/div><\/div>\n\n\n\n<div class=\"wp-block-columns alignfull are-vertically-aligned-top animated fadeIn delay-100ms slow is-layout-flex wp-container-core-columns-is-layout-28f84493 wp-block-columns-is-layout-flex\">\n<div class=\"wp-block-column is-vertically-aligned-top is-layout-flow wp-block-column-is-layout-flow\" style=\"flex-basis:50%\">\n<iframe src=\"https:\/\/www.google.com\/maps\/embed?pb=!1m14!1m8!1m3!1d271869.6951891381!2d27.0020431!3d57.8355897!3m2!1i1024!2i768!4f13.1!3m3!1m2!1s0x46eafa66cdcdb867%3A0x35523b97fcbf49eb!2sKubija%20hotell-loodusspaa!5e0!3m2!1sen!2see!4v1726737011344!5m2!1sen!2see\" width=\"100%\" height=\"450\" style=\"border:0;\" allowfullscreen=\"\" loading=\"lazy\" referrerpolicy=\"no-referrer-when-downgrade\"><\/iframe>\n<\/div>\n\n\n\n<div class=\"wp-block-column is-vertically-aligned-top is-layout-flow wp-block-column-is-layout-flow\" style=\"flex-basis:25%\">\n<h2 class=\"wp-block-heading has-green-color has-text-color\" style=\"font-size:25px\">Kubija Hotel &amp; Nature Spa<\/h2>\n\n\n\n<p class=\"has-medium-font-size\">M\u00e4nniku 43a, V\u00f5ru 65603, Estonia<\/p>\n\n\n\n<p class=\"has-medium-font-size\">Phone: <a href=\"tel:+3727866000\">+372 786 6000<\/a><br>Mobile: <a href=\"Tel:+3725045745\">+372 504 5745<\/a><br><br>E-mail: <a href=\"mailto:info@kubija.ee\" target=\"_blank\" rel=\"noreferrer noopener\">info@kubija.ee<\/a><\/p>\n\n\n\n<div class=\"wp-block-buttons is-horizontal is-content-justification-center is-layout-flex wp-container-core-buttons-is-layout-03627597 wp-block-buttons-is-layout-flex\">\n<div class=\"wp-block-button has-custom-width wp-block-button__width-100\"><a class=\"wp-block-button__link wp-element-button\" href=\"https:\/\/bouk.io\/booking\/kubija\/149\/rooms?language=en&amp;adults=2\" style=\"border-radius:11px\">Book a room or package<\/a><\/div>\n\n\n\n<div class=\"wp-block-button has-custom-width wp-block-button__width-100 is-style-outline is-style-outline--1\"><a class=\"wp-block-button__link wp-element-button\" href=\"\/en\/contact\/personnel\/\" style=\"border-radius:11px\">Personnel<\/a><\/div>\n\n\n\n<div class=\"wp-block-button has-custom-width wp-block-button__width-100 is-style-outline is-style-outline--2\"><a class=\"wp-block-button__link wp-element-button\" href=\"\/en\/contact\/about-us\/\" style=\"border-radius:11px\">About us<\/a><\/div>\n<\/div>\n<\/div>\n\n\n\n<div class=\"wp-block-column is-layout-flow wp-block-column-is-layout-flow\" style=\"flex-basis:25%\">\n<h2 class=\"wp-block-heading has-green-color has-text-color\" style=\"font-size:25px\">Company details<\/h2>\n\n\n\n<p class=\"has-medium-font-size\">Pintmann Grupp O\u00dc<br>M\u00e4nniku 43A V\u00f5ru 65603<br>Register ID 10435791<br>VAT nr EE100359143<\/p>\n\n\n\n<p class=\"has-medium-font-size\">SEB Pank EE671010002043308003<br>SWIFT\/BIC: EEUHEE2X<\/p>\n\n\n\n<p class=\"has-medium-font-size\">Swedbank EE242200221021508205<br>SWIFT\/BIC: HABAEE2X<\/p>\n<\/div>\n<\/div>\n\n\n\n<div class=\"wp-block-cover alignfull has-parallax\"><span aria-hidden=\"true\" class=\"wp-block-cover__background has-background-dim-30 has-background-dim\"><\/span><div class=\"wp-block-cover__image-background wp-image-2950 has-parallax\" style=\"background-position:50% 50%;background-image:url(https:\/\/www.kubija.ee\/wp-content\/uploads\/2021\/12\/Kubija-hotell-loodusspaa-minigolf-scaled.jpg)\"><\/div><div class=\"wp-block-cover__inner-container is-layout-flow wp-block-cover-is-layout-flow\">\n<p class=\"has-text-align-center has-large-font-size\"><\/p>\n<\/div><\/div>\n","protected":false},"excerpt":{"rendered":"<p>Kubija Hotel &amp; Nature Spa M\u00e4nniku 43a, V\u00f5ru 65603, Estonia Phone: +372 786 6000Mobile: +372 504 5745 E-mail: info@kubija.ee Company details Pintmann Grupp O\u00dcM\u00e4nniku 43A V\u00f5ru 65603Register ID 10435791VAT nr EE100359143 SEB Pank EE671010002043308003SWIFT\/BIC: EEUHEE2X Swedbank EE242200221021508205SWIFT\/BIC: HABAEE2X<\/p>\n","protected":false},"author":2,"featured_media":0,"parent":0,"menu_order":105,"comment_status":"closed","ping_status":"closed","template":"","meta":{"footnotes":""},"class_list":["post-3154","page","type-page","status-publish","hentry"],"yoast_head":"<!-- This site is optimized with the Yoast SEO plugin v27.1 - https:\/\/yoast.com\/product\/yoast-seo-wordpress\/ -->\n<title>Kubija Hotel &amp; Nature Spa | Best Spa hotel in South Estonia<\/title>\n<meta name=\"description\" content=\"Kubija Hotel &amp; Nature Spa located in V\u00f5ru, South Estonia. Hotel is located next to skiing tracks and popular swimming places in V\u00f5ru.\" \/>\n<meta name=\"robots\" content=\"index, follow, max-snippet:-1, max-image-preview:large, max-video-preview:-1\" \/>\n<link rel=\"canonical\" href=\"https:\/\/www.kubija.ee\/en\/contact\/\" \/>\n<meta property=\"og:locale\" content=\"en_US\" \/>\n<meta property=\"og:type\" content=\"article\" \/>\n<meta property=\"og:title\" content=\"Kubija Hotel &amp; Nature Spa | Best Spa hotel in South Estonia\" \/>\n<meta property=\"og:description\" content=\"Kubija Hotel &amp; Nature Spa located in V\u00f5ru, South Estonia. Hotel is located next to skiing tracks and popular swimming places in V\u00f5ru.\" \/>\n<meta property=\"og:url\" content=\"https:\/\/www.kubija.ee\/en\/contact\/\" \/>\n<meta property=\"og:site_name\" content=\"Kubija hotell-loodusspaa V&otilde;rumaal\" \/>\n<meta property=\"article:publisher\" content=\"https:\/\/www.facebook.com\/kubijahotell\/\" \/>\n<meta property=\"article:modified_time\" content=\"2024-09-19T09:11:01+00:00\" \/>\n<meta property=\"og:image\" content=\"https:\/\/www.kubija.ee\/wp-content\/uploads\/2021\/10\/FJ1375-Hommik-Luhasoos-Kaisa-Aarmaa-scaled.jpg\" \/>\n<meta name=\"twitter:card\" content=\"summary_large_image\" \/>\n<meta name=\"twitter:label1\" content=\"Est. reading time\" \/>\n\t<meta name=\"twitter:data1\" content=\"1 minute\" \/>\n<script type=\"application\/ld+json\" class=\"yoast-schema-graph\">{\"@context\":\"https:\/\/schema.org\",\"@graph\":[{\"@type\":\"WebPage\",\"@id\":\"https:\/\/www.kubija.ee\/en\/contact\/\",\"url\":\"https:\/\/www.kubija.ee\/en\/contact\/\",\"name\":\"Kubija Hotel & Nature Spa | Best Spa hotel in South Estonia\",\"isPartOf\":{\"@id\":\"https:\/\/www.kubija.ee\/#website\"},\"primaryImageOfPage\":{\"@id\":\"https:\/\/www.kubija.ee\/en\/contact\/#primaryimage\"},\"image\":{\"@id\":\"https:\/\/www.kubija.ee\/en\/contact\/#primaryimage\"},\"thumbnailUrl\":\"https:\/\/www.kubija.ee\/wp-content\/uploads\/2021\/10\/FJ1375-Hommik-Luhasoos-Kaisa-Aarmaa-scaled.jpg\",\"datePublished\":\"2021-10-18T13:27:19+00:00\",\"dateModified\":\"2024-09-19T09:11:01+00:00\",\"description\":\"Kubija Hotel & Nature Spa located in V\u00f5ru, South Estonia. Hotel is located next to skiing tracks and popular swimming places in V\u00f5ru.\",\"breadcrumb\":{\"@id\":\"https:\/\/www.kubija.ee\/en\/contact\/#breadcrumb\"},\"inLanguage\":\"en-US\",\"potentialAction\":[{\"@type\":\"ReadAction\",\"target\":[\"https:\/\/www.kubija.ee\/en\/contact\/\"]}]},{\"@type\":\"ImageObject\",\"inLanguage\":\"en-US\",\"@id\":\"https:\/\/www.kubija.ee\/en\/contact\/#primaryimage\",\"url\":\"https:\/\/www.kubija.ee\/wp-content\/uploads\/2021\/10\/FJ1375-Hommik-Luhasoos-Kaisa-Aarmaa-scaled.jpg\",\"contentUrl\":\"https:\/\/www.kubija.ee\/wp-content\/uploads\/2021\/10\/FJ1375-Hommik-Luhasoos-Kaisa-Aarmaa-scaled.jpg\"},{\"@type\":\"BreadcrumbList\",\"@id\":\"https:\/\/www.kubija.ee\/en\/contact\/#breadcrumb\",\"itemListElement\":[{\"@type\":\"ListItem\",\"position\":1,\"name\":\"Home\",\"item\":\"https:\/\/www.kubija.ee\/en\/\"},{\"@type\":\"ListItem\",\"position\":2,\"name\":\"Contact\"}]},{\"@type\":\"WebSite\",\"@id\":\"https:\/\/www.kubija.ee\/#website\",\"url\":\"https:\/\/www.kubija.ee\/\",\"name\":\"Kubija hotell-loodusspaa V&otilde;rumaal\",\"description\":\"J&auml;rjekordne WordPressi veebileht\",\"publisher\":{\"@id\":\"https:\/\/www.kubija.ee\/#organization\"},\"potentialAction\":[{\"@type\":\"SearchAction\",\"target\":{\"@type\":\"EntryPoint\",\"urlTemplate\":\"https:\/\/www.kubija.ee\/?s={search_term_string}\"},\"query-input\":{\"@type\":\"PropertyValueSpecification\",\"valueRequired\":true,\"valueName\":\"search_term_string\"}}],\"inLanguage\":\"en-US\"},{\"@type\":\"Organization\",\"@id\":\"https:\/\/www.kubija.ee\/#organization\",\"name\":\"Kubija hotell-loodusspaa\",\"url\":\"https:\/\/www.kubija.ee\/\",\"logo\":{\"@type\":\"ImageObject\",\"inLanguage\":\"en-US\",\"@id\":\"https:\/\/www.kubija.ee\/#\/schema\/logo\/image\/\",\"url\":\"https:\/\/www.kubija.ee\/wp-content\/uploads\/2021\/12\/logo-1-e1638351137779.png\",\"contentUrl\":\"https:\/\/www.kubija.ee\/wp-content\/uploads\/2021\/12\/logo-1-e1638351137779.png\",\"width\":305,\"height\":260,\"caption\":\"Kubija hotell-loodusspaa\"},\"image\":{\"@id\":\"https:\/\/www.kubija.ee\/#\/schema\/logo\/image\/\"},\"sameAs\":[\"https:\/\/www.facebook.com\/kubijahotell\/\",\"https:\/\/www.instagram.com\/kubijahotellloodusspaa\/\"]}]}<\/script>\n<!-- \/ Yoast SEO plugin. -->","yoast_head_json":{"title":"Kubija Hotel & Nature Spa | Best Spa hotel in South Estonia","description":"Kubija Hotel & Nature Spa located in V\u00f5ru, South Estonia. Hotel is located next to skiing tracks and popular swimming places in V\u00f5ru.","robots":{"index":"index","follow":"follow","max-snippet":"max-snippet:-1","max-image-preview":"max-image-preview:large","max-video-preview":"max-video-preview:-1"},"canonical":"https:\/\/www.kubija.ee\/en\/contact\/","og_locale":"en_US","og_type":"article","og_title":"Kubija Hotel & Nature Spa | Best Spa hotel in South Estonia","og_description":"Kubija Hotel & Nature Spa located in V\u00f5ru, South Estonia. Hotel is located next to skiing tracks and popular swimming places in V\u00f5ru.","og_url":"https:\/\/www.kubija.ee\/en\/contact\/","og_site_name":"Kubija hotell-loodusspaa V&otilde;rumaal","article_publisher":"https:\/\/www.facebook.com\/kubijahotell\/","article_modified_time":"2024-09-19T09:11:01+00:00","og_image":[{"url":"https:\/\/www.kubija.ee\/wp-content\/uploads\/2021\/10\/FJ1375-Hommik-Luhasoos-Kaisa-Aarmaa-scaled.jpg","type":"","width":"","height":""}],"twitter_card":"summary_large_image","twitter_misc":{"Est. reading time":"1 minute"},"schema":{"@context":"https:\/\/schema.org","@graph":[{"@type":"WebPage","@id":"https:\/\/www.kubija.ee\/en\/contact\/","url":"https:\/\/www.kubija.ee\/en\/contact\/","name":"Kubija Hotel & Nature Spa | Best Spa hotel in South Estonia","isPartOf":{"@id":"https:\/\/www.kubija.ee\/#website"},"primaryImageOfPage":{"@id":"https:\/\/www.kubija.ee\/en\/contact\/#primaryimage"},"image":{"@id":"https:\/\/www.kubija.ee\/en\/contact\/#primaryimage"},"thumbnailUrl":"https:\/\/www.kubija.ee\/wp-content\/uploads\/2021\/10\/FJ1375-Hommik-Luhasoos-Kaisa-Aarmaa-scaled.jpg","datePublished":"2021-10-18T13:27:19+00:00","dateModified":"2024-09-19T09:11:01+00:00","description":"Kubija Hotel & Nature Spa located in V\u00f5ru, South Estonia. Hotel is located next to skiing tracks and popular swimming places in V\u00f5ru.","breadcrumb":{"@id":"https:\/\/www.kubija.ee\/en\/contact\/#breadcrumb"},"inLanguage":"en-US","potentialAction":[{"@type":"ReadAction","target":["https:\/\/www.kubija.ee\/en\/contact\/"]}]},{"@type":"ImageObject","inLanguage":"en-US","@id":"https:\/\/www.kubija.ee\/en\/contact\/#primaryimage","url":"https:\/\/www.kubija.ee\/wp-content\/uploads\/2021\/10\/FJ1375-Hommik-Luhasoos-Kaisa-Aarmaa-scaled.jpg","contentUrl":"https:\/\/www.kubija.ee\/wp-content\/uploads\/2021\/10\/FJ1375-Hommik-Luhasoos-Kaisa-Aarmaa-scaled.jpg"},{"@type":"BreadcrumbList","@id":"https:\/\/www.kubija.ee\/en\/contact\/#breadcrumb","itemListElement":[{"@type":"ListItem","position":1,"name":"Home","item":"https:\/\/www.kubija.ee\/en\/"},{"@type":"ListItem","position":2,"name":"Contact"}]},{"@type":"WebSite","@id":"https:\/\/www.kubija.ee\/#website","url":"https:\/\/www.kubija.ee\/","name":"Kubija hotell-loodusspaa V&otilde;rumaal","description":"J&auml;rjekordne WordPressi veebileht","publisher":{"@id":"https:\/\/www.kubija.ee\/#organization"},"potentialAction":[{"@type":"SearchAction","target":{"@type":"EntryPoint","urlTemplate":"https:\/\/www.kubija.ee\/?s={search_term_string}"},"query-input":{"@type":"PropertyValueSpecification","valueRequired":true,"valueName":"search_term_string"}}],"inLanguage":"en-US"},{"@type":"Organization","@id":"https:\/\/www.kubija.ee\/#organization","name":"Kubija hotell-loodusspaa","url":"https:\/\/www.kubija.ee\/","logo":{"@type":"ImageObject","inLanguage":"en-US","@id":"https:\/\/www.kubija.ee\/#\/schema\/logo\/image\/","url":"https:\/\/www.kubija.ee\/wp-content\/uploads\/2021\/12\/logo-1-e1638351137779.png","contentUrl":"https:\/\/www.kubija.ee\/wp-content\/uploads\/2021\/12\/logo-1-e1638351137779.png","width":305,"height":260,"caption":"Kubija hotell-loodusspaa"},"image":{"@id":"https:\/\/www.kubija.ee\/#\/schema\/logo\/image\/"},"sameAs":["https:\/\/www.facebook.com\/kubijahotell\/","https:\/\/www.instagram.com\/kubijahotellloodusspaa\/"]}]}},"_links":{"self":[{"href":"https:\/\/www.kubija.ee\/en\/wp-json\/wp\/v2\/pages\/3154","targetHints":{"allow":["GET"]}}],"collection":[{"href":"https:\/\/www.kubija.ee\/en\/wp-json\/wp\/v2\/pages"}],"about":[{"href":"https:\/\/www.kubija.ee\/en\/wp-json\/wp\/v2\/types\/page"}],"author":[{"embeddable":true,"href":"https:\/\/www.kubija.ee\/en\/wp-json\/wp\/v2\/users\/2"}],"replies":[{"embeddable":true,"href":"https:\/\/www.kubija.ee\/en\/wp-json\/wp\/v2\/comments?post=3154"}],"version-history":[{"count":3,"href":"https:\/\/www.kubija.ee\/en\/wp-json\/wp\/v2\/pages\/3154\/revisions"}],"predecessor-version":[{"id":14549,"href":"https:\/\/www.kubija.ee\/en\/wp-json\/wp\/v2\/pages\/3154\/revisions\/14549"}],"wp:attachment":[{"href":"https:\/\/www.kubija.ee\/en\/wp-json\/wp\/v2\/media?parent=3154"}],"curies":[{"name":"wp","href":"https:\/\/api.w.org\/{rel}","templated":true}]}}