{"id":2961,"date":"2021-10-15T08:37:19","date_gmt":"2021-10-15T08:37:19","guid":{"rendered":"https:\/\/www.kubija.ee\/toitlustus\/"},"modified":"2025-08-13T07:39:12","modified_gmt":"2025-08-13T07:39:12","slug":"restaurant","status":"publish","type":"page","link":"https:\/\/www.kubija.ee\/en\/restaurant\/","title":{"rendered":"Restaurant"},"content":{"rendered":"\n<div class=\"wp-block-cover alignfull has-custom-content-position is-position-bottom-center\" style=\"min-height:430px;aspect-ratio:unset;\"><img loading=\"lazy\" decoding=\"async\" width=\"2048\" height=\"1365\" class=\"wp-block-cover__image-background wp-image-3352\" alt=\"\" src=\"https:\/\/www.kubija.ee\/wp-content\/uploads\/2021\/12\/Kubija-hotell-loodusspaa-ala-carte-menuu-13.jpeg\" style=\"object-position:34% 100%\" data-object-fit=\"cover\" data-object-position=\"34% 100%\" srcset=\"https:\/\/www.kubija.ee\/wp-content\/uploads\/2021\/12\/Kubija-hotell-loodusspaa-ala-carte-menuu-13.jpeg 2048w, https:\/\/www.kubija.ee\/wp-content\/uploads\/2021\/12\/Kubija-hotell-loodusspaa-ala-carte-menuu-13-300x200.jpeg 300w, https:\/\/www.kubija.ee\/wp-content\/uploads\/2021\/12\/Kubija-hotell-loodusspaa-ala-carte-menuu-13-1024x683.jpeg 1024w, https:\/\/www.kubija.ee\/wp-content\/uploads\/2021\/12\/Kubija-hotell-loodusspaa-ala-carte-menuu-13-768x512.jpeg 768w, https:\/\/www.kubija.ee\/wp-content\/uploads\/2021\/12\/Kubija-hotell-loodusspaa-ala-carte-menuu-13-1536x1024.jpeg 1536w, https:\/\/www.kubija.ee\/wp-content\/uploads\/2021\/12\/Kubija-hotell-loodusspaa-ala-carte-menuu-13-1568x1045.jpeg 1568w, https:\/\/www.kubija.ee\/wp-content\/uploads\/2021\/12\/Kubija-hotell-loodusspaa-ala-carte-menuu-13-600x400.jpeg 600w, https:\/\/www.kubija.ee\/wp-content\/uploads\/2021\/12\/Kubija-hotell-loodusspaa-ala-carte-menuu-13-100x67.jpeg 100w\" sizes=\"auto, (max-width: 2048px) 100vw, 2048px\" \/><span aria-hidden=\"true\" class=\"wp-block-cover__background has-background-dim-30 has-background-dim\"><\/span><div class=\"wp-block-cover__inner-container is-layout-flow wp-block-cover-is-layout-flow\">\n<h1 class=\"wp-block-heading has-text-align-center has-huge-font-size\">Restaurant<\/h1>\n<\/div><\/div>\n\n\n\n<hr class=\"wp-block-separator has-css-opacity is-style-edream-separator\"\/>\n\n\n\n<div class=\"wp-block-media-text alignfull is-stacked-on-mobile animated fadeIn delay-100ms slow\"><figure class=\"wp-block-media-text__media\"><img loading=\"lazy\" decoding=\"async\" width=\"1024\" height=\"683\" src=\"https:\/\/www.kubija.ee\/wp-content\/uploads\/2022\/01\/grethe.ee094-1024x683.jpg\" alt=\"\" class=\"wp-image-5127 size-full\" srcset=\"https:\/\/www.kubija.ee\/wp-content\/uploads\/2022\/01\/grethe.ee094-1024x683.jpg 1024w, https:\/\/www.kubija.ee\/wp-content\/uploads\/2022\/01\/grethe.ee094-300x200.jpg 300w, https:\/\/www.kubija.ee\/wp-content\/uploads\/2022\/01\/grethe.ee094-768x512.jpg 768w, https:\/\/www.kubija.ee\/wp-content\/uploads\/2022\/01\/grethe.ee094-1536x1024.jpg 1536w, https:\/\/www.kubija.ee\/wp-content\/uploads\/2022\/01\/grethe.ee094-1568x1045.jpg 1568w, https:\/\/www.kubija.ee\/wp-content\/uploads\/2022\/01\/grethe.ee094-600x400.jpg 600w, https:\/\/www.kubija.ee\/wp-content\/uploads\/2022\/01\/grethe.ee094-100x67.jpg 100w, https:\/\/www.kubija.ee\/wp-content\/uploads\/2022\/01\/grethe.ee094.jpg 2048w\" sizes=\"auto, (max-width: 1024px) 100vw, 1024px\" \/><\/figure><div class=\"wp-block-media-text__content\">\n<p class=\"has-small-font-size\">RESTAURANT<\/p>\n\n\n\n<h2 class=\"wp-block-heading has-green-color has-text-color has-large-font-size\">Opening hours<\/h2>\n\n\n\n<p class=\"has-medium-font-size\"><strong><mark style=\"background-color:rgba(0, 0, 0, 0)\" class=\"has-inline-color has-brown-color\">Breakfast<\/mark><\/strong><br><mark style=\"background-color:rgba(0, 0, 0, 0);color:#4c4a4a\" class=\"has-inline-color\"><strong>Mon-Fri<\/strong> 07:30\u201310:00<br><strong>Sat-Sun<\/strong> 08:00\u201311:00<\/mark><\/p>\n\n\n\n<p class=\"has-medium-font-size\"><strong><mark style=\"background-color:rgba(0, 0, 0, 0)\" class=\"has-inline-color has-brown-color\">Restaurant<\/mark><\/strong><br><mark style=\"background-color:rgba(0, 0, 0, 0);color:#4c4a4a\" class=\"has-inline-color\"><strong>Sun-Thu<\/strong> 12:00\u201322:00<br>Orders are accepted until 21:00.<\/mark><\/p>\n\n\n\n<p class=\"has-medium-font-size\"><mark style=\"background-color:rgba(0, 0, 0, 0);color:#4c4a4a\" class=\"has-inline-color\"><strong>Fri-Sat<\/strong> 12:00\u201323:00<br>Orders are accepted until 22:00.<\/mark><\/p>\n\n\n\n<p class=\"has-medium-font-size\"><mark style=\"background-color:rgba(0, 0, 0, 0);color:#4c4a4a\" class=\"has-inline-color\">Tables must be booked in advance.<\/mark><\/p>\n<\/div><\/div>\n\n\n\n<hr class=\"wp-block-separator has-css-opacity is-style-edream-separator\"\/>\n\n\n\n<div class=\"wp-block-columns alignwide animated fadeIn delay-100ms slow is-layout-flex wp-container-core-columns-is-layout-28f84493 wp-block-columns-is-layout-flex\">\n<div class=\"wp-block-column is-layout-flow wp-block-column-is-layout-flow\" style=\"flex-basis:60%\">\n<h3 class=\"wp-block-heading has-text-color\" style=\"color:#9d7a35\">The way to somebody\u2019s heart is through their stomach!<\/h3>\n\n\n\n<p>Restaurant (150 seats) with a totally new concept where the interior design is marked out by elements that are close to nature: wood stacks, log and stone walls and furnishings in warm tones with national elements.<\/p>\n\n\n\n<p>The restaurant serves traditional Estonian food, with all of the ingredients being sourced, as a rule, within a 50-km radius from local producers.<\/p>\n\n\n\n<p>In summer you can dine on the restaurant\u2019s terrace \u2013 and simply enjoy the good life.<\/p>\n\n\n\n<div class=\"wp-block-buttons is-layout-flex wp-block-buttons-is-layout-flex\">\n<div class=\"wp-block-button\"><a class=\"wp-block-button__link wp-element-button\" href=\"https:\/\/www.kubija.ee\/en\/restaurant\/ala-carte-menu\/\">        A la carte      <\/a><\/div>\n\n\n\n<div class=\"wp-block-button\"><a class=\"wp-block-button__link wp-element-button\" href=\"https:\/\/www.kubija.ee\/en\/restaurant\/groupmenu\/\">     Group menu  <\/a><\/div>\n\n\n\n<div class=\"wp-block-button\"><a class=\"wp-block-button__link wp-element-button\" href=\"https:\/\/www.kubija.ee\/en\/restaurant\/kids-menu\/\">Kids Menu<\/a><\/div>\n<\/div>\n<\/div>\n\n\n\n<div class=\"wp-block-column is-layout-flow wp-block-column-is-layout-flow\" style=\"flex-basis:30%\">\n<h3 class=\"wp-block-heading has-text-color\" style=\"color:#9d7a35\">Contact &amp; reservations<\/h3>\n\n\n\n<ul class=\"wp-block-list\">\n<li><a href=\"mailto:info@kubija.ee\" target=\"_blank\" rel=\"noreferrer noopener\">info@kubija.ee<\/a><\/li>\n\n\n\n<li>+372 5886 3515<\/li>\n\n\n\n<li>Group orders <a href=\"mailto:info@kubija.ee\">info@kubija.ee<\/a> or fill out the order form <a href=\"https:\/\/www.kubija.ee\/en\/restaurant\/book-a-table\/\">here:<\/a><\/li>\n<\/ul>\n\n\n\n<div class=\"wp-block-buttons is-layout-flex wp-block-buttons-is-layout-flex\">\n<div class=\"wp-block-button\"><a class=\"wp-block-button__link wp-element-button\" href=\"https:\/\/v2.tableonline.fi\/instabook\/bookings\/732DVbP\/selection?locale=en\" style=\"border-radius:11px\">Book a table<\/a><\/div>\n<\/div>\n<\/div>\n<\/div>\n\n\n\n<hr class=\"wp-block-separator has-css-opacity is-style-edream-separator\"\/>\n\n\n\n<div class=\"wp-block-cover alignfull is-light has-parallax has-custom-content-position is-position-center-left\"><div class=\"wp-block-cover__image-background wp-image-307 has-parallax\" style=\"background-position:50% 50%;background-image:url(https:\/\/www.kubija.ee\/wp-content\/uploads\/2021\/10\/Restoran-Kubija_hotell-loodusspaa.jpg)\"><\/div><span aria-hidden=\"true\" class=\"wp-block-cover__background has-background-dim-20 has-background-dim\"><\/span><div class=\"wp-block-cover__inner-container is-layout-flow wp-block-cover-is-layout-flow\">\n<h4 class=\"wp-block-heading has-text-align-left has-huge-font-size\">The way<br>to somebody\u2019s heart<br>is through<br>their stomach<\/h4>\n<\/div><\/div>\n","protected":false},"excerpt":{"rendered":"<p>RESTAURANT Opening hours BreakfastMon-Fri 07:30\u201310:00Sat-Sun 08:00\u201311:00 RestaurantSun-Thu 12:00\u201322:00Orders are accepted until 21:00. Fri-Sat 12:00\u201323:00Orders are accepted until 22:00. Tables must be booked in advance. The way to somebody\u2019s heart is through their stomach! Restaurant (150 seats) with a totally new concept where the interior design is marked out by elements that are close to nature: [&hellip;]<\/p>\n","protected":false},"author":2,"featured_media":16705,"parent":0,"menu_order":179,"comment_status":"closed","ping_status":"closed","template":"","meta":{"footnotes":""},"class_list":["post-2961","page","type-page","status-publish","has-post-thumbnail","hentry"],"yoast_head":"<!-- This site is optimized with the Yoast SEO plugin v27.1 - https:\/\/yoast.com\/product\/yoast-seo-wordpress\/ -->\n<title>Restaurant in V\u00f5ru | Kubija Hotel &amp; Nature Spa Restaurant<\/title>\n<meta name=\"description\" content=\"Kubija Hotel &amp; Nature Spa&#039;s restaurant in V\u00f5ru offers local food and a la carte menus in V\u00f5ru. Cozy and reasonably priced restaurant in V\u00f5ru\" \/>\n<meta name=\"robots\" content=\"index, follow, max-snippet:-1, max-image-preview:large, max-video-preview:-1\" \/>\n<link rel=\"canonical\" href=\"https:\/\/www.kubija.ee\/en\/restaurant\/\" \/>\n<meta property=\"og:locale\" content=\"en_US\" \/>\n<meta property=\"og:type\" content=\"article\" \/>\n<meta property=\"og:title\" content=\"Restaurant in V\u00f5ru | Kubija Hotel &amp; Nature Spa Restaurant\" \/>\n<meta property=\"og:description\" content=\"Kubija Hotel &amp; Nature Spa&#039;s restaurant in V\u00f5ru offers local food and a la carte menus in V\u00f5ru. Cozy and reasonably priced restaurant in V\u00f5ru\" \/>\n<meta property=\"og:url\" content=\"https:\/\/www.kubija.ee\/en\/restaurant\/\" \/>\n<meta property=\"og:site_name\" content=\"Kubija hotell-loodusspaa V&otilde;rumaal\" \/>\n<meta property=\"article:publisher\" content=\"https:\/\/www.facebook.com\/kubijahotell\/\" \/>\n<meta property=\"article:modified_time\" content=\"2025-08-13T07:39:12+00:00\" \/>\n<meta property=\"og:image\" content=\"https:\/\/www.kubija.ee\/wp-content\/uploads\/2025\/01\/Restoan-kodulehele-rotated.jpeg\" \/>\n\t<meta property=\"og:image:width\" content=\"1579\" \/>\n\t<meta property=\"og:image:height\" content=\"1211\" \/>\n\t<meta property=\"og:image:type\" content=\"image\/jpeg\" \/>\n<meta name=\"twitter:card\" content=\"summary_large_image\" \/>\n<meta name=\"twitter:label1\" content=\"Est. reading time\" \/>\n\t<meta name=\"twitter:data1\" content=\"2 minutes\" \/>\n<script type=\"application\/ld+json\" class=\"yoast-schema-graph\">{\"@context\":\"https:\/\/schema.org\",\"@graph\":[{\"@type\":\"WebPage\",\"@id\":\"https:\/\/www.kubija.ee\/en\/restaurant\/\",\"url\":\"https:\/\/www.kubija.ee\/en\/restaurant\/\",\"name\":\"Restaurant in V\u00f5ru | Kubija Hotel & Nature Spa Restaurant\",\"isPartOf\":{\"@id\":\"https:\/\/www.kubija.ee\/#website\"},\"primaryImageOfPage\":{\"@id\":\"https:\/\/www.kubija.ee\/en\/restaurant\/#primaryimage\"},\"image\":{\"@id\":\"https:\/\/www.kubija.ee\/en\/restaurant\/#primaryimage\"},\"thumbnailUrl\":\"https:\/\/www.kubija.ee\/wp-content\/uploads\/2025\/01\/Restoan-kodulehele-rotated.jpeg\",\"datePublished\":\"2021-10-15T08:37:19+00:00\",\"dateModified\":\"2025-08-13T07:39:12+00:00\",\"description\":\"Kubija Hotel & Nature Spa's restaurant in V\u00f5ru offers local food and a la carte menus in V\u00f5ru. Cozy and reasonably priced restaurant in V\u00f5ru\",\"breadcrumb\":{\"@id\":\"https:\/\/www.kubija.ee\/en\/restaurant\/#breadcrumb\"},\"inLanguage\":\"en-US\",\"potentialAction\":[{\"@type\":\"ReadAction\",\"target\":[\"https:\/\/www.kubija.ee\/en\/restaurant\/\"]}]},{\"@type\":\"ImageObject\",\"inLanguage\":\"en-US\",\"@id\":\"https:\/\/www.kubija.ee\/en\/restaurant\/#primaryimage\",\"url\":\"https:\/\/www.kubija.ee\/wp-content\/uploads\/2025\/01\/Restoan-kodulehele-rotated.jpeg\",\"contentUrl\":\"https:\/\/www.kubija.ee\/wp-content\/uploads\/2025\/01\/Restoan-kodulehele-rotated.jpeg\",\"width\":1579,\"height\":1211},{\"@type\":\"BreadcrumbList\",\"@id\":\"https:\/\/www.kubija.ee\/en\/restaurant\/#breadcrumb\",\"itemListElement\":[{\"@type\":\"ListItem\",\"position\":1,\"name\":\"Home\",\"item\":\"https:\/\/www.kubija.ee\/en\/\"},{\"@type\":\"ListItem\",\"position\":2,\"name\":\"Restaurant\"}]},{\"@type\":\"WebSite\",\"@id\":\"https:\/\/www.kubija.ee\/#website\",\"url\":\"https:\/\/www.kubija.ee\/\",\"name\":\"Kubija hotell-loodusspaa V&otilde;rumaal\",\"description\":\"J&auml;rjekordne WordPressi veebileht\",\"publisher\":{\"@id\":\"https:\/\/www.kubija.ee\/#organization\"},\"potentialAction\":[{\"@type\":\"SearchAction\",\"target\":{\"@type\":\"EntryPoint\",\"urlTemplate\":\"https:\/\/www.kubija.ee\/?s={search_term_string}\"},\"query-input\":{\"@type\":\"PropertyValueSpecification\",\"valueRequired\":true,\"valueName\":\"search_term_string\"}}],\"inLanguage\":\"en-US\"},{\"@type\":\"Organization\",\"@id\":\"https:\/\/www.kubija.ee\/#organization\",\"name\":\"Kubija hotell-loodusspaa\",\"url\":\"https:\/\/www.kubija.ee\/\",\"logo\":{\"@type\":\"ImageObject\",\"inLanguage\":\"en-US\",\"@id\":\"https:\/\/www.kubija.ee\/#\/schema\/logo\/image\/\",\"url\":\"https:\/\/www.kubija.ee\/wp-content\/uploads\/2021\/12\/logo-1-e1638351137779.png\",\"contentUrl\":\"https:\/\/www.kubija.ee\/wp-content\/uploads\/2021\/12\/logo-1-e1638351137779.png\",\"width\":305,\"height\":260,\"caption\":\"Kubija hotell-loodusspaa\"},\"image\":{\"@id\":\"https:\/\/www.kubija.ee\/#\/schema\/logo\/image\/\"},\"sameAs\":[\"https:\/\/www.facebook.com\/kubijahotell\/\",\"https:\/\/www.instagram.com\/kubijahotellloodusspaa\/\"]}]}<\/script>\n<!-- \/ Yoast SEO plugin. -->","yoast_head_json":{"title":"Restaurant in V\u00f5ru | Kubija Hotel & Nature Spa Restaurant","description":"Kubija Hotel & Nature Spa's restaurant in V\u00f5ru offers local food and a la carte menus in V\u00f5ru. Cozy and reasonably priced restaurant in V\u00f5ru","robots":{"index":"index","follow":"follow","max-snippet":"max-snippet:-1","max-image-preview":"max-image-preview:large","max-video-preview":"max-video-preview:-1"},"canonical":"https:\/\/www.kubija.ee\/en\/restaurant\/","og_locale":"en_US","og_type":"article","og_title":"Restaurant in V\u00f5ru | Kubija Hotel & Nature Spa Restaurant","og_description":"Kubija Hotel & Nature Spa's restaurant in V\u00f5ru offers local food and a la carte menus in V\u00f5ru. Cozy and reasonably priced restaurant in V\u00f5ru","og_url":"https:\/\/www.kubija.ee\/en\/restaurant\/","og_site_name":"Kubija hotell-loodusspaa V&otilde;rumaal","article_publisher":"https:\/\/www.facebook.com\/kubijahotell\/","article_modified_time":"2025-08-13T07:39:12+00:00","og_image":[{"width":1579,"height":1211,"url":"https:\/\/www.kubija.ee\/wp-content\/uploads\/2025\/01\/Restoan-kodulehele-rotated.jpeg","type":"image\/jpeg"}],"twitter_card":"summary_large_image","twitter_misc":{"Est. reading time":"2 minutes"},"schema":{"@context":"https:\/\/schema.org","@graph":[{"@type":"WebPage","@id":"https:\/\/www.kubija.ee\/en\/restaurant\/","url":"https:\/\/www.kubija.ee\/en\/restaurant\/","name":"Restaurant in V\u00f5ru | Kubija Hotel & Nature Spa Restaurant","isPartOf":{"@id":"https:\/\/www.kubija.ee\/#website"},"primaryImageOfPage":{"@id":"https:\/\/www.kubija.ee\/en\/restaurant\/#primaryimage"},"image":{"@id":"https:\/\/www.kubija.ee\/en\/restaurant\/#primaryimage"},"thumbnailUrl":"https:\/\/www.kubija.ee\/wp-content\/uploads\/2025\/01\/Restoan-kodulehele-rotated.jpeg","datePublished":"2021-10-15T08:37:19+00:00","dateModified":"2025-08-13T07:39:12+00:00","description":"Kubija Hotel & Nature Spa's restaurant in V\u00f5ru offers local food and a la carte menus in V\u00f5ru. Cozy and reasonably priced restaurant in V\u00f5ru","breadcrumb":{"@id":"https:\/\/www.kubija.ee\/en\/restaurant\/#breadcrumb"},"inLanguage":"en-US","potentialAction":[{"@type":"ReadAction","target":["https:\/\/www.kubija.ee\/en\/restaurant\/"]}]},{"@type":"ImageObject","inLanguage":"en-US","@id":"https:\/\/www.kubija.ee\/en\/restaurant\/#primaryimage","url":"https:\/\/www.kubija.ee\/wp-content\/uploads\/2025\/01\/Restoan-kodulehele-rotated.jpeg","contentUrl":"https:\/\/www.kubija.ee\/wp-content\/uploads\/2025\/01\/Restoan-kodulehele-rotated.jpeg","width":1579,"height":1211},{"@type":"BreadcrumbList","@id":"https:\/\/www.kubija.ee\/en\/restaurant\/#breadcrumb","itemListElement":[{"@type":"ListItem","position":1,"name":"Home","item":"https:\/\/www.kubija.ee\/en\/"},{"@type":"ListItem","position":2,"name":"Restaurant"}]},{"@type":"WebSite","@id":"https:\/\/www.kubija.ee\/#website","url":"https:\/\/www.kubija.ee\/","name":"Kubija hotell-loodusspaa V&otilde;rumaal","description":"J&auml;rjekordne WordPressi veebileht","publisher":{"@id":"https:\/\/www.kubija.ee\/#organization"},"potentialAction":[{"@type":"SearchAction","target":{"@type":"EntryPoint","urlTemplate":"https:\/\/www.kubija.ee\/?s={search_term_string}"},"query-input":{"@type":"PropertyValueSpecification","valueRequired":true,"valueName":"search_term_string"}}],"inLanguage":"en-US"},{"@type":"Organization","@id":"https:\/\/www.kubija.ee\/#organization","name":"Kubija hotell-loodusspaa","url":"https:\/\/www.kubija.ee\/","logo":{"@type":"ImageObject","inLanguage":"en-US","@id":"https:\/\/www.kubija.ee\/#\/schema\/logo\/image\/","url":"https:\/\/www.kubija.ee\/wp-content\/uploads\/2021\/12\/logo-1-e1638351137779.png","contentUrl":"https:\/\/www.kubija.ee\/wp-content\/uploads\/2021\/12\/logo-1-e1638351137779.png","width":305,"height":260,"caption":"Kubija hotell-loodusspaa"},"image":{"@id":"https:\/\/www.kubija.ee\/#\/schema\/logo\/image\/"},"sameAs":["https:\/\/www.facebook.com\/kubijahotell\/","https:\/\/www.instagram.com\/kubijahotellloodusspaa\/"]}]}},"_links":{"self":[{"href":"https:\/\/www.kubija.ee\/en\/wp-json\/wp\/v2\/pages\/2961","targetHints":{"allow":["GET"]}}],"collection":[{"href":"https:\/\/www.kubija.ee\/en\/wp-json\/wp\/v2\/pages"}],"about":[{"href":"https:\/\/www.kubija.ee\/en\/wp-json\/wp\/v2\/types\/page"}],"author":[{"embeddable":true,"href":"https:\/\/www.kubija.ee\/en\/wp-json\/wp\/v2\/users\/2"}],"replies":[{"embeddable":true,"href":"https:\/\/www.kubija.ee\/en\/wp-json\/wp\/v2\/comments?post=2961"}],"version-history":[{"count":5,"href":"https:\/\/www.kubija.ee\/en\/wp-json\/wp\/v2\/pages\/2961\/revisions"}],"predecessor-version":[{"id":19482,"href":"https:\/\/www.kubija.ee\/en\/wp-json\/wp\/v2\/pages\/2961\/revisions\/19482"}],"wp:featuredmedia":[{"embeddable":true,"href":"https:\/\/www.kubija.ee\/en\/wp-json\/wp\/v2\/media\/16705"}],"wp:attachment":[{"href":"https:\/\/www.kubija.ee\/en\/wp-json\/wp\/v2\/media?parent=2961"}],"curies":[{"name":"wp","href":"https:\/\/api.w.org\/{rel}","templated":true}]}}